{"id":6208,"date":"2026-02-27T18:37:46","date_gmt":"2026-02-27T18:37:46","guid":{"rendered":"https:\/\/blades.marcgermain.ca\/?page_id=6208"},"modified":"2026-02-27T18:38:26","modified_gmt":"2026-02-27T18:38:26","slug":"pompe-trash-submersible-electrique-de-3-pouces-1hp-patron","status":"publish","type":"page","link":"https:\/\/cecequip.com\/en\/pompe-trash-submersible-electrique-de-3-pouces-1hp-patron\/","title":{"rendered":"Pompe Trash Submersible \u00e9lectrique de 3 pouces, 1HP, Patron"},"content":{"rendered":"<div data-elementor-type=\"wp-page\" data-elementor-id=\"6208\" class=\"elementor elementor-6208\" data-elementor-post-type=\"page\">\n\t\t\t\t<div class=\"elementor-element elementor-element-ec1d9b2 e-flex e-con-boxed e-con e-parent\" data-id=\"ec1d9b2\" data-element_type=\"container\" data-e-type=\"container\" data-settings=\"{&quot;background_background&quot;:&quot;classic&quot;}\">\n\t\t\t\t\t<div class=\"e-con-inner\">\n\t\t\t\t<div class=\"elementor-element elementor-element-e9e043a elementor-widget elementor-widget-heading\" data-id=\"e9e043a\" data-element_type=\"widget\" data-e-type=\"widget\" data-widget_type=\"heading.default\">\n\t\t\t\t\t<h2 class=\"elementor-heading-title elementor-size-default\">Pompe Trash Submersible \u00e9lectrique de 3 pouces, 1HP, Patron<\/h2>\t\t\t\t<\/div>\n\t\t\t\t\t<\/div>\n\t\t\t\t<\/div>\n\t\t<div class=\"elementor-element elementor-element-32092d1 e-flex e-con-boxed e-con e-parent\" data-id=\"32092d1\" data-element_type=\"container\" data-e-type=\"container\">\n\t\t\t\t\t<div class=\"e-con-inner\">\n\t\t<div class=\"elementor-element elementor-element-d49977c e-con-full e-flex e-con e-child\" data-id=\"d49977c\" data-element_type=\"container\" data-e-type=\"container\">\n\t\t\t\t<div class=\"elementor-element elementor-element-997bfc7 elementor-widget elementor-widget-image\" data-id=\"997bfc7\" data-element_type=\"widget\" data-e-type=\"widget\" data-widget_type=\"image.default\">\n\t\t\t\t\t\t\t\t\t\t\t\t\t\t\t<img fetchpriority=\"high\" decoding=\"async\" width=\"800\" height=\"800\" src=\"https:\/\/cecequip.com\/wp-content\/uploads\/2026\/02\/1089.jpg\" class=\"attachment-large size-large wp-image-5658\" alt=\"\" srcset=\"https:\/\/cecequip.com\/wp-content\/uploads\/2026\/02\/1089.jpg 1000w, https:\/\/cecequip.com\/wp-content\/uploads\/2026\/02\/1089-300x300.jpg 300w, https:\/\/cecequip.com\/wp-content\/uploads\/2026\/02\/1089-150x150.jpg 150w, https:\/\/cecequip.com\/wp-content\/uploads\/2026\/02\/1089-768x768.jpg 768w\" sizes=\"(max-width: 800px) 100vw, 800px\" \/>\t\t\t\t\t\t\t\t\t\t\t\t\t\t\t<\/div>\n\t\t\t\t<div class=\"elementor-element elementor-element-3c6eb5d elementor-widget elementor-widget-text-editor\" data-id=\"3c6eb5d\" data-element_type=\"widget\" data-e-type=\"widget\" data-widget_type=\"text-editor.default\">\n\t\t\t\t\t\t\t\t\t<p>Pompe Trash Submersible \u00e9lectrique de 3 pouces, 1 HP, Patron<\/p>\t\t\t\t\t\t\t\t<\/div>\n\t\t\t\t<\/div>\n\t\t<div class=\"elementor-element elementor-element-16b6b08 e-con-full e-flex e-con e-child\" data-id=\"16b6b08\" data-element_type=\"container\" data-e-type=\"container\">\n\t\t\t\t<div class=\"elementor-element elementor-element-34feebc elementor-widget elementor-widget-text-editor\" data-id=\"34feebc\" data-element_type=\"widget\" data-e-type=\"widget\" data-widget_type=\"text-editor.default\">\n\t\t\t\t\t\t\t\t\t<div class=\"woocommerce-tabs wc-tabs-wrapper\"><div id=\"tab-description\" class=\"woocommerce-Tabs-panel woocommerce-Tabs-panel--description panel entry-content wc-tab\" role=\"tabpanel\" aria-labelledby=\"tab-title-description\"><table class=\"itemspecs\" border=\"1\" rules=\"rows\"><tbody><tr><th>Num\u00e9ro de l\u2019article<\/th><th>PA-SP35<\/th><\/tr><tr><td>Moteur<\/td><td>1 HP<\/td><\/tr><tr><td>\u00c9jection Max<\/td><td>60 pied<\/td><\/tr><tr><td>Capacit\u00e9 Max<\/td><td>93 GPM<\/td><\/tr><tr><td>Voltage<\/td><td>115V<\/td><\/tr><tr><td>Amps<\/td><td>12 A<\/td><\/tr><tr><td>D\u00e9charge<\/td><td>3\u2033 NPT<\/td><\/tr><tr><td>C\u00e2ble<\/td><td>32-pied (16 Ga STOW 600V)<\/td><\/tr><tr><td>Hauteur<\/td><td>15\u2033<\/td><\/tr><tr><td>Diam\u00e8tre<\/td><td>10-1\/16\u2033<\/td><\/tr><tr><td>Poids<\/td><td>37 lbs<\/td><\/tr><tr><td>Garantie<\/td><td>2 Ans<\/td><\/tr><tr><td>Agitateur Int\u00e9gr\u00e9<\/td><td>Oui<\/td><\/tr><tr><td>CSA Approuv\u00e9<\/td><td>Oui<\/td><\/tr><\/tbody><\/table><\/div><\/div><section class=\"related products\"><\/section>\t\t\t\t\t\t\t\t<\/div>\n\t\t\t\t<\/div>\n\t\t\t\t\t<\/div>\n\t\t\t\t<\/div>\n\t\t\t\t<\/div>","protected":false},"excerpt":{"rendered":"<p>Pompe Trash Submersible \u00e9lectrique de 3 pouces, 1HP, Patron Pompe Trash Submersible \u00e9lectrique de 3 pouces, 1 HP, Patron Num\u00e9ro de l\u2019article PA-SP35 Moteur 1 HP \u00c9jection Max 60 pied Capacit\u00e9 Max 93 GPM Voltage 115V Amps 12 A D\u00e9charge 3\u2033 NPT C\u00e2ble 32-pied (16 Ga STOW 600V) Hauteur 15\u2033 Diam\u00e8tre 10-1\/16\u2033 Poids 37 lbs [&hellip;]<\/p>\n","protected":false},"author":1,"featured_media":0,"parent":0,"menu_order":0,"comment_status":"closed","ping_status":"closed","template":"","meta":{"footnotes":""},"class_list":["post-6208","page","type-page","status-publish","hentry"],"_links":{"self":[{"href":"https:\/\/cecequip.com\/en\/wp-json\/wp\/v2\/pages\/6208","targetHints":{"allow":["GET"]}}],"collection":[{"href":"https:\/\/cecequip.com\/en\/wp-json\/wp\/v2\/pages"}],"about":[{"href":"https:\/\/cecequip.com\/en\/wp-json\/wp\/v2\/types\/page"}],"author":[{"embeddable":true,"href":"https:\/\/cecequip.com\/en\/wp-json\/wp\/v2\/users\/1"}],"replies":[{"embeddable":true,"href":"https:\/\/cecequip.com\/en\/wp-json\/wp\/v2\/comments?post=6208"}],"version-history":[{"count":4,"href":"https:\/\/cecequip.com\/en\/wp-json\/wp\/v2\/pages\/6208\/revisions"}],"predecessor-version":[{"id":6212,"href":"https:\/\/cecequip.com\/en\/wp-json\/wp\/v2\/pages\/6208\/revisions\/6212"}],"wp:attachment":[{"href":"https:\/\/cecequip.com\/en\/wp-json\/wp\/v2\/media?parent=6208"}],"curies":[{"name":"wp","href":"https:\/\/api.w.org\/{rel}","templated":true}]}}