{"id":6200,"date":"2026-02-27T18:35:21","date_gmt":"2026-02-27T18:35:21","guid":{"rendered":"https:\/\/blades.marcgermain.ca\/?page_id=6200"},"modified":"2026-02-27T18:36:11","modified_gmt":"2026-02-27T18:36:11","slug":"pompe-trash-submersible-electrique-de-2-pouces-1-2hp-patron","status":"publish","type":"page","link":"https:\/\/cecequip.com\/en\/pompe-trash-submersible-electrique-de-2-pouces-1-2hp-patron\/","title":{"rendered":"Pompe Trash Submersible \u00e9lectrique de 2 pouces, 1\/2HP, Patron"},"content":{"rendered":"<div data-elementor-type=\"wp-page\" data-elementor-id=\"6200\" class=\"elementor elementor-6200\" data-elementor-post-type=\"page\">\n\t\t\t\t<div class=\"elementor-element elementor-element-ec1d9b2 e-flex e-con-boxed e-con e-parent\" data-id=\"ec1d9b2\" data-element_type=\"container\" data-e-type=\"container\" data-settings=\"{&quot;background_background&quot;:&quot;classic&quot;}\">\n\t\t\t\t\t<div class=\"e-con-inner\">\n\t\t\t\t<div class=\"elementor-element elementor-element-e9e043a elementor-widget elementor-widget-heading\" data-id=\"e9e043a\" data-element_type=\"widget\" data-e-type=\"widget\" data-widget_type=\"heading.default\">\n\t\t\t\t\t<h2 class=\"elementor-heading-title elementor-size-default\">Pompe Trash Submersible \u00e9lectrique de 2 pouces, 1\/2HP, Patron<\/h2>\t\t\t\t<\/div>\n\t\t\t\t\t<\/div>\n\t\t\t\t<\/div>\n\t\t<div class=\"elementor-element elementor-element-32092d1 e-flex e-con-boxed e-con e-parent\" data-id=\"32092d1\" data-element_type=\"container\" data-e-type=\"container\">\n\t\t\t\t\t<div class=\"e-con-inner\">\n\t\t<div class=\"elementor-element elementor-element-d49977c e-con-full e-flex e-con e-child\" data-id=\"d49977c\" data-element_type=\"container\" data-e-type=\"container\">\n\t\t\t\t<div class=\"elementor-element elementor-element-997bfc7 elementor-widget elementor-widget-image\" data-id=\"997bfc7\" data-element_type=\"widget\" data-e-type=\"widget\" data-widget_type=\"image.default\">\n\t\t\t\t\t\t\t\t\t\t\t\t\t\t\t<img fetchpriority=\"high\" decoding=\"async\" width=\"800\" height=\"800\" src=\"https:\/\/cecequip.com\/wp-content\/uploads\/2026\/02\/1089.jpg\" class=\"attachment-large size-large wp-image-5658\" alt=\"\" srcset=\"https:\/\/cecequip.com\/wp-content\/uploads\/2026\/02\/1089.jpg 1000w, https:\/\/cecequip.com\/wp-content\/uploads\/2026\/02\/1089-300x300.jpg 300w, https:\/\/cecequip.com\/wp-content\/uploads\/2026\/02\/1089-150x150.jpg 150w, https:\/\/cecequip.com\/wp-content\/uploads\/2026\/02\/1089-768x768.jpg 768w\" sizes=\"(max-width: 800px) 100vw, 800px\" \/>\t\t\t\t\t\t\t\t\t\t\t\t\t\t\t<\/div>\n\t\t\t\t<div class=\"elementor-element elementor-element-3c6eb5d elementor-widget elementor-widget-text-editor\" data-id=\"3c6eb5d\" data-element_type=\"widget\" data-e-type=\"widget\" data-widget_type=\"text-editor.default\">\n\t\t\t\t\t\t\t\t\t<p>Pompe Trash Submersible \u00e9lectrique de 2 pouces, 1\/2HP, Patron<\/p>\t\t\t\t\t\t\t\t<\/div>\n\t\t\t\t<\/div>\n\t\t<div class=\"elementor-element elementor-element-16b6b08 e-con-full e-flex e-con e-child\" data-id=\"16b6b08\" data-element_type=\"container\" data-e-type=\"container\">\n\t\t\t\t<div class=\"elementor-element elementor-element-34feebc elementor-widget elementor-widget-text-editor\" data-id=\"34feebc\" data-element_type=\"widget\" data-e-type=\"widget\" data-widget_type=\"text-editor.default\">\n\t\t\t\t\t\t\t\t\t<table class=\"itemspecs\" border=\"1\" rules=\"rows\">\n<tbody>\n<tr>\n<th>Num\u00e9ro de l\u2019article<\/th>\n<th>PA-SP30<\/th>\n<\/tr>\n<tr>\n<td>Moteur<\/td>\n<td>1\/2 HP<\/td>\n<\/tr>\n<tr>\n<td>\u00c9jection Max<\/td>\n<td>40 pied<\/td>\n<\/tr>\n<tr>\n<td>Capacit\u00e9 Max<\/td>\n<td>55 GPM<\/td>\n<\/tr>\n<tr>\n<td>Voltage<\/td>\n<td>115V<\/td>\n<\/tr>\n<tr>\n<td>Amps<\/td>\n<td>5.2 A<\/td>\n<\/tr>\n<tr>\n<td>D\u00e9charge<\/td>\n<td>2\u2033 NPT<\/td>\n<\/tr>\n<tr>\n<td>C\u00e2ble<\/td>\n<td>30-pied (16 Ga STOW 600V)<\/td>\n<\/tr>\n<tr>\n<td>Hauteur<\/td>\n<td>14\u2033<\/td>\n<\/tr>\n<tr>\n<td>Diam\u00e8tre<\/td>\n<td>10-1\/16\u2033<\/td>\n<\/tr>\n<tr>\n<td>Poids<\/td>\n<td>28 lbs<\/td>\n<\/tr>\n<tr>\n<td>Garantie<\/td>\n<td>2 Ans<\/td>\n<\/tr>\n<tr>\n<td>Agitateur Int\u00e9gr\u00e9<\/td>\n<td>Oui<\/td>\n<\/tr>\n<tr>\n<td>CSA Approuv\u00e9<\/td>\n<td>Oui<\/td>\n<\/tr>\n<\/tbody>\n<\/table>\t\t\t\t\t\t\t\t<\/div>\n\t\t\t\t<\/div>\n\t\t\t\t\t<\/div>\n\t\t\t\t<\/div>\n\t\t\t\t<\/div>","protected":false},"excerpt":{"rendered":"<p>Pompe Trash Submersible \u00e9lectrique de 2 pouces, 1\/2HP, Patron Pompe Trash Submersible \u00e9lectrique de 2 pouces, 1\/2HP, Patron Num\u00e9ro de l\u2019article PA-SP30 Moteur 1\/2 HP \u00c9jection Max 40 pied Capacit\u00e9 Max 55 GPM Voltage 115V Amps 5.2 A D\u00e9charge 2\u2033 NPT C\u00e2ble 30-pied (16 Ga STOW 600V) Hauteur 14\u2033 Diam\u00e8tre 10-1\/16\u2033 Poids 28 lbs Garantie [&hellip;]<\/p>\n","protected":false},"author":1,"featured_media":0,"parent":0,"menu_order":0,"comment_status":"closed","ping_status":"closed","template":"","meta":{"footnotes":""},"class_list":["post-6200","page","type-page","status-publish","hentry"],"_links":{"self":[{"href":"https:\/\/cecequip.com\/en\/wp-json\/wp\/v2\/pages\/6200","targetHints":{"allow":["GET"]}}],"collection":[{"href":"https:\/\/cecequip.com\/en\/wp-json\/wp\/v2\/pages"}],"about":[{"href":"https:\/\/cecequip.com\/en\/wp-json\/wp\/v2\/types\/page"}],"author":[{"embeddable":true,"href":"https:\/\/cecequip.com\/en\/wp-json\/wp\/v2\/users\/1"}],"replies":[{"embeddable":true,"href":"https:\/\/cecequip.com\/en\/wp-json\/wp\/v2\/comments?post=6200"}],"version-history":[{"count":4,"href":"https:\/\/cecequip.com\/en\/wp-json\/wp\/v2\/pages\/6200\/revisions"}],"predecessor-version":[{"id":6204,"href":"https:\/\/cecequip.com\/en\/wp-json\/wp\/v2\/pages\/6200\/revisions\/6204"}],"wp:attachment":[{"href":"https:\/\/cecequip.com\/en\/wp-json\/wp\/v2\/media?parent=6200"}],"curies":[{"name":"wp","href":"https:\/\/api.w.org\/{rel}","templated":true}]}}