{"id":6184,"date":"2026-02-27T18:31:06","date_gmt":"2026-02-27T18:31:06","guid":{"rendered":"https:\/\/blades.marcgermain.ca\/?page_id=6184"},"modified":"2026-02-27T18:31:52","modified_gmt":"2026-02-27T18:31:52","slug":"pompe-submersible-electrique-2-pouces-1hp-patron","status":"publish","type":"page","link":"https:\/\/cecequip.com\/en\/pompe-submersible-electrique-2-pouces-1hp-patron\/","title":{"rendered":"Pompe Submersible \u00e9lectrique 2 pouces, 1HP, Patron"},"content":{"rendered":"<div data-elementor-type=\"wp-page\" data-elementor-id=\"6184\" class=\"elementor elementor-6184\" data-elementor-post-type=\"page\">\n\t\t\t\t<div class=\"elementor-element elementor-element-ec1d9b2 e-flex e-con-boxed e-con e-parent\" data-id=\"ec1d9b2\" data-element_type=\"container\" data-e-type=\"container\" data-settings=\"{&quot;background_background&quot;:&quot;classic&quot;}\">\n\t\t\t\t\t<div class=\"e-con-inner\">\n\t\t\t\t<div class=\"elementor-element elementor-element-e9e043a elementor-widget elementor-widget-heading\" data-id=\"e9e043a\" data-element_type=\"widget\" data-e-type=\"widget\" data-widget_type=\"heading.default\">\n\t\t\t\t\t<h2 class=\"elementor-heading-title elementor-size-default\">Pompe Submersible \u00e9lectrique 2 pouces, 1HP, Patron\n<\/h2>\t\t\t\t<\/div>\n\t\t\t\t\t<\/div>\n\t\t\t\t<\/div>\n\t\t<div class=\"elementor-element elementor-element-32092d1 e-flex e-con-boxed e-con e-parent\" data-id=\"32092d1\" data-element_type=\"container\" data-e-type=\"container\">\n\t\t\t\t\t<div class=\"e-con-inner\">\n\t\t<div class=\"elementor-element elementor-element-d49977c e-con-full e-flex e-con e-child\" data-id=\"d49977c\" data-element_type=\"container\" data-e-type=\"container\">\n\t\t\t\t<div class=\"elementor-element elementor-element-997bfc7 elementor-widget elementor-widget-image\" data-id=\"997bfc7\" data-element_type=\"widget\" data-e-type=\"widget\" data-widget_type=\"image.default\">\n\t\t\t\t\t\t\t\t\t\t\t\t\t\t\t<img fetchpriority=\"high\" decoding=\"async\" width=\"800\" height=\"800\" src=\"https:\/\/cecequip.com\/wp-content\/uploads\/2026\/02\/1182-1-2-1536x1536-1-1024x1024.jpg\" class=\"attachment-large size-large wp-image-5656\" alt=\"\" srcset=\"https:\/\/cecequip.com\/wp-content\/uploads\/2026\/02\/1182-1-2-1536x1536-1-1024x1024.jpg 1024w, https:\/\/cecequip.com\/wp-content\/uploads\/2026\/02\/1182-1-2-1536x1536-1-300x300.jpg 300w, https:\/\/cecequip.com\/wp-content\/uploads\/2026\/02\/1182-1-2-1536x1536-1-150x150.jpg 150w, https:\/\/cecequip.com\/wp-content\/uploads\/2026\/02\/1182-1-2-1536x1536-1-768x768.jpg 768w, https:\/\/cecequip.com\/wp-content\/uploads\/2026\/02\/1182-1-2-1536x1536-1.jpg 1536w\" sizes=\"(max-width: 800px) 100vw, 800px\" \/>\t\t\t\t\t\t\t\t\t\t\t\t\t\t\t<\/div>\n\t\t\t\t<div class=\"elementor-element elementor-element-3c6eb5d elementor-widget elementor-widget-text-editor\" data-id=\"3c6eb5d\" data-element_type=\"widget\" data-e-type=\"widget\" data-widget_type=\"text-editor.default\">\n\t\t\t\t\t\t\t\t\t<p>Pompe Submersible \u00e9lectrique 2 pouces, 1HP, Patron<\/p>\t\t\t\t\t\t\t\t<\/div>\n\t\t\t\t<\/div>\n\t\t<div class=\"elementor-element elementor-element-16b6b08 e-con-full e-flex e-con e-child\" data-id=\"16b6b08\" data-element_type=\"container\" data-e-type=\"container\">\n\t\t\t\t<div class=\"elementor-element elementor-element-34feebc elementor-widget elementor-widget-text-editor\" data-id=\"34feebc\" data-element_type=\"widget\" data-e-type=\"widget\" data-widget_type=\"text-editor.default\">\n\t\t\t\t\t\t\t\t\t<table class=\"itemspecs\" border=\"1\" rules=\"rows\"><tbody><tr><th>Num\u00e9ro de l\u2019article<\/th><th>PA-SP25<\/th><\/tr><tr><td>Moteur<\/td><td>1 HP<\/td><\/tr><tr><td>\u00c9jection Max<\/td><td>53\u2032<\/td><\/tr><tr><td>Capacit\u00e9 Max<\/td><td>82 GPM<\/td><\/tr><tr><td>Voltage<\/td><td>115V<\/td><\/tr><tr><td>RPM<\/td><td>3400 RPM<\/td><\/tr><tr><td>Amp\u00e9rage<\/td><td>9.6 A<\/td><\/tr><tr><td>D\u00e9charge<\/td><td>2\u2033 NPT<\/td><\/tr><tr><td>C\u00e2ble<\/td><td>50\u2032<\/td><\/tr><tr><td>Hauteur<\/td><td>12-7\/8\u2033<\/td><\/tr><tr><td>Diam\u00e8tre<\/td><td>7-1\/2\u2033<\/td><\/tr><tr><td>Poids<\/td><td>28 lbs<\/td><\/tr><\/tbody><\/table>\t\t\t\t\t\t\t\t<\/div>\n\t\t\t\t<\/div>\n\t\t\t\t\t<\/div>\n\t\t\t\t<\/div>\n\t\t\t\t<\/div>","protected":false},"excerpt":{"rendered":"<p>Pompe Submersible \u00e9lectrique 2 pouces, 1HP, Patron Pompe Submersible \u00e9lectrique 2 pouces, 1HP, Patron Num\u00e9ro de l\u2019article PA-SP25 Moteur 1 HP \u00c9jection Max 53\u2032 Capacit\u00e9 Max 82 GPM Voltage 115V RPM 3400 RPM Amp\u00e9rage 9.6 A D\u00e9charge 2\u2033 NPT C\u00e2ble 50\u2032 Hauteur 12-7\/8\u2033 Diam\u00e8tre 7-1\/2\u2033 Poids 28 lbs<\/p>","protected":false},"author":1,"featured_media":0,"parent":0,"menu_order":0,"comment_status":"closed","ping_status":"closed","template":"","meta":{"footnotes":""},"class_list":["post-6184","page","type-page","status-publish","hentry"],"_links":{"self":[{"href":"https:\/\/cecequip.com\/en\/wp-json\/wp\/v2\/pages\/6184","targetHints":{"allow":["GET"]}}],"collection":[{"href":"https:\/\/cecequip.com\/en\/wp-json\/wp\/v2\/pages"}],"about":[{"href":"https:\/\/cecequip.com\/en\/wp-json\/wp\/v2\/types\/page"}],"author":[{"embeddable":true,"href":"https:\/\/cecequip.com\/en\/wp-json\/wp\/v2\/users\/1"}],"replies":[{"embeddable":true,"href":"https:\/\/cecequip.com\/en\/wp-json\/wp\/v2\/comments?post=6184"}],"version-history":[{"count":4,"href":"https:\/\/cecequip.com\/en\/wp-json\/wp\/v2\/pages\/6184\/revisions"}],"predecessor-version":[{"id":6188,"href":"https:\/\/cecequip.com\/en\/wp-json\/wp\/v2\/pages\/6184\/revisions\/6188"}],"wp:attachment":[{"href":"https:\/\/cecequip.com\/en\/wp-json\/wp\/v2\/media?parent=6184"}],"curies":[{"name":"wp","href":"https:\/\/api.w.org\/{rel}","templated":true}]}}