{"id":6108,"date":"2026-02-27T18:04:50","date_gmt":"2026-02-27T18:04:50","guid":{"rendered":"https:\/\/blades.marcgermain.ca\/?page_id=6108"},"modified":"2026-02-27T18:05:36","modified_gmt":"2026-02-27T18:05:36","slug":"chaufferettes-electriques-6kw-240v-de-patron-e6","status":"publish","type":"page","link":"https:\/\/cecequip.com\/en\/chaufferettes-electriques-6kw-240v-de-patron-e6\/","title":{"rendered":"Chaufferettes \u00c9lectriques 6kW, 240V de Patron E6"},"content":{"rendered":"<div data-elementor-type=\"wp-page\" data-elementor-id=\"6108\" class=\"elementor elementor-6108\" data-elementor-post-type=\"page\">\n\t\t\t\t<div class=\"elementor-element elementor-element-ec1d9b2 e-flex e-con-boxed e-con e-parent\" data-id=\"ec1d9b2\" data-element_type=\"container\" data-e-type=\"container\" data-settings=\"{&quot;background_background&quot;:&quot;classic&quot;}\">\n\t\t\t\t\t<div class=\"e-con-inner\">\n\t\t\t\t<div class=\"elementor-element elementor-element-e9e043a elementor-widget elementor-widget-heading\" data-id=\"e9e043a\" data-element_type=\"widget\" data-e-type=\"widget\" data-widget_type=\"heading.default\">\n\t\t\t\t\t<h2 class=\"elementor-heading-title elementor-size-default\">Chaufferettes \u00c9lectriques 6kW, 240V de Patron E6<\/h2>\t\t\t\t<\/div>\n\t\t\t\t\t<\/div>\n\t\t\t\t<\/div>\n\t\t<div class=\"elementor-element elementor-element-32092d1 e-flex e-con-boxed e-con e-parent\" data-id=\"32092d1\" data-element_type=\"container\" data-e-type=\"container\">\n\t\t\t\t\t<div class=\"e-con-inner\">\n\t\t<div class=\"elementor-element elementor-element-d49977c e-con-full e-flex e-con e-child\" data-id=\"d49977c\" data-element_type=\"container\" data-e-type=\"container\">\n\t\t\t\t<div class=\"elementor-element elementor-element-997bfc7 elementor-widget elementor-widget-image\" data-id=\"997bfc7\" data-element_type=\"widget\" data-e-type=\"widget\" data-widget_type=\"image.default\">\n\t\t\t\t\t\t\t\t\t\t\t\t\t\t\t<img fetchpriority=\"high\" decoding=\"async\" width=\"800\" height=\"800\" src=\"https:\/\/cecequip.com\/wp-content\/uploads\/2026\/02\/164.jpg\" class=\"attachment-large size-large wp-image-5635\" alt=\"\" srcset=\"https:\/\/cecequip.com\/wp-content\/uploads\/2026\/02\/164.jpg 1000w, https:\/\/cecequip.com\/wp-content\/uploads\/2026\/02\/164-300x300.jpg 300w, https:\/\/cecequip.com\/wp-content\/uploads\/2026\/02\/164-150x150.jpg 150w, https:\/\/cecequip.com\/wp-content\/uploads\/2026\/02\/164-768x768.jpg 768w\" sizes=\"(max-width: 800px) 100vw, 800px\" \/>\t\t\t\t\t\t\t\t\t\t\t\t\t\t\t<\/div>\n\t\t\t\t<div class=\"elementor-element elementor-element-3c6eb5d elementor-widget elementor-widget-text-editor\" data-id=\"3c6eb5d\" data-element_type=\"widget\" data-e-type=\"widget\" data-widget_type=\"text-editor.default\">\n\t\t\t\t\t\t\t\t\t<p>Les chaufferettes E6 sont nos nouvelles chaufferettes de la famille Patron. Construit avec la m\u00eame robustesse que les autres chaufferettes Patron. Les unit\u00e9s E6\/240V utilise une sortie de 25 Amp, soit celle d\u2019une s\u00e9cheuse standard. Faite sure d\u2019utiliser une prise NEMA 14-30P ou 14-50P pour assurer la compatibilit\u00e9 avec notre prise.<br \/>La E6 produit une grande quantit\u00e9 de chaleur avec ses 250 CFM de d\u00e9placement d\u2019air \u00e0 travers de grand espaces.<\/p><h2>Caract\u00e9ristiques<\/h2><ul><li>Pour chauffage, s\u00e9chage, et ventilation<\/li><li>Thermostat d\u2019ambiance int\u00e9gr\u00e9 de 32\u00b0F- 100\u00b0F<\/li><li>Protection contre la surchauffe \u00e0 104\u00b0F<\/li><li>Bo\u00eetier en acier recouvert fini poudre<\/li><li>Serpentins de chauffage en acier inoxydable<\/li><li>\u00c9l\u00e9vation rapide de la temp\u00e9rature avec ventilateur unidirectionnel<\/li><li>Faciles \u00e0 utiliser et tr\u00e8s fiables<\/li><li>Approuv\u00e9es UL<\/li><\/ul>\t\t\t\t\t\t\t\t<\/div>\n\t\t\t\t<\/div>\n\t\t<div class=\"elementor-element elementor-element-16b6b08 e-con-full e-flex e-con e-child\" data-id=\"16b6b08\" data-element_type=\"container\" data-e-type=\"container\">\n\t\t\t\t<div class=\"elementor-element elementor-element-34feebc elementor-widget elementor-widget-text-editor\" data-id=\"34feebc\" data-element_type=\"widget\" data-e-type=\"widget\" data-widget_type=\"text-editor.default\">\n\t\t\t\t\t\t\t\t\t<table class=\"itemspecs\" border=\"1\" rules=\"rows\"><tbody><tr><th>Num\u00e9ro de l\u2019article<\/th><th>PA-E6<\/th><\/tr><tr><td>BTU\/Hr<\/td><td>20,500<\/td><\/tr><tr><td>Puissance<\/td><td>6,000<\/td><\/tr><tr><td>Volts \/ Amp\u00e9rage<\/td><td>230V \/ 25A<\/td><\/tr><tr><td>Phase<\/td><td>1PH<\/td><\/tr><tr><td>Thermostat<\/td><td>32\u00b0F \u2013 100\u00b0F<\/td><\/tr><tr><td>D\u00e9bit d\u2019air<\/td><td>250 CFM<\/td><\/tr><tr><td>Poids<\/td><td>32.9 LBS<\/td><\/tr><tr><td>L x L x H<\/td><td>20\u2033 x 12\u2033 x 17\u2033<\/td><\/tr><tr><td>Cordon d\u2019alimentation<\/td><td>10\u2032 (8 AWG)<\/td><\/tr><tr><td>Type de prise<\/td><td>NEMA 14-30P<\/td><\/tr><tr><td>D\u00e9cibel<\/td><td>55 dB(A) 1m<\/td><\/tr><tr><td>Longueur du cordon Maximal<\/td><td>100-pied (8AWG, 3-fils, SOOW)<\/td><\/tr><\/tbody><\/table>\t\t\t\t\t\t\t\t<\/div>\n\t\t\t\t<\/div>\n\t\t\t\t\t<\/div>\n\t\t\t\t<\/div>\n\t\t\t\t<\/div>","protected":false},"excerpt":{"rendered":"<p>Chaufferettes \u00c9lectriques 6kW, 240V de Patron E6 Les chaufferettes E6 sont nos nouvelles chaufferettes de la famille Patron. Construit avec la m\u00eame robustesse que les autres chaufferettes Patron. Les unit\u00e9s E6\/240V utilise une sortie de 25 Amp, soit celle d\u2019une s\u00e9cheuse standard. Faite sure d\u2019utiliser une prise NEMA 14-30P ou 14-50P pour assurer la compatibilit\u00e9 [&hellip;]<\/p>\n","protected":false},"author":1,"featured_media":0,"parent":0,"menu_order":0,"comment_status":"closed","ping_status":"closed","template":"","meta":{"footnotes":""},"class_list":["post-6108","page","type-page","status-publish","hentry"],"_links":{"self":[{"href":"https:\/\/cecequip.com\/en\/wp-json\/wp\/v2\/pages\/6108","targetHints":{"allow":["GET"]}}],"collection":[{"href":"https:\/\/cecequip.com\/en\/wp-json\/wp\/v2\/pages"}],"about":[{"href":"https:\/\/cecequip.com\/en\/wp-json\/wp\/v2\/types\/page"}],"author":[{"embeddable":true,"href":"https:\/\/cecequip.com\/en\/wp-json\/wp\/v2\/users\/1"}],"replies":[{"embeddable":true,"href":"https:\/\/cecequip.com\/en\/wp-json\/wp\/v2\/comments?post=6108"}],"version-history":[{"count":4,"href":"https:\/\/cecequip.com\/en\/wp-json\/wp\/v2\/pages\/6108\/revisions"}],"predecessor-version":[{"id":6112,"href":"https:\/\/cecequip.com\/en\/wp-json\/wp\/v2\/pages\/6108\/revisions\/6112"}],"wp:attachment":[{"href":"https:\/\/cecequip.com\/en\/wp-json\/wp\/v2\/media?parent=6108"}],"curies":[{"name":"wp","href":"https:\/\/api.w.org\/{rel}","templated":true}]}}