{"id":6100,"date":"2026-02-27T18:02:51","date_gmt":"2026-02-27T18:02:51","guid":{"rendered":"https:\/\/blades.marcgermain.ca\/?page_id=6100"},"modified":"2026-02-27T18:03:42","modified_gmt":"2026-02-27T18:03:42","slug":"chaufferettes-electrique-3kw-240v-de-patron-e3","status":"publish","type":"page","link":"https:\/\/cecequip.com\/en\/chaufferettes-electrique-3kw-240v-de-patron-e3\/","title":{"rendered":"Chaufferettes \u00c9lectrique 3kW, 240V de Patron E3"},"content":{"rendered":"<div data-elementor-type=\"wp-page\" data-elementor-id=\"6100\" class=\"elementor elementor-6100\" data-elementor-post-type=\"page\">\n\t\t\t\t<div class=\"elementor-element elementor-element-ec1d9b2 e-flex e-con-boxed e-con e-parent\" data-id=\"ec1d9b2\" data-element_type=\"container\" data-e-type=\"container\" data-settings=\"{&quot;background_background&quot;:&quot;classic&quot;}\">\n\t\t\t\t\t<div class=\"e-con-inner\">\n\t\t\t\t<div class=\"elementor-element elementor-element-e9e043a elementor-widget elementor-widget-heading\" data-id=\"e9e043a\" data-element_type=\"widget\" data-e-type=\"widget\" data-widget_type=\"heading.default\">\n\t\t\t\t\t<h2 class=\"elementor-heading-title elementor-size-default\">Chaufferettes \u00c9lectrique 3kW, 240V de Patron E3<\/h2>\t\t\t\t<\/div>\n\t\t\t\t\t<\/div>\n\t\t\t\t<\/div>\n\t\t<div class=\"elementor-element elementor-element-32092d1 e-flex e-con-boxed e-con e-parent\" data-id=\"32092d1\" data-element_type=\"container\" data-e-type=\"container\">\n\t\t\t\t\t<div class=\"e-con-inner\">\n\t\t<div class=\"elementor-element elementor-element-d49977c e-con-full e-flex e-con e-child\" data-id=\"d49977c\" data-element_type=\"container\" data-e-type=\"container\">\n\t\t\t\t<div class=\"elementor-element elementor-element-997bfc7 elementor-widget elementor-widget-image\" data-id=\"997bfc7\" data-element_type=\"widget\" data-e-type=\"widget\" data-widget_type=\"image.default\">\n\t\t\t\t\t\t\t\t\t\t\t\t\t\t\t<img fetchpriority=\"high\" decoding=\"async\" width=\"800\" height=\"800\" src=\"https:\/\/cecequip.com\/wp-content\/uploads\/2026\/02\/164.jpg\" class=\"attachment-large size-large wp-image-5635\" alt=\"\" srcset=\"https:\/\/cecequip.com\/wp-content\/uploads\/2026\/02\/164.jpg 1000w, https:\/\/cecequip.com\/wp-content\/uploads\/2026\/02\/164-300x300.jpg 300w, https:\/\/cecequip.com\/wp-content\/uploads\/2026\/02\/164-150x150.jpg 150w, https:\/\/cecequip.com\/wp-content\/uploads\/2026\/02\/164-768x768.jpg 768w\" sizes=\"(max-width: 800px) 100vw, 800px\" \/>\t\t\t\t\t\t\t\t\t\t\t\t\t\t\t<\/div>\n\t\t\t\t<div class=\"elementor-element elementor-element-3c6eb5d elementor-widget elementor-widget-text-editor\" data-id=\"3c6eb5d\" data-element_type=\"widget\" data-e-type=\"widget\" data-widget_type=\"text-editor.default\">\n\t\t\t\t\t\t\t\t\t<p>La chaufferette \u00e9lectrique de Patron E3\/240V est notre plus petite chaufferette sur le 240V. Elle utilise 12.5 Amps et est \u00e9quip\u00e9e d\u2019une prise NEMA 6-15P qu\u2019on peut retrouver un peu partout. Con\u00e7ue pour une utilisation continue, elle poss\u00e8de un ventilateur qui distribue 205 CFM d\u2019air chaud \u00e0 travers la pi\u00e8ce de fa\u00e7on efficace. Elle produit 2 fois plus d\u2019air chaud qu\u2019une mod\u00e8le sur le 120V qui en r\u00e9sulte avec une diff\u00e9rence remarquable.<\/p><h2>Caract\u00e9ristiques<\/h2><ul><li>Pour chauffage, s\u00e9chage, et ventilation<\/li><li>Thermostat d\u2019ambiance int\u00e9gr\u00e9 de 32\u00b0F- 100\u00b0F<\/li><li>Protection contre la surchauffe \u00e0 104\u00b0F<\/li><li>Bo\u00eetier en acier recouvert fini poudre<\/li><li>Serpentins de chauffage en acier inoxydable<\/li><li>\u00c9l\u00e9vation rapide de la temp\u00e9rature avec ventilateur unidirectionnel<\/li><li>Faciles \u00e0 utiliser et tr\u00e8s fiables<\/li><li>Approuv\u00e9es UL<\/li><\/ul>\t\t\t\t\t\t\t\t<\/div>\n\t\t\t\t<\/div>\n\t\t<div class=\"elementor-element elementor-element-16b6b08 e-con-full e-flex e-con e-child\" data-id=\"16b6b08\" data-element_type=\"container\" data-e-type=\"container\">\n\t\t\t\t<div class=\"elementor-element elementor-element-34feebc elementor-widget elementor-widget-text-editor\" data-id=\"34feebc\" data-element_type=\"widget\" data-e-type=\"widget\" data-widget_type=\"text-editor.default\">\n\t\t\t\t\t\t\t\t\t<table class=\"itemspecs\" border=\"1\" rules=\"rows\"><tbody><tr><th>Num\u00e9ro de l\u2019article<\/th><th>PA-E3<\/th><\/tr><tr><td>BTU\/Hr<\/td><td>10,200<\/td><\/tr><tr><td>Puissance<\/td><td>3,000<\/td><\/tr><tr><td>Volts \/ Amp\u00e9rage<\/td><td>230V \/ 12.5A<\/td><\/tr><tr><td>Phase<\/td><td>1PH<\/td><\/tr><tr><td>Thermostat<\/td><td>32\u00b0F \u2013 100\u00b0F<\/td><\/tr><tr><td>D\u00e9bit d\u2019air<\/td><td>205 CFM<\/td><\/tr><tr><td>Poids<\/td><td>20.3 LBS<\/td><\/tr><tr><td>L x L x H<\/td><td>11\u2033 x 10\u2033 x 15\u2033<\/td><\/tr><tr><td>Cordon d\u2019alimentation<\/td><td>10\u2032 (16 AWG)<\/td><\/tr><tr><td>Type de prise<\/td><td>NEMA 6-15P<\/td><\/tr><tr><td>D\u00e9cibel<\/td><td>50 dB(A) 1m<\/td><\/tr><\/tbody><\/table>\t\t\t\t\t\t\t\t<\/div>\n\t\t\t\t<\/div>\n\t\t\t\t\t<\/div>\n\t\t\t\t<\/div>\n\t\t\t\t<\/div>","protected":false},"excerpt":{"rendered":"<p>Chaufferettes \u00c9lectrique 3kW, 240V de Patron E3 La chaufferette \u00e9lectrique de Patron E3\/240V est notre plus petite chaufferette sur le 240V. Elle utilise 12.5 Amps et est \u00e9quip\u00e9e d\u2019une prise NEMA 6-15P qu\u2019on peut retrouver un peu partout. Con\u00e7ue pour une utilisation continue, elle poss\u00e8de un ventilateur qui distribue 205 CFM d\u2019air chaud \u00e0 travers [&hellip;]<\/p>\n","protected":false},"author":1,"featured_media":0,"parent":0,"menu_order":0,"comment_status":"closed","ping_status":"closed","template":"","meta":{"footnotes":""},"class_list":["post-6100","page","type-page","status-publish","hentry"],"_links":{"self":[{"href":"https:\/\/cecequip.com\/en\/wp-json\/wp\/v2\/pages\/6100","targetHints":{"allow":["GET"]}}],"collection":[{"href":"https:\/\/cecequip.com\/en\/wp-json\/wp\/v2\/pages"}],"about":[{"href":"https:\/\/cecequip.com\/en\/wp-json\/wp\/v2\/types\/page"}],"author":[{"embeddable":true,"href":"https:\/\/cecequip.com\/en\/wp-json\/wp\/v2\/users\/1"}],"replies":[{"embeddable":true,"href":"https:\/\/cecequip.com\/en\/wp-json\/wp\/v2\/comments?post=6100"}],"version-history":[{"count":4,"href":"https:\/\/cecequip.com\/en\/wp-json\/wp\/v2\/pages\/6100\/revisions"}],"predecessor-version":[{"id":6104,"href":"https:\/\/cecequip.com\/en\/wp-json\/wp\/v2\/pages\/6100\/revisions\/6104"}],"wp:attachment":[{"href":"https:\/\/cecequip.com\/en\/wp-json\/wp\/v2\/media?parent=6100"}],"curies":[{"name":"wp","href":"https:\/\/api.w.org\/{rel}","templated":true}]}}