{"id":6086,"date":"2026-02-27T17:23:57","date_gmt":"2026-02-27T17:23:57","guid":{"rendered":"https:\/\/blades.marcgermain.ca\/?page_id=6086"},"modified":"2026-02-27T17:25:12","modified_gmt":"2026-02-27T17:25:12","slug":"chaufferettes-electrique-1-5kw-120v-de-patron-e1-5","status":"publish","type":"page","link":"https:\/\/cecequip.com\/en\/chaufferettes-electrique-1-5kw-120v-de-patron-e1-5\/","title":{"rendered":"Chaufferettes \u00c9lectrique 1.5kW, 120V de Patron E1.5"},"content":{"rendered":"<div data-elementor-type=\"wp-page\" data-elementor-id=\"6086\" class=\"elementor elementor-6086\" data-elementor-post-type=\"page\">\n\t\t\t\t<div class=\"elementor-element elementor-element-ec1d9b2 e-flex e-con-boxed e-con e-parent\" data-id=\"ec1d9b2\" data-element_type=\"container\" data-e-type=\"container\" data-settings=\"{&quot;background_background&quot;:&quot;classic&quot;}\">\n\t\t\t\t\t<div class=\"e-con-inner\">\n\t\t\t\t<div class=\"elementor-element elementor-element-e9e043a elementor-widget elementor-widget-heading\" data-id=\"e9e043a\" data-element_type=\"widget\" data-e-type=\"widget\" data-widget_type=\"heading.default\">\n\t\t\t\t\t<h2 class=\"elementor-heading-title elementor-size-default\">Chaufferettes \u00c9lectrique 1.5kW, 120V de Patron E1.5<\/h2>\t\t\t\t<\/div>\n\t\t\t\t\t<\/div>\n\t\t\t\t<\/div>\n\t\t<div class=\"elementor-element elementor-element-32092d1 e-flex e-con-boxed e-con e-parent\" data-id=\"32092d1\" data-element_type=\"container\" data-e-type=\"container\">\n\t\t\t\t\t<div class=\"e-con-inner\">\n\t\t<div class=\"elementor-element elementor-element-d49977c e-con-full e-flex e-con e-child\" data-id=\"d49977c\" data-element_type=\"container\" data-e-type=\"container\">\n\t\t\t\t<div class=\"elementor-element elementor-element-997bfc7 elementor-widget elementor-widget-image\" data-id=\"997bfc7\" data-element_type=\"widget\" data-e-type=\"widget\" data-widget_type=\"image.default\">\n\t\t\t\t\t\t\t\t\t\t\t\t\t\t\t<img fetchpriority=\"high\" decoding=\"async\" width=\"800\" height=\"800\" src=\"https:\/\/cecequip.com\/wp-content\/uploads\/2026\/02\/163.jpg\" class=\"attachment-large size-large wp-image-5634\" alt=\"\" srcset=\"https:\/\/cecequip.com\/wp-content\/uploads\/2026\/02\/163.jpg 1000w, https:\/\/cecequip.com\/wp-content\/uploads\/2026\/02\/163-300x300.jpg 300w, https:\/\/cecequip.com\/wp-content\/uploads\/2026\/02\/163-150x150.jpg 150w, https:\/\/cecequip.com\/wp-content\/uploads\/2026\/02\/163-768x768.jpg 768w\" sizes=\"(max-width: 800px) 100vw, 800px\" \/>\t\t\t\t\t\t\t\t\t\t\t\t\t\t\t<\/div>\n\t\t\t\t<div class=\"elementor-element elementor-element-3c6eb5d elementor-widget elementor-widget-text-editor\" data-id=\"3c6eb5d\" data-element_type=\"widget\" data-e-type=\"widget\" data-widget_type=\"text-editor.default\">\n\t\t\t\t\t\t\t\t\t<p>Les chaufferettes \u00e9lectrique Patron E1.5\/120V fixent les normes de l\u2019industrie. Con\u00e7ues pour durer plus de 10 ans sans bris. Elles poss\u00e8dent un ventilateur qui distribue 116 CFM d\u2019air chaud \u00e0 travers la pi\u00e8ce.<br \/>La conception de la E1.5 permet d\u2019\u00e9valuer la temp\u00e9rature de la pi\u00e8ce enti\u00e8re en faisant circuler l\u2019air chaud \u00e0 travers la pi\u00e8ce.<\/p>\n<h2>Caract\u00e9ristiques<\/h2>\n<ul>\n<li>Pour chauffage, s\u00e9chage, et ventilation<\/li>\n<li>Thermostat d\u2019ambiance int\u00e9gr\u00e9 de 32\u00b0F- 100\u00b0F<\/li>\n<li>Protection contre la surchauffe \u00e0 104\u00b0F<\/li>\n<li>Bo\u00eetier en acier recouvert fini poudre<\/li>\n<li>Serpentins de chauffage en acier inoxydable<\/li>\n<li>\u00c9l\u00e9vation rapide de la temp\u00e9rature avec ventilateur unidirectionnel<\/li>\n<li>Faciles \u00e0 utiliser et tr\u00e8s fiables<\/li>\n<li>Approuv\u00e9es UL<\/li>\n<\/ul>\t\t\t\t\t\t\t\t<\/div>\n\t\t\t\t<\/div>\n\t\t<div class=\"elementor-element elementor-element-16b6b08 e-con-full e-flex e-con e-child\" data-id=\"16b6b08\" data-element_type=\"container\" data-e-type=\"container\">\n\t\t\t\t<div class=\"elementor-element elementor-element-34feebc elementor-widget elementor-widget-text-editor\" data-id=\"34feebc\" data-element_type=\"widget\" data-e-type=\"widget\" data-widget_type=\"text-editor.default\">\n\t\t\t\t\t\t\t\t\t<table class=\"itemspecs\" border=\"1\" rules=\"rows\">\n<tbody>\n<tr>\n<th>Num\u00e9ro de l\u2019article<\/th>\n<th>PA-E15<\/th>\n<\/tr>\n<tr>\n<td>BTU\/Hr<\/td>\n<td>5,100<\/td>\n<\/tr>\n<tr>\n<td>Puissance<\/td>\n<td>1,500<\/td>\n<\/tr>\n<tr>\n<td>Volts \/ Amp\u00e9rage<\/td>\n<td>120V \/ 12.5A<\/td>\n<\/tr>\n<tr>\n<td>Phase<\/td>\n<td>1PH<\/td>\n<\/tr>\n<tr>\n<td>Thermostat<\/td>\n<td>32\u00b0F \u2013 100\u00b0F<\/td>\n<\/tr>\n<tr>\n<td>D\u00e9bit d\u2019air<\/td>\n<td>116 CFM<\/td>\n<\/tr>\n<tr>\n<td>Poids<\/td>\n<td>13.7 LBS<\/td>\n<\/tr>\n<tr>\n<td>L x L x H<\/td>\n<td>11\u2033 x 12\u2033 x 8\u2033<\/td>\n<\/tr>\n<tr>\n<td>Cordon d\u2019alimentation<\/td>\n<td>10\u2032 (12 AWG)<\/td>\n<\/tr>\n<tr>\n<td>Type de prise<\/td>\n<td>NEMA 5-15P<\/td>\n<\/tr>\n<tr>\n<td>D\u00e9cibel<\/td>\n<td>47 dB(A) 1m<\/td>\n<\/tr>\n<\/tbody>\n<\/table>\t\t\t\t\t\t\t\t<\/div>\n\t\t\t\t<\/div>\n\t\t\t\t\t<\/div>\n\t\t\t\t<\/div>\n\t\t\t\t<\/div>","protected":false},"excerpt":{"rendered":"<p>Chaufferettes \u00c9lectrique 1.5kW, 120V de Patron E1.5 Les chaufferettes \u00e9lectrique Patron E1.5\/120V fixent les normes de l\u2019industrie. Con\u00e7ues pour durer plus de 10 ans sans bris. Elles poss\u00e8dent un ventilateur qui distribue 116 CFM d\u2019air chaud \u00e0 travers la pi\u00e8ce.La conception de la E1.5 permet d\u2019\u00e9valuer la temp\u00e9rature de la pi\u00e8ce enti\u00e8re en faisant circuler [&hellip;]<\/p>\n","protected":false},"author":1,"featured_media":0,"parent":0,"menu_order":0,"comment_status":"closed","ping_status":"closed","template":"","meta":{"footnotes":""},"class_list":["post-6086","page","type-page","status-publish","hentry"],"_links":{"self":[{"href":"https:\/\/cecequip.com\/en\/wp-json\/wp\/v2\/pages\/6086","targetHints":{"allow":["GET"]}}],"collection":[{"href":"https:\/\/cecequip.com\/en\/wp-json\/wp\/v2\/pages"}],"about":[{"href":"https:\/\/cecequip.com\/en\/wp-json\/wp\/v2\/types\/page"}],"author":[{"embeddable":true,"href":"https:\/\/cecequip.com\/en\/wp-json\/wp\/v2\/users\/1"}],"replies":[{"embeddable":true,"href":"https:\/\/cecequip.com\/en\/wp-json\/wp\/v2\/comments?post=6086"}],"version-history":[{"count":7,"href":"https:\/\/cecequip.com\/en\/wp-json\/wp\/v2\/pages\/6086\/revisions"}],"predecessor-version":[{"id":6093,"href":"https:\/\/cecequip.com\/en\/wp-json\/wp\/v2\/pages\/6086\/revisions\/6093"}],"wp:attachment":[{"href":"https:\/\/cecequip.com\/en\/wp-json\/wp\/v2\/media?parent=6086"}],"curies":[{"name":"wp","href":"https:\/\/api.w.org\/{rel}","templated":true}]}}