{"id":6073,"date":"2026-02-27T17:19:28","date_gmt":"2026-02-27T17:19:28","guid":{"rendered":"https:\/\/blades.marcgermain.ca\/?page_id=6073"},"modified":"2026-02-27T17:20:14","modified_gmt":"2026-02-27T17:20:14","slug":"chaufferette-electrique-3-phases-40kw-575v-de-patron-40eca","status":"publish","type":"page","link":"https:\/\/cecequip.com\/en\/chaufferette-electrique-3-phases-40kw-575v-de-patron-40eca\/","title":{"rendered":"Chaufferette \u00c9lectrique 3 Phases, 40KW, 575V de Patron 40ECA"},"content":{"rendered":"<div data-elementor-type=\"wp-page\" data-elementor-id=\"6073\" class=\"elementor elementor-6073\" data-elementor-post-type=\"page\">\n\t\t\t\t<div class=\"elementor-element elementor-element-ec1d9b2 e-flex e-con-boxed e-con e-parent\" data-id=\"ec1d9b2\" data-element_type=\"container\" data-e-type=\"container\" data-settings=\"{&quot;background_background&quot;:&quot;classic&quot;}\">\n\t\t\t\t\t<div class=\"e-con-inner\">\n\t\t\t\t<div class=\"elementor-element elementor-element-e9e043a elementor-widget elementor-widget-heading\" data-id=\"e9e043a\" data-element_type=\"widget\" data-e-type=\"widget\" data-widget_type=\"heading.default\">\n\t\t\t\t\t<h2 class=\"elementor-heading-title elementor-size-default\">Chaufferette \u00c9lectrique 3 Phases, 40KW, 575V de Patron 40ECA<\/h2>\t\t\t\t<\/div>\n\t\t\t\t\t<\/div>\n\t\t\t\t<\/div>\n\t\t<div class=\"elementor-element elementor-element-32092d1 e-flex e-con-boxed e-con e-parent\" data-id=\"32092d1\" data-element_type=\"container\" data-e-type=\"container\">\n\t\t\t\t\t<div class=\"e-con-inner\">\n\t\t<div class=\"elementor-element elementor-element-d49977c e-con-full e-flex e-con e-child\" data-id=\"d49977c\" data-element_type=\"container\" data-e-type=\"container\">\n\t\t\t\t<div class=\"elementor-element elementor-element-997bfc7 elementor-widget elementor-widget-image\" data-id=\"997bfc7\" data-element_type=\"widget\" data-e-type=\"widget\" data-widget_type=\"image.default\">\n\t\t\t\t\t\t\t\t\t\t\t\t\t\t\t<img fetchpriority=\"high\" decoding=\"async\" width=\"800\" height=\"800\" src=\"https:\/\/cecequip.com\/wp-content\/uploads\/2026\/02\/169-1536x1536-1-1024x1024.jpg\" class=\"attachment-large size-large wp-image-5633\" alt=\"\" srcset=\"https:\/\/cecequip.com\/wp-content\/uploads\/2026\/02\/169-1536x1536-1-1024x1024.jpg 1024w, https:\/\/cecequip.com\/wp-content\/uploads\/2026\/02\/169-1536x1536-1-300x300.jpg 300w, https:\/\/cecequip.com\/wp-content\/uploads\/2026\/02\/169-1536x1536-1-150x150.jpg 150w, https:\/\/cecequip.com\/wp-content\/uploads\/2026\/02\/169-1536x1536-1-768x768.jpg 768w, https:\/\/cecequip.com\/wp-content\/uploads\/2026\/02\/169-1536x1536-1.jpg 1536w\" sizes=\"(max-width: 800px) 100vw, 800px\" \/>\t\t\t\t\t\t\t\t\t\t\t\t\t\t\t<\/div>\n\t\t\t\t<div class=\"elementor-element elementor-element-3c6eb5d elementor-widget elementor-widget-text-editor\" data-id=\"3c6eb5d\" data-element_type=\"widget\" data-e-type=\"widget\" data-widget_type=\"text-editor.default\">\n\t\t\t\t\t\t\t\t\t<p>La Chaufferette 40ECA de Patron est presque une centrale \u00e9lectrique, qui peut servir \u00e0 tout types de besoin. Sa robustesse lui permet de faire face aux applications les plus difficile, en livrant 136,000 BTU\/Hre \u00e0 40KW, avec son ventilateur de 1765CFM. Poss\u00e8de des roues et une poign\u00e9e facilitant son transport, ainsi qu\u2019une sortie de 14po pour installer un conduit pour distribuer l\u2019air chaud \u00e0 des endroits sp\u00e9cifique. La 40ECA op\u00e8re sur un circuit de 575V , 3 Phases et a besoin de 50 AMP.<\/p><h2>Caract\u00e9ristiques<\/h2><ul><li>Pour chauffage, s\u00e9chage, et ventilation<\/li><li>Thermostat d\u2019ambiance int\u00e9gr\u00e9 de 32\u00b0F- 100\u00b0F<\/li><li>Protection contre la surchauffe \u00e0 104\u00b0F<\/li><li>Bo\u00eetier en acier recouvert fini poudre<\/li><li>Serpentins de chauffage en acier inoxydable<\/li><li>\u00c9l\u00e9vation rapide de la temp\u00e9rature avec ventilateur unidirectionnel<\/li><li>Adaptateur de conduit 14\u2033<\/li><li>Faciles \u00e0 utiliser et tr\u00e8s fiables<\/li><li>Roues et poign\u00e9e de transport<\/li><li>Approuv\u00e9es UL<\/li><\/ul>\t\t\t\t\t\t\t\t<\/div>\n\t\t\t\t<\/div>\n\t\t<div class=\"elementor-element elementor-element-16b6b08 e-con-full e-flex e-con e-child\" data-id=\"16b6b08\" data-element_type=\"container\" data-e-type=\"container\">\n\t\t\t\t<div class=\"elementor-element elementor-element-34feebc elementor-widget elementor-widget-text-editor\" data-id=\"34feebc\" data-element_type=\"widget\" data-e-type=\"widget\" data-widget_type=\"text-editor.default\">\n\t\t\t\t\t\t\t\t\t<table class=\"itemspecs\" border=\"1\" rules=\"rows\"><tbody><tr><th>Num\u00e9ro de l\u2019article<\/th><th>PA-40ECA<\/th><\/tr><tr><td>BTU\/Hr<\/td><td>136,500<\/td><\/tr><tr><td>Puissance<\/td><td>40,000<\/td><\/tr><tr><td>Volts \/ Amps<\/td><td>575V \/ 41A<\/td><\/tr><tr><td>Phase<\/td><td>3PH<\/td><\/tr><tr><td>Modes<\/td><td>16kW \/ 17A \/ 51,200 BTU\/Hr<br \/>32kW \/ 33A \/ 102,400 BTU\/Hr<br \/>40kW \/ 41A \/ 136,500 BTU\/Hr<\/td><\/tr><tr><td>Thermostat<\/td><td>32\u00b0F \u2013 100\u00b0F<\/td><\/tr><tr><td>D\u00e9bit d\u2019air<\/td><td>1,765 CFM<\/td><\/tr><tr><td>Poids<\/td><td>125 LBS<\/td><\/tr><tr><td>L x L x H<\/td><td>46\u2033 x 20\u2033 x 25\u2033<\/td><\/tr><tr><td>Cordon d\u2019alimentation<\/td><td>Non Inclus<\/td><\/tr><tr><td>Type de Prise<\/td><td>Non Inclus<\/td><\/tr><tr><td>D\u00e9cibel<\/td><td>82 dB(A) 1m<\/td><\/tr><tr><td>Longueur du Cordon Maximal<\/td><td>50-pied (6AWG, 4-fils, SOOW)<br \/>100-pied (4AWG, 4-fils, SOOW)<\/td><\/tr><\/tbody><\/table>\t\t\t\t\t\t\t\t<\/div>\n\t\t\t\t<\/div>\n\t\t\t\t\t<\/div>\n\t\t\t\t<\/div>\n\t\t\t\t<\/div>","protected":false},"excerpt":{"rendered":"<p>Chaufferette \u00c9lectrique 3 Phases, 40KW, 575V de Patron 40ECA La Chaufferette 40ECA de Patron est presque une centrale \u00e9lectrique, qui peut servir \u00e0 tout types de besoin. Sa robustesse lui permet de faire face aux applications les plus difficile, en livrant 136,000 BTU\/Hre \u00e0 40KW, avec son ventilateur de 1765CFM. Poss\u00e8de des roues et une [&hellip;]<\/p>\n","protected":false},"author":1,"featured_media":0,"parent":0,"menu_order":0,"comment_status":"closed","ping_status":"closed","template":"","meta":{"footnotes":""},"class_list":["post-6073","page","type-page","status-publish","hentry"],"_links":{"self":[{"href":"https:\/\/cecequip.com\/en\/wp-json\/wp\/v2\/pages\/6073","targetHints":{"allow":["GET"]}}],"collection":[{"href":"https:\/\/cecequip.com\/en\/wp-json\/wp\/v2\/pages"}],"about":[{"href":"https:\/\/cecequip.com\/en\/wp-json\/wp\/v2\/types\/page"}],"author":[{"embeddable":true,"href":"https:\/\/cecequip.com\/en\/wp-json\/wp\/v2\/users\/1"}],"replies":[{"embeddable":true,"href":"https:\/\/cecequip.com\/en\/wp-json\/wp\/v2\/comments?post=6073"}],"version-history":[{"count":4,"href":"https:\/\/cecequip.com\/en\/wp-json\/wp\/v2\/pages\/6073\/revisions"}],"predecessor-version":[{"id":6077,"href":"https:\/\/cecequip.com\/en\/wp-json\/wp\/v2\/pages\/6073\/revisions\/6077"}],"wp:attachment":[{"href":"https:\/\/cecequip.com\/en\/wp-json\/wp\/v2\/media?parent=6073"}],"curies":[{"name":"wp","href":"https:\/\/api.w.org\/{rel}","templated":true}]}}