{"id":6049,"date":"2026-02-27T17:11:59","date_gmt":"2026-02-27T17:11:59","guid":{"rendered":"https:\/\/blades.marcgermain.ca\/?page_id=6049"},"modified":"2026-02-27T17:13:20","modified_gmt":"2026-02-27T17:13:20","slug":"chaufferette-electrique-1-phase-18kw-240v-de-patron-18e-1","status":"publish","type":"page","link":"https:\/\/cecequip.com\/en\/chaufferette-electrique-1-phase-18kw-240v-de-patron-18e-1\/","title":{"rendered":"Chaufferette \u00c9lectrique 1 Phase, 18kW, 240V de Patron 18E-1"},"content":{"rendered":"<div data-elementor-type=\"wp-page\" data-elementor-id=\"6049\" class=\"elementor elementor-6049\" data-elementor-post-type=\"page\">\n\t\t\t\t<div class=\"elementor-element elementor-element-ec1d9b2 e-flex e-con-boxed e-con e-parent\" data-id=\"ec1d9b2\" data-element_type=\"container\" data-e-type=\"container\" data-settings=\"{&quot;background_background&quot;:&quot;classic&quot;}\">\n\t\t\t\t\t<div class=\"e-con-inner\">\n\t\t\t\t<div class=\"elementor-element elementor-element-e9e043a elementor-widget elementor-widget-heading\" data-id=\"e9e043a\" data-element_type=\"widget\" data-e-type=\"widget\" data-widget_type=\"heading.default\">\n\t\t\t\t\t<h2 class=\"elementor-heading-title elementor-size-default\">Chaufferette \u00c9lectrique 1 Phase, 18kW, 240V de Patron 18E-1<\/h2>\t\t\t\t<\/div>\n\t\t\t\t\t<\/div>\n\t\t\t\t<\/div>\n\t\t<div class=\"elementor-element elementor-element-32092d1 e-flex e-con-boxed e-con e-parent\" data-id=\"32092d1\" data-element_type=\"container\" data-e-type=\"container\">\n\t\t\t\t\t<div class=\"e-con-inner\">\n\t\t<div class=\"elementor-element elementor-element-d49977c e-con-full e-flex e-con e-child\" data-id=\"d49977c\" data-element_type=\"container\" data-e-type=\"container\">\n\t\t\t\t<div class=\"elementor-element elementor-element-997bfc7 elementor-widget elementor-widget-image\" data-id=\"997bfc7\" data-element_type=\"widget\" data-e-type=\"widget\" data-widget_type=\"image.default\">\n\t\t\t\t\t\t\t\t\t\t\t\t\t\t\t<img fetchpriority=\"high\" decoding=\"async\" width=\"800\" height=\"800\" src=\"https:\/\/cecequip.com\/wp-content\/uploads\/2026\/02\/167-1-1536x1536-1-1024x1024.jpg\" class=\"attachment-large size-large wp-image-5631\" alt=\"\" srcset=\"https:\/\/cecequip.com\/wp-content\/uploads\/2026\/02\/167-1-1536x1536-1-1024x1024.jpg 1024w, https:\/\/cecequip.com\/wp-content\/uploads\/2026\/02\/167-1-1536x1536-1-300x300.jpg 300w, https:\/\/cecequip.com\/wp-content\/uploads\/2026\/02\/167-1-1536x1536-1-150x150.jpg 150w, https:\/\/cecequip.com\/wp-content\/uploads\/2026\/02\/167-1-1536x1536-1-768x768.jpg 768w, https:\/\/cecequip.com\/wp-content\/uploads\/2026\/02\/167-1-1536x1536-1.jpg 1536w\" sizes=\"(max-width: 800px) 100vw, 800px\" \/>\t\t\t\t\t\t\t\t\t\t\t\t\t\t\t<\/div>\n\t\t\t\t<div class=\"elementor-element elementor-element-3c6eb5d elementor-widget elementor-widget-text-editor\" data-id=\"3c6eb5d\" data-element_type=\"widget\" data-e-type=\"widget\" data-widget_type=\"text-editor.default\">\n\t\t\t\t\t\t\t\t\t<p>La E18 de Patron qui est tr\u00e8s versatile , fait l\u2019envie de la concurrence. Elle peut \u00eatre utilis\u00e9e soit sur le 208V ou 240V, soit simple phase ou rois phases. Vous devez sp\u00e9cifier lors de l\u2019achat le nombre de phase que vous avez de besoin. La particularit\u00e9 de cette unit\u00e9 nous permet de l\u2019utilis\u00e9 seulement sur le mode ventilation et par la suite on ajoute 6KW, 12KW ou 18KW de chaleur. Cette unit\u00e9 robuste livre 65000 BTU\/Hre \u00e0 18KW, avec son ventilateur de 590CFM.<\/p><h2>Caract\u00e9ristiques<\/h2><ul><li>Pour chauffage, s\u00e9chage, et ventilation<\/li><li>Thermostat d\u2019ambiance int\u00e9gr\u00e9 de 32\u00b0F- 100\u00b0F<\/li><li>Protection contre la surchauffe \u00e0 104\u00b0F<\/li><li>Bo\u00eetier en acier recouvert fini poudre<\/li><li>Serpentins de chauffage en acier inoxydable<\/li><li>\u00c9l\u00e9vation rapide de la temp\u00e9rature avec ventilateur unidirectionnel<\/li><li>Faciles \u00e0 utiliser et tr\u00e8s fiables<\/li><li>Fonctionne sur le 208V<\/li><\/ul>\t\t\t\t\t\t\t\t<\/div>\n\t\t\t\t<\/div>\n\t\t<div class=\"elementor-element elementor-element-16b6b08 e-con-full e-flex e-con e-child\" data-id=\"16b6b08\" data-element_type=\"container\" data-e-type=\"container\">\n\t\t\t\t<div class=\"elementor-element elementor-element-34feebc elementor-widget elementor-widget-text-editor\" data-id=\"34feebc\" data-element_type=\"widget\" data-e-type=\"widget\" data-widget_type=\"text-editor.default\">\n\t\t\t\t\t\t\t\t\t<table class=\"itemspecs\" border=\"1\" rules=\"rows\"><tbody><tr><th>Num\u00e9ro de l\u2019article<\/th><th>PA-18E1<\/th><\/tr><tr><td>BTU\/Hr<\/td><td>65,000<\/td><\/tr><tr><td>Puissance<\/td><td>18,000<\/td><\/tr><tr><td>Volts \/ Amps<\/td><td>240V \/ 81A<\/td><\/tr><tr><td>Phase<\/td><td>1PH<\/td><\/tr><tr><td>Modes<\/td><td>Ventilation seulement<br \/>13kW \/ 54A<br \/>18kW \/ 81A<\/td><\/tr><tr><td>Thermostat<\/td><td>32\u00b0F \u2013 100\u00b0F<\/td><\/tr><tr><td>D\u00e9bit d\u2019air<\/td><td>590 CFM<\/td><\/tr><tr><td>Poids<\/td><td>62 LBS<\/td><\/tr><tr><td>L x L x H<\/td><td>32\u2033 x 14\u2033 x 20\u2033<\/td><\/tr><tr><td>Cordon d\u2019alimentation<\/td><td>Non Inclus<\/td><\/tr><tr><td>Type de prise<\/td><td>Non Inclus<\/td><\/tr><tr><td>D\u00e9cibel<\/td><td>58 dB(A) 1m<\/td><\/tr><tr><td>Longueur du Cordon Maximal<\/td><td>50-pied (2AWG, 3-fils, SOOW)<\/td><\/tr><\/tbody><\/table>\t\t\t\t\t\t\t\t<\/div>\n\t\t\t\t<\/div>\n\t\t\t\t\t<\/div>\n\t\t\t\t<\/div>\n\t\t\t\t<\/div>","protected":false},"excerpt":{"rendered":"<p>Chaufferette \u00c9lectrique 1 Phase, 18kW, 240V de Patron 18E-1 La E18 de Patron qui est tr\u00e8s versatile , fait l\u2019envie de la concurrence. Elle peut \u00eatre utilis\u00e9e soit sur le 208V ou 240V, soit simple phase ou rois phases. Vous devez sp\u00e9cifier lors de l\u2019achat le nombre de phase que vous avez de besoin. La [&hellip;]<\/p>\n","protected":false},"author":1,"featured_media":0,"parent":0,"menu_order":0,"comment_status":"closed","ping_status":"closed","template":"","meta":{"footnotes":""},"class_list":["post-6049","page","type-page","status-publish","hentry"],"_links":{"self":[{"href":"https:\/\/cecequip.com\/en\/wp-json\/wp\/v2\/pages\/6049","targetHints":{"allow":["GET"]}}],"collection":[{"href":"https:\/\/cecequip.com\/en\/wp-json\/wp\/v2\/pages"}],"about":[{"href":"https:\/\/cecequip.com\/en\/wp-json\/wp\/v2\/types\/page"}],"author":[{"embeddable":true,"href":"https:\/\/cecequip.com\/en\/wp-json\/wp\/v2\/users\/1"}],"replies":[{"embeddable":true,"href":"https:\/\/cecequip.com\/en\/wp-json\/wp\/v2\/comments?post=6049"}],"version-history":[{"count":4,"href":"https:\/\/cecequip.com\/en\/wp-json\/wp\/v2\/pages\/6049\/revisions"}],"predecessor-version":[{"id":6053,"href":"https:\/\/cecequip.com\/en\/wp-json\/wp\/v2\/pages\/6049\/revisions\/6053"}],"wp:attachment":[{"href":"https:\/\/cecequip.com\/en\/wp-json\/wp\/v2\/media?parent=6049"}],"curies":[{"name":"wp","href":"https:\/\/api.w.org\/{rel}","templated":true}]}}