{"id":6038,"date":"2026-02-27T17:07:48","date_gmt":"2026-02-27T17:07:48","guid":{"rendered":"https:\/\/blades.marcgermain.ca\/?page_id=6038"},"modified":"2026-02-27T17:08:41","modified_gmt":"2026-02-27T17:08:41","slug":"generatrices-inverter-patron-gi-4000i","status":"publish","type":"page","link":"https:\/\/cecequip.com\/en\/generatrices-inverter-patron-gi-4000i\/","title":{"rendered":"G\u00e9n\u00e9ratrices Inverter Patron GI-4000I"},"content":{"rendered":"<div data-elementor-type=\"wp-page\" data-elementor-id=\"6038\" class=\"elementor elementor-6038\" data-elementor-post-type=\"page\">\n\t\t\t\t<div class=\"elementor-element elementor-element-ec1d9b2 e-flex e-con-boxed e-con e-parent\" data-id=\"ec1d9b2\" data-element_type=\"container\" data-e-type=\"container\" data-settings=\"{&quot;background_background&quot;:&quot;classic&quot;}\">\n\t\t\t\t\t<div class=\"e-con-inner\">\n\t\t\t\t<div class=\"elementor-element elementor-element-e9e043a elementor-widget elementor-widget-heading\" data-id=\"e9e043a\" data-element_type=\"widget\" data-e-type=\"widget\" data-widget_type=\"heading.default\">\n\t\t\t\t\t<h2 class=\"elementor-heading-title elementor-size-default\">G\u00e9n\u00e9ratrices Inverter Patron GI-4000I<\/h2>\t\t\t\t<\/div>\n\t\t\t\t\t<\/div>\n\t\t\t\t<\/div>\n\t\t<div class=\"elementor-element elementor-element-32092d1 e-flex e-con-boxed e-con e-parent\" data-id=\"32092d1\" data-element_type=\"container\" data-e-type=\"container\">\n\t\t\t\t\t<div class=\"e-con-inner\">\n\t\t<div class=\"elementor-element elementor-element-d49977c e-con-full e-flex e-con e-child\" data-id=\"d49977c\" data-element_type=\"container\" data-e-type=\"container\">\n\t\t\t\t<div class=\"elementor-element elementor-element-997bfc7 elementor-widget elementor-widget-image\" data-id=\"997bfc7\" data-element_type=\"widget\" data-e-type=\"widget\" data-widget_type=\"image.default\">\n\t\t\t\t\t\t\t\t\t\t\t\t\t\t\t<img fetchpriority=\"high\" decoding=\"async\" width=\"800\" height=\"800\" src=\"https:\/\/cecequip.com\/wp-content\/uploads\/2026\/02\/1382-1536x1536-1-1024x1024.jpg\" class=\"attachment-large size-large wp-image-5622\" alt=\"\" srcset=\"https:\/\/cecequip.com\/wp-content\/uploads\/2026\/02\/1382-1536x1536-1-1024x1024.jpg 1024w, https:\/\/cecequip.com\/wp-content\/uploads\/2026\/02\/1382-1536x1536-1-300x300.jpg 300w, https:\/\/cecequip.com\/wp-content\/uploads\/2026\/02\/1382-1536x1536-1-150x150.jpg 150w, https:\/\/cecequip.com\/wp-content\/uploads\/2026\/02\/1382-1536x1536-1-768x768.jpg 768w, https:\/\/cecequip.com\/wp-content\/uploads\/2026\/02\/1382-1536x1536-1.jpg 1536w\" sizes=\"(max-width: 800px) 100vw, 800px\" \/>\t\t\t\t\t\t\t\t\t\t\t\t\t\t\t<\/div>\n\t\t\t\t<div class=\"elementor-element elementor-element-3c6eb5d elementor-widget elementor-widget-text-editor\" data-id=\"3c6eb5d\" data-element_type=\"widget\" data-e-type=\"widget\" data-widget_type=\"text-editor.default\">\n\t\t\t\t\t\t\t\t\t<h2>Caract\u00e9ristiques<\/h2><ul><li>Onduleur silencieux et puissant capable d\u2019effectuer de nombreuses t\u00e2ches. Particuli\u00e8rement populaire pour le camping.<\/li><li>Produit l\u2019\u00e9nergie propre n\u00e9cessaire aux appareils \u00e9lectroniques sensibles tels que les t\u00e9l\u00e9phones portables et les ordinateurs.<\/li><li>Moteur robuste et fiable avec arr\u00eat automatique en cas de faible niveau d\u2019huile qui prot\u00e8ge le moteur.<\/li><li>Les enroulements d\u2019alternateur en cuivre augmentent l\u2019efficacit\u00e9 et r\u00e9duisent l\u2019accumulation de chaleur pour prolonger la dur\u00e9e de vie.<\/li><li>La coque insonorisante r\u00e9duit le volume et est dot\u00e9e de panneaux faciles d\u2019acc\u00e8s pour simplifier l\u2019entretien.<\/li><li>Les prises prot\u00e9g\u00e9es contre les intemp\u00e9ries garantissent un acc\u00e8s fiable \u00e0 l\u2019alimentation quelles que soient les conditions m\u00e9t\u00e9orologiques.<\/li><li>Le projecteur LED fournit un \u00e9clairage puissant et fiable.<\/li><li>La technologie Sub-Zero permet au moteur de d\u00e9marrer par temps froid.<\/li><li>Le d\u00e9tecteur automatique de CO arr\u00eate automatiquement le g\u00e9n\u00e9rateur avant que des niveaux nocifs de monoxyde de carbone ne s\u2019accumulent.<\/li><\/ul>\t\t\t\t\t\t\t\t<\/div>\n\t\t\t\t<\/div>\n\t\t<div class=\"elementor-element elementor-element-16b6b08 e-con-full e-flex e-con e-child\" data-id=\"16b6b08\" data-element_type=\"container\" data-e-type=\"container\">\n\t\t\t\t<div class=\"elementor-element elementor-element-34feebc elementor-widget elementor-widget-text-editor\" data-id=\"34feebc\" data-element_type=\"widget\" data-e-type=\"widget\" data-widget_type=\"text-editor.default\">\n\t\t\t\t\t\t\t\t\t<table class=\"itemspecs\" border=\"1\" rules=\"rows\"><tbody><tr><td>TYPE DE CARBURANT<\/td><td>ESSENCE<\/td><\/tr><tr><td>MOTEUR<\/td><td>145CC<\/td><\/tr><tr><td>WATTS MAX \/ WATTS DE FONCTIONNEMENT<\/td><td>4000\/3200<\/td><\/tr><tr><td>TENSIONS<\/td><td>120V<\/td><\/tr><tr><td>D\u00c9MARRAGE DU MOTEUR<\/td><td>D\u00c9MARRAGE \u00c0 TIRER<\/td><\/tr><tr><td>AMP\u00c8RES TOTALES<\/td><td>27A<\/td><\/tr><tr><td>D\u00c9CIBELS \u00c0 7M<\/td><td>63 DB<\/td><\/tr><tr><td>R\u00c9SERVOIR D\u2019ESSENCE<\/td><td>3.6 L<\/td><\/tr><tr><td>TEMPS DE FONCTIONNEMENT \u00c0 1\/2 CHARGE<\/td><td>3 HRS<\/td><\/tr><tr><td>TYPE D\u2019HUILE<\/td><td>SAE 10W30<\/td><\/tr><tr><td>CERTIFICATIONS<\/td><td>ETL, EPA<\/td><\/tr><tr><td>POIDS<\/td><td>49 LBS<\/td><\/tr><tr><td>POIDS D\u2019EXP\u00c9DITION<\/td><td>56 LBS<\/td><\/tr><tr><td>DIMENSIONS<\/td><td>11\u201d X 19\u201d X 18\u201d<\/td><\/tr><tr><td>PRISES \u00c9LECTRIQUES<\/td><td>2 X 120V 20A<br \/>1 X 12V DC 8A<\/td><\/tr><tr><td>ENROULEMENTS<\/td><td>CUIVRE<\/td><\/tr><tr><td>ARR\u00caT FAIBLE HUILE<\/td><td>OUI<\/td><\/tr><tr><td>ARR\u00caT DE CO<\/td><td>OUI<\/td><\/tr><tr><td>MODE \u00c9CONOMIQUE<\/td><td>RALENTI AUTOMATIQUE<\/td><\/tr><tr><td>LUMI\u00c8RE<\/td><td>OUI<\/td><\/tr><tr><td>D\u00c9MARRAGE PAR TEMPS FROID<\/td><td>OUI<\/td><\/tr><tr><td>CAPABLE PARALL\u00c8LE<\/td><td>OUI<\/td><\/tr><tr><td>BATTERIE INCLUSE<\/td><td>N\/A<\/td><\/tr><tr><td>GARANTIE<\/td><td>3 ANS<\/td><\/tr><\/tbody><\/table>\t\t\t\t\t\t\t\t<\/div>\n\t\t\t\t<\/div>\n\t\t\t\t\t<\/div>\n\t\t\t\t<\/div>\n\t\t\t\t<\/div>","protected":false},"excerpt":{"rendered":"<p>G\u00e9n\u00e9ratrices Inverter Patron GI-4000I Caract\u00e9ristiques Onduleur silencieux et puissant capable d\u2019effectuer de nombreuses t\u00e2ches. Particuli\u00e8rement populaire pour le camping. Produit l\u2019\u00e9nergie propre n\u00e9cessaire aux appareils \u00e9lectroniques sensibles tels que les t\u00e9l\u00e9phones portables et les ordinateurs. Moteur robuste et fiable avec arr\u00eat automatique en cas de faible niveau d\u2019huile qui prot\u00e8ge le moteur. Les enroulements d\u2019alternateur [&hellip;]<\/p>\n","protected":false},"author":1,"featured_media":0,"parent":0,"menu_order":0,"comment_status":"closed","ping_status":"closed","template":"","meta":{"footnotes":""},"class_list":["post-6038","page","type-page","status-publish","hentry"],"_links":{"self":[{"href":"https:\/\/cecequip.com\/en\/wp-json\/wp\/v2\/pages\/6038","targetHints":{"allow":["GET"]}}],"collection":[{"href":"https:\/\/cecequip.com\/en\/wp-json\/wp\/v2\/pages"}],"about":[{"href":"https:\/\/cecequip.com\/en\/wp-json\/wp\/v2\/types\/page"}],"author":[{"embeddable":true,"href":"https:\/\/cecequip.com\/en\/wp-json\/wp\/v2\/users\/1"}],"replies":[{"embeddable":true,"href":"https:\/\/cecequip.com\/en\/wp-json\/wp\/v2\/comments?post=6038"}],"version-history":[{"count":4,"href":"https:\/\/cecequip.com\/en\/wp-json\/wp\/v2\/pages\/6038\/revisions"}],"predecessor-version":[{"id":6042,"href":"https:\/\/cecequip.com\/en\/wp-json\/wp\/v2\/pages\/6038\/revisions\/6042"}],"wp:attachment":[{"href":"https:\/\/cecequip.com\/en\/wp-json\/wp\/v2\/media?parent=6038"}],"curies":[{"name":"wp","href":"https:\/\/api.w.org\/{rel}","templated":true}]}}