{"id":5987,"date":"2026-02-27T16:53:59","date_gmt":"2026-02-27T16:53:59","guid":{"rendered":"https:\/\/blades.marcgermain.ca\/?page_id=5987"},"modified":"2026-02-27T16:55:43","modified_gmt":"2026-02-27T16:55:43","slug":"generatrice-patron-gh-11000","status":"publish","type":"page","link":"https:\/\/cecequip.com\/en\/generatrice-patron-gh-11000\/","title":{"rendered":"G\u00e9n\u00e9ratrice Patron GH-11000"},"content":{"rendered":"<div data-elementor-type=\"wp-page\" data-elementor-id=\"5987\" class=\"elementor elementor-5987\" data-elementor-post-type=\"page\">\n\t\t\t\t<div class=\"elementor-element elementor-element-ec1d9b2 e-flex e-con-boxed e-con e-parent\" data-id=\"ec1d9b2\" data-element_type=\"container\" data-e-type=\"container\" data-settings=\"{&quot;background_background&quot;:&quot;classic&quot;}\">\n\t\t\t\t\t<div class=\"e-con-inner\">\n\t\t\t\t<div class=\"elementor-element elementor-element-e9e043a elementor-widget elementor-widget-heading\" data-id=\"e9e043a\" data-element_type=\"widget\" data-e-type=\"widget\" data-widget_type=\"heading.default\">\n\t\t\t\t\t<h2 class=\"elementor-heading-title elementor-size-default\">G\u00e9n\u00e9ratrice Patron GH-11000\n<\/h2>\t\t\t\t<\/div>\n\t\t\t\t\t<\/div>\n\t\t\t\t<\/div>\n\t\t<div class=\"elementor-element elementor-element-32092d1 e-flex e-con-boxed e-con e-parent\" data-id=\"32092d1\" data-element_type=\"container\" data-e-type=\"container\">\n\t\t\t\t\t<div class=\"e-con-inner\">\n\t\t<div class=\"elementor-element elementor-element-d49977c e-con-full e-flex e-con e-child\" data-id=\"d49977c\" data-element_type=\"container\" data-e-type=\"container\">\n\t\t\t\t<div class=\"elementor-element elementor-element-997bfc7 elementor-widget elementor-widget-image\" data-id=\"997bfc7\" data-element_type=\"widget\" data-e-type=\"widget\" data-widget_type=\"image.default\">\n\t\t\t\t\t\t\t\t\t\t\t\t\t\t\t<img fetchpriority=\"high\" decoding=\"async\" width=\"300\" height=\"300\" src=\"https:\/\/cecequip.com\/wp-content\/uploads\/2026\/02\/1390-300x300-1.jpg\" class=\"attachment-large size-large wp-image-5616\" alt=\"\" srcset=\"https:\/\/cecequip.com\/wp-content\/uploads\/2026\/02\/1390-300x300-1.jpg 300w, https:\/\/cecequip.com\/wp-content\/uploads\/2026\/02\/1390-300x300-1-150x150.jpg 150w\" sizes=\"(max-width: 300px) 100vw, 300px\" \/>\t\t\t\t\t\t\t\t\t\t\t\t\t\t\t<\/div>\n\t\t\t\t<div class=\"elementor-element elementor-element-3c6eb5d elementor-widget elementor-widget-text-editor\" data-id=\"3c6eb5d\" data-element_type=\"widget\" data-e-type=\"widget\" data-widget_type=\"text-editor.default\">\n\t\t\t\t\t\t\t\t\t<h2>Caract\u00e9ristiques<\/h2>\n<ul>\n<li>G\u00e9n\u00e9rateur portable qui alimente les chantiers \u00e9loign\u00e9s et les situations d\u2019urgence.<\/li>\n<li>Moteur robuste et fiable capable d\u2019effectuer de nombreuses t\u00e2ches, avec arr\u00eat automatique en cas de faible niveau d\u2019huile qui prot\u00e8ge le moteur.<\/li>\n<li>La cage de s\u00e9curit\u00e9 durable en acier enduit de poudre prot\u00e8ge le g\u00e9n\u00e9rateur et permet un acc\u00e8s facile pour l\u2019entretien.<\/li>\n<li>Les prises prot\u00e9g\u00e9es contre les intemp\u00e9ries garantissent un acc\u00e8s fiable \u00e0 l\u2019alimentation quelles que soient les conditions m\u00e9t\u00e9orologiques.<\/li>\n<li>Le projecteur LED fournit un \u00e9clairage puissant et fiable.<\/li>\n<li>La technologie Sub-Zero permet au moteur de d\u00e9marrer par temps froid.<\/li>\n<li>Le d\u00e9tecteur automatique de CO arr\u00eate automatiquement le g\u00e9n\u00e9rateur avant que des niveaux nocifs de monoxyde de carbone ne s\u2019accumulent.<\/li>\n<\/ul>\t\t\t\t\t\t\t\t<\/div>\n\t\t\t\t<\/div>\n\t\t<div class=\"elementor-element elementor-element-16b6b08 e-con-full e-flex e-con e-child\" data-id=\"16b6b08\" data-element_type=\"container\" data-e-type=\"container\">\n\t\t\t\t<div class=\"elementor-element elementor-element-34feebc elementor-widget elementor-widget-text-editor\" data-id=\"34feebc\" data-element_type=\"widget\" data-e-type=\"widget\" data-widget_type=\"text-editor.default\">\n\t\t\t\t\t\t\t\t\t<table class=\"itemspecs\" border=\"1\" rules=\"rows\">\n<tbody>\n<tr>\n<td>TYPE DE CARBURANT<\/td>\n<td>ESSENCE<\/td>\n<\/tr>\n<tr>\n<td>MOTEUR<\/td>\n<td>420CC<\/td>\n<\/tr>\n<tr>\n<td>WATTS MAX \/ WATTS DE FONCTIONNEMENT<\/td>\n<td>11,000\/7,200<\/td>\n<\/tr>\n<tr>\n<td>TENSIONS<\/td>\n<td>120V \/ 240V<\/td>\n<\/tr>\n<tr>\n<td>D\u00c9MARRAGE DU MOTEUR<\/td>\n<td>D\u00c9MARRAGE \u00c0 TIRER &amp; \u00c9LECTRIQUE<\/td>\n<\/tr>\n<tr>\n<td>AMP\u00c8RES TOTALES<\/td>\n<td>60A @ 120V<br \/>30A @ 240V<\/td>\n<\/tr>\n<tr>\n<td>D\u00c9CIBELS \u00c0 7M<\/td>\n<td>73 DB<\/td>\n<\/tr>\n<tr>\n<td>R\u00c9SERVOIR D\u2019ESSENCE<\/td>\n<td>25 L<\/td>\n<\/tr>\n<tr>\n<td>TEMPS DE FONCTIONNEMENT \u00c0 1\/2 CHARGE<\/td>\n<td>14.4 HRS<\/td>\n<\/tr>\n<tr>\n<td>TYPE D\u2019HUILE<\/td>\n<td>SAE 10W30<\/td>\n<\/tr>\n<tr>\n<td>CERTIFICATIONS<\/td>\n<td>ETL, EPA<\/td>\n<\/tr>\n<tr>\n<td>POIDS<\/td>\n<td>178 LBS<\/td>\n<\/tr>\n<tr>\n<td>POIDS D\u2019EXP\u00c9DITION<\/td>\n<td>202 LBS<\/td>\n<\/tr>\n<tr>\n<td>ROUES<\/td>\n<td>OUI<\/td>\n<\/tr>\n<tr>\n<td>DIMENSIONS<\/td>\n<td>20\u201d X 27\u201d X 22\u201d<\/td>\n<\/tr>\n<tr>\n<td>PRISES \u00c9LECTRIQUES<\/td>\n<td>3 X 120V 20A<br \/>1 X 120V\/240V 30A VERROUILLAGE TOURNANT<br \/>1 X 12V DC<\/td>\n<\/tr>\n<tr>\n<td>ENROULEMENTS<\/td>\n<td>ALUMINIUM<\/td>\n<\/tr>\n<tr>\n<td>ARR\u00caT FAIBLE HUILE<\/td>\n<td>OUI<\/td>\n<\/tr>\n<tr>\n<td>ARR\u00caT DE CO<\/td>\n<td>OUI<\/td>\n<\/tr>\n<tr>\n<td>MODE \u00c9CONOMIQUE<\/td>\n<td>RALENTI AUTOMATIQUE<\/td>\n<\/tr>\n<tr>\n<td>LUMI\u00c8RE<\/td>\n<td>OUI<\/td>\n<\/tr>\n<tr>\n<td>D\u00c9MARRAGE PAR TEMPS FROID<\/td>\n<td>OUI<\/td>\n<\/tr>\n<tr>\n<td>BATTERIE INCLUSE<\/td>\n<td>OUI<\/td>\n<\/tr>\n<tr>\n<td>GARANTIE<\/td>\n<td>3 ANS<\/td>\n<\/tr>\n<\/tbody>\n<\/table>\t\t\t\t\t\t\t\t<\/div>\n\t\t\t\t<\/div>\n\t\t\t\t\t<\/div>\n\t\t\t\t<\/div>\n\t\t\t\t<\/div>","protected":false},"excerpt":{"rendered":"<p>G\u00e9n\u00e9ratrice Patron GH-11000 Caract\u00e9ristiques G\u00e9n\u00e9rateur portable qui alimente les chantiers \u00e9loign\u00e9s et les situations d\u2019urgence. Moteur robuste et fiable capable d\u2019effectuer de nombreuses t\u00e2ches, avec arr\u00eat automatique en cas de faible niveau d\u2019huile qui prot\u00e8ge le moteur. La cage de s\u00e9curit\u00e9 durable en acier enduit de poudre prot\u00e8ge le g\u00e9n\u00e9rateur et permet un acc\u00e8s facile [&hellip;]<\/p>\n","protected":false},"author":1,"featured_media":0,"parent":0,"menu_order":0,"comment_status":"closed","ping_status":"closed","template":"","meta":{"footnotes":""},"class_list":["post-5987","page","type-page","status-publish","hentry"],"_links":{"self":[{"href":"https:\/\/cecequip.com\/en\/wp-json\/wp\/v2\/pages\/5987","targetHints":{"allow":["GET"]}}],"collection":[{"href":"https:\/\/cecequip.com\/en\/wp-json\/wp\/v2\/pages"}],"about":[{"href":"https:\/\/cecequip.com\/en\/wp-json\/wp\/v2\/types\/page"}],"author":[{"embeddable":true,"href":"https:\/\/cecequip.com\/en\/wp-json\/wp\/v2\/users\/1"}],"replies":[{"embeddable":true,"href":"https:\/\/cecequip.com\/en\/wp-json\/wp\/v2\/comments?post=5987"}],"version-history":[{"count":4,"href":"https:\/\/cecequip.com\/en\/wp-json\/wp\/v2\/pages\/5987\/revisions"}],"predecessor-version":[{"id":5991,"href":"https:\/\/cecequip.com\/en\/wp-json\/wp\/v2\/pages\/5987\/revisions\/5991"}],"wp:attachment":[{"href":"https:\/\/cecequip.com\/en\/wp-json\/wp\/v2\/media?parent=5987"}],"curies":[{"name":"wp","href":"https:\/\/api.w.org\/{rel}","templated":true}]}}