{"id":5857,"date":"2026-02-27T12:29:18","date_gmt":"2026-02-27T12:29:18","guid":{"rendered":"https:\/\/blades.marcgermain.ca\/?page_id=5857"},"modified":"2026-02-27T12:38:53","modified_gmt":"2026-02-27T12:38:53","slug":"6-recepteurs-lasers-pour-machinerie-lourde","status":"publish","type":"page","link":"https:\/\/cecequip.com\/en\/6-recepteurs-lasers-pour-machinerie-lourde\/","title":{"rendered":"6 R\u00e9cepteurs lasers pour machinerie lourde"},"content":{"rendered":"<div data-elementor-type=\"wp-page\" data-elementor-id=\"5857\" class=\"elementor elementor-5857\" data-elementor-post-type=\"page\">\n\t\t\t\t<div class=\"elementor-element elementor-element-23e7fcc e-flex e-con-boxed e-con e-parent\" data-id=\"23e7fcc\" data-element_type=\"container\" data-e-type=\"container\" data-settings=\"{&quot;background_background&quot;:&quot;classic&quot;}\">\n\t\t\t\t\t<div class=\"e-con-inner\">\n\t\t\t\t<div class=\"elementor-element elementor-element-572f79b elementor-widget elementor-widget-heading\" data-id=\"572f79b\" data-element_type=\"widget\" data-e-type=\"widget\" data-widget_type=\"heading.default\">\n\t\t\t\t\t<h2 class=\"elementor-heading-title elementor-size-default\">6 R\u00e9cepteurs lasers pour machinerie lourde\n<\/h2>\t\t\t\t<\/div>\n\t\t\t\t\t<\/div>\n\t\t\t\t<\/div>\n\t\t<div class=\"elementor-element elementor-element-cf75eb1 e-flex e-con-boxed e-con e-parent\" data-id=\"cf75eb1\" data-element_type=\"container\" data-e-type=\"container\">\n\t\t\t\t\t<div class=\"e-con-inner\">\n\t\t<div class=\"elementor-element elementor-element-4c014d4 e-con-full e-flex e-con e-child\" data-id=\"4c014d4\" data-element_type=\"container\" data-e-type=\"container\">\n\t\t\t\t<div class=\"elementor-element elementor-element-f0c3fca elementor-widget elementor-widget-heading\" data-id=\"f0c3fca\" data-element_type=\"widget\" data-e-type=\"widget\" data-widget_type=\"heading.default\">\n\t\t\t\t\t<h2 class=\"elementor-heading-title elementor-size-default\">Leica MC200 DepthMaster<\/h2>\t\t\t\t<\/div>\n\t\t\t\t<div class=\"elementor-element elementor-element-5f8fb1c elementor-widget elementor-widget-image\" data-id=\"5f8fb1c\" data-element_type=\"widget\" data-e-type=\"widget\" data-widget_type=\"image.default\">\n\t\t\t\t\t\t\t\t\t\t\t\t\t\t\t<img fetchpriority=\"high\" decoding=\"async\" width=\"500\" height=\"268\" src=\"https:\/\/cecequip.com\/wp-content\/uploads\/2026\/02\/31mVNx-xY7L.jpg\" class=\"attachment-large size-large wp-image-5861\" alt=\"\" srcset=\"https:\/\/cecequip.com\/wp-content\/uploads\/2026\/02\/31mVNx-xY7L.jpg 500w, https:\/\/cecequip.com\/wp-content\/uploads\/2026\/02\/31mVNx-xY7L-300x161.jpg 300w\" sizes=\"(max-width: 500px) 100vw, 500px\" \/>\t\t\t\t\t\t\t\t\t\t\t\t\t\t\t<\/div>\n\t\t\t\t<div class=\"elementor-element elementor-element-3cc1eb2 elementor-widget elementor-widget-text-editor\" data-id=\"3cc1eb2\" data-element_type=\"widget\" data-e-type=\"widget\" data-widget_type=\"text-editor.default\">\n\t\t\t\t\t\t\t\t\t<p>Syst\u00e8me d\u2019indication de profondeur pour machinerie lourde<\/p>\t\t\t\t\t\t\t\t<\/div>\n\t\t\t\t<\/div>\n\t\t<div class=\"elementor-element elementor-element-7d95e9d e-con-full e-flex e-con e-child\" data-id=\"7d95e9d\" data-element_type=\"container\" data-e-type=\"container\">\n\t\t\t\t<div class=\"elementor-element elementor-element-213081b elementor-widget elementor-widget-heading\" data-id=\"213081b\" data-element_type=\"widget\" data-e-type=\"widget\" data-widget_type=\"heading.default\">\n\t\t\t\t\t<h2 class=\"elementor-heading-title elementor-size-default\">Capteur pour petite pelle Geomax MR-240<\/h2>\t\t\t\t<\/div>\n\t\t\t\t<div class=\"elementor-element elementor-element-b131332 elementor-widget elementor-widget-image\" data-id=\"b131332\" data-element_type=\"widget\" data-e-type=\"widget\" data-widget_type=\"image.default\">\n\t\t\t\t\t\t\t\t\t\t\t\t\t\t\t<img decoding=\"async\" width=\"600\" height=\"400\" src=\"https:\/\/cecequip.com\/wp-content\/uploads\/2026\/02\/Capteur-pour-pelle.png\" class=\"attachment-large size-large wp-image-5860\" alt=\"\" srcset=\"https:\/\/cecequip.com\/wp-content\/uploads\/2026\/02\/Capteur-pour-pelle.png 600w, https:\/\/cecequip.com\/wp-content\/uploads\/2026\/02\/Capteur-pour-pelle-300x200.png 300w\" sizes=\"(max-width: 600px) 100vw, 600px\" \/>\t\t\t\t\t\t\t\t\t\t\t\t\t\t\t<\/div>\n\t\t\t\t<div class=\"elementor-element elementor-element-5cd85cf elementor-widget elementor-widget-text-editor\" data-id=\"5cd85cf\" data-element_type=\"widget\" data-e-type=\"widget\" data-widget_type=\"text-editor.default\">\n\t\t\t\t\t\t\t\t\t<p>Capteur aimant\u00e9 pour petite pelle Geomax MR-240 (r\u00e9ception jusqu\u2019\u00e0 240 degr\u00e9)<\/p>\t\t\t\t\t\t\t\t<\/div>\n\t\t\t\t<\/div>\n\t\t<div class=\"elementor-element elementor-element-daa7fa0 e-con-full e-flex e-con e-child\" data-id=\"daa7fa0\" data-element_type=\"container\" data-e-type=\"container\">\n\t\t\t\t<div class=\"elementor-element elementor-element-a4dd0d8 elementor-widget elementor-widget-heading\" data-id=\"a4dd0d8\" data-element_type=\"widget\" data-e-type=\"widget\" data-widget_type=\"heading.default\">\n\t\t\t\t\t<h2 class=\"elementor-heading-title elementor-size-default\">Capteur pour pelle et bulldozer Geomax MR-360RA<\/h2>\t\t\t\t<\/div>\n\t\t\t\t<div class=\"elementor-element elementor-element-0e9b421 elementor-widget elementor-widget-image\" data-id=\"0e9b421\" data-element_type=\"widget\" data-e-type=\"widget\" data-widget_type=\"image.default\">\n\t\t\t\t\t\t\t\t\t\t\t\t\t\t\t<img decoding=\"async\" width=\"600\" height=\"400\" src=\"https:\/\/cecequip.com\/wp-content\/uploads\/2026\/02\/recxepteurs-laser.png\" class=\"attachment-large size-large wp-image-4189\" alt=\"\" srcset=\"https:\/\/cecequip.com\/wp-content\/uploads\/2026\/02\/recxepteurs-laser.png 600w, https:\/\/cecequip.com\/wp-content\/uploads\/2026\/02\/recxepteurs-laser-300x200.png 300w\" sizes=\"(max-width: 600px) 100vw, 600px\" \/>\t\t\t\t\t\t\t\t\t\t\t\t\t\t\t<\/div>\n\t\t\t\t<div class=\"elementor-element elementor-element-6ef83e3 elementor-widget elementor-widget-text-editor\" data-id=\"6ef83e3\" data-element_type=\"widget\" data-e-type=\"widget\" data-widget_type=\"text-editor.default\">\n\t\t\t\t\t\t\t\t\t<p>Capteur pour pelle et bulldozer Geomax MR-360RA avec r\u00e9ception de 360\u00b0<\/p>\t\t\t\t\t\t\t\t<\/div>\n\t\t\t\t<\/div>\n\t\t\t\t\t<\/div>\n\t\t\t\t<\/div>\n\t\t<div class=\"elementor-element elementor-element-04e1c47 e-flex e-con-boxed e-con e-parent\" data-id=\"04e1c47\" data-element_type=\"container\" data-e-type=\"container\">\n\t\t\t\t\t<div class=\"e-con-inner\">\n\t\t<div class=\"elementor-element elementor-element-7876f25 e-con-full e-flex e-con e-child\" data-id=\"7876f25\" data-element_type=\"container\" data-e-type=\"container\">\n\t\t\t\t<div class=\"elementor-element elementor-element-523f89a elementor-widget elementor-widget-heading\" data-id=\"523f89a\" data-element_type=\"widget\" data-e-type=\"widget\" data-widget_type=\"heading.default\">\n\t\t\t\t\t<h2 class=\"elementor-heading-title elementor-size-default\">Topcon LS-B200 et LS-B200W<\/h2>\t\t\t\t<\/div>\n\t\t\t\t<div class=\"elementor-element elementor-element-0884203 elementor-widget elementor-widget-image\" data-id=\"0884203\" data-element_type=\"widget\" data-e-type=\"widget\" data-widget_type=\"image.default\">\n\t\t\t\t\t\t\t\t\t\t\t\t\t\t\t<img loading=\"lazy\" decoding=\"async\" width=\"600\" height=\"600\" src=\"https:\/\/cecequip.com\/wp-content\/uploads\/2026\/02\/hyugaya-shop_hyu3100000004521.jpg\" class=\"attachment-large size-large wp-image-5864\" alt=\"\" srcset=\"https:\/\/cecequip.com\/wp-content\/uploads\/2026\/02\/hyugaya-shop_hyu3100000004521.jpg 600w, https:\/\/cecequip.com\/wp-content\/uploads\/2026\/02\/hyugaya-shop_hyu3100000004521-300x300.jpg 300w, https:\/\/cecequip.com\/wp-content\/uploads\/2026\/02\/hyugaya-shop_hyu3100000004521-150x150.jpg 150w\" sizes=\"(max-width: 600px) 100vw, 600px\" \/>\t\t\t\t\t\t\t\t\t\t\t\t\t\t\t<\/div>\n\t\t\t\t<div class=\"elementor-element elementor-element-8988e9a elementor-widget elementor-widget-text-editor\" data-id=\"8988e9a\" data-element_type=\"widget\" data-e-type=\"widget\" data-widget_type=\"text-editor.default\">\n\t\t\t\t\t\t\t\t\t<p>Con\u00e7u pour fonctionner.<br \/>Con\u00e7u pour la productivit\u00e9<\/p>\t\t\t\t\t\t\t\t<\/div>\n\t\t\t\t<\/div>\n\t\t<div class=\"elementor-element elementor-element-128c033 e-con-full e-flex e-con e-child\" data-id=\"128c033\" data-element_type=\"container\" data-e-type=\"container\">\n\t\t\t\t<div class=\"elementor-element elementor-element-972e80c elementor-widget elementor-widget-heading\" data-id=\"972e80c\" data-element_type=\"widget\" data-e-type=\"widget\" data-widget_type=\"heading.default\">\n\t\t\t\t\t<h2 class=\"elementor-heading-title elementor-size-default\">Topcon LS-B10\/10W<\/h2>\t\t\t\t<\/div>\n\t\t\t\t<div class=\"elementor-element elementor-element-1ead7ab elementor-widget elementor-widget-image\" data-id=\"1ead7ab\" data-element_type=\"widget\" data-e-type=\"widget\" data-widget_type=\"image.default\">\n\t\t\t\t\t\t\t\t\t\t\t\t\t\t\t<img loading=\"lazy\" decoding=\"async\" width=\"300\" height=\"300\" src=\"https:\/\/cecequip.com\/wp-content\/uploads\/2026\/02\/TopconLSB10-300x300-1.webp\" class=\"attachment-large size-large wp-image-5863\" alt=\"\" srcset=\"https:\/\/cecequip.com\/wp-content\/uploads\/2026\/02\/TopconLSB10-300x300-1.webp 300w, https:\/\/cecequip.com\/wp-content\/uploads\/2026\/02\/TopconLSB10-300x300-1-150x150.webp 150w\" sizes=\"(max-width: 300px) 100vw, 300px\" \/>\t\t\t\t\t\t\t\t\t\t\t\t\t\t\t<\/div>\n\t\t\t\t<div class=\"elementor-element elementor-element-4dfa92a elementor-widget elementor-widget-text-editor\" data-id=\"4dfa92a\" data-element_type=\"widget\" data-e-type=\"widget\" data-widget_type=\"text-editor.default\">\n\t\t\t\t\t\t\t\t\t<p>Un r\u00e9cepteur manuel et de machine tout-en-un<\/p>\t\t\t\t\t\t\t\t<\/div>\n\t\t\t\t<\/div>\n\t\t<div class=\"elementor-element elementor-element-5300c1f e-con-full e-flex e-con e-child\" data-id=\"5300c1f\" data-element_type=\"container\" data-e-type=\"container\">\n\t\t\t\t<div class=\"elementor-element elementor-element-d347d90 elementor-widget elementor-widget-heading\" data-id=\"d347d90\" data-element_type=\"widget\" data-e-type=\"widget\" data-widget_type=\"heading.default\">\n\t\t\t\t\t<h2 class=\"elementor-heading-title elementor-size-default\">RD-100W<\/h2>\t\t\t\t<\/div>\n\t\t\t\t<div class=\"elementor-element elementor-element-a9a9f72 elementor-widget elementor-widget-image\" data-id=\"a9a9f72\" data-element_type=\"widget\" data-e-type=\"widget\" data-widget_type=\"image.default\">\n\t\t\t\t\t\t\t\t\t\t\t\t\t\t\t<img loading=\"lazy\" decoding=\"async\" width=\"300\" height=\"300\" src=\"https:\/\/cecequip.com\/wp-content\/uploads\/2026\/02\/topcon-rd10w-fv-300x300-1.jpg\" class=\"attachment-large size-large wp-image-5862\" alt=\"\" srcset=\"https:\/\/cecequip.com\/wp-content\/uploads\/2026\/02\/topcon-rd10w-fv-300x300-1.jpg 300w, https:\/\/cecequip.com\/wp-content\/uploads\/2026\/02\/topcon-rd10w-fv-300x300-1-150x150.jpg 150w\" sizes=\"(max-width: 300px) 100vw, 300px\" \/>\t\t\t\t\t\t\t\t\t\t\t\t\t\t\t<\/div>\n\t\t\t\t<div class=\"elementor-element elementor-element-53070c8 elementor-widget elementor-widget-text-editor\" data-id=\"53070c8\" data-element_type=\"widget\" data-e-type=\"widget\" data-widget_type=\"text-editor.default\">\n\t\t\t\t\t\t\t\t\t<p>RD-100W lecteur interne pour cabine fonctionnant avec les capteurs LS-B10W, LS-B110W et LS-B200W<\/p>\t\t\t\t\t\t\t\t<\/div>\n\t\t\t\t<\/div>\n\t\t\t\t\t<\/div>\n\t\t\t\t<\/div>\n\t\t\t\t<\/div>","protected":false},"excerpt":{"rendered":"<p>6 R\u00e9cepteurs lasers pour machinerie lourde Leica MC200 DepthMaster Syst\u00e8me d\u2019indication de profondeur pour machinerie lourde Capteur pour petite pelle Geomax MR-240 Capteur aimant\u00e9 pour petite pelle Geomax MR-240 (r\u00e9ception jusqu\u2019\u00e0 240 degr\u00e9) Capteur pour pelle et bulldozer Geomax MR-360RA Capteur pour pelle et bulldozer Geomax MR-360RA avec r\u00e9ception de 360\u00b0 Topcon LS-B200 et LS-B200W [&hellip;]<\/p>\n","protected":false},"author":1,"featured_media":0,"parent":0,"menu_order":0,"comment_status":"closed","ping_status":"closed","template":"","meta":{"footnotes":""},"class_list":["post-5857","page","type-page","status-publish","hentry"],"_links":{"self":[{"href":"https:\/\/cecequip.com\/en\/wp-json\/wp\/v2\/pages\/5857","targetHints":{"allow":["GET"]}}],"collection":[{"href":"https:\/\/cecequip.com\/en\/wp-json\/wp\/v2\/pages"}],"about":[{"href":"https:\/\/cecequip.com\/en\/wp-json\/wp\/v2\/types\/page"}],"author":[{"embeddable":true,"href":"https:\/\/cecequip.com\/en\/wp-json\/wp\/v2\/users\/1"}],"replies":[{"embeddable":true,"href":"https:\/\/cecequip.com\/en\/wp-json\/wp\/v2\/comments?post=5857"}],"version-history":[{"count":4,"href":"https:\/\/cecequip.com\/en\/wp-json\/wp\/v2\/pages\/5857\/revisions"}],"predecessor-version":[{"id":5867,"href":"https:\/\/cecequip.com\/en\/wp-json\/wp\/v2\/pages\/5857\/revisions\/5867"}],"wp:attachment":[{"href":"https:\/\/cecequip.com\/en\/wp-json\/wp\/v2\/media?parent=5857"}],"curies":[{"name":"wp","href":"https:\/\/api.w.org\/{rel}","templated":true}]}}