{"id":5832,"date":"2026-02-27T11:48:25","date_gmt":"2026-02-27T11:48:25","guid":{"rendered":"https:\/\/blades.marcgermain.ca\/?page_id=5832"},"modified":"2026-02-27T16:16:54","modified_gmt":"2026-02-27T16:16:54","slug":"station-total-manuelle-zoom-45","status":"publish","type":"page","link":"https:\/\/cecequip.com\/en\/station-total-manuelle-zoom-45\/","title":{"rendered":"Station total manuelle zoom 45"},"content":{"rendered":"<div data-elementor-type=\"wp-page\" data-elementor-id=\"5832\" class=\"elementor elementor-5832\" data-elementor-post-type=\"page\">\n\t\t\t\t<div class=\"elementor-element elementor-element-23e7fcc e-flex e-con-boxed e-con e-parent\" data-id=\"23e7fcc\" data-element_type=\"container\" data-e-type=\"container\" data-settings=\"{&quot;background_background&quot;:&quot;classic&quot;}\">\n\t\t\t\t\t<div class=\"e-con-inner\">\n\t\t\t\t<div class=\"elementor-element elementor-element-572f79b elementor-widget elementor-widget-heading\" data-id=\"572f79b\" data-element_type=\"widget\" data-e-type=\"widget\" data-widget_type=\"heading.default\">\n\t\t\t\t\t<h2 class=\"elementor-heading-title elementor-size-default\">Station Total Manuelle Zoom 45\n\n\n<\/h2>\t\t\t\t<\/div>\n\t\t\t\t\t<\/div>\n\t\t\t\t<\/div>\n\t\t<div class=\"elementor-element elementor-element-56dfce6 e-flex e-con-boxed e-con e-parent\" data-id=\"56dfce6\" data-element_type=\"container\" data-e-type=\"container\">\n\t\t\t\t\t<div class=\"e-con-inner\">\n\t\t<div class=\"elementor-element elementor-element-052b871 e-con-full e-flex e-con e-child\" data-id=\"052b871\" data-element_type=\"container\" data-e-type=\"container\">\n\t\t\t\t<div class=\"elementor-element elementor-element-8c10536 elementor-widget elementor-widget-image\" data-id=\"8c10536\" data-element_type=\"widget\" data-e-type=\"widget\" data-widget_type=\"image.default\">\n\t\t\t\t\t\t\t\t\t\t\t\t\t\t\t<img fetchpriority=\"high\" decoding=\"async\" width=\"598\" height=\"598\" src=\"https:\/\/cecequip.com\/wp-content\/uploads\/2026\/02\/station-totale-zoom45.jpg\" class=\"attachment-large size-large wp-image-5835\" alt=\"\" srcset=\"https:\/\/cecequip.com\/wp-content\/uploads\/2026\/02\/station-totale-zoom45.jpg 598w, https:\/\/cecequip.com\/wp-content\/uploads\/2026\/02\/station-totale-zoom45-300x300.jpg 300w, https:\/\/cecequip.com\/wp-content\/uploads\/2026\/02\/station-totale-zoom45-150x150.jpg 150w\" sizes=\"(max-width: 598px) 100vw, 598px\" \/>\t\t\t\t\t\t\t\t\t\t\t\t\t\t\t<\/div>\n\t\t\t\t<div class=\"elementor-element elementor-element-e2c347d elementor-align-justify elementor-widget elementor-widget-button\" data-id=\"e2c347d\" data-element_type=\"widget\" data-e-type=\"widget\" data-widget_type=\"button.default\">\n\t\t\t\t\t\t\t\t\t\t<a class=\"elementor-button elementor-button-link elementor-size-sm\" href=\"https:\/\/cecequip.com\/wp-content\/uploads\/2026\/02\/GeoMax-DS-Zoom45-1010257-0724-fr-LR.pdf\">\n\t\t\t\t\t\t<span class=\"elementor-button-content-wrapper\">\n\t\t\t\t\t\t\t\t\t<span class=\"elementor-button-text\">T\u00e9l\u00e9chargement de la brochure<\/span>\n\t\t\t\t\t<\/span>\n\t\t\t\t\t<\/a>\n\t\t\t\t\t\t\t\t<\/div>\n\t\t\t\t<\/div>\n\t\t<div class=\"elementor-element elementor-element-b1fa761 e-con-full e-flex e-con e-child\" data-id=\"b1fa761\" data-element_type=\"container\" data-e-type=\"container\">\n\t\t\t\t<div class=\"elementor-element elementor-element-7e53a26 elementor-widget elementor-widget-text-editor\" data-id=\"7e53a26\" data-element_type=\"widget\" data-e-type=\"widget\" data-widget_type=\"text-editor.default\">\n\t\t\t\t\t\t\t\t\t<div class=\"text-group info-content\"><p>Station totale manuelle tout-en-un La Zoom45 se distingue par ses mesures de points rapides, sa durabilit\u00e9, ses flux de travail efficaces et son interface intuitive.<\/p><p>Cela en fait la station totale manuelle de r\u00e9f\u00e9rence pour les topographes de la construction et pour les \u00e9quipes d\u2019op\u00e9rateurs.<\/p><p>Un fonctionnement intuitif et une qualit\u00e9 durable am\u00e9liorent l\u2019efficacit\u00e9 sur tous les chantiers quelles que soient les conditions m\u00e9t\u00e9orologiques.<\/p><p>Un grand \u00e9cran de 5 pouces associ\u00e9 \u00e0 un OS Android\u2122 permet de travailler facilement avec des graphiques et des outils de visualisation dans l&rsquo;X-PAD Ultimate pour une implantation plus rapide.<\/p><p>En outre, raccorder la Zoom45 \u00e0 l\u2019\u00e9cosyst\u00e8me* X-PAD offre de grands avantages dans votre flux de travail. Visualisez les donn\u00e9es avec l&rsquo;X-PAD Ultimate afin de simplifier le travail au sein d\u2019\u00e9quipes compos\u00e9es de plusieurs op\u00e9rateurs.<\/p><p>\u00c9changez facilement des donn\u00e9es avec le bureau via le service cloud X-PAD 365 afin d\u2019assurer un flux de donn\u00e9es num\u00e9riques synchronis\u00e9 et hautement efficace dans votre travail avec des stations totales manuelles<\/p><\/div>\t\t\t\t\t\t\t\t<\/div>\n\t\t\t\t<\/div>\n\t\t\t\t\t<\/div>\n\t\t\t\t<\/div>\n\t\t\t\t<\/div>","protected":false},"excerpt":{"rendered":"<p>Station Total Manuelle Zoom 45 T\u00e9l\u00e9chargement de la brochure Station totale manuelle tout-en-un La Zoom45 se distingue par ses mesures de points rapides, sa durabilit\u00e9, ses flux de travail efficaces et son interface intuitive. Cela en fait la station totale manuelle de r\u00e9f\u00e9rence pour les topographes de la construction et pour les \u00e9quipes d\u2019op\u00e9rateurs. Un [&hellip;]<\/p>\n","protected":false},"author":1,"featured_media":0,"parent":0,"menu_order":0,"comment_status":"closed","ping_status":"closed","template":"","meta":{"footnotes":""},"class_list":["post-5832","page","type-page","status-publish","hentry"],"_links":{"self":[{"href":"https:\/\/cecequip.com\/en\/wp-json\/wp\/v2\/pages\/5832","targetHints":{"allow":["GET"]}}],"collection":[{"href":"https:\/\/cecequip.com\/en\/wp-json\/wp\/v2\/pages"}],"about":[{"href":"https:\/\/cecequip.com\/en\/wp-json\/wp\/v2\/types\/page"}],"author":[{"embeddable":true,"href":"https:\/\/cecequip.com\/en\/wp-json\/wp\/v2\/users\/1"}],"replies":[{"embeddable":true,"href":"https:\/\/cecequip.com\/en\/wp-json\/wp\/v2\/comments?post=5832"}],"version-history":[{"count":7,"href":"https:\/\/cecequip.com\/en\/wp-json\/wp\/v2\/pages\/5832\/revisions"}],"predecessor-version":[{"id":5945,"href":"https:\/\/cecequip.com\/en\/wp-json\/wp\/v2\/pages\/5832\/revisions\/5945"}],"wp:attachment":[{"href":"https:\/\/cecequip.com\/en\/wp-json\/wp\/v2\/media?parent=5832"}],"curies":[{"name":"wp","href":"https:\/\/api.w.org\/{rel}","templated":true}]}}