{"id":5629,"date":"2026-02-25T20:06:28","date_gmt":"2026-02-25T20:06:28","guid":{"rendered":"https:\/\/blades.marcgermain.ca\/?page_id=5629"},"modified":"2026-02-27T18:08:18","modified_gmt":"2026-02-27T18:08:18","slug":"chaufferette-electrique-patron","status":"publish","type":"page","link":"https:\/\/cecequip.com\/en\/chaufferette-electrique-patron\/","title":{"rendered":"Chaufferette \u00c9lectrique Patron"},"content":{"rendered":"<div data-elementor-type=\"wp-page\" data-elementor-id=\"5629\" class=\"elementor elementor-5629\" data-elementor-post-type=\"page\">\n\t\t\t\t<div class=\"elementor-element elementor-element-23e7fcc e-flex e-con-boxed e-con e-parent\" data-id=\"23e7fcc\" data-element_type=\"container\" data-e-type=\"container\" data-settings=\"{&quot;background_background&quot;:&quot;classic&quot;}\">\n\t\t\t\t\t<div class=\"e-con-inner\">\n\t\t\t\t<div class=\"elementor-element elementor-element-572f79b elementor-widget elementor-widget-heading\" data-id=\"572f79b\" data-element_type=\"widget\" data-e-type=\"widget\" data-widget_type=\"heading.default\">\n\t\t\t\t\t<h2 class=\"elementor-heading-title elementor-size-default\">Chaufferette \u00c9lectrique Patron<\/h2>\t\t\t\t<\/div>\n\t\t\t\t\t<\/div>\n\t\t\t\t<\/div>\n\t\t<div class=\"elementor-element elementor-element-93db453 e-flex e-con-boxed e-con e-parent\" data-id=\"93db453\" data-element_type=\"container\" data-e-type=\"container\">\n\t\t\t\t\t<div class=\"e-con-inner\">\n\t\t<div class=\"elementor-element elementor-element-6f7ce9f e-con-full e-flex e-con e-child\" data-id=\"6f7ce9f\" data-element_type=\"container\" data-e-type=\"container\">\n\t\t\t\t<div class=\"elementor-element elementor-element-9831c79 elementor-widget elementor-widget-heading\" data-id=\"9831c79\" data-element_type=\"widget\" data-e-type=\"widget\" data-widget_type=\"heading.default\">\n\t\t\t\t\t<h2 class=\"elementor-heading-title elementor-size-default\">Chaufferette \u00c9lectrique 1 Phase, 18kW, 240V de Patron 18E-1<\/h2>\t\t\t\t<\/div>\n\t\t\t\t<div class=\"elementor-element elementor-element-1f8a12e elementor-widget elementor-widget-image\" data-id=\"1f8a12e\" data-element_type=\"widget\" data-e-type=\"widget\" data-widget_type=\"image.default\">\n\t\t\t\t\t\t\t\t\t\t\t\t\t\t\t\t<a href=\"https:\/\/cecequip.com\/en\/chaufferette-electrique-1-phase-18kw-240v-de-patron-18e-1\/\">\n\t\t\t\t\t\t\t<img fetchpriority=\"high\" decoding=\"async\" width=\"800\" height=\"800\" src=\"https:\/\/cecequip.com\/wp-content\/uploads\/2026\/02\/167-1-1536x1536-1-1024x1024.jpg\" class=\"attachment-large size-large wp-image-5631\" alt=\"\" srcset=\"https:\/\/cecequip.com\/wp-content\/uploads\/2026\/02\/167-1-1536x1536-1-1024x1024.jpg 1024w, https:\/\/cecequip.com\/wp-content\/uploads\/2026\/02\/167-1-1536x1536-1-300x300.jpg 300w, https:\/\/cecequip.com\/wp-content\/uploads\/2026\/02\/167-1-1536x1536-1-150x150.jpg 150w, https:\/\/cecequip.com\/wp-content\/uploads\/2026\/02\/167-1-1536x1536-1-768x768.jpg 768w, https:\/\/cecequip.com\/wp-content\/uploads\/2026\/02\/167-1-1536x1536-1.jpg 1536w\" sizes=\"(max-width: 800px) 100vw, 800px\" \/>\t\t\t\t\t\t\t\t<\/a>\n\t\t\t\t\t\t\t\t\t\t\t\t\t\t\t<\/div>\n\t\t\t\t<\/div>\n\t\t<div class=\"elementor-element elementor-element-a30c0ea e-con-full e-flex e-con e-child\" data-id=\"a30c0ea\" data-element_type=\"container\" data-e-type=\"container\">\n\t\t\t\t<div class=\"elementor-element elementor-element-4d1e00e elementor-widget elementor-widget-heading\" data-id=\"4d1e00e\" data-element_type=\"widget\" data-e-type=\"widget\" data-widget_type=\"heading.default\">\n\t\t\t\t\t<h2 class=\"elementor-heading-title elementor-size-default\">Chaufferette \u00c9lectrique 3 Phases, 18KW, 240V de Patron 18E-3<\/h2>\t\t\t\t<\/div>\n\t\t\t\t<div class=\"elementor-element elementor-element-48d823a elementor-widget elementor-widget-image\" data-id=\"48d823a\" data-element_type=\"widget\" data-e-type=\"widget\" data-widget_type=\"image.default\">\n\t\t\t\t\t\t\t\t\t\t\t\t\t\t\t\t<a href=\"https:\/\/cecequip.com\/en\/chaufferette-electrique-3-phases-18kw-240v-de-patron-18e-3\/\">\n\t\t\t\t\t\t\t<img decoding=\"async\" width=\"800\" height=\"800\" src=\"https:\/\/cecequip.com\/wp-content\/uploads\/2026\/02\/168-1536x1536-1-1024x1024.jpg\" class=\"attachment-large size-large wp-image-5632\" alt=\"\" srcset=\"https:\/\/cecequip.com\/wp-content\/uploads\/2026\/02\/168-1536x1536-1-1024x1024.jpg 1024w, https:\/\/cecequip.com\/wp-content\/uploads\/2026\/02\/168-1536x1536-1-300x300.jpg 300w, https:\/\/cecequip.com\/wp-content\/uploads\/2026\/02\/168-1536x1536-1-150x150.jpg 150w, https:\/\/cecequip.com\/wp-content\/uploads\/2026\/02\/168-1536x1536-1-768x768.jpg 768w, https:\/\/cecequip.com\/wp-content\/uploads\/2026\/02\/168-1536x1536-1.jpg 1536w\" sizes=\"(max-width: 800px) 100vw, 800px\" \/>\t\t\t\t\t\t\t\t<\/a>\n\t\t\t\t\t\t\t\t\t\t\t\t\t\t\t<\/div>\n\t\t\t\t<\/div>\n\t\t<div class=\"elementor-element elementor-element-b62be3e e-con-full e-flex e-con e-child\" data-id=\"b62be3e\" data-element_type=\"container\" data-e-type=\"container\">\n\t\t\t\t<div class=\"elementor-element elementor-element-1f74265 elementor-widget elementor-widget-heading\" data-id=\"1f74265\" data-element_type=\"widget\" data-e-type=\"widget\" data-widget_type=\"heading.default\">\n\t\t\t\t\t<h2 class=\"elementor-heading-title elementor-size-default\">Chaufferette \u00c9lectrique 3 Phases, 40KW, 480V de Patron 40E<\/h2>\t\t\t\t<\/div>\n\t\t\t\t<div class=\"elementor-element elementor-element-328d3db elementor-widget elementor-widget-image\" data-id=\"328d3db\" data-element_type=\"widget\" data-e-type=\"widget\" data-widget_type=\"image.default\">\n\t\t\t\t\t\t\t\t\t\t\t\t\t\t\t\t<a href=\"https:\/\/cecequip.com\/en\/chaufferette-electrique-3-phases-40kw-480v-de-patron-40e\/\">\n\t\t\t\t\t\t\t<img decoding=\"async\" width=\"800\" height=\"800\" src=\"https:\/\/cecequip.com\/wp-content\/uploads\/2026\/02\/169-1536x1536-1-1024x1024.jpg\" class=\"attachment-large size-large wp-image-5633\" alt=\"\" srcset=\"https:\/\/cecequip.com\/wp-content\/uploads\/2026\/02\/169-1536x1536-1-1024x1024.jpg 1024w, https:\/\/cecequip.com\/wp-content\/uploads\/2026\/02\/169-1536x1536-1-300x300.jpg 300w, https:\/\/cecequip.com\/wp-content\/uploads\/2026\/02\/169-1536x1536-1-150x150.jpg 150w, https:\/\/cecequip.com\/wp-content\/uploads\/2026\/02\/169-1536x1536-1-768x768.jpg 768w, https:\/\/cecequip.com\/wp-content\/uploads\/2026\/02\/169-1536x1536-1.jpg 1536w\" sizes=\"(max-width: 800px) 100vw, 800px\" \/>\t\t\t\t\t\t\t\t<\/a>\n\t\t\t\t\t\t\t\t\t\t\t\t\t\t\t<\/div>\n\t\t\t\t<\/div>\n\t\t\t\t\t<\/div>\n\t\t\t\t<\/div>\n\t\t<div class=\"elementor-element elementor-element-62cfcfa e-flex e-con-boxed e-con e-parent\" data-id=\"62cfcfa\" data-element_type=\"container\" data-e-type=\"container\">\n\t\t\t\t\t<div class=\"e-con-inner\">\n\t\t<div class=\"elementor-element elementor-element-2340166 e-con-full e-flex e-con e-child\" data-id=\"2340166\" data-element_type=\"container\" data-e-type=\"container\">\n\t\t\t\t<div class=\"elementor-element elementor-element-a33847c elementor-widget elementor-widget-heading\" data-id=\"a33847c\" data-element_type=\"widget\" data-e-type=\"widget\" data-widget_type=\"heading.default\">\n\t\t\t\t\t<h2 class=\"elementor-heading-title elementor-size-default\">Chaufferettes \u00c9lectrique 1.5kW, 120V de Patron E1.5<\/h2>\t\t\t\t<\/div>\n\t\t\t\t<div class=\"elementor-element elementor-element-bcc2ae0 elementor-widget elementor-widget-image\" data-id=\"bcc2ae0\" data-element_type=\"widget\" data-e-type=\"widget\" data-widget_type=\"image.default\">\n\t\t\t\t\t\t\t\t\t\t\t\t\t\t\t\t<a href=\"https:\/\/cecequip.com\/en\/chaufferettes-electrique-1-5kw-120v-de-patron-e1-5\/\">\n\t\t\t\t\t\t\t<img loading=\"lazy\" decoding=\"async\" width=\"800\" height=\"800\" src=\"https:\/\/cecequip.com\/wp-content\/uploads\/2026\/02\/163.jpg\" class=\"attachment-large size-large wp-image-5634\" alt=\"\" srcset=\"https:\/\/cecequip.com\/wp-content\/uploads\/2026\/02\/163.jpg 1000w, https:\/\/cecequip.com\/wp-content\/uploads\/2026\/02\/163-300x300.jpg 300w, https:\/\/cecequip.com\/wp-content\/uploads\/2026\/02\/163-150x150.jpg 150w, https:\/\/cecequip.com\/wp-content\/uploads\/2026\/02\/163-768x768.jpg 768w\" sizes=\"(max-width: 800px) 100vw, 800px\" \/>\t\t\t\t\t\t\t\t<\/a>\n\t\t\t\t\t\t\t\t\t\t\t\t\t\t\t<\/div>\n\t\t\t\t<\/div>\n\t\t<div class=\"elementor-element elementor-element-bfebff5 e-con-full e-flex e-con e-child\" data-id=\"bfebff5\" data-element_type=\"container\" data-e-type=\"container\">\n\t\t\t\t<div class=\"elementor-element elementor-element-4082657 elementor-widget elementor-widget-heading\" data-id=\"4082657\" data-element_type=\"widget\" data-e-type=\"widget\" data-widget_type=\"heading.default\">\n\t\t\t\t\t<h2 class=\"elementor-heading-title elementor-size-default\">Chaufferette \u00c9lectrique 3 Phases, 60KW, 480V de Patron 60E<\/h2>\t\t\t\t<\/div>\n\t\t\t\t<div class=\"elementor-element elementor-element-9e3b5f1 elementor-widget elementor-widget-image\" data-id=\"9e3b5f1\" data-element_type=\"widget\" data-e-type=\"widget\" data-widget_type=\"image.default\">\n\t\t\t\t\t\t\t\t\t\t\t\t\t\t\t\t<a href=\"https:\/\/cecequip.com\/en\/chaufferette-electrique-3-phases-60kw-480v-de-patron-60e\/\">\n\t\t\t\t\t\t\t<img decoding=\"async\" width=\"800\" height=\"800\" src=\"https:\/\/cecequip.com\/wp-content\/uploads\/2026\/02\/169-1536x1536-1-1024x1024.jpg\" class=\"attachment-large size-large wp-image-5633\" alt=\"\" srcset=\"https:\/\/cecequip.com\/wp-content\/uploads\/2026\/02\/169-1536x1536-1-1024x1024.jpg 1024w, https:\/\/cecequip.com\/wp-content\/uploads\/2026\/02\/169-1536x1536-1-300x300.jpg 300w, https:\/\/cecequip.com\/wp-content\/uploads\/2026\/02\/169-1536x1536-1-150x150.jpg 150w, https:\/\/cecequip.com\/wp-content\/uploads\/2026\/02\/169-1536x1536-1-768x768.jpg 768w, https:\/\/cecequip.com\/wp-content\/uploads\/2026\/02\/169-1536x1536-1.jpg 1536w\" sizes=\"(max-width: 800px) 100vw, 800px\" \/>\t\t\t\t\t\t\t\t<\/a>\n\t\t\t\t\t\t\t\t\t\t\t\t\t\t\t<\/div>\n\t\t\t\t<\/div>\n\t\t<div class=\"elementor-element elementor-element-6dea2b6 e-con-full e-flex e-con e-child\" data-id=\"6dea2b6\" data-element_type=\"container\" data-e-type=\"container\">\n\t\t\t\t<div class=\"elementor-element elementor-element-b934c48 elementor-widget elementor-widget-heading\" data-id=\"b934c48\" data-element_type=\"widget\" data-e-type=\"widget\" data-widget_type=\"heading.default\">\n\t\t\t\t\t<h2 class=\"elementor-heading-title elementor-size-default\">Chaufferette \u00c9lectrique 3 Phases, 40KW, 575V de Patron 40ECA<\/h2>\t\t\t\t<\/div>\n\t\t\t\t<div class=\"elementor-element elementor-element-13c3415 elementor-widget elementor-widget-image\" data-id=\"13c3415\" data-element_type=\"widget\" data-e-type=\"widget\" data-widget_type=\"image.default\">\n\t\t\t\t\t\t\t\t\t\t\t\t\t\t\t\t<a href=\"https:\/\/cecequip.com\/en\/chaufferette-electrique-3-phases-40kw-575v-de-patron-40eca\/\">\n\t\t\t\t\t\t\t<img decoding=\"async\" width=\"800\" height=\"800\" src=\"https:\/\/cecequip.com\/wp-content\/uploads\/2026\/02\/169-1536x1536-1-1024x1024.jpg\" class=\"attachment-large size-large wp-image-5633\" alt=\"\" srcset=\"https:\/\/cecequip.com\/wp-content\/uploads\/2026\/02\/169-1536x1536-1-1024x1024.jpg 1024w, https:\/\/cecequip.com\/wp-content\/uploads\/2026\/02\/169-1536x1536-1-300x300.jpg 300w, https:\/\/cecequip.com\/wp-content\/uploads\/2026\/02\/169-1536x1536-1-150x150.jpg 150w, https:\/\/cecequip.com\/wp-content\/uploads\/2026\/02\/169-1536x1536-1-768x768.jpg 768w, https:\/\/cecequip.com\/wp-content\/uploads\/2026\/02\/169-1536x1536-1.jpg 1536w\" sizes=\"(max-width: 800px) 100vw, 800px\" \/>\t\t\t\t\t\t\t\t<\/a>\n\t\t\t\t\t\t\t\t\t\t\t\t\t\t\t<\/div>\n\t\t\t\t<\/div>\n\t\t\t\t\t<\/div>\n\t\t\t\t<\/div>\n\t\t<div class=\"elementor-element elementor-element-90b631c e-flex e-con-boxed e-con e-parent\" data-id=\"90b631c\" data-element_type=\"container\" data-e-type=\"container\">\n\t\t\t\t\t<div class=\"e-con-inner\">\n\t\t<div class=\"elementor-element elementor-element-4cceb54 e-con-full e-flex e-con e-child\" data-id=\"4cceb54\" data-element_type=\"container\" data-e-type=\"container\">\n\t\t\t\t<div class=\"elementor-element elementor-element-9efe86e elementor-widget elementor-widget-heading\" data-id=\"9efe86e\" data-element_type=\"widget\" data-e-type=\"widget\" data-widget_type=\"heading.default\">\n\t\t\t\t\t<h2 class=\"elementor-heading-title elementor-size-default\">Chaufferettes \u00c9lectriques, 240V, 6\/9kW de Patron E9<\/h2>\t\t\t\t<\/div>\n\t\t\t\t<div class=\"elementor-element elementor-element-43c914c elementor-widget elementor-widget-image\" data-id=\"43c914c\" data-element_type=\"widget\" data-e-type=\"widget\" data-widget_type=\"image.default\">\n\t\t\t\t\t\t\t\t\t\t\t\t\t\t\t\t<a href=\"https:\/\/cecequip.com\/en\/chaufferettes-electriques-240v-6-9kw-de-patron-e9\/\">\n\t\t\t\t\t\t\t<img loading=\"lazy\" decoding=\"async\" width=\"800\" height=\"800\" src=\"https:\/\/cecequip.com\/wp-content\/uploads\/2026\/02\/1032-1536x1536-1-1024x1024.jpg\" class=\"attachment-large size-large wp-image-5637\" alt=\"\" srcset=\"https:\/\/cecequip.com\/wp-content\/uploads\/2026\/02\/1032-1536x1536-1-1024x1024.jpg 1024w, https:\/\/cecequip.com\/wp-content\/uploads\/2026\/02\/1032-1536x1536-1-300x300.jpg 300w, https:\/\/cecequip.com\/wp-content\/uploads\/2026\/02\/1032-1536x1536-1-150x150.jpg 150w, https:\/\/cecequip.com\/wp-content\/uploads\/2026\/02\/1032-1536x1536-1-768x768.jpg 768w, https:\/\/cecequip.com\/wp-content\/uploads\/2026\/02\/1032-1536x1536-1.jpg 1536w\" sizes=\"(max-width: 800px) 100vw, 800px\" \/>\t\t\t\t\t\t\t\t<\/a>\n\t\t\t\t\t\t\t\t\t\t\t\t\t\t\t<\/div>\n\t\t\t\t<\/div>\n\t\t<div class=\"elementor-element elementor-element-4273b95 e-con-full e-flex e-con e-child\" data-id=\"4273b95\" data-element_type=\"container\" data-e-type=\"container\">\n\t\t\t\t<div class=\"elementor-element elementor-element-15a2bfa elementor-widget elementor-widget-heading\" data-id=\"15a2bfa\" data-element_type=\"widget\" data-e-type=\"widget\" data-widget_type=\"heading.default\">\n\t\t\t\t\t<h2 class=\"elementor-heading-title elementor-size-default\">Chaufferettes \u00c9lectriques 6kW, 240V de Patron E6<\/h2>\t\t\t\t<\/div>\n\t\t\t\t<div class=\"elementor-element elementor-element-78f2651 elementor-widget elementor-widget-image\" data-id=\"78f2651\" data-element_type=\"widget\" data-e-type=\"widget\" data-widget_type=\"image.default\">\n\t\t\t\t\t\t\t\t\t\t\t\t\t\t\t\t<a href=\"https:\/\/cecequip.com\/en\/chaufferettes-electriques-6kw-240v-de-patron-e6\/\">\n\t\t\t\t\t\t\t<img loading=\"lazy\" decoding=\"async\" width=\"800\" height=\"800\" src=\"https:\/\/cecequip.com\/wp-content\/uploads\/2026\/02\/165.jpg\" class=\"attachment-large size-large wp-image-5636\" alt=\"\" srcset=\"https:\/\/cecequip.com\/wp-content\/uploads\/2026\/02\/165.jpg 1000w, https:\/\/cecequip.com\/wp-content\/uploads\/2026\/02\/165-300x300.jpg 300w, https:\/\/cecequip.com\/wp-content\/uploads\/2026\/02\/165-150x150.jpg 150w, https:\/\/cecequip.com\/wp-content\/uploads\/2026\/02\/165-768x768.jpg 768w\" sizes=\"(max-width: 800px) 100vw, 800px\" \/>\t\t\t\t\t\t\t\t<\/a>\n\t\t\t\t\t\t\t\t\t\t\t\t\t\t\t<\/div>\n\t\t\t\t<\/div>\n\t\t<div class=\"elementor-element elementor-element-5b4fc8e e-con-full e-flex e-con e-child\" data-id=\"5b4fc8e\" data-element_type=\"container\" data-e-type=\"container\">\n\t\t\t\t<div class=\"elementor-element elementor-element-21d5fd7 elementor-widget elementor-widget-heading\" data-id=\"21d5fd7\" data-element_type=\"widget\" data-e-type=\"widget\" data-widget_type=\"heading.default\">\n\t\t\t\t\t<h2 class=\"elementor-heading-title elementor-size-default\">Chaufferettes \u00c9lectrique 3kW, 240V de Patron E3<\/h2>\t\t\t\t<\/div>\n\t\t\t\t<div class=\"elementor-element elementor-element-3452186 elementor-widget elementor-widget-image\" data-id=\"3452186\" data-element_type=\"widget\" data-e-type=\"widget\" data-widget_type=\"image.default\">\n\t\t\t\t\t\t\t\t\t\t\t\t\t\t\t\t<a href=\"https:\/\/cecequip.com\/en\/chaufferettes-electrique-3kw-240v-de-patron-e3\/\">\n\t\t\t\t\t\t\t<img loading=\"lazy\" decoding=\"async\" width=\"800\" height=\"800\" src=\"https:\/\/cecequip.com\/wp-content\/uploads\/2026\/02\/164.jpg\" class=\"attachment-large size-large wp-image-5635\" alt=\"\" srcset=\"https:\/\/cecequip.com\/wp-content\/uploads\/2026\/02\/164.jpg 1000w, https:\/\/cecequip.com\/wp-content\/uploads\/2026\/02\/164-300x300.jpg 300w, https:\/\/cecequip.com\/wp-content\/uploads\/2026\/02\/164-150x150.jpg 150w, https:\/\/cecequip.com\/wp-content\/uploads\/2026\/02\/164-768x768.jpg 768w\" sizes=\"(max-width: 800px) 100vw, 800px\" \/>\t\t\t\t\t\t\t\t<\/a>\n\t\t\t\t\t\t\t\t\t\t\t\t\t\t\t<\/div>\n\t\t\t\t<\/div>\n\t\t\t\t\t<\/div>\n\t\t\t\t<\/div>\n\t\t\t\t<\/div>","protected":false},"excerpt":{"rendered":"<p>Chaufferette \u00c9lectrique Patron Chaufferette \u00c9lectrique 1 Phase, 18kW, 240V de Patron 18E-1 Chaufferette \u00c9lectrique 3 Phases, 18KW, 240V de Patron 18E-3 Chaufferette \u00c9lectrique 3 Phases, 40KW, 480V de Patron 40E Chaufferettes \u00c9lectrique 1.5kW, 120V de Patron E1.5 Chaufferette \u00c9lectrique 3 Phases, 60KW, 480V de Patron 60E Chaufferette \u00c9lectrique 3 Phases, 40KW, 575V de Patron 40ECA [&hellip;]<\/p>\n","protected":false},"author":1,"featured_media":0,"parent":0,"menu_order":0,"comment_status":"closed","ping_status":"closed","template":"","meta":{"footnotes":""},"class_list":["post-5629","page","type-page","status-publish","hentry"],"_links":{"self":[{"href":"https:\/\/cecequip.com\/en\/wp-json\/wp\/v2\/pages\/5629","targetHints":{"allow":["GET"]}}],"collection":[{"href":"https:\/\/cecequip.com\/en\/wp-json\/wp\/v2\/pages"}],"about":[{"href":"https:\/\/cecequip.com\/en\/wp-json\/wp\/v2\/types\/page"}],"author":[{"embeddable":true,"href":"https:\/\/cecequip.com\/en\/wp-json\/wp\/v2\/users\/1"}],"replies":[{"embeddable":true,"href":"https:\/\/cecequip.com\/en\/wp-json\/wp\/v2\/comments?post=5629"}],"version-history":[{"count":34,"href":"https:\/\/cecequip.com\/en\/wp-json\/wp\/v2\/pages\/5629\/revisions"}],"predecessor-version":[{"id":6123,"href":"https:\/\/cecequip.com\/en\/wp-json\/wp\/v2\/pages\/5629\/revisions\/6123"}],"wp:attachment":[{"href":"https:\/\/cecequip.com\/en\/wp-json\/wp\/v2\/media?parent=5629"}],"curies":[{"name":"wp","href":"https:\/\/api.w.org\/{rel}","templated":true}]}}