{"id":5610,"date":"2026-02-25T19:58:16","date_gmt":"2026-02-25T19:58:16","guid":{"rendered":"https:\/\/blades.marcgermain.ca\/?page_id=5610"},"modified":"2026-02-27T17:08:57","modified_gmt":"2026-02-27T17:08:57","slug":"generatrices-2","status":"publish","type":"page","link":"https:\/\/cecequip.com\/en\/generatrices-2\/","title":{"rendered":"High-performance"},"content":{"rendered":"<div data-elementor-type=\"wp-page\" data-elementor-id=\"5610\" class=\"elementor elementor-5610\" data-elementor-post-type=\"page\">\n\t\t\t\t<div class=\"elementor-element elementor-element-23e7fcc e-flex e-con-boxed e-con e-parent\" data-id=\"23e7fcc\" data-element_type=\"container\" data-e-type=\"container\" data-settings=\"{&quot;background_background&quot;:&quot;classic&quot;}\">\n\t\t\t\t\t<div class=\"e-con-inner\">\n\t\t\t\t<div class=\"elementor-element elementor-element-572f79b elementor-widget elementor-widget-heading\" data-id=\"572f79b\" data-element_type=\"widget\" data-e-type=\"widget\" data-widget_type=\"heading.default\">\n\t\t\t\t\t<h2 class=\"elementor-heading-title elementor-size-default\">High-performance<\/h2>\t\t\t\t<\/div>\n\t\t\t\t\t<\/div>\n\t\t\t\t<\/div>\n\t\t<div class=\"elementor-element elementor-element-93db453 e-flex e-con-boxed e-con e-parent\" data-id=\"93db453\" data-element_type=\"container\" data-e-type=\"container\">\n\t\t\t\t\t<div class=\"e-con-inner\">\n\t\t<div class=\"elementor-element elementor-element-6f7ce9f e-con-full e-flex e-con e-child\" data-id=\"6f7ce9f\" data-element_type=\"container\" data-e-type=\"container\">\n\t\t\t\t<div class=\"elementor-element elementor-element-9831c79 elementor-widget elementor-widget-heading\" data-id=\"9831c79\" data-element_type=\"widget\" data-e-type=\"widget\" data-widget_type=\"heading.default\">\n\t\t\t\t\t<h2 class=\"elementor-heading-title elementor-size-default\">G\u00e9n\u00e9ratrice Inverter Patron GI-10500T<\/h2>\t\t\t\t<\/div>\n\t\t\t\t<div class=\"elementor-element elementor-element-1f8a12e elementor-widget elementor-widget-image\" data-id=\"1f8a12e\" data-element_type=\"widget\" data-e-type=\"widget\" data-widget_type=\"image.default\">\n\t\t\t\t\t\t\t\t\t\t\t\t\t\t\t\t<a href=\"https:\/\/cecequip.com\/en\/generatrice-inverter-patron-gi-10500t\/\">\n\t\t\t\t\t\t\t<img fetchpriority=\"high\" decoding=\"async\" width=\"300\" height=\"300\" src=\"https:\/\/cecequip.com\/wp-content\/uploads\/2026\/02\/1385-300x300-1.jpg\" class=\"attachment-large size-large wp-image-5612\" alt=\"\" srcset=\"https:\/\/cecequip.com\/wp-content\/uploads\/2026\/02\/1385-300x300-1.jpg 300w, https:\/\/cecequip.com\/wp-content\/uploads\/2026\/02\/1385-300x300-1-150x150.jpg 150w\" sizes=\"(max-width: 300px) 100vw, 300px\" \/>\t\t\t\t\t\t\t\t<\/a>\n\t\t\t\t\t\t\t\t\t\t\t\t\t\t\t<\/div>\n\t\t\t\t<\/div>\n\t\t<div class=\"elementor-element elementor-element-a30c0ea e-con-full e-flex e-con e-child\" data-id=\"a30c0ea\" data-element_type=\"container\" data-e-type=\"container\">\n\t\t\t\t<div class=\"elementor-element elementor-element-4d1e00e elementor-widget elementor-widget-heading\" data-id=\"4d1e00e\" data-element_type=\"widget\" data-e-type=\"widget\" data-widget_type=\"heading.default\">\n\t\t\t\t\t<h2 class=\"elementor-heading-title elementor-size-default\">G\u00e9n\u00e9ratrice Inverter Patron GI-2800I<\/h2>\t\t\t\t<\/div>\n\t\t\t\t<div class=\"elementor-element elementor-element-48d823a elementor-widget elementor-widget-image\" data-id=\"48d823a\" data-element_type=\"widget\" data-e-type=\"widget\" data-widget_type=\"image.default\">\n\t\t\t\t\t\t\t\t\t\t\t\t\t\t\t\t<a href=\"https:\/\/cecequip.com\/en\/generatrice-inverter-patron-gi-2800i\/\">\n\t\t\t\t\t\t\t<img decoding=\"async\" width=\"300\" height=\"300\" src=\"https:\/\/cecequip.com\/wp-content\/uploads\/2026\/02\/1381-1-300x300-1.jpg\" class=\"attachment-large size-large wp-image-5613\" alt=\"\" srcset=\"https:\/\/cecequip.com\/wp-content\/uploads\/2026\/02\/1381-1-300x300-1.jpg 300w, https:\/\/cecequip.com\/wp-content\/uploads\/2026\/02\/1381-1-300x300-1-150x150.jpg 150w\" sizes=\"(max-width: 300px) 100vw, 300px\" \/>\t\t\t\t\t\t\t\t<\/a>\n\t\t\t\t\t\t\t\t\t\t\t\t\t\t\t<\/div>\n\t\t\t\t<\/div>\n\t\t<div class=\"elementor-element elementor-element-b62be3e e-con-full e-flex e-con e-child\" data-id=\"b62be3e\" data-element_type=\"container\" data-e-type=\"container\">\n\t\t\t\t<div class=\"elementor-element elementor-element-1f74265 elementor-widget elementor-widget-heading\" data-id=\"1f74265\" data-element_type=\"widget\" data-e-type=\"widget\" data-widget_type=\"heading.default\">\n\t\t\t\t\t<h2 class=\"elementor-heading-title elementor-size-default\">G\u00e9n\u00e9ratrice Inverter Patron GI-4700ID<\/h2>\t\t\t\t<\/div>\n\t\t\t\t<div class=\"elementor-element elementor-element-328d3db elementor-widget elementor-widget-image\" data-id=\"328d3db\" data-element_type=\"widget\" data-e-type=\"widget\" data-widget_type=\"image.default\">\n\t\t\t\t\t\t\t\t\t\t\t\t\t\t\t\t<a href=\"https:\/\/cecequip.com\/en\/generatrice-inverter-patron-gi-4700id\/\">\n\t\t\t\t\t\t\t<img decoding=\"async\" width=\"800\" height=\"800\" src=\"https:\/\/cecequip.com\/wp-content\/uploads\/2026\/02\/1383-1536x1536-1-1024x1024.jpg\" class=\"attachment-large size-large wp-image-5614\" alt=\"\" srcset=\"https:\/\/cecequip.com\/wp-content\/uploads\/2026\/02\/1383-1536x1536-1-1024x1024.jpg 1024w, https:\/\/cecequip.com\/wp-content\/uploads\/2026\/02\/1383-1536x1536-1-300x300.jpg 300w, https:\/\/cecequip.com\/wp-content\/uploads\/2026\/02\/1383-1536x1536-1-150x150.jpg 150w, https:\/\/cecequip.com\/wp-content\/uploads\/2026\/02\/1383-1536x1536-1-768x768.jpg 768w, https:\/\/cecequip.com\/wp-content\/uploads\/2026\/02\/1383-1536x1536-1.jpg 1536w\" sizes=\"(max-width: 800px) 100vw, 800px\" \/>\t\t\t\t\t\t\t\t<\/a>\n\t\t\t\t\t\t\t\t\t\t\t\t\t\t\t<\/div>\n\t\t\t\t<\/div>\n\t\t\t\t\t<\/div>\n\t\t\t\t<\/div>\n\t\t<div class=\"elementor-element elementor-element-62cfcfa e-flex e-con-boxed e-con e-parent\" data-id=\"62cfcfa\" data-element_type=\"container\" data-e-type=\"container\">\n\t\t\t\t\t<div class=\"e-con-inner\">\n\t\t<div class=\"elementor-element elementor-element-2340166 e-con-full e-flex e-con e-child\" data-id=\"2340166\" data-element_type=\"container\" data-e-type=\"container\">\n\t\t\t\t<div class=\"elementor-element elementor-element-a33847c elementor-widget elementor-widget-heading\" data-id=\"a33847c\" data-element_type=\"widget\" data-e-type=\"widget\" data-widget_type=\"heading.default\">\n\t\t\t\t\t<h2 class=\"elementor-heading-title elementor-size-default\">G\u00e9n\u00e9ratrice Patron GH-12500T, Tri-carburant<\/h2>\t\t\t\t<\/div>\n\t\t\t\t<div class=\"elementor-element elementor-element-bcc2ae0 elementor-widget elementor-widget-image\" data-id=\"bcc2ae0\" data-element_type=\"widget\" data-e-type=\"widget\" data-widget_type=\"image.default\">\n\t\t\t\t\t\t\t\t\t\t\t\t\t\t\t\t<a href=\"https:\/\/cecequip.com\/en\/generatrice-patron-gh-12500t-tri-carburant\/\">\n\t\t\t\t\t\t\t<img loading=\"lazy\" decoding=\"async\" width=\"300\" height=\"300\" src=\"https:\/\/cecequip.com\/wp-content\/uploads\/2026\/02\/1391-300x300-1.jpg\" class=\"attachment-large size-large wp-image-5617\" alt=\"\" srcset=\"https:\/\/cecequip.com\/wp-content\/uploads\/2026\/02\/1391-300x300-1.jpg 300w, https:\/\/cecequip.com\/wp-content\/uploads\/2026\/02\/1391-300x300-1-150x150.jpg 150w\" sizes=\"(max-width: 300px) 100vw, 300px\" \/>\t\t\t\t\t\t\t\t<\/a>\n\t\t\t\t\t\t\t\t\t\t\t\t\t\t\t<\/div>\n\t\t\t\t<\/div>\n\t\t<div class=\"elementor-element elementor-element-bfebff5 e-con-full e-flex e-con e-child\" data-id=\"bfebff5\" data-element_type=\"container\" data-e-type=\"container\">\n\t\t\t\t<div class=\"elementor-element elementor-element-4082657 elementor-widget elementor-widget-heading\" data-id=\"4082657\" data-element_type=\"widget\" data-e-type=\"widget\" data-widget_type=\"heading.default\">\n\t\t\t\t\t<h2 class=\"elementor-heading-title elementor-size-default\">G\u00e9n\u00e9ratrice Patron GH-11000<\/h2>\t\t\t\t<\/div>\n\t\t\t\t<div class=\"elementor-element elementor-element-b0a9aff elementor-widget elementor-widget-image\" data-id=\"b0a9aff\" data-element_type=\"widget\" data-e-type=\"widget\" data-widget_type=\"image.default\">\n\t\t\t\t\t\t\t\t\t\t\t\t\t\t\t\t<a href=\"https:\/\/cecequip.com\/en\/generatrice-patron-gh-11000\/\">\n\t\t\t\t\t\t\t<img loading=\"lazy\" decoding=\"async\" width=\"300\" height=\"300\" src=\"https:\/\/cecequip.com\/wp-content\/uploads\/2026\/02\/1390-300x300-1.jpg\" class=\"attachment-large size-large wp-image-5616\" alt=\"\" srcset=\"https:\/\/cecequip.com\/wp-content\/uploads\/2026\/02\/1390-300x300-1.jpg 300w, https:\/\/cecequip.com\/wp-content\/uploads\/2026\/02\/1390-300x300-1-150x150.jpg 150w\" sizes=\"(max-width: 300px) 100vw, 300px\" \/>\t\t\t\t\t\t\t\t<\/a>\n\t\t\t\t\t\t\t\t\t\t\t\t\t\t\t<\/div>\n\t\t\t\t<\/div>\n\t\t<div class=\"elementor-element elementor-element-6dea2b6 e-con-full e-flex e-con e-child\" data-id=\"6dea2b6\" data-element_type=\"container\" data-e-type=\"container\">\n\t\t\t\t<div class=\"elementor-element elementor-element-b934c48 elementor-widget elementor-widget-heading\" data-id=\"b934c48\" data-element_type=\"widget\" data-e-type=\"widget\" data-widget_type=\"heading.default\">\n\t\t\t\t\t<h2 class=\"elementor-heading-title elementor-size-default\">G\u00e9n\u00e9ratrice Inverter Patron GI-7500ID<\/h2>\t\t\t\t<\/div>\n\t\t\t\t<div class=\"elementor-element elementor-element-fe263f6 elementor-widget elementor-widget-image\" data-id=\"fe263f6\" data-element_type=\"widget\" data-e-type=\"widget\" data-widget_type=\"image.default\">\n\t\t\t\t\t\t\t\t\t\t\t\t\t\t\t\t<a href=\"https:\/\/cecequip.com\/en\/generatrice-inverter-patron-gi-7500id\/\">\n\t\t\t\t\t\t\t<img loading=\"lazy\" decoding=\"async\" width=\"300\" height=\"300\" src=\"https:\/\/cecequip.com\/wp-content\/uploads\/2026\/02\/1384-300x300-1.jpg\" class=\"attachment-large size-large wp-image-5615\" alt=\"\" srcset=\"https:\/\/cecequip.com\/wp-content\/uploads\/2026\/02\/1384-300x300-1.jpg 300w, https:\/\/cecequip.com\/wp-content\/uploads\/2026\/02\/1384-300x300-1-150x150.jpg 150w\" sizes=\"(max-width: 300px) 100vw, 300px\" \/>\t\t\t\t\t\t\t\t<\/a>\n\t\t\t\t\t\t\t\t\t\t\t\t\t\t\t<\/div>\n\t\t\t\t<\/div>\n\t\t\t\t\t<\/div>\n\t\t\t\t<\/div>\n\t\t<div class=\"elementor-element elementor-element-90b631c e-flex e-con-boxed e-con e-parent\" data-id=\"90b631c\" data-element_type=\"container\" data-e-type=\"container\">\n\t\t\t\t\t<div class=\"e-con-inner\">\n\t\t<div class=\"elementor-element elementor-element-4cceb54 e-con-full e-flex e-con e-child\" data-id=\"4cceb54\" data-element_type=\"container\" data-e-type=\"container\">\n\t\t\t\t<div class=\"elementor-element elementor-element-9efe86e elementor-widget elementor-widget-heading\" data-id=\"9efe86e\" data-element_type=\"widget\" data-e-type=\"widget\" data-widget_type=\"heading.default\">\n\t\t\t\t\t<h2 class=\"elementor-heading-title elementor-size-default\">G\u00e9n\u00e9ratrice Patron GH-7000<\/h2>\t\t\t\t<\/div>\n\t\t\t\t<div class=\"elementor-element elementor-element-43c914c elementor-widget elementor-widget-image\" data-id=\"43c914c\" data-element_type=\"widget\" data-e-type=\"widget\" data-widget_type=\"image.default\">\n\t\t\t\t\t\t\t\t\t\t\t\t\t\t\t\t<a href=\"https:\/\/cecequip.com\/en\/generatrice-patron-gh-7000\/\">\n\t\t\t\t\t\t\t<img loading=\"lazy\" decoding=\"async\" width=\"300\" height=\"300\" src=\"https:\/\/cecequip.com\/wp-content\/uploads\/2026\/02\/1388-300x300-1.jpg\" class=\"attachment-large size-large wp-image-5620\" alt=\"\" srcset=\"https:\/\/cecequip.com\/wp-content\/uploads\/2026\/02\/1388-300x300-1.jpg 300w, https:\/\/cecequip.com\/wp-content\/uploads\/2026\/02\/1388-300x300-1-150x150.jpg 150w\" sizes=\"(max-width: 300px) 100vw, 300px\" \/>\t\t\t\t\t\t\t\t<\/a>\n\t\t\t\t\t\t\t\t\t\t\t\t\t\t\t<\/div>\n\t\t\t\t<\/div>\n\t\t<div class=\"elementor-element elementor-element-4273b95 e-con-full e-flex e-con e-child\" data-id=\"4273b95\" data-element_type=\"container\" data-e-type=\"container\">\n\t\t\t\t<div class=\"elementor-element elementor-element-15a2bfa elementor-widget elementor-widget-heading\" data-id=\"15a2bfa\" data-element_type=\"widget\" data-e-type=\"widget\" data-widget_type=\"heading.default\">\n\t\t\t\t\t<h2 class=\"elementor-heading-title elementor-size-default\">G\u00e9n\u00e9ratrice Patron GH-4800<\/h2>\t\t\t\t<\/div>\n\t\t\t\t<div class=\"elementor-element elementor-element-78f2651 elementor-widget elementor-widget-image\" data-id=\"78f2651\" data-element_type=\"widget\" data-e-type=\"widget\" data-widget_type=\"image.default\">\n\t\t\t\t\t\t\t\t\t\t\t\t\t\t\t\t<a href=\"https:\/\/cecequip.com\/en\/generatrice-patron-gh-4800\/\">\n\t\t\t\t\t\t\t<img loading=\"lazy\" decoding=\"async\" width=\"300\" height=\"300\" src=\"https:\/\/cecequip.com\/wp-content\/uploads\/2026\/02\/1387-1-1-300x300-1.jpg\" class=\"attachment-large size-large wp-image-5619\" alt=\"\" srcset=\"https:\/\/cecequip.com\/wp-content\/uploads\/2026\/02\/1387-1-1-300x300-1.jpg 300w, https:\/\/cecequip.com\/wp-content\/uploads\/2026\/02\/1387-1-1-300x300-1-150x150.jpg 150w\" sizes=\"(max-width: 300px) 100vw, 300px\" \/>\t\t\t\t\t\t\t\t<\/a>\n\t\t\t\t\t\t\t\t\t\t\t\t\t\t\t<\/div>\n\t\t\t\t<\/div>\n\t\t<div class=\"elementor-element elementor-element-5b4fc8e e-con-full e-flex e-con e-child\" data-id=\"5b4fc8e\" data-element_type=\"container\" data-e-type=\"container\">\n\t\t\t\t<div class=\"elementor-element elementor-element-21d5fd7 elementor-widget elementor-widget-heading\" data-id=\"21d5fd7\" data-element_type=\"widget\" data-e-type=\"widget\" data-widget_type=\"heading.default\">\n\t\t\t\t\t<h2 class=\"elementor-heading-title elementor-size-default\">G\u00e9n\u00e9ratrice Patron GH-3800<\/h2>\t\t\t\t<\/div>\n\t\t\t\t<div class=\"elementor-element elementor-element-3452186 elementor-widget elementor-widget-image\" data-id=\"3452186\" data-element_type=\"widget\" data-e-type=\"widget\" data-widget_type=\"image.default\">\n\t\t\t\t\t\t\t\t\t\t\t\t\t\t\t\t<a href=\"https:\/\/cecequip.com\/en\/generatrice-patron-gh-3800\/\">\n\t\t\t\t\t\t\t<img loading=\"lazy\" decoding=\"async\" width=\"300\" height=\"300\" src=\"https:\/\/cecequip.com\/wp-content\/uploads\/2026\/02\/1386-300x300-1.jpg\" class=\"attachment-large size-large wp-image-5618\" alt=\"\" srcset=\"https:\/\/cecequip.com\/wp-content\/uploads\/2026\/02\/1386-300x300-1.jpg 300w, https:\/\/cecequip.com\/wp-content\/uploads\/2026\/02\/1386-300x300-1-150x150.jpg 150w\" sizes=\"(max-width: 300px) 100vw, 300px\" \/>\t\t\t\t\t\t\t\t<\/a>\n\t\t\t\t\t\t\t\t\t\t\t\t\t\t\t<\/div>\n\t\t\t\t<\/div>\n\t\t\t\t\t<\/div>\n\t\t\t\t<\/div>\n\t\t<div class=\"elementor-element elementor-element-4e0b81e e-flex e-con-boxed e-con e-parent\" data-id=\"4e0b81e\" data-element_type=\"container\" data-e-type=\"container\">\n\t\t\t\t\t<div class=\"e-con-inner\">\n\t\t<div class=\"elementor-element elementor-element-821b778 e-con-full e-flex e-con e-child\" data-id=\"821b778\" data-element_type=\"container\" data-e-type=\"container\">\n\t\t\t\t<\/div>\n\t\t<div class=\"elementor-element elementor-element-7cc61ba e-con-full e-flex e-con e-child\" data-id=\"7cc61ba\" data-element_type=\"container\" data-e-type=\"container\">\n\t\t\t\t<div class=\"elementor-element elementor-element-71204df elementor-widget elementor-widget-heading\" data-id=\"71204df\" data-element_type=\"widget\" data-e-type=\"widget\" data-widget_type=\"heading.default\">\n\t\t\t\t\t<h2 class=\"elementor-heading-title elementor-size-default\">G\u00e9n\u00e9ratrices Inverter Patron GI-4000I<\/h2>\t\t\t\t<\/div>\n\t\t\t\t<div class=\"elementor-element elementor-element-de1c2f8 elementor-widget elementor-widget-image\" data-id=\"de1c2f8\" data-element_type=\"widget\" data-e-type=\"widget\" data-widget_type=\"image.default\">\n\t\t\t\t\t\t\t\t\t\t\t\t\t\t\t\t<a href=\"https:\/\/cecequip.com\/en\/generatrices-inverter-patron-gi-4000i\/\">\n\t\t\t\t\t\t\t<img loading=\"lazy\" decoding=\"async\" width=\"800\" height=\"800\" src=\"https:\/\/cecequip.com\/wp-content\/uploads\/2026\/02\/1382-1536x1536-1-1024x1024.jpg\" class=\"attachment-large size-large wp-image-5622\" alt=\"\" srcset=\"https:\/\/cecequip.com\/wp-content\/uploads\/2026\/02\/1382-1536x1536-1-1024x1024.jpg 1024w, https:\/\/cecequip.com\/wp-content\/uploads\/2026\/02\/1382-1536x1536-1-300x300.jpg 300w, https:\/\/cecequip.com\/wp-content\/uploads\/2026\/02\/1382-1536x1536-1-150x150.jpg 150w, https:\/\/cecequip.com\/wp-content\/uploads\/2026\/02\/1382-1536x1536-1-768x768.jpg 768w, https:\/\/cecequip.com\/wp-content\/uploads\/2026\/02\/1382-1536x1536-1.jpg 1536w\" sizes=\"(max-width: 800px) 100vw, 800px\" \/>\t\t\t\t\t\t\t\t<\/a>\n\t\t\t\t\t\t\t\t\t\t\t\t\t\t\t<\/div>\n\t\t\t\t<\/div>\n\t\t<div class=\"elementor-element elementor-element-5b1151a e-con-full e-flex e-con e-child\" data-id=\"5b1151a\" data-element_type=\"container\" data-e-type=\"container\">\n\t\t\t\t<div class=\"elementor-element elementor-element-c00cf99 elementor-widget elementor-widget-heading\" data-id=\"c00cf99\" data-element_type=\"widget\" data-e-type=\"widget\" data-widget_type=\"heading.default\">\n\t\t\t\t\t<h2 class=\"elementor-heading-title elementor-size-default\">G\u00e9n\u00e9ratrice Patron GH-9000<\/h2>\t\t\t\t<\/div>\n\t\t\t\t<div class=\"elementor-element elementor-element-e77540d elementor-widget elementor-widget-image\" data-id=\"e77540d\" data-element_type=\"widget\" data-e-type=\"widget\" data-widget_type=\"image.default\">\n\t\t\t\t\t\t\t\t\t\t\t\t\t\t\t\t<a href=\"https:\/\/cecequip.com\/en\/generatrice-patron-gh-9000\/\">\n\t\t\t\t\t\t\t<img loading=\"lazy\" decoding=\"async\" width=\"800\" height=\"800\" src=\"https:\/\/cecequip.com\/wp-content\/uploads\/2026\/02\/1389-1536x1536-1-1024x1024.jpg\" class=\"attachment-large size-large wp-image-5621\" alt=\"\" srcset=\"https:\/\/cecequip.com\/wp-content\/uploads\/2026\/02\/1389-1536x1536-1-1024x1024.jpg 1024w, https:\/\/cecequip.com\/wp-content\/uploads\/2026\/02\/1389-1536x1536-1-300x300.jpg 300w, https:\/\/cecequip.com\/wp-content\/uploads\/2026\/02\/1389-1536x1536-1-150x150.jpg 150w, https:\/\/cecequip.com\/wp-content\/uploads\/2026\/02\/1389-1536x1536-1-768x768.jpg 768w, https:\/\/cecequip.com\/wp-content\/uploads\/2026\/02\/1389-1536x1536-1.jpg 1536w\" sizes=\"(max-width: 800px) 100vw, 800px\" \/>\t\t\t\t\t\t\t\t<\/a>\n\t\t\t\t\t\t\t\t\t\t\t\t\t\t\t<\/div>\n\t\t\t\t<\/div>\n\t\t\t\t\t<\/div>\n\t\t\t\t<\/div>\n\t\t\t\t<\/div>","protected":false},"excerpt":{"rendered":"<p>G\u00e9n\u00e9ratrices G\u00e9n\u00e9ratrice Inverter Patron GI-10500T G\u00e9n\u00e9ratrice Inverter Patron GI-2800I G\u00e9n\u00e9ratrice Inverter Patron GI-4700ID G\u00e9n\u00e9ratrice Patron GH-12500T, Tri-carburant G\u00e9n\u00e9ratrice Patron GH-11000 G\u00e9n\u00e9ratrice Inverter Patron GI-7500ID G\u00e9n\u00e9ratrice Patron GH-7000 G\u00e9n\u00e9ratrice Patron GH-4800 G\u00e9n\u00e9ratrice Patron GH-3800 G\u00e9n\u00e9ratrices Inverter Patron GI-4000I G\u00e9n\u00e9ratrice Patron GH-9000<\/p>","protected":false},"author":1,"featured_media":0,"parent":0,"menu_order":0,"comment_status":"closed","ping_status":"closed","template":"","meta":{"footnotes":""},"class_list":["post-5610","page","type-page","status-publish","hentry"],"_links":{"self":[{"href":"https:\/\/cecequip.com\/en\/wp-json\/wp\/v2\/pages\/5610","targetHints":{"allow":["GET"]}}],"collection":[{"href":"https:\/\/cecequip.com\/en\/wp-json\/wp\/v2\/pages"}],"about":[{"href":"https:\/\/cecequip.com\/en\/wp-json\/wp\/v2\/types\/page"}],"author":[{"embeddable":true,"href":"https:\/\/cecequip.com\/en\/wp-json\/wp\/v2\/users\/1"}],"replies":[{"embeddable":true,"href":"https:\/\/cecequip.com\/en\/wp-json\/wp\/v2\/comments?post=5610"}],"version-history":[{"count":37,"href":"https:\/\/cecequip.com\/en\/wp-json\/wp\/v2\/pages\/5610\/revisions"}],"predecessor-version":[{"id":6045,"href":"https:\/\/cecequip.com\/en\/wp-json\/wp\/v2\/pages\/5610\/revisions\/6045"}],"wp:attachment":[{"href":"https:\/\/cecequip.com\/en\/wp-json\/wp\/v2\/media?parent=5610"}],"curies":[{"name":"wp","href":"https:\/\/api.w.org\/{rel}","templated":true}]}}