{"id":5582,"date":"2026-02-25T14:35:08","date_gmt":"2026-02-25T14:35:08","guid":{"rendered":"https:\/\/blades.marcgermain.ca\/?page_id=5582"},"modified":"2026-02-27T19:04:03","modified_gmt":"2026-02-27T19:04:03","slug":"rubans-et-roues-a-mesurer","status":"publish","type":"page","link":"https:\/\/cecequip.com\/en\/rubans-et-roues-a-mesurer\/","title":{"rendered":"Rubans et roues \u00e0 mesurer"},"content":{"rendered":"<div data-elementor-type=\"wp-page\" data-elementor-id=\"5582\" class=\"elementor elementor-5582\" data-elementor-post-type=\"page\">\n\t\t\t\t<div class=\"elementor-element elementor-element-23e7fcc e-flex e-con-boxed e-con e-parent\" data-id=\"23e7fcc\" data-element_type=\"container\" data-e-type=\"container\" data-settings=\"{&quot;background_background&quot;:&quot;classic&quot;}\">\n\t\t\t\t\t<div class=\"e-con-inner\">\n\t\t\t\t<div class=\"elementor-element elementor-element-572f79b elementor-widget elementor-widget-heading\" data-id=\"572f79b\" data-element_type=\"widget\" data-e-type=\"widget\" data-widget_type=\"heading.default\">\n\t\t\t\t\t<h2 class=\"elementor-heading-title elementor-size-default\">Rubans et roues \u00e0 mesurer\n\n\n<\/h2>\t\t\t\t<\/div>\n\t\t\t\t\t<\/div>\n\t\t\t\t<\/div>\n\t\t<div class=\"elementor-element elementor-element-93db453 e-flex e-con-boxed e-con e-parent\" data-id=\"93db453\" data-element_type=\"container\" data-e-type=\"container\">\n\t\t\t\t\t<div class=\"e-con-inner\">\n\t\t<div class=\"elementor-element elementor-element-6f7ce9f e-con-full e-flex e-con e-child\" data-id=\"6f7ce9f\" data-element_type=\"container\" data-e-type=\"container\">\n\t\t\t\t<div class=\"elementor-element elementor-element-9831c79 elementor-widget elementor-widget-heading\" data-id=\"9831c79\" data-element_type=\"widget\" data-e-type=\"widget\" data-widget_type=\"heading.default\">\n\t\t\t\t\t<h2 class=\"elementor-heading-title elementor-size-default\">ROUE \u00c0 MESURER KESON RRT12M ou RRT12<\/h2>\t\t\t\t<\/div>\n\t\t\t\t<div class=\"elementor-element elementor-element-1f8a12e elementor-widget elementor-widget-image\" data-id=\"1f8a12e\" data-element_type=\"widget\" data-e-type=\"widget\" data-widget_type=\"image.default\">\n\t\t\t\t\t\t\t\t\t\t\t\t\t\t\t<img fetchpriority=\"high\" decoding=\"async\" width=\"445\" height=\"445\" src=\"https:\/\/cecequip.com\/wp-content\/uploads\/2026\/02\/rrt12m-2-445x445-1.png\" class=\"attachment-large size-large wp-image-5584\" alt=\"\" srcset=\"https:\/\/cecequip.com\/wp-content\/uploads\/2026\/02\/rrt12m-2-445x445-1.png 445w, https:\/\/cecequip.com\/wp-content\/uploads\/2026\/02\/rrt12m-2-445x445-1-300x300.png 300w, https:\/\/cecequip.com\/wp-content\/uploads\/2026\/02\/rrt12m-2-445x445-1-150x150.png 150w\" sizes=\"(max-width: 445px) 100vw, 445px\" \/>\t\t\t\t\t\t\t\t\t\t\t\t\t\t\t<\/div>\n\t\t\t\t<div class=\"elementor-element elementor-element-5539fae elementor-widget elementor-widget-text-editor\" data-id=\"5539fae\" data-element_type=\"widget\" data-e-type=\"widget\" data-widget_type=\"text-editor.default\">\n\t\t\t\t\t\t\t\t\t<p>Roue \u00e0 mesurer heavy-duty avec poign\u00e9e rabattable et frein. Disponible soit en m\u00e9trique RRT12M ou en pied RRT12<\/p>\t\t\t\t\t\t\t\t<\/div>\n\t\t\t\t<\/div>\n\t\t<div class=\"elementor-element elementor-element-bd062eb e-con-full e-flex e-con e-child\" data-id=\"bd062eb\" data-element_type=\"container\" data-e-type=\"container\">\n\t\t\t\t<div class=\"elementor-element elementor-element-0a3755c elementor-widget elementor-widget-heading\" data-id=\"0a3755c\" data-element_type=\"widget\" data-e-type=\"widget\" data-widget_type=\"heading.default\">\n\t\t\t\t\t<h2 class=\"elementor-heading-title elementor-size-default\">ROUE \u00c0 MESURER KESON RRT3M ou RR3<\/h2>\t\t\t\t<\/div>\n\t\t\t\t<div class=\"elementor-element elementor-element-a87a42e elementor-widget elementor-widget-image\" data-id=\"a87a42e\" data-element_type=\"widget\" data-e-type=\"widget\" data-widget_type=\"image.default\">\n\t\t\t\t\t\t\t\t\t\t\t\t\t\t\t<img decoding=\"async\" width=\"300\" height=\"300\" src=\"https:\/\/cecequip.com\/wp-content\/uploads\/2026\/02\/rrt12m-1-445x445-1-300x300-1.png\" class=\"attachment-large size-large wp-image-5573\" alt=\"\" srcset=\"https:\/\/cecequip.com\/wp-content\/uploads\/2026\/02\/rrt12m-1-445x445-1-300x300-1.png 300w, https:\/\/cecequip.com\/wp-content\/uploads\/2026\/02\/rrt12m-1-445x445-1-300x300-1-150x150.png 150w\" sizes=\"(max-width: 300px) 100vw, 300px\" \/>\t\t\t\t\t\t\t\t\t\t\t\t\t\t\t<\/div>\n\t\t\t\t<div class=\"elementor-element elementor-element-bfaf074 elementor-widget elementor-widget-text-editor\" data-id=\"bfaf074\" data-element_type=\"widget\" data-e-type=\"widget\" data-widget_type=\"text-editor.default\">\n\t\t\t\t\t\t\t\t\t<p>Roue \u00e0 mesurer avec poign\u00e9e rabattable disponible soit en m\u00e9trique RR3M ou en pied RR3.<\/p>\t\t\t\t\t\t\t\t<\/div>\n\t\t\t\t<\/div>\n\t\t<div class=\"elementor-element elementor-element-c6b84d7 e-con-full e-flex e-con e-child\" data-id=\"c6b84d7\" data-element_type=\"container\" data-e-type=\"container\">\n\t\t\t\t<div class=\"elementor-element elementor-element-169bcc3 elementor-widget elementor-widget-heading\" data-id=\"169bcc3\" data-element_type=\"widget\" data-e-type=\"widget\" data-widget_type=\"heading.default\">\n\t\t\t\t\t<h2 class=\"elementor-heading-title elementor-size-default\">RUBAN \u00c0 MESURER KESON PGPRO1812V<\/h2>\t\t\t\t<\/div>\n\t\t\t\t<div class=\"elementor-element elementor-element-84a8dd3 elementor-widget elementor-widget-image\" data-id=\"84a8dd3\" data-element_type=\"widget\" data-e-type=\"widget\" data-widget_type=\"image.default\">\n\t\t\t\t\t\t\t\t\t\t\t\t\t\t\t<img decoding=\"async\" width=\"445\" height=\"445\" src=\"https:\/\/cecequip.com\/wp-content\/uploads\/2026\/02\/PGPRO-445x445-1.png\" class=\"attachment-large size-large wp-image-5586\" alt=\"\" srcset=\"https:\/\/cecequip.com\/wp-content\/uploads\/2026\/02\/PGPRO-445x445-1.png 445w, https:\/\/cecequip.com\/wp-content\/uploads\/2026\/02\/PGPRO-445x445-1-300x300.png 300w, https:\/\/cecequip.com\/wp-content\/uploads\/2026\/02\/PGPRO-445x445-1-150x150.png 150w\" sizes=\"(max-width: 445px) 100vw, 445px\" \/>\t\t\t\t\t\t\t\t\t\t\t\t\t\t\t<\/div>\n\t\t\t\t<div class=\"elementor-element elementor-element-8efde9a elementor-widget elementor-widget-text-editor\" data-id=\"8efde9a\" data-element_type=\"widget\" data-e-type=\"widget\" data-widget_type=\"text-editor.default\">\n\t\t\t\t\t\t\t\t\t<p>Ruban \u00e0 mesurer compact en acier recouvert de nylon<\/p>\t\t\t\t\t\t\t\t<\/div>\n\t\t\t\t<\/div>\n\t\t\t\t\t<\/div>\n\t\t\t\t<\/div>\n\t\t<div class=\"elementor-element elementor-element-129e18f e-flex e-con-boxed e-con e-parent\" data-id=\"129e18f\" data-element_type=\"container\" data-e-type=\"container\">\n\t\t\t\t\t<div class=\"e-con-inner\">\n\t\t<div class=\"elementor-element elementor-element-769c55f e-con-full e-flex e-con e-child\" data-id=\"769c55f\" data-element_type=\"container\" data-e-type=\"container\">\n\t\t\t\t<div class=\"elementor-element elementor-element-0a25c85 elementor-widget elementor-widget-heading\" data-id=\"0a25c85\" data-element_type=\"widget\" data-e-type=\"widget\" data-widget_type=\"heading.default\">\n\t\t\t\t\t<h2 class=\"elementor-heading-title elementor-size-default\">Ruban \u00e0 mesurer Keson en acier recouvert de fibre NRS18M100<\/h2>\t\t\t\t<\/div>\n\t\t\t\t<div class=\"elementor-element elementor-element-9cf3e84 elementor-widget elementor-widget-image\" data-id=\"9cf3e84\" data-element_type=\"widget\" data-e-type=\"widget\" data-widget_type=\"image.default\">\n\t\t\t\t\t\t\t\t\t\t\t\t\t\t\t<img loading=\"lazy\" decoding=\"async\" width=\"445\" height=\"445\" src=\"https:\/\/cecequip.com\/wp-content\/uploads\/2026\/02\/NRS18M100-445x445-1.png\" class=\"attachment-large size-large wp-image-5587\" alt=\"\" srcset=\"https:\/\/cecequip.com\/wp-content\/uploads\/2026\/02\/NRS18M100-445x445-1.png 445w, https:\/\/cecequip.com\/wp-content\/uploads\/2026\/02\/NRS18M100-445x445-1-300x300.png 300w, https:\/\/cecequip.com\/wp-content\/uploads\/2026\/02\/NRS18M100-445x445-1-150x150.png 150w\" sizes=\"(max-width: 445px) 100vw, 445px\" \/>\t\t\t\t\t\t\t\t\t\t\t\t\t\t\t<\/div>\n\t\t\t\t<div class=\"elementor-element elementor-element-888bcb9 elementor-widget elementor-widget-text-editor\" data-id=\"888bcb9\" data-element_type=\"widget\" data-e-type=\"widget\" data-widget_type=\"text-editor.default\">\n\t\t\t\t\t\t\t\t\t<p>Ruban \u00e0 mesurer \u00e0 rembobinage rapide 100\u2019\/30m en acier recouvert de nylon avec attache double crochet et point z\u00e9ro \u00e0 l\u2019extr\u00e9mit\u00e9. Gradu\u00e9 en pi, po, 1\/8, mm, cm et m.<\/p>\t\t\t\t\t\t\t\t<\/div>\n\t\t\t\t<\/div>\n\t\t<div class=\"elementor-element elementor-element-ff5b306 e-con-full e-flex e-con e-child\" data-id=\"ff5b306\" data-element_type=\"container\" data-e-type=\"container\">\n\t\t\t\t<div class=\"elementor-element elementor-element-441b9c2 elementor-widget elementor-widget-heading\" data-id=\"441b9c2\" data-element_type=\"widget\" data-e-type=\"widget\" data-widget_type=\"heading.default\">\n\t\t\t\t\t<h2 class=\"elementor-heading-title elementor-size-default\">Ruban \u00e0 mesurer Keson en acier recouvert de fibre NRS18M200<\/h2>\t\t\t\t<\/div>\n\t\t\t\t<div class=\"elementor-element elementor-element-9ae70f2 elementor-widget elementor-widget-image\" data-id=\"9ae70f2\" data-element_type=\"widget\" data-e-type=\"widget\" data-widget_type=\"image.default\">\n\t\t\t\t\t\t\t\t\t\t\t\t\t\t\t<img loading=\"lazy\" decoding=\"async\" width=\"445\" height=\"445\" src=\"https:\/\/cecequip.com\/wp-content\/uploads\/2026\/02\/NRS18M200-1-445x445-1.png\" class=\"attachment-large size-large wp-image-5588\" alt=\"\" srcset=\"https:\/\/cecequip.com\/wp-content\/uploads\/2026\/02\/NRS18M200-1-445x445-1.png 445w, https:\/\/cecequip.com\/wp-content\/uploads\/2026\/02\/NRS18M200-1-445x445-1-300x300.png 300w, https:\/\/cecequip.com\/wp-content\/uploads\/2026\/02\/NRS18M200-1-445x445-1-150x150.png 150w\" sizes=\"(max-width: 445px) 100vw, 445px\" \/>\t\t\t\t\t\t\t\t\t\t\t\t\t\t\t<\/div>\n\t\t\t\t<div class=\"elementor-element elementor-element-91273d9 elementor-widget elementor-widget-text-editor\" data-id=\"91273d9\" data-element_type=\"widget\" data-e-type=\"widget\" data-widget_type=\"text-editor.default\">\n\t\t\t\t\t\t\t\t\t<p>Ruban \u00e0 mesurer Keson en acier recouvert de fibre \u00e0 rembobinage rapide. Lecture en pi, po, 1\/8, mm, cm et m.<\/p>\t\t\t\t\t\t\t\t<\/div>\n\t\t\t\t<\/div>\n\t\t<div class=\"elementor-element elementor-element-40ab8c9 e-con-full e-flex e-con e-child\" data-id=\"40ab8c9\" data-element_type=\"container\" data-e-type=\"container\">\n\t\t\t\t<div class=\"elementor-element elementor-element-6403b36 elementor-widget elementor-widget-heading\" data-id=\"6403b36\" data-element_type=\"widget\" data-e-type=\"widget\" data-widget_type=\"heading.default\">\n\t\t\t\t\t<h2 class=\"elementor-heading-title elementor-size-default\">Ruban \u00e0 mesurer Keson en acier recouvert de fibre NRS18M330<\/h2>\t\t\t\t<\/div>\n\t\t\t\t<div class=\"elementor-element elementor-element-15b77b5 elementor-widget elementor-widget-image\" data-id=\"15b77b5\" data-element_type=\"widget\" data-e-type=\"widget\" data-widget_type=\"image.default\">\n\t\t\t\t\t\t\t\t\t\t\t\t\t\t\t<img loading=\"lazy\" decoding=\"async\" width=\"92\" height=\"92\" src=\"https:\/\/cecequip.com\/wp-content\/uploads\/2026\/02\/telechargement-3.jpg\" class=\"attachment-large size-large wp-image-5589\" alt=\"\" \/>\t\t\t\t\t\t\t\t\t\t\t\t\t\t\t<\/div>\n\t\t\t\t<div class=\"elementor-element elementor-element-8ba1d9b elementor-widget elementor-widget-text-editor\" data-id=\"8ba1d9b\" data-element_type=\"widget\" data-e-type=\"widget\" data-widget_type=\"text-editor.default\">\n\t\t\t\t\t\t\t\t\t<p>Ruban \u00e0 mesurer Keson de 100m\/330p en acier recouvert de fibre NRS18M330.\u00a0. Lecture en mm et pied pouce 1\/8<\/p>\t\t\t\t\t\t\t\t<\/div>\n\t\t\t\t<\/div>\n\t\t\t\t\t<\/div>\n\t\t\t\t<\/div>\n\t\t<div class=\"elementor-element elementor-element-30450c0 e-flex e-con-boxed e-con e-parent\" data-id=\"30450c0\" data-element_type=\"container\" data-e-type=\"container\">\n\t\t\t\t\t<div class=\"e-con-inner\">\n\t\t<div class=\"elementor-element elementor-element-71dae47 e-con-full e-flex e-con e-child\" data-id=\"71dae47\" data-element_type=\"container\" data-e-type=\"container\">\n\t\t\t\t<div class=\"elementor-element elementor-element-3792bd3 elementor-widget elementor-widget-heading\" data-id=\"3792bd3\" data-element_type=\"widget\" data-e-type=\"widget\" data-widget_type=\"heading.default\">\n\t\t\t\t\t<h2 class=\"elementor-heading-title elementor-size-default\">Ruban \u00e0 mesurer Keson en fibre de verre OTRS18M200<\/h2>\t\t\t\t<\/div>\n\t\t\t\t<div class=\"elementor-element elementor-element-1d56466 elementor-widget elementor-widget-image\" data-id=\"1d56466\" data-element_type=\"widget\" data-e-type=\"widget\" data-widget_type=\"image.default\">\n\t\t\t\t\t\t\t\t\t\t\t\t\t\t\t<img loading=\"lazy\" decoding=\"async\" width=\"600\" height=\"600\" src=\"https:\/\/cecequip.com\/wp-content\/uploads\/2026\/02\/OTRS18200-01-01-600x600-1.jpg\" class=\"attachment-large size-large wp-image-5593\" alt=\"\" srcset=\"https:\/\/cecequip.com\/wp-content\/uploads\/2026\/02\/OTRS18200-01-01-600x600-1.jpg 600w, https:\/\/cecequip.com\/wp-content\/uploads\/2026\/02\/OTRS18200-01-01-600x600-1-300x300.jpg 300w, https:\/\/cecequip.com\/wp-content\/uploads\/2026\/02\/OTRS18200-01-01-600x600-1-150x150.jpg 150w\" sizes=\"(max-width: 600px) 100vw, 600px\" \/>\t\t\t\t\t\t\t\t\t\t\t\t\t\t\t<\/div>\n\t\t\t\t<div class=\"elementor-element elementor-element-a4cbf0c elementor-widget elementor-widget-text-editor\" data-id=\"a4cbf0c\" data-element_type=\"widget\" data-e-type=\"widget\" data-widget_type=\"text-editor.default\">\n\t\t\t\t\t\t\t\t\t<p>Ruban \u00e0 mesurer Keson en fibre de verre OTRS18M200. Rembobinage tr\u00e8s rapide<\/p>\t\t\t\t\t\t\t\t<\/div>\n\t\t\t\t<\/div>\n\t\t<div class=\"elementor-element elementor-element-33bf04d e-con-full e-flex e-con e-child\" data-id=\"33bf04d\" data-element_type=\"container\" data-e-type=\"container\">\n\t\t\t\t<div class=\"elementor-element elementor-element-641e6fd elementor-widget elementor-widget-heading\" data-id=\"641e6fd\" data-element_type=\"widget\" data-e-type=\"widget\" data-widget_type=\"heading.default\">\n\t\t\t\t\t<h2 class=\"elementor-heading-title elementor-size-default\">Ruban \u00e0 mesurer Keson OTRS18M100<\/h2>\t\t\t\t<\/div>\n\t\t\t\t<div class=\"elementor-element elementor-element-f618dfb elementor-widget elementor-widget-image\" data-id=\"f618dfb\" data-element_type=\"widget\" data-e-type=\"widget\" data-widget_type=\"image.default\">\n\t\t\t\t\t\t\t\t\t\t\t\t\t\t\t<img loading=\"lazy\" decoding=\"async\" width=\"445\" height=\"445\" src=\"https:\/\/cecequip.com\/wp-content\/uploads\/2026\/02\/OTRS18M100-1-445x445-1.png\" class=\"attachment-large size-large wp-image-5594\" alt=\"\" srcset=\"https:\/\/cecequip.com\/wp-content\/uploads\/2026\/02\/OTRS18M100-1-445x445-1.png 445w, https:\/\/cecequip.com\/wp-content\/uploads\/2026\/02\/OTRS18M100-1-445x445-1-300x300.png 300w, https:\/\/cecequip.com\/wp-content\/uploads\/2026\/02\/OTRS18M100-1-445x445-1-150x150.png 150w\" sizes=\"(max-width: 445px) 100vw, 445px\" \/>\t\t\t\t\t\t\t\t\t\t\t\t\t\t\t<\/div>\n\t\t\t\t<div class=\"elementor-element elementor-element-d531c70 elementor-widget elementor-widget-text-editor\" data-id=\"d531c70\" data-element_type=\"widget\" data-e-type=\"widget\" data-widget_type=\"text-editor.default\">\n\t\t\t\t\t\t\t\t\t<p>Ruban \u00e0 mesurer Keson OTRS18M100. 30 m\u00e8tres\/100pieds rembobinage rapide<\/p>\t\t\t\t\t\t\t\t<\/div>\n\t\t\t\t<\/div>\n\t\t<div class=\"elementor-element elementor-element-315457d e-con-full e-flex e-con e-child\" data-id=\"315457d\" data-element_type=\"container\" data-e-type=\"container\">\n\t\t\t\t<div class=\"elementor-element elementor-element-d615632 elementor-widget elementor-widget-heading\" data-id=\"d615632\" data-element_type=\"widget\" data-e-type=\"widget\" data-widget_type=\"heading.default\">\n\t\t\t\t\t<h2 class=\"elementor-heading-title elementor-size-default\">Ruban \u00e0 mesurer Keson portatif de 25p\/7,5m en acier avec lame extra large. Mod\u00e8le PG18M25WIDEV<\/h2>\t\t\t\t<\/div>\n\t\t\t\t<div class=\"elementor-element elementor-element-b066387 elementor-widget elementor-widget-image\" data-id=\"b066387\" data-element_type=\"widget\" data-e-type=\"widget\" data-widget_type=\"image.default\">\n\t\t\t\t\t\t\t\t\t\t\t\t\t\t\t<img loading=\"lazy\" decoding=\"async\" width=\"500\" height=\"500\" src=\"https:\/\/cecequip.com\/wp-content\/uploads\/2026\/02\/ET10288-Keson-25-ft-7-6m-Wide-Blade-Short-Tape-Feet-Inches-18ths-16ths-and-Metric-PG18M25WIDEV-md.jpg\" class=\"attachment-large size-large wp-image-5598\" alt=\"\" srcset=\"https:\/\/cecequip.com\/wp-content\/uploads\/2026\/02\/ET10288-Keson-25-ft-7-6m-Wide-Blade-Short-Tape-Feet-Inches-18ths-16ths-and-Metric-PG18M25WIDEV-md.jpg 500w, https:\/\/cecequip.com\/wp-content\/uploads\/2026\/02\/ET10288-Keson-25-ft-7-6m-Wide-Blade-Short-Tape-Feet-Inches-18ths-16ths-and-Metric-PG18M25WIDEV-md-300x300.jpg 300w, https:\/\/cecequip.com\/wp-content\/uploads\/2026\/02\/ET10288-Keson-25-ft-7-6m-Wide-Blade-Short-Tape-Feet-Inches-18ths-16ths-and-Metric-PG18M25WIDEV-md-150x150.jpg 150w\" sizes=\"(max-width: 500px) 100vw, 500px\" \/>\t\t\t\t\t\t\t\t\t\t\t\t\t\t\t<\/div>\n\t\t\t\t<div class=\"elementor-element elementor-element-4b41fd6 elementor-widget elementor-widget-text-editor\" data-id=\"4b41fd6\" data-element_type=\"widget\" data-e-type=\"widget\" data-widget_type=\"text-editor.default\">\n\t\t\t\t\t\t\t\t\t<p>Ruban \u00e0 mesurer Keson portatif de 25p\/7,5m en acier avec lame extra large. Lecture feet, inches, 8ths, 16ths, and cm, mm<\/p>\t\t\t\t\t\t\t\t<\/div>\n\t\t\t\t<\/div>\n\t\t\t\t\t<\/div>\n\t\t\t\t<\/div>\n\t\t<div class=\"elementor-element elementor-element-49b52d4 e-flex e-con-boxed e-con e-parent\" data-id=\"49b52d4\" data-element_type=\"container\" data-e-type=\"container\">\n\t\t\t\t\t<div class=\"e-con-inner\">\n\t\t<div class=\"elementor-element elementor-element-372a0b7 e-con-full e-flex e-con e-child\" data-id=\"372a0b7\" data-element_type=\"container\" data-e-type=\"container\">\n\t\t\t\t<div class=\"elementor-element elementor-element-81becdd elementor-widget elementor-widget-heading\" data-id=\"81becdd\" data-element_type=\"widget\" data-e-type=\"widget\" data-widget_type=\"heading.default\">\n\t\t\t\t\t<h2 class=\"elementor-heading-title elementor-size-default\">Ruban Keson \u00e0 mesurer de 100m\/300p en fibre de verre OTR18M300<\/h2>\t\t\t\t<\/div>\n\t\t\t\t<div class=\"elementor-element elementor-element-d1c0b97 elementor-widget elementor-widget-image\" data-id=\"d1c0b97\" data-element_type=\"widget\" data-e-type=\"widget\" data-widget_type=\"image.default\">\n\t\t\t\t\t\t\t\t\t\t\t\t\t\t\t<img loading=\"lazy\" decoding=\"async\" width=\"445\" height=\"445\" src=\"https:\/\/cecequip.com\/wp-content\/uploads\/2026\/02\/OTR18M300-1-445x445-1.png\" class=\"attachment-large size-large wp-image-5602\" alt=\"\" srcset=\"https:\/\/cecequip.com\/wp-content\/uploads\/2026\/02\/OTR18M300-1-445x445-1.png 445w, https:\/\/cecequip.com\/wp-content\/uploads\/2026\/02\/OTR18M300-1-445x445-1-300x300.png 300w, https:\/\/cecequip.com\/wp-content\/uploads\/2026\/02\/OTR18M300-1-445x445-1-150x150.png 150w\" sizes=\"(max-width: 445px) 100vw, 445px\" \/>\t\t\t\t\t\t\t\t\t\t\t\t\t\t\t<\/div>\n\t\t\t\t<div class=\"elementor-element elementor-element-7f26ba5 elementor-widget elementor-widget-text-editor\" data-id=\"7f26ba5\" data-element_type=\"widget\" data-e-type=\"widget\" data-widget_type=\"text-editor.default\">\n\t\t\t\t\t\t\t\t\t<p>Ruban \u00e0 mesurer Keson en fibre de verre OTRS18M200. Rembobinage tr\u00e8s rapide<\/p>\t\t\t\t\t\t\t\t<\/div>\n\t\t\t\t<\/div>\n\t\t<div class=\"elementor-element elementor-element-50e881c e-con-full e-flex e-con e-child\" data-id=\"50e881c\" data-element_type=\"container\" data-e-type=\"container\">\n\t\t\t\t<div class=\"elementor-element elementor-element-fe7b35a elementor-widget elementor-widget-heading\" data-id=\"fe7b35a\" data-element_type=\"widget\" data-e-type=\"widget\" data-widget_type=\"heading.default\">\n\t\t\t\t\t<h2 class=\"elementor-heading-title elementor-size-default\">Ruban Keson en fibre de verre de 60m\/200pieds OTR18M200<\/h2>\t\t\t\t<\/div>\n\t\t\t\t<div class=\"elementor-element elementor-element-c739e55 elementor-widget elementor-widget-image\" data-id=\"c739e55\" data-element_type=\"widget\" data-e-type=\"widget\" data-widget_type=\"image.default\">\n\t\t\t\t\t\t\t\t\t\t\t\t\t\t\t<img loading=\"lazy\" decoding=\"async\" width=\"600\" height=\"600\" src=\"https:\/\/cecequip.com\/wp-content\/uploads\/2026\/02\/OTR18M200-01-01-600x600-1.jpg\" class=\"attachment-large size-large wp-image-5603\" alt=\"\" srcset=\"https:\/\/cecequip.com\/wp-content\/uploads\/2026\/02\/OTR18M200-01-01-600x600-1.jpg 600w, https:\/\/cecequip.com\/wp-content\/uploads\/2026\/02\/OTR18M200-01-01-600x600-1-300x300.jpg 300w, https:\/\/cecequip.com\/wp-content\/uploads\/2026\/02\/OTR18M200-01-01-600x600-1-150x150.jpg 150w\" sizes=\"(max-width: 600px) 100vw, 600px\" \/>\t\t\t\t\t\t\t\t\t\t\t\t\t\t\t<\/div>\n\t\t\t\t<div class=\"elementor-element elementor-element-946672e elementor-widget elementor-widget-text-editor\" data-id=\"946672e\" data-element_type=\"widget\" data-e-type=\"widget\" data-widget_type=\"text-editor.default\">\n\t\t\t\t\t\t\t\t\t<p>Ruban Keson en fibre de verre de 60m\/200pieds OTR18M200<\/p>\t\t\t\t\t\t\t\t<\/div>\n\t\t\t\t<\/div>\n\t\t<div class=\"elementor-element elementor-element-53ebd97 e-con-full e-flex e-con e-child\" data-id=\"53ebd97\" data-element_type=\"container\" data-e-type=\"container\">\n\t\t\t\t<\/div>\n\t\t\t\t\t<\/div>\n\t\t\t\t<\/div>\n\t\t\t\t<\/div>","protected":false},"excerpt":{"rendered":"<p>Rubans et roues \u00e0 mesurer ROUE \u00c0 MESURER KESON RRT12M ou RRT12 Roue \u00e0 mesurer heavy-duty avec poign\u00e9e rabattable et frein. Disponible soit en m\u00e9trique RRT12M ou en pied RRT12 ROUE \u00c0 MESURER KESON RRT3M ou RR3 Roue \u00e0 mesurer avec poign\u00e9e rabattable disponible soit en m\u00e9trique RR3M ou en pied RR3. RUBAN \u00c0 MESURER [&hellip;]<\/p>\n","protected":false},"author":1,"featured_media":0,"parent":0,"menu_order":0,"comment_status":"closed","ping_status":"closed","template":"","meta":{"footnotes":""},"class_list":["post-5582","page","type-page","status-publish","hentry"],"_links":{"self":[{"href":"https:\/\/cecequip.com\/en\/wp-json\/wp\/v2\/pages\/5582","targetHints":{"allow":["GET"]}}],"collection":[{"href":"https:\/\/cecequip.com\/en\/wp-json\/wp\/v2\/pages"}],"about":[{"href":"https:\/\/cecequip.com\/en\/wp-json\/wp\/v2\/types\/page"}],"author":[{"embeddable":true,"href":"https:\/\/cecequip.com\/en\/wp-json\/wp\/v2\/users\/1"}],"replies":[{"embeddable":true,"href":"https:\/\/cecequip.com\/en\/wp-json\/wp\/v2\/comments?post=5582"}],"version-history":[{"count":16,"href":"https:\/\/cecequip.com\/en\/wp-json\/wp\/v2\/pages\/5582\/revisions"}],"predecessor-version":[{"id":6228,"href":"https:\/\/cecequip.com\/en\/wp-json\/wp\/v2\/pages\/5582\/revisions\/6228"}],"wp:attachment":[{"href":"https:\/\/cecequip.com\/en\/wp-json\/wp\/v2\/media?parent=5582"}],"curies":[{"name":"wp","href":"https:\/\/api.w.org\/{rel}","templated":true}]}}