{"id":5571,"date":"2026-02-25T14:28:56","date_gmt":"2026-02-25T14:28:56","guid":{"rendered":"https:\/\/blades.marcgermain.ca\/?page_id=5571"},"modified":"2026-02-27T19:02:52","modified_gmt":"2026-02-27T19:02:52","slug":"fournitures-2","status":"publish","type":"page","link":"https:\/\/cecequip.com\/en\/fournitures-2\/","title":{"rendered":"Fournitures"},"content":{"rendered":"<div data-elementor-type=\"wp-page\" data-elementor-id=\"5571\" class=\"elementor elementor-5571\" data-elementor-post-type=\"page\">\n\t\t\t\t<div class=\"elementor-element elementor-element-23e7fcc e-flex e-con-boxed e-con e-parent\" data-id=\"23e7fcc\" data-element_type=\"container\" data-e-type=\"container\" data-settings=\"{&quot;background_background&quot;:&quot;classic&quot;}\">\n\t\t\t\t\t<div class=\"e-con-inner\">\n\t\t\t\t<div class=\"elementor-element elementor-element-572f79b elementor-widget elementor-widget-heading\" data-id=\"572f79b\" data-element_type=\"widget\" data-e-type=\"widget\" data-widget_type=\"heading.default\">\n\t\t\t\t\t<h2 class=\"elementor-heading-title elementor-size-default\">Fournitures\n\n<\/h2>\t\t\t\t<\/div>\n\t\t\t\t\t<\/div>\n\t\t\t\t<\/div>\n\t\t<div class=\"elementor-element elementor-element-93db453 e-flex e-con-boxed e-con e-parent\" data-id=\"93db453\" data-element_type=\"container\" data-e-type=\"container\">\n\t\t\t\t\t<div class=\"e-con-inner\">\n\t\t<div class=\"elementor-element elementor-element-6f7ce9f e-con-full e-flex e-con e-child\" data-id=\"6f7ce9f\" data-element_type=\"container\" data-e-type=\"container\">\n\t\t\t\t<div class=\"elementor-element elementor-element-9831c79 elementor-widget elementor-widget-heading\" data-id=\"9831c79\" data-element_type=\"widget\" data-e-type=\"widget\" data-widget_type=\"heading.default\">\n\t\t\t\t\t<h2 class=\"elementor-heading-title elementor-size-default\">Peintures &amp; Accessoires<\/h2>\t\t\t\t<\/div>\n\t\t\t\t<div class=\"elementor-element elementor-element-1f8a12e elementor-widget elementor-widget-image\" data-id=\"1f8a12e\" data-element_type=\"widget\" data-e-type=\"widget\" data-widget_type=\"image.default\">\n\t\t\t\t\t\t\t\t\t\t\t\t\t\t\t\t<a href=\"https:\/\/cecequip.com\/en\/peintures-accessoires\/\">\n\t\t\t\t\t\t\t<img fetchpriority=\"high\" decoding=\"async\" width=\"445\" height=\"445\" src=\"https:\/\/cecequip.com\/wp-content\/uploads\/2019\/11\/WB-Rouge-445x445-1.png\" class=\"attachment-large size-large wp-image-3199\" alt=\"\" srcset=\"https:\/\/cecequip.com\/wp-content\/uploads\/2019\/11\/WB-Rouge-445x445-1.png 445w, https:\/\/cecequip.com\/wp-content\/uploads\/2019\/11\/WB-Rouge-445x445-1-300x300.png 300w, https:\/\/cecequip.com\/wp-content\/uploads\/2019\/11\/WB-Rouge-445x445-1-150x150.png 150w\" sizes=\"(max-width: 445px) 100vw, 445px\" \/>\t\t\t\t\t\t\t\t<\/a>\n\t\t\t\t\t\t\t\t\t\t\t\t\t\t\t<\/div>\n\t\t\t\t<\/div>\n\t\t<div class=\"elementor-element elementor-element-a30c0ea e-con-full e-flex e-con e-child\" data-id=\"a30c0ea\" data-element_type=\"container\" data-e-type=\"container\">\n\t\t\t\t<div class=\"elementor-element elementor-element-4d1e00e elementor-widget elementor-widget-heading\" data-id=\"4d1e00e\" data-element_type=\"widget\" data-e-type=\"widget\" data-widget_type=\"heading.default\">\n\t\t\t\t\t<h2 class=\"elementor-heading-title elementor-size-default\">Rubans &amp; Roues \u00e0 mesurer<\/h2>\t\t\t\t<\/div>\n\t\t\t\t<div class=\"elementor-element elementor-element-48d823a elementor-widget elementor-widget-image\" data-id=\"48d823a\" data-element_type=\"widget\" data-e-type=\"widget\" data-widget_type=\"image.default\">\n\t\t\t\t\t\t\t\t\t\t\t\t\t\t\t\t<a href=\"https:\/\/cecequip.com\/en\/rubans-et-roues-a-mesurer\/\">\n\t\t\t\t\t\t\t<img decoding=\"async\" width=\"300\" height=\"300\" src=\"https:\/\/cecequip.com\/wp-content\/uploads\/2026\/02\/rrt12m-1-445x445-1-300x300-1.png\" class=\"attachment-large size-large wp-image-5573\" alt=\"\" srcset=\"https:\/\/cecequip.com\/wp-content\/uploads\/2026\/02\/rrt12m-1-445x445-1-300x300-1.png 300w, https:\/\/cecequip.com\/wp-content\/uploads\/2026\/02\/rrt12m-1-445x445-1-300x300-1-150x150.png 150w\" sizes=\"(max-width: 300px) 100vw, 300px\" \/>\t\t\t\t\t\t\t\t<\/a>\n\t\t\t\t\t\t\t\t\t\t\t\t\t\t\t<\/div>\n\t\t\t\t<\/div>\n\t\t<div class=\"elementor-element elementor-element-b62be3e e-con-full e-flex e-con e-child\" data-id=\"b62be3e\" data-element_type=\"container\" data-e-type=\"container\">\n\t\t\t\t<div class=\"elementor-element elementor-element-1f74265 elementor-widget elementor-widget-heading\" data-id=\"1f74265\" data-element_type=\"widget\" data-e-type=\"widget\" data-widget_type=\"heading.default\">\n\t\t\t\t\t<h2 class=\"elementor-heading-title elementor-size-default\">Kit D'\u00c9toupe Activ\u00e9e. La solution original <\/h2>\t\t\t\t<\/div>\n\t\t\t\t<div class=\"elementor-element elementor-element-328d3db elementor-widget elementor-widget-image\" data-id=\"328d3db\" data-element_type=\"widget\" data-e-type=\"widget\" data-widget_type=\"image.default\">\n\t\t\t\t\t\t\t\t\t\t\t\t\t\t\t<img decoding=\"async\" width=\"300\" height=\"300\" src=\"https:\/\/cecequip.com\/wp-content\/uploads\/2026\/02\/IMG_4782-300x300-1.jpg\" class=\"attachment-large size-large wp-image-5574\" alt=\"\" srcset=\"https:\/\/cecequip.com\/wp-content\/uploads\/2026\/02\/IMG_4782-300x300-1.jpg 300w, https:\/\/cecequip.com\/wp-content\/uploads\/2026\/02\/IMG_4782-300x300-1-150x150.jpg 150w\" sizes=\"(max-width: 300px) 100vw, 300px\" \/>\t\t\t\t\t\t\t\t\t\t\t\t\t\t\t<\/div>\n\t\t\t\t<\/div>\n\t\t\t\t\t<\/div>\n\t\t\t\t<\/div>\n\t\t<div class=\"elementor-element elementor-element-62cfcfa e-flex e-con-boxed e-con e-parent\" data-id=\"62cfcfa\" data-element_type=\"container\" data-e-type=\"container\">\n\t\t\t\t\t<div class=\"e-con-inner\">\n\t\t<div class=\"elementor-element elementor-element-2340166 e-con-full e-flex e-con e-child\" data-id=\"2340166\" data-element_type=\"container\" data-e-type=\"container\">\n\t\t\t\t<\/div>\n\t\t<div class=\"elementor-element elementor-element-bfebff5 e-con-full e-flex e-con e-child\" data-id=\"bfebff5\" data-element_type=\"container\" data-e-type=\"container\">\n\t\t\t\t<\/div>\n\t\t<div class=\"elementor-element elementor-element-6dea2b6 e-con-full e-flex e-con e-child\" data-id=\"6dea2b6\" data-element_type=\"container\" data-e-type=\"container\">\n\t\t\t\t<div class=\"elementor-element elementor-element-b934c48 elementor-widget elementor-widget-heading\" data-id=\"b934c48\" data-element_type=\"widget\" data-e-type=\"widget\" data-widget_type=\"heading.default\">\n\t\t\t\t\t<h2 class=\"elementor-heading-title elementor-size-default\">Ciment \u00e0 prise rapide Ready-Plug<\/h2>\t\t\t\t<\/div>\n\t\t\t\t<div class=\"elementor-element elementor-element-fe263f6 elementor-widget elementor-widget-image\" data-id=\"fe263f6\" data-element_type=\"widget\" data-e-type=\"widget\" data-widget_type=\"image.default\">\n\t\t\t\t\t\t\t\t\t\t\t\t\t\t\t<img loading=\"lazy\" decoding=\"async\" width=\"300\" height=\"300\" src=\"https:\/\/cecequip.com\/wp-content\/uploads\/2026\/02\/02-en-can-Redi-Plug_hybrisProductImages-300x300-1.png\" class=\"attachment-large size-large wp-image-5575\" alt=\"\" srcset=\"https:\/\/cecequip.com\/wp-content\/uploads\/2026\/02\/02-en-can-Redi-Plug_hybrisProductImages-300x300-1.png 300w, https:\/\/cecequip.com\/wp-content\/uploads\/2026\/02\/02-en-can-Redi-Plug_hybrisProductImages-300x300-1-150x150.png 150w\" sizes=\"(max-width: 300px) 100vw, 300px\" \/>\t\t\t\t\t\t\t\t\t\t\t\t\t\t\t<\/div>\n\t\t\t\t<\/div>\n\t\t\t\t\t<\/div>\n\t\t\t\t<\/div>\n\t\t\t\t<\/div>","protected":false},"excerpt":{"rendered":"<p>Fournitures Peintures &amp; Accessoires Rubans &amp; Roues \u00e0 mesurer Kit D&rsquo;\u00c9toupe Activ\u00e9e. La solution original Ciment \u00e0 prise rapide Ready-Plug<\/p>","protected":false},"author":1,"featured_media":0,"parent":0,"menu_order":0,"comment_status":"closed","ping_status":"closed","template":"","meta":{"footnotes":""},"class_list":["post-5571","page","type-page","status-publish","hentry"],"_links":{"self":[{"href":"https:\/\/cecequip.com\/en\/wp-json\/wp\/v2\/pages\/5571","targetHints":{"allow":["GET"]}}],"collection":[{"href":"https:\/\/cecequip.com\/en\/wp-json\/wp\/v2\/pages"}],"about":[{"href":"https:\/\/cecequip.com\/en\/wp-json\/wp\/v2\/types\/page"}],"author":[{"embeddable":true,"href":"https:\/\/cecequip.com\/en\/wp-json\/wp\/v2\/users\/1"}],"replies":[{"embeddable":true,"href":"https:\/\/cecequip.com\/en\/wp-json\/wp\/v2\/comments?post=5571"}],"version-history":[{"count":10,"href":"https:\/\/cecequip.com\/en\/wp-json\/wp\/v2\/pages\/5571\/revisions"}],"predecessor-version":[{"id":6225,"href":"https:\/\/cecequip.com\/en\/wp-json\/wp\/v2\/pages\/5571\/revisions\/6225"}],"wp:attachment":[{"href":"https:\/\/cecequip.com\/en\/wp-json\/wp\/v2\/media?parent=5571"}],"curies":[{"name":"wp","href":"https:\/\/api.w.org\/{rel}","templated":true}]}}