{"id":5454,"date":"2026-02-25T11:36:44","date_gmt":"2026-02-25T11:36:44","guid":{"rendered":"https:\/\/blades.marcgermain.ca\/?page_id=5454"},"modified":"2026-02-25T11:44:38","modified_gmt":"2026-02-25T11:44:38","slug":"les-capteurs","status":"publish","type":"page","link":"https:\/\/cecequip.com\/en\/les-capteurs\/","title":{"rendered":"Les capteurs"},"content":{"rendered":"<div data-elementor-type=\"wp-page\" data-elementor-id=\"5454\" class=\"elementor elementor-5454\" data-elementor-post-type=\"page\">\n\t\t\t\t<div class=\"elementor-element elementor-element-23e7fcc e-flex e-con-boxed e-con e-parent\" data-id=\"23e7fcc\" data-element_type=\"container\" data-e-type=\"container\" data-settings=\"{&quot;background_background&quot;:&quot;classic&quot;}\">\n\t\t\t\t\t<div class=\"e-con-inner\">\n\t\t\t\t<div class=\"elementor-element elementor-element-572f79b elementor-widget elementor-widget-heading\" data-id=\"572f79b\" data-element_type=\"widget\" data-e-type=\"widget\" data-widget_type=\"heading.default\">\n\t\t\t\t\t<h2 class=\"elementor-heading-title elementor-size-default\">les capteurs\n<\/h2>\t\t\t\t<\/div>\n\t\t\t\t\t<\/div>\n\t\t\t\t<\/div>\n\t\t<div class=\"elementor-element elementor-element-93db453 e-flex e-con-boxed e-con e-parent\" data-id=\"93db453\" data-element_type=\"container\" data-e-type=\"container\">\n\t\t\t\t\t<div class=\"e-con-inner\">\n\t\t<div class=\"elementor-element elementor-element-6f7ce9f e-con-full e-flex e-con e-child\" data-id=\"6f7ce9f\" data-element_type=\"container\" data-e-type=\"container\">\n\t\t\t\t<div class=\"elementor-element elementor-element-9831c79 elementor-widget elementor-widget-heading\" data-id=\"9831c79\" data-element_type=\"widget\" data-e-type=\"widget\" data-widget_type=\"heading.default\">\n\t\t\t\t\t<h2 class=\"elementor-heading-title elementor-size-default\">Capteur Geomax ZRB105 incluant bracket<\/h2>\t\t\t\t<\/div>\n\t\t\t\t<div class=\"elementor-element elementor-element-1f8a12e elementor-widget elementor-widget-image\" data-id=\"1f8a12e\" data-element_type=\"widget\" data-e-type=\"widget\" data-widget_type=\"image.default\">\n\t\t\t\t\t\t\t\t\t\t\t\t\t\t\t<img fetchpriority=\"high\" decoding=\"async\" width=\"300\" height=\"300\" src=\"https:\/\/cecequip.com\/wp-content\/uploads\/2026\/02\/72494-11522628.jpg\" class=\"attachment-large size-large wp-image-5456\" alt=\"\" srcset=\"https:\/\/cecequip.com\/wp-content\/uploads\/2026\/02\/72494-11522628.jpg 300w, https:\/\/cecequip.com\/wp-content\/uploads\/2026\/02\/72494-11522628-150x150.jpg 150w\" sizes=\"(max-width: 300px) 100vw, 300px\" \/>\t\t\t\t\t\t\t\t\t\t\t\t\t\t\t<\/div>\n\t\t\t\t<div class=\"elementor-element elementor-element-44a3548 elementor-widget elementor-widget-text-editor\" data-id=\"44a3548\" data-element_type=\"widget\" data-e-type=\"widget\" data-widget_type=\"text-editor.default\">\n\t\t\t\t\t\t\t\t\t<p>Capteur Geomax ZRB105 incluant bracket avec affichage num\u00e9rique digital et auto-alignement<\/p>\t\t\t\t\t\t\t\t<\/div>\n\t\t\t\t<\/div>\n\t\t<div class=\"elementor-element elementor-element-a30c0ea e-con-full e-flex e-con e-child\" data-id=\"a30c0ea\" data-element_type=\"container\" data-e-type=\"container\">\n\t\t\t\t<div class=\"elementor-element elementor-element-4d1e00e elementor-widget elementor-widget-heading\" data-id=\"4d1e00e\" data-element_type=\"widget\" data-e-type=\"widget\" data-widget_type=\"heading.default\">\n\t\t\t\t\t<h2 class=\"elementor-heading-title elementor-size-default\">Capteur Geomax ZRB90 incluant bracket<\/h2>\t\t\t\t<\/div>\n\t\t\t\t<div class=\"elementor-element elementor-element-48d823a elementor-widget elementor-widget-image\" data-id=\"48d823a\" data-element_type=\"widget\" data-e-type=\"widget\" data-widget_type=\"image.default\">\n\t\t\t\t\t\t\t\t\t\t\t\t\t\t\t<img decoding=\"async\" width=\"800\" height=\"800\" src=\"https:\/\/cecequip.com\/wp-content\/uploads\/2026\/02\/basic.jpg\" class=\"attachment-large size-large wp-image-5457\" alt=\"\" srcset=\"https:\/\/cecequip.com\/wp-content\/uploads\/2026\/02\/basic.jpg 800w, https:\/\/cecequip.com\/wp-content\/uploads\/2026\/02\/basic-300x300.jpg 300w, https:\/\/cecequip.com\/wp-content\/uploads\/2026\/02\/basic-150x150.jpg 150w, https:\/\/cecequip.com\/wp-content\/uploads\/2026\/02\/basic-768x768.jpg 768w\" sizes=\"(max-width: 800px) 100vw, 800px\" \/>\t\t\t\t\t\t\t\t\t\t\t\t\t\t\t<\/div>\n\t\t\t\t<div class=\"elementor-element elementor-element-ae720bb elementor-widget elementor-widget-text-editor\" data-id=\"ae720bb\" data-element_type=\"widget\" data-e-type=\"widget\" data-widget_type=\"text-editor.default\">\n\t\t\t\t\t\t\t\t\t<p>Capteur Geomax ZRB90 incluant bracket<\/p>\t\t\t\t\t\t\t\t<\/div>\n\t\t\t\t<\/div>\n\t\t<div class=\"elementor-element elementor-element-b62be3e e-con-full e-flex e-con e-child\" data-id=\"b62be3e\" data-element_type=\"container\" data-e-type=\"container\">\n\t\t\t\t<div class=\"elementor-element elementor-element-1f74265 elementor-widget elementor-widget-heading\" data-id=\"1f74265\" data-element_type=\"widget\" data-e-type=\"widget\" data-widget_type=\"heading.default\">\n\t\t\t\t\t<h2 class=\"elementor-heading-title elementor-size-default\">Capteur Geomax ZRD105 incluant bracket<\/h2>\t\t\t\t<\/div>\n\t\t\t\t<div class=\"elementor-element elementor-element-328d3db elementor-widget elementor-widget-image\" data-id=\"328d3db\" data-element_type=\"widget\" data-e-type=\"widget\" data-widget_type=\"image.default\">\n\t\t\t\t\t\t\t\t\t\t\t\t\t\t\t<img decoding=\"async\" width=\"800\" height=\"800\" src=\"https:\/\/cecequip.com\/wp-content\/uploads\/2026\/02\/zrd105_right_1k__10127-1-1024x1024.jpg\" class=\"attachment-large size-large wp-image-5458\" alt=\"\" srcset=\"https:\/\/cecequip.com\/wp-content\/uploads\/2026\/02\/zrd105_right_1k__10127-1-1024x1024.jpg 1024w, https:\/\/cecequip.com\/wp-content\/uploads\/2026\/02\/zrd105_right_1k__10127-1-300x300.jpg 300w, https:\/\/cecequip.com\/wp-content\/uploads\/2026\/02\/zrd105_right_1k__10127-1-150x150.jpg 150w, https:\/\/cecequip.com\/wp-content\/uploads\/2026\/02\/zrd105_right_1k__10127-1-768x768.jpg 768w, https:\/\/cecequip.com\/wp-content\/uploads\/2026\/02\/zrd105_right_1k__10127-1.jpg 1280w\" sizes=\"(max-width: 800px) 100vw, 800px\" \/>\t\t\t\t\t\t\t\t\t\t\t\t\t\t\t<\/div>\n\t\t\t\t<div class=\"elementor-element elementor-element-5ef357d elementor-widget elementor-widget-text-editor\" data-id=\"5ef357d\" data-element_type=\"widget\" data-e-type=\"widget\" data-widget_type=\"text-editor.default\">\n\t\t\t\t\t\t\t\t\t<p>Capteur Geomax ZRD105 incluant bracket avec affichage num\u00e9rique digital<\/p>\t\t\t\t\t\t\t\t<\/div>\n\t\t\t\t<\/div>\n\t\t\t\t\t<\/div>\n\t\t\t\t<\/div>\n\t\t<div class=\"elementor-element elementor-element-c624636 e-flex e-con-boxed e-con e-parent\" data-id=\"c624636\" data-element_type=\"container\" data-e-type=\"container\">\n\t\t\t\t\t<div class=\"e-con-inner\">\n\t\t<div class=\"elementor-element elementor-element-84b5626 e-con-full e-flex e-con e-child\" data-id=\"84b5626\" data-element_type=\"container\" data-e-type=\"container\">\n\t\t\t\t<div class=\"elementor-element elementor-element-13f70e2 elementor-widget elementor-widget-heading\" data-id=\"13f70e2\" data-element_type=\"widget\" data-e-type=\"widget\" data-widget_type=\"heading.default\">\n\t\t\t\t\t<h2 class=\"elementor-heading-title elementor-size-default\">Capteur Geomax ZRP105 incluant bracket<\/h2>\t\t\t\t<\/div>\n\t\t\t\t<div class=\"elementor-element elementor-element-c2e34bd elementor-widget elementor-widget-image\" data-id=\"c2e34bd\" data-element_type=\"widget\" data-e-type=\"widget\" data-widget_type=\"image.default\">\n\t\t\t\t\t\t\t\t\t\t\t\t\t\t\t<img decoding=\"async\" width=\"800\" height=\"800\" src=\"https:\/\/cecequip.com\/wp-content\/uploads\/2026\/02\/zrd105_right_1k__10127-1-1024x1024.jpg\" class=\"attachment-large size-large wp-image-5458\" alt=\"\" srcset=\"https:\/\/cecequip.com\/wp-content\/uploads\/2026\/02\/zrd105_right_1k__10127-1-1024x1024.jpg 1024w, https:\/\/cecequip.com\/wp-content\/uploads\/2026\/02\/zrd105_right_1k__10127-1-300x300.jpg 300w, https:\/\/cecequip.com\/wp-content\/uploads\/2026\/02\/zrd105_right_1k__10127-1-150x150.jpg 150w, https:\/\/cecequip.com\/wp-content\/uploads\/2026\/02\/zrd105_right_1k__10127-1-768x768.jpg 768w, https:\/\/cecequip.com\/wp-content\/uploads\/2026\/02\/zrd105_right_1k__10127-1.jpg 1280w\" sizes=\"(max-width: 800px) 100vw, 800px\" \/>\t\t\t\t\t\t\t\t\t\t\t\t\t\t\t<\/div>\n\t\t\t\t<div class=\"elementor-element elementor-element-bdd4574 elementor-widget elementor-widget-text-editor\" data-id=\"bdd4574\" data-element_type=\"widget\" data-e-type=\"widget\" data-widget_type=\"text-editor.default\">\n\t\t\t\t\t\t\t\t\t<p>Format professionnel avec un double affichage analogique multi-canaux d\u00e9taill\u00e9, support\u00e9 par des signaux LED et audio r\u00e9glables.<\/p>\t\t\t\t\t\t\t\t<\/div>\n\t\t\t\t<\/div>\n\t\t<div class=\"elementor-element elementor-element-90d8b5f e-con-full e-flex e-con e-child\" data-id=\"90d8b5f\" data-element_type=\"container\" data-e-type=\"container\">\n\t\t\t\t<div class=\"elementor-element elementor-element-7e11af8 elementor-widget elementor-widget-heading\" data-id=\"7e11af8\" data-element_type=\"widget\" data-e-type=\"widget\" data-widget_type=\"heading.default\">\n\t\t\t\t\t<h2 class=\"elementor-heading-title elementor-size-default\">Capteur Leica Rod-Eye 120\n<\/h2>\t\t\t\t<\/div>\n\t\t\t\t<div class=\"elementor-element elementor-element-f1841cc elementor-widget elementor-widget-image\" data-id=\"f1841cc\" data-element_type=\"widget\" data-e-type=\"widget\" data-widget_type=\"image.default\">\n\t\t\t\t\t\t\t\t\t\t\t\t\t\t\t<img loading=\"lazy\" decoding=\"async\" width=\"445\" height=\"445\" src=\"https:\/\/cecequip.com\/wp-content\/uploads\/2026\/02\/RE-120-1-445x445-1.png\" class=\"attachment-large size-large wp-image-5459\" alt=\"\" srcset=\"https:\/\/cecequip.com\/wp-content\/uploads\/2026\/02\/RE-120-1-445x445-1.png 445w, https:\/\/cecequip.com\/wp-content\/uploads\/2026\/02\/RE-120-1-445x445-1-300x300.png 300w, https:\/\/cecequip.com\/wp-content\/uploads\/2026\/02\/RE-120-1-445x445-1-150x150.png 150w\" sizes=\"(max-width: 445px) 100vw, 445px\" \/>\t\t\t\t\t\t\t\t\t\t\t\t\t\t\t<\/div>\n\t\t\t\t<div class=\"elementor-element elementor-element-35a6ace elementor-widget elementor-widget-text-editor\" data-id=\"35a6ace\" data-element_type=\"widget\" data-e-type=\"widget\" data-widget_type=\"text-editor.default\">\n\t\t\t\t\t\t\t\t\t<p class=\"entry-title\">Capteur Leica Rod-Eye 120<\/p>\t\t\t\t\t\t\t\t<\/div>\n\t\t\t\t<\/div>\n\t\t<div class=\"elementor-element elementor-element-b9cc70b e-con-full e-flex e-con e-child\" data-id=\"b9cc70b\" data-element_type=\"container\" data-e-type=\"container\">\n\t\t\t\t<div class=\"elementor-element elementor-element-0077b89 elementor-widget elementor-widget-heading\" data-id=\"0077b89\" data-element_type=\"widget\" data-e-type=\"widget\" data-widget_type=\"heading.default\">\n\t\t\t\t\t<h2 class=\"elementor-heading-title elementor-size-default\">Capteur Leica Rod-Eye 120G<\/h2>\t\t\t\t<\/div>\n\t\t\t\t<div class=\"elementor-element elementor-element-ecb4236 elementor-widget elementor-widget-image\" data-id=\"ecb4236\" data-element_type=\"widget\" data-e-type=\"widget\" data-widget_type=\"image.default\">\n\t\t\t\t\t\t\t\t\t\t\t\t\t\t\t<img loading=\"lazy\" decoding=\"async\" width=\"445\" height=\"445\" src=\"https:\/\/cecequip.com\/wp-content\/uploads\/2026\/02\/RE-120G-2-445x445-1.png\" class=\"attachment-large size-large wp-image-5460\" alt=\"\" srcset=\"https:\/\/cecequip.com\/wp-content\/uploads\/2026\/02\/RE-120G-2-445x445-1.png 445w, https:\/\/cecequip.com\/wp-content\/uploads\/2026\/02\/RE-120G-2-445x445-1-300x300.png 300w, https:\/\/cecequip.com\/wp-content\/uploads\/2026\/02\/RE-120G-2-445x445-1-150x150.png 150w\" sizes=\"(max-width: 445px) 100vw, 445px\" \/>\t\t\t\t\t\t\t\t\t\t\t\t\t\t\t<\/div>\n\t\t\t\t<div class=\"elementor-element elementor-element-3b47168 elementor-widget elementor-widget-text-editor\" data-id=\"3b47168\" data-element_type=\"widget\" data-e-type=\"widget\" data-widget_type=\"text-editor.default\">\n\t\t\t\t\t\t\t\t\t<p>Capteur Rod-Eye 120G. Pour faisceau laser vert<\/p>\t\t\t\t\t\t\t\t<\/div>\n\t\t\t\t<\/div>\n\t\t\t\t\t<\/div>\n\t\t\t\t<\/div>\n\t\t<div class=\"elementor-element elementor-element-2baed85 e-flex e-con-boxed e-con e-parent\" data-id=\"2baed85\" data-element_type=\"container\" data-e-type=\"container\">\n\t\t\t\t\t<div class=\"e-con-inner\">\n\t\t<div class=\"elementor-element elementor-element-aa117e2 e-con-full e-flex e-con e-child\" data-id=\"aa117e2\" data-element_type=\"container\" data-e-type=\"container\">\n\t\t\t\t<div class=\"elementor-element elementor-element-d0e8c4f elementor-widget elementor-widget-heading\" data-id=\"d0e8c4f\" data-element_type=\"widget\" data-e-type=\"widget\" data-widget_type=\"heading.default\">\n\t\t\t\t\t<h2 class=\"elementor-heading-title elementor-size-default\">Capteur PLS XLD<\/h2>\t\t\t\t<\/div>\n\t\t\t\t<div class=\"elementor-element elementor-element-5a7760b elementor-widget elementor-widget-image\" data-id=\"5a7760b\" data-element_type=\"widget\" data-e-type=\"widget\" data-widget_type=\"image.default\">\n\t\t\t\t\t\t\t\t\t\t\t\t\t\t\t<img loading=\"lazy\" decoding=\"async\" width=\"300\" height=\"300\" src=\"https:\/\/cecequip.com\/wp-content\/uploads\/2026\/02\/31BiH-qMrfL._AC_-300x300-1.jpg\" class=\"attachment-large size-large wp-image-5464\" alt=\"\" srcset=\"https:\/\/cecequip.com\/wp-content\/uploads\/2026\/02\/31BiH-qMrfL._AC_-300x300-1.jpg 300w, https:\/\/cecequip.com\/wp-content\/uploads\/2026\/02\/31BiH-qMrfL._AC_-300x300-1-150x150.jpg 150w\" sizes=\"(max-width: 300px) 100vw, 300px\" \/>\t\t\t\t\t\t\t\t\t\t\t\t\t\t\t<\/div>\n\t\t\t\t<div class=\"elementor-element elementor-element-0fb689d elementor-widget elementor-widget-text-editor\" data-id=\"0fb689d\" data-element_type=\"widget\" data-e-type=\"widget\" data-widget_type=\"text-editor.default\">\n\t\t\t\t\t\t\t\t\t<p>Capteur PLS XLD. Affichage num\u00e9rique en mm ou en pouce.<\/p>\t\t\t\t\t\t\t\t<\/div>\n\t\t\t\t<\/div>\n\t\t<div class=\"elementor-element elementor-element-523a118 e-con-full e-flex e-con e-child\" data-id=\"523a118\" data-element_type=\"container\" data-e-type=\"container\">\n\t\t\t\t<div class=\"elementor-element elementor-element-4d1f0d4 elementor-widget elementor-widget-heading\" data-id=\"4d1f0d4\" data-element_type=\"widget\" data-e-type=\"widget\" data-widget_type=\"heading.default\">\n\t\t\t\t\t<h2 class=\"elementor-heading-title elementor-size-default\">Capteur Topcon LS-100D<\/h2>\t\t\t\t<\/div>\n\t\t\t\t<div class=\"elementor-element elementor-element-37323bd elementor-widget elementor-widget-image\" data-id=\"37323bd\" data-element_type=\"widget\" data-e-type=\"widget\" data-widget_type=\"image.default\">\n\t\t\t\t\t\t\t\t\t\t\t\t\t\t\t<img loading=\"lazy\" decoding=\"async\" width=\"300\" height=\"300\" src=\"https:\/\/cecequip.com\/wp-content\/uploads\/2026\/02\/20-1011989-01-300x300-1.png\" class=\"attachment-large size-large wp-image-5465\" alt=\"\" srcset=\"https:\/\/cecequip.com\/wp-content\/uploads\/2026\/02\/20-1011989-01-300x300-1.png 300w, https:\/\/cecequip.com\/wp-content\/uploads\/2026\/02\/20-1011989-01-300x300-1-150x150.png 150w\" sizes=\"(max-width: 300px) 100vw, 300px\" \/>\t\t\t\t\t\t\t\t\t\t\t\t\t\t\t<\/div>\n\t\t\t\t<div class=\"elementor-element elementor-element-1db0c35 elementor-widget elementor-widget-text-editor\" data-id=\"1db0c35\" data-element_type=\"widget\" data-e-type=\"widget\" data-widget_type=\"text-editor.default\">\n\t\t\t\t\t\t\t\t\t<p>Affichage num\u00e9rique en mm ou en pouce<\/p>\t\t\t\t\t\t\t\t<\/div>\n\t\t\t\t<\/div>\n\t\t<div class=\"elementor-element elementor-element-ddf9fab e-con-full e-flex e-con e-child\" data-id=\"ddf9fab\" data-element_type=\"container\" data-e-type=\"container\">\n\t\t\t\t<div class=\"elementor-element elementor-element-f840224 elementor-widget elementor-widget-heading\" data-id=\"f840224\" data-element_type=\"widget\" data-e-type=\"widget\" data-widget_type=\"heading.default\">\n\t\t\t\t\t<h2 class=\"elementor-heading-title elementor-size-default\">Capteur Topcon LS-80X<\/h2>\t\t\t\t<\/div>\n\t\t\t\t<div class=\"elementor-element elementor-element-1191874 elementor-widget elementor-widget-image\" data-id=\"1191874\" data-element_type=\"widget\" data-e-type=\"widget\" data-widget_type=\"image.default\">\n\t\t\t\t\t\t\t\t\t\t\t\t\t\t\t<img loading=\"lazy\" decoding=\"async\" width=\"600\" height=\"600\" src=\"https:\/\/cecequip.com\/wp-content\/uploads\/2026\/02\/80X-2.png\" class=\"attachment-large size-large wp-image-5466\" alt=\"\" srcset=\"https:\/\/cecequip.com\/wp-content\/uploads\/2026\/02\/80X-2.png 600w, https:\/\/cecequip.com\/wp-content\/uploads\/2026\/02\/80X-2-300x300.png 300w, https:\/\/cecequip.com\/wp-content\/uploads\/2026\/02\/80X-2-150x150.png 150w\" sizes=\"(max-width: 600px) 100vw, 600px\" \/>\t\t\t\t\t\t\t\t\t\t\t\t\t\t\t<\/div>\n\t\t\t\t<div class=\"elementor-element elementor-element-5be81e6 elementor-widget elementor-widget-text-editor\" data-id=\"5be81e6\" data-element_type=\"widget\" data-e-type=\"widget\" data-widget_type=\"text-editor.default\">\n\t\t\t\t\t\t\t\t\t<p>Tr\u00e8s solide et r\u00e9sistant. Son du speaker tr\u00e8s fort.<\/p>\t\t\t\t\t\t\t\t<\/div>\n\t\t\t\t<\/div>\n\t\t\t\t\t<\/div>\n\t\t\t\t<\/div>\n\t\t\t\t<\/div>","protected":false},"excerpt":{"rendered":"<p>les capteurs Capteur Geomax ZRB105 incluant bracket Capteur Geomax ZRB105 incluant bracket avec affichage num\u00e9rique digital et auto-alignement Capteur Geomax ZRB90 incluant bracket Capteur Geomax ZRB90 incluant bracket Capteur Geomax ZRD105 incluant bracket Capteur Geomax ZRD105 incluant bracket avec affichage num\u00e9rique digital Capteur Geomax ZRP105 incluant bracket Format professionnel avec un double affichage analogique multi-canaux [&hellip;]<\/p>\n","protected":false},"author":1,"featured_media":0,"parent":0,"menu_order":0,"comment_status":"closed","ping_status":"closed","template":"","meta":{"footnotes":""},"class_list":["post-5454","page","type-page","status-publish","hentry"],"_links":{"self":[{"href":"https:\/\/cecequip.com\/en\/wp-json\/wp\/v2\/pages\/5454","targetHints":{"allow":["GET"]}}],"collection":[{"href":"https:\/\/cecequip.com\/en\/wp-json\/wp\/v2\/pages"}],"about":[{"href":"https:\/\/cecequip.com\/en\/wp-json\/wp\/v2\/types\/page"}],"author":[{"embeddable":true,"href":"https:\/\/cecequip.com\/en\/wp-json\/wp\/v2\/users\/1"}],"replies":[{"embeddable":true,"href":"https:\/\/cecequip.com\/en\/wp-json\/wp\/v2\/comments?post=5454"}],"version-history":[{"count":7,"href":"https:\/\/cecequip.com\/en\/wp-json\/wp\/v2\/pages\/5454\/revisions"}],"predecessor-version":[{"id":5469,"href":"https:\/\/cecequip.com\/en\/wp-json\/wp\/v2\/pages\/5454\/revisions\/5469"}],"wp:attachment":[{"href":"https:\/\/cecequip.com\/en\/wp-json\/wp\/v2\/media?parent=5454"}],"curies":[{"name":"wp","href":"https:\/\/api.w.org\/{rel}","templated":true}]}}