{"id":5123,"date":"2026-02-24T15:48:55","date_gmt":"2026-02-24T15:48:55","guid":{"rendered":"https:\/\/blades.marcgermain.ca\/?page_id=5123"},"modified":"2026-02-24T16:30:10","modified_gmt":"2026-02-24T16:30:10","slug":"9-telemetres-lasers","status":"publish","type":"page","link":"https:\/\/cecequip.com\/en\/9-telemetres-lasers\/","title":{"rendered":"9 T\u00e9l\u00e9m\u00e8tres Lasers"},"content":{"rendered":"<div data-elementor-type=\"wp-page\" data-elementor-id=\"5123\" class=\"elementor elementor-5123\" data-elementor-post-type=\"page\">\n\t\t\t\t<div class=\"elementor-element elementor-element-23e7fcc e-flex e-con-boxed e-con e-parent\" data-id=\"23e7fcc\" data-element_type=\"container\" data-e-type=\"container\" data-settings=\"{&quot;background_background&quot;:&quot;classic&quot;}\">\n\t\t\t\t\t<div class=\"e-con-inner\">\n\t\t\t\t<div class=\"elementor-element elementor-element-572f79b elementor-widget elementor-widget-heading\" data-id=\"572f79b\" data-element_type=\"widget\" data-e-type=\"widget\" data-widget_type=\"heading.default\">\n\t\t\t\t\t<h2 class=\"elementor-heading-title elementor-size-default\">9 T\u00e9l\u00e9m\u00e8tres Lasers\n<\/h2>\t\t\t\t<\/div>\n\t\t\t\t\t<\/div>\n\t\t\t\t<\/div>\n\t\t<div class=\"elementor-element elementor-element-93db453 e-flex e-con-boxed e-con e-parent\" data-id=\"93db453\" data-element_type=\"container\" data-e-type=\"container\">\n\t\t\t\t\t<div class=\"e-con-inner\">\n\t\t<div class=\"elementor-element elementor-element-6f7ce9f e-con-full e-flex e-con e-child\" data-id=\"6f7ce9f\" data-element_type=\"container\" data-e-type=\"container\">\n\t\t\t\t<div class=\"elementor-element elementor-element-9831c79 elementor-widget elementor-widget-heading\" data-id=\"9831c79\" data-element_type=\"widget\" data-e-type=\"widget\" data-widget_type=\"heading.default\">\n\t\t\t\t\t<h2 class=\"elementor-heading-title elementor-size-default\">Leica DISTO\u2122 3D<\/h2>\t\t\t\t<\/div>\n\t\t\t\t<div class=\"elementor-element elementor-element-1f8a12e elementor-widget elementor-widget-image\" data-id=\"1f8a12e\" data-element_type=\"widget\" data-e-type=\"widget\" data-widget_type=\"image.default\">\n\t\t\t\t\t\t\t\t\t\t\t\t\t\t\t<img fetchpriority=\"high\" decoding=\"async\" width=\"445\" height=\"445\" src=\"https:\/\/cecequip.com\/wp-content\/uploads\/2018\/04\/Disto-3D-445x445-1.png\" class=\"attachment-large size-large wp-image-2594\" alt=\"\" srcset=\"https:\/\/cecequip.com\/wp-content\/uploads\/2018\/04\/Disto-3D-445x445-1.png 445w, https:\/\/cecequip.com\/wp-content\/uploads\/2018\/04\/Disto-3D-445x445-1-300x300.png 300w, https:\/\/cecequip.com\/wp-content\/uploads\/2018\/04\/Disto-3D-445x445-1-150x150.png 150w\" sizes=\"(max-width: 445px) 100vw, 445px\" \/>\t\t\t\t\t\t\t\t\t\t\t\t\t\t\t<\/div>\n\t\t\t\t<\/div>\n\t\t<div class=\"elementor-element elementor-element-a30c0ea e-con-full e-flex e-con e-child\" data-id=\"a30c0ea\" data-element_type=\"container\" data-e-type=\"container\">\n\t\t\t\t<div class=\"elementor-element elementor-element-4d1e00e elementor-widget elementor-widget-heading\" data-id=\"4d1e00e\" data-element_type=\"widget\" data-e-type=\"widget\" data-widget_type=\"heading.default\">\n\t\t\t\t\t<h2 class=\"elementor-heading-title elementor-size-default\">Leica DISTO\u2122 D1<\/h2>\t\t\t\t<\/div>\n\t\t\t\t<div class=\"elementor-element elementor-element-48d823a elementor-widget elementor-widget-image\" data-id=\"48d823a\" data-element_type=\"widget\" data-e-type=\"widget\" data-widget_type=\"image.default\">\n\t\t\t\t\t\t\t\t\t\t\t\t\t\t\t<img decoding=\"async\" width=\"445\" height=\"445\" src=\"https:\/\/cecequip.com\/wp-content\/uploads\/2018\/04\/Disto-D1-445x445-1.png\" class=\"attachment-large size-large wp-image-2604\" alt=\"\" srcset=\"https:\/\/cecequip.com\/wp-content\/uploads\/2018\/04\/Disto-D1-445x445-1.png 445w, https:\/\/cecequip.com\/wp-content\/uploads\/2018\/04\/Disto-D1-445x445-1-300x300.png 300w, https:\/\/cecequip.com\/wp-content\/uploads\/2018\/04\/Disto-D1-445x445-1-150x150.png 150w\" sizes=\"(max-width: 445px) 100vw, 445px\" \/>\t\t\t\t\t\t\t\t\t\t\t\t\t\t\t<\/div>\n\t\t\t\t<\/div>\n\t\t<div class=\"elementor-element elementor-element-b62be3e e-con-full e-flex e-con e-child\" data-id=\"b62be3e\" data-element_type=\"container\" data-e-type=\"container\">\n\t\t\t\t<div class=\"elementor-element elementor-element-1f74265 elementor-widget elementor-widget-heading\" data-id=\"1f74265\" data-element_type=\"widget\" data-e-type=\"widget\" data-widget_type=\"heading.default\">\n\t\t\t\t\t<h2 class=\"elementor-heading-title elementor-size-default\">Leica DISTO\u2122 D2<\/h2>\t\t\t\t<\/div>\n\t\t\t\t<div class=\"elementor-element elementor-element-328d3db elementor-widget elementor-widget-image\" data-id=\"328d3db\" data-element_type=\"widget\" data-e-type=\"widget\" data-widget_type=\"image.default\">\n\t\t\t\t\t\t\t\t\t\t\t\t\t\t\t<img decoding=\"async\" width=\"445\" height=\"445\" src=\"https:\/\/cecequip.com\/wp-content\/uploads\/2018\/04\/Disto-D2-445x445-1.png\" class=\"attachment-large size-large wp-image-2608\" alt=\"\" srcset=\"https:\/\/cecequip.com\/wp-content\/uploads\/2018\/04\/Disto-D2-445x445-1.png 445w, https:\/\/cecequip.com\/wp-content\/uploads\/2018\/04\/Disto-D2-445x445-1-300x300.png 300w, https:\/\/cecequip.com\/wp-content\/uploads\/2018\/04\/Disto-D2-445x445-1-150x150.png 150w\" sizes=\"(max-width: 445px) 100vw, 445px\" \/>\t\t\t\t\t\t\t\t\t\t\t\t\t\t\t<\/div>\n\t\t\t\t<\/div>\n\t\t\t\t\t<\/div>\n\t\t\t\t<\/div>\n\t\t<div class=\"elementor-element elementor-element-62cfcfa e-flex e-con-boxed e-con e-parent\" data-id=\"62cfcfa\" data-element_type=\"container\" data-e-type=\"container\">\n\t\t\t\t\t<div class=\"e-con-inner\">\n\t\t<div class=\"elementor-element elementor-element-2340166 e-con-full e-flex e-con e-child\" data-id=\"2340166\" data-element_type=\"container\" data-e-type=\"container\">\n\t\t\t\t<div class=\"elementor-element elementor-element-a33847c elementor-widget elementor-widget-heading\" data-id=\"a33847c\" data-element_type=\"widget\" data-e-type=\"widget\" data-widget_type=\"heading.default\">\n\t\t\t\t\t<h2 class=\"elementor-heading-title elementor-size-default\">Leica DISTO\u2122 E7500i<\/h2>\t\t\t\t<\/div>\n\t\t\t\t<div class=\"elementor-element elementor-element-bcc2ae0 elementor-widget elementor-widget-image\" data-id=\"bcc2ae0\" data-element_type=\"widget\" data-e-type=\"widget\" data-widget_type=\"image.default\">\n\t\t\t\t\t\t\t\t\t\t\t\t\t\t\t<img loading=\"lazy\" decoding=\"async\" width=\"445\" height=\"445\" src=\"https:\/\/cecequip.com\/wp-content\/uploads\/2018\/04\/Disto-E7500i-445x445-1.png\" class=\"attachment-large size-large wp-image-2627\" alt=\"\" srcset=\"https:\/\/cecequip.com\/wp-content\/uploads\/2018\/04\/Disto-E7500i-445x445-1.png 445w, https:\/\/cecequip.com\/wp-content\/uploads\/2018\/04\/Disto-E7500i-445x445-1-300x300.png 300w, https:\/\/cecequip.com\/wp-content\/uploads\/2018\/04\/Disto-E7500i-445x445-1-150x150.png 150w\" sizes=\"(max-width: 445px) 100vw, 445px\" \/>\t\t\t\t\t\t\t\t\t\t\t\t\t\t\t<\/div>\n\t\t\t\t<\/div>\n\t\t<div class=\"elementor-element elementor-element-bfebff5 e-con-full e-flex e-con e-child\" data-id=\"bfebff5\" data-element_type=\"container\" data-e-type=\"container\">\n\t\t\t\t<div class=\"elementor-element elementor-element-4082657 elementor-widget elementor-widget-heading\" data-id=\"4082657\" data-element_type=\"widget\" data-e-type=\"widget\" data-widget_type=\"heading.default\">\n\t\t\t\t\t<h2 class=\"elementor-heading-title elementor-size-default\">Leica DISTO\u2122 E7100i<\/h2>\t\t\t\t<\/div>\n\t\t\t\t<div class=\"elementor-element elementor-element-b0a9aff elementor-widget elementor-widget-image\" data-id=\"b0a9aff\" data-element_type=\"widget\" data-e-type=\"widget\" data-widget_type=\"image.default\">\n\t\t\t\t\t\t\t\t\t\t\t\t\t\t\t<img loading=\"lazy\" decoding=\"async\" width=\"445\" height=\"445\" src=\"https:\/\/cecequip.com\/wp-content\/uploads\/2018\/04\/Disto-E7100i-445x445-1.png\" class=\"attachment-large size-large wp-image-2613\" alt=\"\" srcset=\"https:\/\/cecequip.com\/wp-content\/uploads\/2018\/04\/Disto-E7100i-445x445-1.png 445w, https:\/\/cecequip.com\/wp-content\/uploads\/2018\/04\/Disto-E7100i-445x445-1-300x300.png 300w, https:\/\/cecequip.com\/wp-content\/uploads\/2018\/04\/Disto-E7100i-445x445-1-150x150.png 150w\" sizes=\"(max-width: 445px) 100vw, 445px\" \/>\t\t\t\t\t\t\t\t\t\t\t\t\t\t\t<\/div>\n\t\t\t\t<\/div>\n\t\t<div class=\"elementor-element elementor-element-6dea2b6 e-con-full e-flex e-con e-child\" data-id=\"6dea2b6\" data-element_type=\"container\" data-e-type=\"container\">\n\t\t\t\t<div class=\"elementor-element elementor-element-b934c48 elementor-widget elementor-widget-heading\" data-id=\"b934c48\" data-element_type=\"widget\" data-e-type=\"widget\" data-widget_type=\"heading.default\">\n\t\t\t\t\t<h2 class=\"elementor-heading-title elementor-size-default\">Leica DISTO\u2122 D810<\/h2>\t\t\t\t<\/div>\n\t\t\t\t<div class=\"elementor-element elementor-element-fe263f6 elementor-widget elementor-widget-image\" data-id=\"fe263f6\" data-element_type=\"widget\" data-e-type=\"widget\" data-widget_type=\"image.default\">\n\t\t\t\t\t\t\t\t\t\t\t\t\t\t\t<img loading=\"lazy\" decoding=\"async\" width=\"445\" height=\"445\" src=\"https:\/\/cecequip.com\/wp-content\/uploads\/2018\/04\/Disto-D810-445x445-1.png\" class=\"attachment-large size-large wp-image-2611\" alt=\"\" srcset=\"https:\/\/cecequip.com\/wp-content\/uploads\/2018\/04\/Disto-D810-445x445-1.png 445w, https:\/\/cecequip.com\/wp-content\/uploads\/2018\/04\/Disto-D810-445x445-1-300x300.png 300w, https:\/\/cecequip.com\/wp-content\/uploads\/2018\/04\/Disto-D810-445x445-1-150x150.png 150w\" sizes=\"(max-width: 445px) 100vw, 445px\" \/>\t\t\t\t\t\t\t\t\t\t\t\t\t\t\t<\/div>\n\t\t\t\t<\/div>\n\t\t\t\t\t<\/div>\n\t\t\t\t<\/div>\n\t\t<div class=\"elementor-element elementor-element-90b631c e-flex e-con-boxed e-con e-parent\" data-id=\"90b631c\" data-element_type=\"container\" data-e-type=\"container\">\n\t\t\t\t\t<div class=\"e-con-inner\">\n\t\t<div class=\"elementor-element elementor-element-4cceb54 e-con-full e-flex e-con e-child\" data-id=\"4cceb54\" data-element_type=\"container\" data-e-type=\"container\">\n\t\t\t\t<div class=\"elementor-element elementor-element-9efe86e elementor-widget elementor-widget-heading\" data-id=\"9efe86e\" data-element_type=\"widget\" data-e-type=\"widget\" data-widget_type=\"heading.default\">\n\t\t\t\t\t<h2 class=\"elementor-heading-title elementor-size-default\">Leica DISTO\u2122 X4<\/h2>\t\t\t\t<\/div>\n\t\t\t\t<div class=\"elementor-element elementor-element-43c914c elementor-widget elementor-widget-image\" data-id=\"43c914c\" data-element_type=\"widget\" data-e-type=\"widget\" data-widget_type=\"image.default\">\n\t\t\t\t\t\t\t\t\t\t\t\t\t\t\t<img loading=\"lazy\" decoding=\"async\" width=\"445\" height=\"445\" src=\"https:\/\/cecequip.com\/wp-content\/uploads\/2019\/11\/Disto-X4-445x445-1.png\" class=\"attachment-large size-large wp-image-3032\" alt=\"\" srcset=\"https:\/\/cecequip.com\/wp-content\/uploads\/2019\/11\/Disto-X4-445x445-1.png 445w, https:\/\/cecequip.com\/wp-content\/uploads\/2019\/11\/Disto-X4-445x445-1-300x300.png 300w, https:\/\/cecequip.com\/wp-content\/uploads\/2019\/11\/Disto-X4-445x445-1-150x150.png 150w\" sizes=\"(max-width: 445px) 100vw, 445px\" \/>\t\t\t\t\t\t\t\t\t\t\t\t\t\t\t<\/div>\n\t\t\t\t<\/div>\n\t\t<div class=\"elementor-element elementor-element-4273b95 e-con-full e-flex e-con e-child\" data-id=\"4273b95\" data-element_type=\"container\" data-e-type=\"container\">\n\t\t\t\t<div class=\"elementor-element elementor-element-15a2bfa elementor-widget elementor-widget-heading\" data-id=\"15a2bfa\" data-element_type=\"widget\" data-e-type=\"widget\" data-widget_type=\"heading.default\">\n\t\t\t\t\t<h2 class=\"elementor-heading-title elementor-size-default\">Leica DISTO\u2122 X3<\/h2>\t\t\t\t<\/div>\n\t\t\t\t<div class=\"elementor-element elementor-element-78f2651 elementor-widget elementor-widget-image\" data-id=\"78f2651\" data-element_type=\"widget\" data-e-type=\"widget\" data-widget_type=\"image.default\">\n\t\t\t\t\t\t\t\t\t\t\t\t\t\t\t<img loading=\"lazy\" decoding=\"async\" width=\"445\" height=\"445\" src=\"https:\/\/cecequip.com\/wp-content\/uploads\/2019\/11\/Disto-X3-445x445-1.png\" class=\"attachment-large size-large wp-image-3025\" alt=\"\" srcset=\"https:\/\/cecequip.com\/wp-content\/uploads\/2019\/11\/Disto-X3-445x445-1.png 445w, https:\/\/cecequip.com\/wp-content\/uploads\/2019\/11\/Disto-X3-445x445-1-300x300.png 300w, https:\/\/cecequip.com\/wp-content\/uploads\/2019\/11\/Disto-X3-445x445-1-150x150.png 150w\" sizes=\"(max-width: 445px) 100vw, 445px\" \/>\t\t\t\t\t\t\t\t\t\t\t\t\t\t\t<\/div>\n\t\t\t\t<\/div>\n\t\t<div class=\"elementor-element elementor-element-5b4fc8e e-con-full e-flex e-con e-child\" data-id=\"5b4fc8e\" data-element_type=\"container\" data-e-type=\"container\">\n\t\t\t\t<div class=\"elementor-element elementor-element-21d5fd7 elementor-widget elementor-widget-heading\" data-id=\"21d5fd7\" data-element_type=\"widget\" data-e-type=\"widget\" data-widget_type=\"heading.default\">\n\t\t\t\t\t<h2 class=\"elementor-heading-title elementor-size-default\">Leica DISTO\u2122 S910<\/h2>\t\t\t\t<\/div>\n\t\t\t\t<div class=\"elementor-element elementor-element-3452186 elementor-widget elementor-widget-image\" data-id=\"3452186\" data-element_type=\"widget\" data-e-type=\"widget\" data-widget_type=\"image.default\">\n\t\t\t\t\t\t\t\t\t\t\t\t\t\t\t<img loading=\"lazy\" decoding=\"async\" width=\"445\" height=\"445\" src=\"https:\/\/cecequip.com\/wp-content\/uploads\/2018\/04\/Disto-S910-445x445-1.png\" class=\"attachment-large size-large wp-image-2629\" alt=\"\" srcset=\"https:\/\/cecequip.com\/wp-content\/uploads\/2018\/04\/Disto-S910-445x445-1.png 445w, https:\/\/cecequip.com\/wp-content\/uploads\/2018\/04\/Disto-S910-445x445-1-300x300.png 300w, https:\/\/cecequip.com\/wp-content\/uploads\/2018\/04\/Disto-S910-445x445-1-150x150.png 150w\" sizes=\"(max-width: 445px) 100vw, 445px\" \/>\t\t\t\t\t\t\t\t\t\t\t\t\t\t\t<\/div>\n\t\t\t\t<\/div>\n\t\t\t\t\t<\/div>\n\t\t\t\t<\/div>\n\t\t\t\t<\/div>","protected":false},"excerpt":{"rendered":"<p>9 T\u00e9l\u00e9m\u00e8tres Lasers Leica DISTO\u2122 3D Leica DISTO\u2122 D1 Leica DISTO\u2122 D2 Leica DISTO\u2122 E7500i Leica DISTO\u2122 E7100i Leica DISTO\u2122 D810 Leica DISTO\u2122 X4 Leica DISTO\u2122 X3 Leica DISTO\u2122 S910<\/p>","protected":false},"author":1,"featured_media":0,"parent":0,"menu_order":0,"comment_status":"closed","ping_status":"closed","template":"","meta":{"footnotes":""},"class_list":["post-5123","page","type-page","status-publish","hentry"],"_links":{"self":[{"href":"https:\/\/cecequip.com\/en\/wp-json\/wp\/v2\/pages\/5123","targetHints":{"allow":["GET"]}}],"collection":[{"href":"https:\/\/cecequip.com\/en\/wp-json\/wp\/v2\/pages"}],"about":[{"href":"https:\/\/cecequip.com\/en\/wp-json\/wp\/v2\/types\/page"}],"author":[{"embeddable":true,"href":"https:\/\/cecequip.com\/en\/wp-json\/wp\/v2\/users\/1"}],"replies":[{"embeddable":true,"href":"https:\/\/cecequip.com\/en\/wp-json\/wp\/v2\/comments?post=5123"}],"version-history":[{"count":11,"href":"https:\/\/cecequip.com\/en\/wp-json\/wp\/v2\/pages\/5123\/revisions"}],"predecessor-version":[{"id":5177,"href":"https:\/\/cecequip.com\/en\/wp-json\/wp\/v2\/pages\/5123\/revisions\/5177"}],"wp:attachment":[{"href":"https:\/\/cecequip.com\/en\/wp-json\/wp\/v2\/media?parent=5123"}],"curies":[{"name":"wp","href":"https:\/\/api.w.org\/{rel}","templated":true}]}}