{"id":5051,"date":"2026-02-24T11:33:48","date_gmt":"2026-02-24T11:33:48","guid":{"rendered":"https:\/\/blades.marcgermain.ca\/?page_id=5051"},"modified":"2026-02-24T11:34:24","modified_gmt":"2026-02-24T11:34:24","slug":"leica-piper-100","status":"publish","type":"page","link":"https:\/\/cecequip.com\/en\/leica-piper-100\/","title":{"rendered":"Leica Piper 100"},"content":{"rendered":"<div data-elementor-type=\"wp-page\" data-elementor-id=\"5051\" class=\"elementor elementor-5051\" data-elementor-post-type=\"page\">\n\t\t\t\t<div class=\"elementor-element elementor-element-23e7fcc e-flex e-con-boxed e-con e-parent\" data-id=\"23e7fcc\" data-element_type=\"container\" data-e-type=\"container\" data-settings=\"{&quot;background_background&quot;:&quot;classic&quot;}\">\n\t\t\t\t\t<div class=\"e-con-inner\">\n\t\t\t\t<div class=\"elementor-element elementor-element-572f79b elementor-widget elementor-widget-heading\" data-id=\"572f79b\" data-element_type=\"widget\" data-e-type=\"widget\" data-widget_type=\"heading.default\">\n\t\t\t\t\t<h2 class=\"elementor-heading-title elementor-size-default\">Leica Piper 100<\/h2>\t\t\t\t<\/div>\n\t\t\t\t\t<\/div>\n\t\t\t\t<\/div>\n\t\t<div class=\"elementor-element elementor-element-56dfce6 e-flex e-con-boxed e-con e-parent\" data-id=\"56dfce6\" data-element_type=\"container\" data-e-type=\"container\">\n\t\t\t\t\t<div class=\"e-con-inner\">\n\t\t<div class=\"elementor-element elementor-element-052b871 e-con-full e-flex e-con e-child\" data-id=\"052b871\" data-element_type=\"container\" data-e-type=\"container\">\n\t\t\t\t<div class=\"elementor-element elementor-element-8c10536 elementor-widget elementor-widget-image\" data-id=\"8c10536\" data-element_type=\"widget\" data-e-type=\"widget\" data-widget_type=\"image.default\">\n\t\t\t\t\t\t\t\t\t\t\t\t\t\t\t<img fetchpriority=\"high\" decoding=\"async\" width=\"600\" height=\"400\" src=\"https:\/\/cecequip.com\/wp-content\/uploads\/2026\/02\/leica-piper.png\" class=\"attachment-large size-large wp-image-4975\" alt=\"\" srcset=\"https:\/\/cecequip.com\/wp-content\/uploads\/2026\/02\/leica-piper.png 600w, https:\/\/cecequip.com\/wp-content\/uploads\/2026\/02\/leica-piper-300x200.png 300w\" sizes=\"(max-width: 600px) 100vw, 600px\" \/>\t\t\t\t\t\t\t\t\t\t\t\t\t\t\t<\/div>\n\t\t\t\t<\/div>\n\t\t<div class=\"elementor-element elementor-element-b1fa761 e-con-full e-flex e-con e-child\" data-id=\"b1fa761\" data-element_type=\"container\" data-e-type=\"container\">\n\t\t\t\t<div class=\"elementor-element elementor-element-7e53a26 elementor-widget elementor-widget-text-editor\" data-id=\"7e53a26\" data-element_type=\"widget\" data-e-type=\"widget\" data-widget_type=\"text-editor.default\">\n\t\t\t\t\t\t\t\t\t<div class=\"text-group info-content\"><div class=\"woocommerce-tabs wc-tabs-wrapper\"><div id=\"tab-description\" class=\"woocommerce-Tabs-panel woocommerce-Tabs-panel--description panel entry-content wc-tab\" role=\"tabpanel\" aria-labelledby=\"tab-title-description\"><div class=\"text-group\"><div class=\"woocommerce-tabs wc-tabs-wrapper\"><div id=\"tab-description\" class=\"woocommerce-Tabs-panel woocommerce-Tabs-panel--description panel entry-content wc-tab\" role=\"tabpanel\" aria-labelledby=\"tab-title-description\"><p>Simples, pr\u00e9cis, compacts, et pouvant \u00eatre utilis\u00e9s efficacement autant en surface que dans une canalisation ou une bouche d\u2019\u00e9gout gr\u00e2ce \u00e0 leur diam\u00e8tre de 4\u2033.<\/p><div class=\"p-produit__features\"><h2 class=\"h3-like\">CARACT\u00c9RISTIQUES<\/h2><ul class=\"list list--unlist\"><li>Port\u00e9e : 200m<\/li><li>Port\u00e9e t\u00e9l\u00e9commande : Jusqu\u2019\u00e0 150m devant \/ Jusqu\u2019\u00e0 10m derri\u00e8re<\/li><li>Pente : -10% @ +25%<\/li><li>Auto-calage : -15% @ +30%<\/li><li>Protection : IPX8<\/li><li>T\u00b0 d\u2019utilisation : -20\u00b0C @ +50\u00b0C<\/li><li>Alimentation : Batterie Li-Ion<\/li><\/ul><\/div><\/div><\/div><section class=\"related products\"><\/section><\/div><\/div><\/div><section class=\"related products\"><\/section><\/div>\t\t\t\t\t\t\t\t<\/div>\n\t\t\t\t<\/div>\n\t\t\t\t\t<\/div>\n\t\t\t\t<\/div>\n\t\t\t\t<\/div>","protected":false},"excerpt":{"rendered":"<p>Leica Piper 100 Simples, pr\u00e9cis, compacts, et pouvant \u00eatre utilis\u00e9s efficacement autant en surface que dans une canalisation ou une bouche d\u2019\u00e9gout gr\u00e2ce \u00e0 leur diam\u00e8tre de 4\u2033. CARACT\u00c9RISTIQUES Port\u00e9e : 200m Port\u00e9e t\u00e9l\u00e9commande : Jusqu\u2019\u00e0 150m devant \/ Jusqu\u2019\u00e0 10m derri\u00e8re Pente : -10% @ +25% Auto-calage : -15% @ +30% Protection : IPX8 [&hellip;]<\/p>\n","protected":false},"author":1,"featured_media":0,"parent":0,"menu_order":0,"comment_status":"closed","ping_status":"closed","template":"","meta":{"footnotes":""},"class_list":["post-5051","page","type-page","status-publish","hentry"],"_links":{"self":[{"href":"https:\/\/cecequip.com\/en\/wp-json\/wp\/v2\/pages\/5051","targetHints":{"allow":["GET"]}}],"collection":[{"href":"https:\/\/cecequip.com\/en\/wp-json\/wp\/v2\/pages"}],"about":[{"href":"https:\/\/cecequip.com\/en\/wp-json\/wp\/v2\/types\/page"}],"author":[{"embeddable":true,"href":"https:\/\/cecequip.com\/en\/wp-json\/wp\/v2\/users\/1"}],"replies":[{"embeddable":true,"href":"https:\/\/cecequip.com\/en\/wp-json\/wp\/v2\/comments?post=5051"}],"version-history":[{"count":4,"href":"https:\/\/cecequip.com\/en\/wp-json\/wp\/v2\/pages\/5051\/revisions"}],"predecessor-version":[{"id":5055,"href":"https:\/\/cecequip.com\/en\/wp-json\/wp\/v2\/pages\/5051\/revisions\/5055"}],"wp:attachment":[{"href":"https:\/\/cecequip.com\/en\/wp-json\/wp\/v2\/media?parent=5051"}],"curies":[{"name":"wp","href":"https:\/\/api.w.org\/{rel}","templated":true}]}}