{"id":5027,"date":"2026-02-24T11:26:57","date_gmt":"2026-02-24T11:26:57","guid":{"rendered":"https:\/\/blades.marcgermain.ca\/?page_id=5027"},"modified":"2026-02-24T11:28:00","modified_gmt":"2026-02-24T11:28:00","slug":"topcon-tp-l6b","status":"publish","type":"page","link":"https:\/\/cecequip.com\/en\/topcon-tp-l6b\/","title":{"rendered":"Topcon TP-L6B"},"content":{"rendered":"<div data-elementor-type=\"wp-page\" data-elementor-id=\"5027\" class=\"elementor elementor-5027\" data-elementor-post-type=\"page\">\n\t\t\t\t<div class=\"elementor-element elementor-element-23e7fcc e-flex e-con-boxed e-con e-parent\" data-id=\"23e7fcc\" data-element_type=\"container\" data-e-type=\"container\" data-settings=\"{&quot;background_background&quot;:&quot;classic&quot;}\">\n\t\t\t\t\t<div class=\"e-con-inner\">\n\t\t\t\t<div class=\"elementor-element elementor-element-572f79b elementor-widget elementor-widget-heading\" data-id=\"572f79b\" data-element_type=\"widget\" data-e-type=\"widget\" data-widget_type=\"heading.default\">\n\t\t\t\t\t<h2 class=\"elementor-heading-title elementor-size-default\">Topcon TP-L6B\n\n<\/h2>\t\t\t\t<\/div>\n\t\t\t\t\t<\/div>\n\t\t\t\t<\/div>\n\t\t<div class=\"elementor-element elementor-element-56dfce6 e-flex e-con-boxed e-con e-parent\" data-id=\"56dfce6\" data-element_type=\"container\" data-e-type=\"container\">\n\t\t\t\t\t<div class=\"e-con-inner\">\n\t\t<div class=\"elementor-element elementor-element-052b871 e-con-full e-flex e-con e-child\" data-id=\"052b871\" data-element_type=\"container\" data-e-type=\"container\">\n\t\t\t\t<div class=\"elementor-element elementor-element-8c10536 elementor-widget elementor-widget-image\" data-id=\"8c10536\" data-element_type=\"widget\" data-e-type=\"widget\" data-widget_type=\"image.default\">\n\t\t\t\t\t\t\t\t\t\t\t\t\t\t\t<img fetchpriority=\"high\" decoding=\"async\" width=\"450\" height=\"300\" src=\"https:\/\/cecequip.com\/wp-content\/uploads\/2023\/01\/tp-l6_withphone_s_20200117_0011_5.webp\" class=\"attachment-large size-large wp-image-3676\" alt=\"\" srcset=\"https:\/\/cecequip.com\/wp-content\/uploads\/2023\/01\/tp-l6_withphone_s_20200117_0011_5.webp 450w, https:\/\/cecequip.com\/wp-content\/uploads\/2023\/01\/tp-l6_withphone_s_20200117_0011_5-300x200.webp 300w\" sizes=\"(max-width: 450px) 100vw, 450px\" \/>\t\t\t\t\t\t\t\t\t\t\t\t\t\t\t<\/div>\n\t\t\t\t<\/div>\n\t\t<div class=\"elementor-element elementor-element-b1fa761 e-con-full e-flex e-con e-child\" data-id=\"b1fa761\" data-element_type=\"container\" data-e-type=\"container\">\n\t\t\t\t<div class=\"elementor-element elementor-element-7e53a26 elementor-widget elementor-widget-text-editor\" data-id=\"7e53a26\" data-element_type=\"widget\" data-e-type=\"widget\" data-widget_type=\"text-editor.default\">\n\t\t\t\t\t\t\t\t\t<div class=\"text-group info-content\"><div class=\"woocommerce-tabs wc-tabs-wrapper\"><div id=\"tab-description\" class=\"woocommerce-Tabs-panel woocommerce-Tabs-panel--description panel entry-content wc-tab\" role=\"tabpanel\" aria-labelledby=\"tab-title-description\"><div class=\"text-group\"><div class=\"woocommerce-tabs wc-tabs-wrapper\"><div id=\"tab-description\" class=\"woocommerce-Tabs-panel woocommerce-Tabs-panel--description panel entry-content wc-tab\" role=\"tabpanel\" aria-labelledby=\"tab-title-description\"><h3 class=\"section-header no-print\">Flexible et pratique<\/h3><p>Gr\u00e2ce \u00e0 sa taille r\u00e9duite, \u00e0 sa batterie longue dur\u00e9e et \u00e0 son application mobile, le laser de canalisations TP-L6 est l\u2019un des \u00e9quipements les plus flexibles du march\u00e9. Il est facile \u00e0 utiliser, s\u2019adapte aux espaces r\u00e9duits et offre davantage de confort et de s\u00e9curit\u00e9 aux\u00a0op\u00e9rateurs.<\/p><ul><li>Flexibilit\u00e9 accrue gr\u00e2ce \u00e0 un design compact<\/li><li>Plage de r\u00e9glage de la pente\u00a0: -15\u00a0\u00e0 40\u00a0%<\/li><li>Laser vert\/rouge<\/li><li>Autonomie de la batterie\u00a0: 60\u00a0heures<\/li><li>Nivellement automatique<\/li><li>Plomb laser en option<\/li><li>Affichage et contr\u00f4le \u00e0 distance via l\u2019application mobile Android<\/li><li>Connexion Bluetooth<\/li><\/ul><\/div><\/div><section class=\"related products\"><\/section><\/div><\/div><\/div><section class=\"related products\"><\/section><\/div>\t\t\t\t\t\t\t\t<\/div>\n\t\t\t\t<\/div>\n\t\t\t\t\t<\/div>\n\t\t\t\t<\/div>\n\t\t\t\t<\/div>","protected":false},"excerpt":{"rendered":"<p>Topcon TP-L6B Flexible et pratique Gr\u00e2ce \u00e0 sa taille r\u00e9duite, \u00e0 sa batterie longue dur\u00e9e et \u00e0 son application mobile, le laser de canalisations TP-L6 est l\u2019un des \u00e9quipements les plus flexibles du march\u00e9. Il est facile \u00e0 utiliser, s\u2019adapte aux espaces r\u00e9duits et offre davantage de confort et de s\u00e9curit\u00e9 aux\u00a0op\u00e9rateurs. Flexibilit\u00e9 accrue gr\u00e2ce [&hellip;]<\/p>\n","protected":false},"author":1,"featured_media":0,"parent":0,"menu_order":0,"comment_status":"closed","ping_status":"closed","template":"","meta":{"footnotes":""},"class_list":["post-5027","page","type-page","status-publish","hentry"],"_links":{"self":[{"href":"https:\/\/cecequip.com\/en\/wp-json\/wp\/v2\/pages\/5027","targetHints":{"allow":["GET"]}}],"collection":[{"href":"https:\/\/cecequip.com\/en\/wp-json\/wp\/v2\/pages"}],"about":[{"href":"https:\/\/cecequip.com\/en\/wp-json\/wp\/v2\/types\/page"}],"author":[{"embeddable":true,"href":"https:\/\/cecequip.com\/en\/wp-json\/wp\/v2\/users\/1"}],"replies":[{"embeddable":true,"href":"https:\/\/cecequip.com\/en\/wp-json\/wp\/v2\/comments?post=5027"}],"version-history":[{"count":4,"href":"https:\/\/cecequip.com\/en\/wp-json\/wp\/v2\/pages\/5027\/revisions"}],"predecessor-version":[{"id":5031,"href":"https:\/\/cecequip.com\/en\/wp-json\/wp\/v2\/pages\/5027\/revisions\/5031"}],"wp:attachment":[{"href":"https:\/\/cecequip.com\/en\/wp-json\/wp\/v2\/media?parent=5027"}],"curies":[{"name":"wp","href":"https:\/\/api.w.org\/{rel}","templated":true}]}}