{"id":4993,"date":"2026-02-24T11:13:40","date_gmt":"2026-02-24T11:13:40","guid":{"rendered":"https:\/\/blades.marcgermain.ca\/?page_id=4993"},"modified":"2026-02-24T11:15:29","modified_gmt":"2026-02-24T11:15:29","slug":"laser-degout-geomax-zeta-125g","status":"publish","type":"page","link":"https:\/\/cecequip.com\/en\/laser-degout-geomax-zeta-125g\/","title":{"rendered":"Laser d\u2019\u00e9go\u00fbt Geomax Zeta 125G"},"content":{"rendered":"<div data-elementor-type=\"wp-page\" data-elementor-id=\"4993\" class=\"elementor elementor-4993\" data-elementor-post-type=\"page\">\n\t\t\t\t<div class=\"elementor-element elementor-element-23e7fcc e-flex e-con-boxed e-con e-parent\" data-id=\"23e7fcc\" data-element_type=\"container\" data-e-type=\"container\" data-settings=\"{&quot;background_background&quot;:&quot;classic&quot;}\">\n\t\t\t\t\t<div class=\"e-con-inner\">\n\t\t\t\t<div class=\"elementor-element elementor-element-572f79b elementor-widget elementor-widget-heading\" data-id=\"572f79b\" data-element_type=\"widget\" data-e-type=\"widget\" data-widget_type=\"heading.default\">\n\t\t\t\t\t<h2 class=\"elementor-heading-title elementor-size-default\">Laser d\u2019\u00e9go\u00fbt Geomax Zeta 125G\n\n<\/h2>\t\t\t\t<\/div>\n\t\t\t\t\t<\/div>\n\t\t\t\t<\/div>\n\t\t<div class=\"elementor-element elementor-element-56dfce6 e-flex e-con-boxed e-con e-parent\" data-id=\"56dfce6\" data-element_type=\"container\" data-e-type=\"container\">\n\t\t\t\t\t<div class=\"e-con-inner\">\n\t\t<div class=\"elementor-element elementor-element-052b871 e-con-full e-flex e-con e-child\" data-id=\"052b871\" data-element_type=\"container\" data-e-type=\"container\">\n\t\t\t\t<div class=\"elementor-element elementor-element-8c10536 elementor-widget elementor-widget-image\" data-id=\"8c10536\" data-element_type=\"widget\" data-e-type=\"widget\" data-widget_type=\"image.default\">\n\t\t\t\t\t\t\t\t\t\t\t\t\t\t\t<img fetchpriority=\"high\" decoding=\"async\" width=\"600\" height=\"400\" src=\"https:\/\/cecequip.com\/wp-content\/uploads\/2026\/02\/geomax.png\" class=\"attachment-large size-large wp-image-4188\" alt=\"\" srcset=\"https:\/\/cecequip.com\/wp-content\/uploads\/2026\/02\/geomax.png 600w, https:\/\/cecequip.com\/wp-content\/uploads\/2026\/02\/geomax-300x200.png 300w\" sizes=\"(max-width: 600px) 100vw, 600px\" \/>\t\t\t\t\t\t\t\t\t\t\t\t\t\t\t<\/div>\n\t\t\t\t<div class=\"elementor-element elementor-element-a47260e elementor-widget elementor-widget-image\" data-id=\"a47260e\" data-element_type=\"widget\" data-e-type=\"widget\" data-widget_type=\"image.default\">\n\t\t\t\t\t\t\t\t\t\t\t\t\t\t\t<img decoding=\"async\" width=\"600\" height=\"400\" src=\"https:\/\/cecequip.com\/wp-content\/uploads\/2026\/02\/laser-photo.png\" class=\"attachment-large size-large wp-image-4982\" alt=\"\" srcset=\"https:\/\/cecequip.com\/wp-content\/uploads\/2026\/02\/laser-photo.png 600w, https:\/\/cecequip.com\/wp-content\/uploads\/2026\/02\/laser-photo-300x200.png 300w\" sizes=\"(max-width: 600px) 100vw, 600px\" \/>\t\t\t\t\t\t\t\t\t\t\t\t\t\t\t<\/div>\n\t\t\t\t<div class=\"elementor-element elementor-element-098b713 elementor-align-justify elementor-widget elementor-widget-button\" data-id=\"098b713\" data-element_type=\"widget\" data-e-type=\"widget\" data-widget_type=\"button.default\">\n\t\t\t\t\t\t\t\t\t\t<a class=\"elementor-button elementor-button-link elementor-size-sm\" href=\"https:\/\/cecequip.com\/wp-content\/uploads\/2026\/02\/GeoMax-Zeta125-DS-842541-0221-fr-1-1.pdf\">\n\t\t\t\t\t\t<span class=\"elementor-button-content-wrapper\">\n\t\t\t\t\t\t\t\t\t<span class=\"elementor-button-text\">T\u00e9l\u00e9charger la brochure<\/span>\n\t\t\t\t\t<\/span>\n\t\t\t\t\t<\/a>\n\t\t\t\t\t\t\t\t<\/div>\n\t\t\t\t<\/div>\n\t\t<div class=\"elementor-element elementor-element-b1fa761 e-con-full e-flex e-con e-child\" data-id=\"b1fa761\" data-element_type=\"container\" data-e-type=\"container\">\n\t\t\t\t<div class=\"elementor-element elementor-element-7e53a26 elementor-widget elementor-widget-text-editor\" data-id=\"7e53a26\" data-element_type=\"widget\" data-e-type=\"widget\" data-widget_type=\"text-editor.default\">\n\t\t\t\t\t\t\t\t\t<div class=\"text-group info-content\"><div class=\"woocommerce-tabs wc-tabs-wrapper\"><div id=\"tab-description\" class=\"woocommerce-Tabs-panel woocommerce-Tabs-panel--description panel entry-content wc-tab\" role=\"tabpanel\" aria-labelledby=\"tab-title-description\"><div class=\"text-group\"><div class=\"woocommerce-tabs wc-tabs-wrapper\"><div id=\"tab-description\" class=\"woocommerce-Tabs-panel woocommerce-Tabs-panel--description panel entry-content wc-tab\" role=\"tabpanel\" aria-labelledby=\"tab-title-description\"><div class=\"woocommerce-tabs wc-tabs-wrapper\"><div id=\"tab-description\" class=\"woocommerce-Tabs-panel woocommerce-Tabs-panel--description panel entry-content wc-tab\" role=\"tabpanel\" aria-labelledby=\"tab-title-description\"><p>Les lasers de canalisation GeoMax, compacts et robustes, sont dot\u00e9s de toutes les fonctionnalit\u00e9s et garantissent une pr\u00e9cision et une exactitude constantes. Gr\u00e2ce \u00e0 une configuration fonctionnelle et polyvalente ainsi qu\u2019\u00e0 un large \u00e9ventail de fonctionnalit\u00e9s et une conception robuste, la s\u00e9rie lasers de canalisation Zeta r\u00e9pond \u00e0 tous vos besoins.<\/p><h3>Productivit\u00e9 accrue<\/h3><p>Gagnez en productivit\u00e9 gr\u00e2ce au nivellement et \u00e0 l\u2019alignement automatique rapide des cibles, ainsi qu\u2019\u00e0 la compensation de l\u2019axe transversal.<\/p><h3>Flexibilit\u00e9 maximale<\/h3><p>Les lasers de canalisation GeoMax s\u2019adaptent \u00e0 une large gamme d\u2019accessoires, avec une t\u00e9l\u00e9commande \u00e0 longue distance et des options de chargement s\u00fbres et polyvalentes.<\/p><h3>Visibilit\u00e9 maximale<\/h3><p>Les lasers verts de canalisation Zeta125 offrent un faisceau quatre fois plus lumineux pour une visibilit\u00e9 optimale dans presque toutes les conditions de travail.<\/p><h3>Robustesse optimale<\/h3><p>Certifi\u00e9e IP68 pour r\u00e9sister aux immersions et dot\u00e9e d\u2019un bo\u00eetier enti\u00e8rement m\u00e9tallique, la Zeta125 est con\u00e7ue pour durer.<\/p><h3>Pr\u00e9cision maximale<\/h3><p>R\u00e9alisez votre travail sans commettre d\u2019erreur, quelles que soient la situation et les conditions environnementales.<\/p><h3>S\u00e9curit\u00e9 maximale<\/h3><p>Gr\u00e2ce \u00e0 l\u2019alignement vertical unique du Zeta125S ou du Zeta125SG, vous pouvez d\u00e9terminer la direction de la canalisation en toute s\u00e9curit\u00e9 depuis l\u2019ext\u00e9rieur de la tranch\u00e9e.<\/p><p>\u00a0<\/p><p>Sp\u00e9cifications:<\/p><ul><li>IP68<\/li><li>Batterie pack rechargeable (40 heures)<a href=\"https:\/\/cecequip.com\/wp-content\/uploads\/2023\/11\/GeoMax-Zeta125-DS-842541-0221-fr-1.pdf\">GeoMax Zeta125 DS 842541 0221 fr (1)<\/a><\/li><li>Port\u00e9e 300 m\u00e8tres (985 pieds)<\/li><\/ul><\/div><\/div><section class=\"related products\"><\/section><\/div><\/div><section class=\"related products\"><\/section><\/div><\/div><\/div><section class=\"related products\"><\/section><\/div>\t\t\t\t\t\t\t\t<\/div>\n\t\t\t\t<\/div>\n\t\t\t\t\t<\/div>\n\t\t\t\t<\/div>\n\t\t\t\t<\/div>","protected":false},"excerpt":{"rendered":"<p>Laser d\u2019\u00e9go\u00fbt Geomax Zeta 125G T\u00e9l\u00e9charger la brochure Les lasers de canalisation GeoMax, compacts et robustes, sont dot\u00e9s de toutes les fonctionnalit\u00e9s et garantissent une pr\u00e9cision et une exactitude constantes. Gr\u00e2ce \u00e0 une configuration fonctionnelle et polyvalente ainsi qu\u2019\u00e0 un large \u00e9ventail de fonctionnalit\u00e9s et une conception robuste, la s\u00e9rie lasers de canalisation Zeta r\u00e9pond [&hellip;]<\/p>\n","protected":false},"author":1,"featured_media":0,"parent":0,"menu_order":0,"comment_status":"closed","ping_status":"closed","template":"","meta":{"footnotes":""},"class_list":["post-4993","page","type-page","status-publish","hentry"],"_links":{"self":[{"href":"https:\/\/cecequip.com\/en\/wp-json\/wp\/v2\/pages\/4993","targetHints":{"allow":["GET"]}}],"collection":[{"href":"https:\/\/cecequip.com\/en\/wp-json\/wp\/v2\/pages"}],"about":[{"href":"https:\/\/cecequip.com\/en\/wp-json\/wp\/v2\/types\/page"}],"author":[{"embeddable":true,"href":"https:\/\/cecequip.com\/en\/wp-json\/wp\/v2\/users\/1"}],"replies":[{"embeddable":true,"href":"https:\/\/cecequip.com\/en\/wp-json\/wp\/v2\/comments?post=4993"}],"version-history":[{"count":4,"href":"https:\/\/cecequip.com\/en\/wp-json\/wp\/v2\/pages\/4993\/revisions"}],"predecessor-version":[{"id":4998,"href":"https:\/\/cecequip.com\/en\/wp-json\/wp\/v2\/pages\/4993\/revisions\/4998"}],"wp:attachment":[{"href":"https:\/\/cecequip.com\/en\/wp-json\/wp\/v2\/media?parent=4993"}],"curies":[{"name":"wp","href":"https:\/\/api.w.org\/{rel}","templated":true}]}}