{"id":4969,"date":"2026-02-24T10:54:31","date_gmt":"2026-02-24T10:54:31","guid":{"rendered":"https:\/\/blades.marcgermain.ca\/?page_id=4969"},"modified":"2026-02-24T11:36:21","modified_gmt":"2026-02-24T11:36:21","slug":"9-lasers-de-canalisation","status":"publish","type":"page","link":"https:\/\/cecequip.com\/en\/9-lasers-de-canalisation\/","title":{"rendered":"9 Lasers de canalisation"},"content":{"rendered":"<div data-elementor-type=\"wp-page\" data-elementor-id=\"4969\" class=\"elementor elementor-4969\" data-elementor-post-type=\"page\">\n\t\t\t\t<div class=\"elementor-element elementor-element-23e7fcc e-flex e-con-boxed e-con e-parent\" data-id=\"23e7fcc\" data-element_type=\"container\" data-e-type=\"container\" data-settings=\"{&quot;background_background&quot;:&quot;classic&quot;}\">\n\t\t\t\t\t<div class=\"e-con-inner\">\n\t\t\t\t<div class=\"elementor-element elementor-element-572f79b elementor-widget elementor-widget-heading\" data-id=\"572f79b\" data-element_type=\"widget\" data-e-type=\"widget\" data-widget_type=\"heading.default\">\n\t\t\t\t\t<h2 class=\"elementor-heading-title elementor-size-default\">9 lasers de canalisation\n\n<\/h2>\t\t\t\t<\/div>\n\t\t\t\t\t<\/div>\n\t\t\t\t<\/div>\n\t\t<div class=\"elementor-element elementor-element-93db453 e-flex e-con-boxed e-con e-parent\" data-id=\"93db453\" data-element_type=\"container\" data-e-type=\"container\">\n\t\t\t\t\t<div class=\"e-con-inner\">\n\t\t<div class=\"elementor-element elementor-element-6f7ce9f e-con-full e-flex e-con e-child\" data-id=\"6f7ce9f\" data-element_type=\"container\" data-e-type=\"container\">\n\t\t\t\t<div class=\"elementor-element elementor-element-9831c79 elementor-widget elementor-widget-heading\" data-id=\"9831c79\" data-element_type=\"widget\" data-e-type=\"widget\" data-widget_type=\"heading.default\">\n\t\t\t\t\t<h2 class=\"elementor-heading-title elementor-size-default\">Laser d\u2019\u00e9go\u00fbt <br>Geomax Zeta 125<\/h2>\t\t\t\t<\/div>\n\t\t\t\t<div class=\"elementor-element elementor-element-1f8a12e elementor-widget elementor-widget-image\" data-id=\"1f8a12e\" data-element_type=\"widget\" data-e-type=\"widget\" data-widget_type=\"image.default\">\n\t\t\t\t\t\t\t\t\t\t\t\t\t\t\t\t<a href=\"https:\/\/cecequip.com\/en\/laser-degout-geomax-zeta-125\/\">\n\t\t\t\t\t\t\t<img fetchpriority=\"high\" decoding=\"async\" width=\"600\" height=\"400\" src=\"https:\/\/cecequip.com\/wp-content\/uploads\/2026\/02\/geomax.png\" class=\"attachment-large size-large wp-image-4188\" alt=\"\" srcset=\"https:\/\/cecequip.com\/wp-content\/uploads\/2026\/02\/geomax.png 600w, https:\/\/cecequip.com\/wp-content\/uploads\/2026\/02\/geomax-300x200.png 300w\" sizes=\"(max-width: 600px) 100vw, 600px\" \/>\t\t\t\t\t\t\t\t<\/a>\n\t\t\t\t\t\t\t\t\t\t\t\t\t\t\t<\/div>\n\t\t\t\t<\/div>\n\t\t<div class=\"elementor-element elementor-element-a30c0ea e-con-full e-flex e-con e-child\" data-id=\"a30c0ea\" data-element_type=\"container\" data-e-type=\"container\">\n\t\t\t\t<div class=\"elementor-element elementor-element-4d1e00e elementor-widget elementor-widget-heading\" data-id=\"4d1e00e\" data-element_type=\"widget\" data-e-type=\"widget\" data-widget_type=\"heading.default\">\n\t\t\t\t\t<h2 class=\"elementor-heading-title elementor-size-default\">Laser d\u2019\u00e9go\u00fbt <br>Geomax Zeta 125G<\/h2>\t\t\t\t<\/div>\n\t\t\t\t<div class=\"elementor-element elementor-element-48d823a elementor-widget elementor-widget-image\" data-id=\"48d823a\" data-element_type=\"widget\" data-e-type=\"widget\" data-widget_type=\"image.default\">\n\t\t\t\t\t\t\t\t\t\t\t\t\t\t\t\t<a href=\"https:\/\/cecequip.com\/en\/laser-degout-geomax-zeta-125g\/\">\n\t\t\t\t\t\t\t<img fetchpriority=\"high\" decoding=\"async\" width=\"600\" height=\"400\" src=\"https:\/\/cecequip.com\/wp-content\/uploads\/2026\/02\/geomax.png\" class=\"attachment-large size-large wp-image-4188\" alt=\"\" srcset=\"https:\/\/cecequip.com\/wp-content\/uploads\/2026\/02\/geomax.png 600w, https:\/\/cecequip.com\/wp-content\/uploads\/2026\/02\/geomax-300x200.png 300w\" sizes=\"(max-width: 600px) 100vw, 600px\" \/>\t\t\t\t\t\t\t\t<\/a>\n\t\t\t\t\t\t\t\t\t\t\t\t\t\t\t<\/div>\n\t\t\t\t<\/div>\n\t\t<div class=\"elementor-element elementor-element-b62be3e e-con-full e-flex e-con e-child\" data-id=\"b62be3e\" data-element_type=\"container\" data-e-type=\"container\">\n\t\t\t\t<div class=\"elementor-element elementor-element-1f74265 elementor-widget elementor-widget-heading\" data-id=\"1f74265\" data-element_type=\"widget\" data-e-type=\"widget\" data-widget_type=\"heading.default\">\n\t\t\t\t\t<h2 class=\"elementor-heading-title elementor-size-default\">Laser d\u2019\u00e9go\u00fbt Geomax Zeta 125S<br> avec auto-alignement<\/h2>\t\t\t\t<\/div>\n\t\t\t\t<div class=\"elementor-element elementor-element-328d3db elementor-widget elementor-widget-image\" data-id=\"328d3db\" data-element_type=\"widget\" data-e-type=\"widget\" data-widget_type=\"image.default\">\n\t\t\t\t\t\t\t\t\t\t\t\t\t\t\t\t<a href=\"https:\/\/cecequip.com\/en\/laser-degout-geomax-zeta-125s-avec-auto-alignement\/\">\n\t\t\t\t\t\t\t<img fetchpriority=\"high\" decoding=\"async\" width=\"600\" height=\"400\" src=\"https:\/\/cecequip.com\/wp-content\/uploads\/2026\/02\/geomax.png\" class=\"attachment-large size-large wp-image-4188\" alt=\"\" srcset=\"https:\/\/cecequip.com\/wp-content\/uploads\/2026\/02\/geomax.png 600w, https:\/\/cecequip.com\/wp-content\/uploads\/2026\/02\/geomax-300x200.png 300w\" sizes=\"(max-width: 600px) 100vw, 600px\" \/>\t\t\t\t\t\t\t\t<\/a>\n\t\t\t\t\t\t\t\t\t\t\t\t\t\t\t<\/div>\n\t\t\t\t<\/div>\n\t\t\t\t\t<\/div>\n\t\t\t\t<\/div>\n\t\t<div class=\"elementor-element elementor-element-62cfcfa e-flex e-con-boxed e-con e-parent\" data-id=\"62cfcfa\" data-element_type=\"container\" data-e-type=\"container\">\n\t\t\t\t\t<div class=\"e-con-inner\">\n\t\t<div class=\"elementor-element elementor-element-2340166 e-con-full e-flex e-con e-child\" data-id=\"2340166\" data-element_type=\"container\" data-e-type=\"container\">\n\t\t\t\t<div class=\"elementor-element elementor-element-a33847c elementor-widget elementor-widget-heading\" data-id=\"a33847c\" data-element_type=\"widget\" data-e-type=\"widget\" data-widget_type=\"heading.default\">\n\t\t\t\t\t<h2 class=\"elementor-heading-title elementor-size-default\">Topcon TP-L6AV<\/h2>\t\t\t\t<\/div>\n\t\t\t\t<div class=\"elementor-element elementor-element-bcc2ae0 elementor-widget elementor-widget-image\" data-id=\"bcc2ae0\" data-element_type=\"widget\" data-e-type=\"widget\" data-widget_type=\"image.default\">\n\t\t\t\t\t\t\t\t\t\t\t\t\t\t\t\t<a href=\"https:\/\/cecequip.com\/en\/topcon-tp-l6av\/\">\n\t\t\t\t\t\t\t<img decoding=\"async\" width=\"450\" height=\"300\" src=\"https:\/\/cecequip.com\/wp-content\/uploads\/2023\/01\/tp-l6_withphone_s_20200117_0011_5.webp\" class=\"attachment-large size-large wp-image-3676\" alt=\"\" srcset=\"https:\/\/cecequip.com\/wp-content\/uploads\/2023\/01\/tp-l6_withphone_s_20200117_0011_5.webp 450w, https:\/\/cecequip.com\/wp-content\/uploads\/2023\/01\/tp-l6_withphone_s_20200117_0011_5-300x200.webp 300w\" sizes=\"(max-width: 450px) 100vw, 450px\" \/>\t\t\t\t\t\t\t\t<\/a>\n\t\t\t\t\t\t\t\t\t\t\t\t\t\t\t<\/div>\n\t\t\t\t<\/div>\n\t\t<div class=\"elementor-element elementor-element-bfebff5 e-con-full e-flex e-con e-child\" data-id=\"bfebff5\" data-element_type=\"container\" data-e-type=\"container\">\n\t\t\t\t<div class=\"elementor-element elementor-element-4082657 elementor-widget elementor-widget-heading\" data-id=\"4082657\" data-element_type=\"widget\" data-e-type=\"widget\" data-widget_type=\"heading.default\">\n\t\t\t\t\t<h2 class=\"elementor-heading-title elementor-size-default\">Topcon TP-L6B<\/h2>\t\t\t\t<\/div>\n\t\t\t\t<div class=\"elementor-element elementor-element-b0a9aff elementor-widget elementor-widget-image\" data-id=\"b0a9aff\" data-element_type=\"widget\" data-e-type=\"widget\" data-widget_type=\"image.default\">\n\t\t\t\t\t\t\t\t\t\t\t\t\t\t\t\t<a href=\"https:\/\/cecequip.com\/en\/topcon-tp-l6b\/\">\n\t\t\t\t\t\t\t<img decoding=\"async\" width=\"450\" height=\"300\" src=\"https:\/\/cecequip.com\/wp-content\/uploads\/2023\/01\/tp-l6_withphone_s_20200117_0011_5.webp\" class=\"attachment-large size-large wp-image-3676\" alt=\"\" srcset=\"https:\/\/cecequip.com\/wp-content\/uploads\/2023\/01\/tp-l6_withphone_s_20200117_0011_5.webp 450w, https:\/\/cecequip.com\/wp-content\/uploads\/2023\/01\/tp-l6_withphone_s_20200117_0011_5-300x200.webp 300w\" sizes=\"(max-width: 450px) 100vw, 450px\" \/>\t\t\t\t\t\t\t\t<\/a>\n\t\t\t\t\t\t\t\t\t\t\t\t\t\t\t<\/div>\n\t\t\t\t<\/div>\n\t\t<div class=\"elementor-element elementor-element-6dea2b6 e-con-full e-flex e-con e-child\" data-id=\"6dea2b6\" data-element_type=\"container\" data-e-type=\"container\">\n\t\t\t\t<div class=\"elementor-element elementor-element-b934c48 elementor-widget elementor-widget-heading\" data-id=\"b934c48\" data-element_type=\"widget\" data-e-type=\"widget\" data-widget_type=\"heading.default\">\n\t\t\t\t\t<h2 class=\"elementor-heading-title elementor-size-default\">Laser d\u2019\u00e9go\u00fbt Geomax Zeta 125SG<br>  alignement automatique \u00e0 rayon vert<\/h2>\t\t\t\t<\/div>\n\t\t\t\t<div class=\"elementor-element elementor-element-fe263f6 elementor-widget elementor-widget-image\" data-id=\"fe263f6\" data-element_type=\"widget\" data-e-type=\"widget\" data-widget_type=\"image.default\">\n\t\t\t\t\t\t\t\t\t\t\t\t\t\t\t\t<a href=\"https:\/\/cecequip.com\/en\/laser-degout-geomax-zeta-125sg-a-alignement-automatique-a-rayon-vert\/\">\n\t\t\t\t\t\t\t<img fetchpriority=\"high\" decoding=\"async\" width=\"600\" height=\"400\" src=\"https:\/\/cecequip.com\/wp-content\/uploads\/2026\/02\/geomax.png\" class=\"attachment-large size-large wp-image-4188\" alt=\"\" srcset=\"https:\/\/cecequip.com\/wp-content\/uploads\/2026\/02\/geomax.png 600w, https:\/\/cecequip.com\/wp-content\/uploads\/2026\/02\/geomax-300x200.png 300w\" sizes=\"(max-width: 600px) 100vw, 600px\" \/>\t\t\t\t\t\t\t\t<\/a>\n\t\t\t\t\t\t\t\t\t\t\t\t\t\t\t<\/div>\n\t\t\t\t<\/div>\n\t\t\t\t\t<\/div>\n\t\t\t\t<\/div>\n\t\t<div class=\"elementor-element elementor-element-90b631c e-flex e-con-boxed e-con e-parent\" data-id=\"90b631c\" data-element_type=\"container\" data-e-type=\"container\">\n\t\t\t\t\t<div class=\"e-con-inner\">\n\t\t<div class=\"elementor-element elementor-element-4cceb54 e-con-full e-flex e-con e-child\" data-id=\"4cceb54\" data-element_type=\"container\" data-e-type=\"container\">\n\t\t\t\t<div class=\"elementor-element elementor-element-9efe86e elementor-widget elementor-widget-heading\" data-id=\"9efe86e\" data-element_type=\"widget\" data-e-type=\"widget\" data-widget_type=\"heading.default\">\n\t\t\t\t\t<h2 class=\"elementor-heading-title elementor-size-default\">Leica Piper 200<\/h2>\t\t\t\t<\/div>\n\t\t\t\t<div class=\"elementor-element elementor-element-43c914c elementor-widget elementor-widget-image\" data-id=\"43c914c\" data-element_type=\"widget\" data-e-type=\"widget\" data-widget_type=\"image.default\">\n\t\t\t\t\t\t\t\t\t\t\t\t\t\t\t\t<a href=\"https:\/\/cecequip.com\/en\/leica-piper-200\/\">\n\t\t\t\t\t\t\t<img decoding=\"async\" width=\"600\" height=\"400\" src=\"https:\/\/cecequip.com\/wp-content\/uploads\/2026\/02\/leica-piper200.png\" class=\"attachment-large size-large wp-image-4976\" alt=\"\" srcset=\"https:\/\/cecequip.com\/wp-content\/uploads\/2026\/02\/leica-piper200.png 600w, https:\/\/cecequip.com\/wp-content\/uploads\/2026\/02\/leica-piper200-300x200.png 300w\" sizes=\"(max-width: 600px) 100vw, 600px\" \/>\t\t\t\t\t\t\t\t<\/a>\n\t\t\t\t\t\t\t\t\t\t\t\t\t\t\t<\/div>\n\t\t\t\t<\/div>\n\t\t<div class=\"elementor-element elementor-element-4273b95 e-con-full e-flex e-con e-child\" data-id=\"4273b95\" data-element_type=\"container\" data-e-type=\"container\">\n\t\t\t\t<div class=\"elementor-element elementor-element-15a2bfa elementor-widget elementor-widget-heading\" data-id=\"15a2bfa\" data-element_type=\"widget\" data-e-type=\"widget\" data-widget_type=\"heading.default\">\n\t\t\t\t\t<h2 class=\"elementor-heading-title elementor-size-default\">Leica Piper 100<\/h2>\t\t\t\t<\/div>\n\t\t\t\t<div class=\"elementor-element elementor-element-78f2651 elementor-widget elementor-widget-image\" data-id=\"78f2651\" data-element_type=\"widget\" data-e-type=\"widget\" data-widget_type=\"image.default\">\n\t\t\t\t\t\t\t\t\t\t\t\t\t\t\t\t<a href=\"https:\/\/cecequip.com\/en\/leica-piper-100\/\">\n\t\t\t\t\t\t\t<img loading=\"lazy\" decoding=\"async\" width=\"600\" height=\"400\" src=\"https:\/\/cecequip.com\/wp-content\/uploads\/2026\/02\/leica-piper.png\" class=\"attachment-large size-large wp-image-4975\" alt=\"\" srcset=\"https:\/\/cecequip.com\/wp-content\/uploads\/2026\/02\/leica-piper.png 600w, https:\/\/cecequip.com\/wp-content\/uploads\/2026\/02\/leica-piper-300x200.png 300w\" sizes=\"(max-width: 600px) 100vw, 600px\" \/>\t\t\t\t\t\t\t\t<\/a>\n\t\t\t\t\t\t\t\t\t\t\t\t\t\t\t<\/div>\n\t\t\t\t<\/div>\n\t\t<div class=\"elementor-element elementor-element-5b4fc8e e-con-full e-flex e-con e-child\" data-id=\"5b4fc8e\" data-element_type=\"container\" data-e-type=\"container\">\n\t\t\t\t<div class=\"elementor-element elementor-element-21d5fd7 elementor-widget elementor-widget-heading\" data-id=\"21d5fd7\" data-element_type=\"widget\" data-e-type=\"widget\" data-widget_type=\"heading.default\">\n\t\t\t\t\t<h2 class=\"elementor-heading-title elementor-size-default\">Topcon TP-L6G<\/h2>\t\t\t\t<\/div>\n\t\t\t\t<div class=\"elementor-element elementor-element-3452186 elementor-widget elementor-widget-image\" data-id=\"3452186\" data-element_type=\"widget\" data-e-type=\"widget\" data-widget_type=\"image.default\">\n\t\t\t\t\t\t\t\t\t\t\t\t\t\t\t\t<a href=\"https:\/\/cecequip.com\/en\/topcon-tp-l6g\/\">\n\t\t\t\t\t\t\t<img decoding=\"async\" width=\"450\" height=\"300\" src=\"https:\/\/cecequip.com\/wp-content\/uploads\/2023\/01\/tp-l6_withphone_s_20200117_0011_5.webp\" class=\"attachment-large size-large wp-image-3676\" alt=\"\" srcset=\"https:\/\/cecequip.com\/wp-content\/uploads\/2023\/01\/tp-l6_withphone_s_20200117_0011_5.webp 450w, https:\/\/cecequip.com\/wp-content\/uploads\/2023\/01\/tp-l6_withphone_s_20200117_0011_5-300x200.webp 300w\" sizes=\"(max-width: 450px) 100vw, 450px\" \/>\t\t\t\t\t\t\t\t<\/a>\n\t\t\t\t\t\t\t\t\t\t\t\t\t\t\t<\/div>\n\t\t\t\t<\/div>\n\t\t\t\t\t<\/div>\n\t\t\t\t<\/div>\n\t\t\t\t<\/div>","protected":false},"excerpt":{"rendered":"<p>9 lasers de canalisation Laser d\u2019\u00e9go\u00fbt Geomax Zeta 125 Laser d\u2019\u00e9go\u00fbt Geomax Zeta 125G Laser d\u2019\u00e9go\u00fbt Geomax Zeta 125S avec auto-alignement Topcon TP-L6AV Topcon TP-L6B Laser d\u2019\u00e9go\u00fbt Geomax Zeta 125SG alignement automatique \u00e0 rayon vert Leica Piper 200 Leica Piper 100 Topcon TP-L6G<\/p>","protected":false},"author":1,"featured_media":0,"parent":0,"menu_order":0,"comment_status":"closed","ping_status":"closed","template":"","meta":{"footnotes":""},"class_list":["post-4969","page","type-page","status-publish","hentry"],"_links":{"self":[{"href":"https:\/\/cecequip.com\/en\/wp-json\/wp\/v2\/pages\/4969","targetHints":{"allow":["GET"]}}],"collection":[{"href":"https:\/\/cecequip.com\/en\/wp-json\/wp\/v2\/pages"}],"about":[{"href":"https:\/\/cecequip.com\/en\/wp-json\/wp\/v2\/types\/page"}],"author":[{"embeddable":true,"href":"https:\/\/cecequip.com\/en\/wp-json\/wp\/v2\/users\/1"}],"replies":[{"embeddable":true,"href":"https:\/\/cecequip.com\/en\/wp-json\/wp\/v2\/comments?post=4969"}],"version-history":[{"count":37,"href":"https:\/\/cecequip.com\/en\/wp-json\/wp\/v2\/pages\/4969\/revisions"}],"predecessor-version":[{"id":5066,"href":"https:\/\/cecequip.com\/en\/wp-json\/wp\/v2\/pages\/4969\/revisions\/5066"}],"wp:attachment":[{"href":"https:\/\/cecequip.com\/en\/wp-json\/wp\/v2\/media?parent=4969"}],"curies":[{"name":"wp","href":"https:\/\/api.w.org\/{rel}","templated":true}]}}