{"id":4939,"date":"2026-02-23T12:09:31","date_gmt":"2026-02-23T12:09:31","guid":{"rendered":"https:\/\/blades.marcgermain.ca\/?page_id=4939"},"modified":"2026-02-23T12:11:08","modified_gmt":"2026-02-23T12:11:08","slug":"leica-rugby-cla-clx-700","status":"publish","type":"page","link":"https:\/\/cecequip.com\/en\/leica-rugby-cla-clx-700\/","title":{"rendered":"LEICA RUGBY CLA \u2013 CLX 700"},"content":{"rendered":"<div data-elementor-type=\"wp-page\" data-elementor-id=\"4939\" class=\"elementor elementor-4939\" data-elementor-post-type=\"page\">\n\t\t\t\t<div class=\"elementor-element elementor-element-23e7fcc e-flex e-con-boxed e-con e-parent\" data-id=\"23e7fcc\" data-element_type=\"container\" data-e-type=\"container\" data-settings=\"{&quot;background_background&quot;:&quot;classic&quot;}\">\n\t\t\t\t\t<div class=\"e-con-inner\">\n\t\t\t\t<div class=\"elementor-element elementor-element-572f79b elementor-widget elementor-widget-heading\" data-id=\"572f79b\" data-element_type=\"widget\" data-e-type=\"widget\" data-widget_type=\"heading.default\">\n\t\t\t\t\t<h2 class=\"elementor-heading-title elementor-size-default\">LEICA RUGBY CLA \u2013 CLX 700\n\n<\/h2>\t\t\t\t<\/div>\n\t\t\t\t\t<\/div>\n\t\t\t\t<\/div>\n\t\t<div class=\"elementor-element elementor-element-56dfce6 e-flex e-con-boxed e-con e-parent\" data-id=\"56dfce6\" data-element_type=\"container\" data-e-type=\"container\">\n\t\t\t\t\t<div class=\"e-con-inner\">\n\t\t<div class=\"elementor-element elementor-element-052b871 e-con-full e-flex e-con e-child\" data-id=\"052b871\" data-element_type=\"container\" data-e-type=\"container\">\n\t\t\t\t<div class=\"elementor-element elementor-element-8c10536 elementor-widget elementor-widget-image\" data-id=\"8c10536\" data-element_type=\"widget\" data-e-type=\"widget\" data-widget_type=\"image.default\">\n\t\t\t\t\t\t\t\t\t\t\t\t\t\t\t<img fetchpriority=\"high\" decoding=\"async\" width=\"600\" height=\"400\" src=\"https:\/\/cecequip.com\/wp-content\/uploads\/2026\/02\/clx700.png\" class=\"attachment-large size-large wp-image-4934\" alt=\"\" srcset=\"https:\/\/cecequip.com\/wp-content\/uploads\/2026\/02\/clx700.png 600w, https:\/\/cecequip.com\/wp-content\/uploads\/2026\/02\/clx700-300x200.png 300w\" sizes=\"(max-width: 600px) 100vw, 600px\" \/>\t\t\t\t\t\t\t\t\t\t\t\t\t\t\t<\/div>\n\t\t\t\t<div class=\"elementor-element elementor-element-ab95c2f elementor-widget elementor-widget-video\" data-id=\"ab95c2f\" data-element_type=\"widget\" data-e-type=\"widget\" data-settings=\"{&quot;youtube_url&quot;:&quot;https:\\\/\\\/youtu.be\\\/pYxhooYueTw&quot;,&quot;video_type&quot;:&quot;youtube&quot;,&quot;controls&quot;:&quot;yes&quot;}\" data-widget_type=\"video.default\">\n\t\t\t\t\t\t\t<div class=\"elementor-wrapper elementor-open-inline\">\n\t\t\t<div class=\"elementor-video\"><\/div>\t\t<\/div>\n\t\t\t\t\t\t<\/div>\n\t\t\t\t<\/div>\n\t\t<div class=\"elementor-element elementor-element-b1fa761 e-con-full e-flex e-con e-child\" data-id=\"b1fa761\" data-element_type=\"container\" data-e-type=\"container\">\n\t\t\t\t<div class=\"elementor-element elementor-element-7e53a26 elementor-widget elementor-widget-text-editor\" data-id=\"7e53a26\" data-element_type=\"widget\" data-e-type=\"widget\" data-widget_type=\"text-editor.default\">\n\t\t\t\t\t\t\t\t\t<div class=\"text-group info-content\"><div class=\"woocommerce-tabs wc-tabs-wrapper\"><div id=\"tab-description\" class=\"woocommerce-Tabs-panel woocommerce-Tabs-panel--description panel entry-content wc-tab\" role=\"tabpanel\" aria-labelledby=\"tab-title-description\"><div class=\"text-group\"><div class=\"woocommerce-tabs wc-tabs-wrapper\"><div id=\"tab-description\" class=\"woocommerce-Tabs-panel woocommerce-Tabs-panel--description panel entry-content wc-tab\" role=\"tabpanel\" aria-labelledby=\"tab-title-description\"><p>Le Leica Rugby CLA est un laser rotatif \u00e9volutif \u00e0 conception tr\u00e8s robuste permettant de s\u2019adapter \u00e0 toutes les applications de chantier. Vous pouvez donc utiliser le CLA de base et ajouter des options, telles que le CLX 700 permettant l\u2019utilisation du laser \u00e0 l\u2019horizontale, la verticale et lors de travaux exigeant l\u2019\u00e9tablissement d\u2019une pente sur deux axes (pente double).<\/p><p>Ce laser rotatif \u00e0 pente double aux compensateurs compl\u00e8tement automatique s\u2019impose comme l\u2019alternative la plus fiable et durable pour les entrepreneurs en terrassement, en excavation ou tout d\u2019autre domaines reli\u00e9s au g\u00e9nie civil.<\/p><h2 class=\"h3-like\">CARACT\u00c9RISTIQUES<\/h2><ul class=\"list list--unlist\"><li>Port\u00e9e de t\u00e9l\u00e9commande : Diam\u00e8tre 600m<\/li><li>Plage de travail (Combo, RE 140\/160) : Diam\u00e8tre 1350m<\/li><li>Pente : 15%<\/li><li>Pr\u00e9cision : \u00b11.5mm @ 30m<\/li><li>Auto-Calage : \u00b16\u00b0<\/li><li>Protection : IP68<\/li><li>T\u00b0 utilisation : -20\u00b0c @ +50\u00b0C<\/li><li>Alimentation : Batterie Li-Ion<\/li><li>Garantie : 5 ans \/ Chute 2 ans<\/li><\/ul><p>*Cr\u00e9dit vid\u00e9o: Leica Geosystems<\/p><\/div><\/div><section class=\"related products\"><\/section><\/div><\/div><\/div><section class=\"related products\"><\/section><\/div>\t\t\t\t\t\t\t\t<\/div>\n\t\t\t\t<\/div>\n\t\t\t\t\t<\/div>\n\t\t\t\t<\/div>\n\t\t\t\t<\/div>","protected":false},"excerpt":{"rendered":"<p>LEICA RUGBY CLA \u2013 CLX 700 https:\/\/youtu.be\/pYxhooYueTw Le Leica Rugby CLA est un laser rotatif \u00e9volutif \u00e0 conception tr\u00e8s robuste permettant de s\u2019adapter \u00e0 toutes les applications de chantier. Vous pouvez donc utiliser le CLA de base et ajouter des options, telles que le CLX 700 permettant l\u2019utilisation du laser \u00e0 l\u2019horizontale, la verticale et [&hellip;]<\/p>\n","protected":false},"author":1,"featured_media":0,"parent":0,"menu_order":0,"comment_status":"closed","ping_status":"closed","template":"","meta":{"footnotes":""},"class_list":["post-4939","page","type-page","status-publish","hentry"],"_links":{"self":[{"href":"https:\/\/cecequip.com\/en\/wp-json\/wp\/v2\/pages\/4939","targetHints":{"allow":["GET"]}}],"collection":[{"href":"https:\/\/cecequip.com\/en\/wp-json\/wp\/v2\/pages"}],"about":[{"href":"https:\/\/cecequip.com\/en\/wp-json\/wp\/v2\/types\/page"}],"author":[{"embeddable":true,"href":"https:\/\/cecequip.com\/en\/wp-json\/wp\/v2\/users\/1"}],"replies":[{"embeddable":true,"href":"https:\/\/cecequip.com\/en\/wp-json\/wp\/v2\/comments?post=4939"}],"version-history":[{"count":4,"href":"https:\/\/cecequip.com\/en\/wp-json\/wp\/v2\/pages\/4939\/revisions"}],"predecessor-version":[{"id":4943,"href":"https:\/\/cecequip.com\/en\/wp-json\/wp\/v2\/pages\/4939\/revisions\/4943"}],"wp:attachment":[{"href":"https:\/\/cecequip.com\/en\/wp-json\/wp\/v2\/media?parent=4939"}],"curies":[{"name":"wp","href":"https:\/\/api.w.org\/{rel}","templated":true}]}}