{"id":4914,"date":"2026-02-23T11:59:27","date_gmt":"2026-02-23T11:59:27","guid":{"rendered":"https:\/\/blades.marcgermain.ca\/?page_id=4914"},"modified":"2026-02-23T12:00:00","modified_gmt":"2026-02-23T12:00:00","slug":"topcon-rl-sv1s","status":"publish","type":"page","link":"https:\/\/cecequip.com\/en\/topcon-rl-sv1s\/","title":{"rendered":"Topcon RL-SV1S"},"content":{"rendered":"<div data-elementor-type=\"wp-page\" data-elementor-id=\"4914\" class=\"elementor elementor-4914\" data-elementor-post-type=\"page\">\n\t\t\t\t<div class=\"elementor-element elementor-element-23e7fcc e-flex e-con-boxed e-con e-parent\" data-id=\"23e7fcc\" data-element_type=\"container\" data-e-type=\"container\" data-settings=\"{&quot;background_background&quot;:&quot;classic&quot;}\">\n\t\t\t\t\t<div class=\"e-con-inner\">\n\t\t\t\t<div class=\"elementor-element elementor-element-572f79b elementor-widget elementor-widget-heading\" data-id=\"572f79b\" data-element_type=\"widget\" data-e-type=\"widget\" data-widget_type=\"heading.default\">\n\t\t\t\t\t<h2 class=\"elementor-heading-title elementor-size-default\">Topcon RL-SV1S\n\n<\/h2>\t\t\t\t<\/div>\n\t\t\t\t\t<\/div>\n\t\t\t\t<\/div>\n\t\t<div class=\"elementor-element elementor-element-56dfce6 e-flex e-con-boxed e-con e-parent\" data-id=\"56dfce6\" data-element_type=\"container\" data-e-type=\"container\">\n\t\t\t\t\t<div class=\"e-con-inner\">\n\t\t<div class=\"elementor-element elementor-element-052b871 e-con-full e-flex e-con e-child\" data-id=\"052b871\" data-element_type=\"container\" data-e-type=\"container\">\n\t\t\t\t<div class=\"elementor-element elementor-element-8c10536 elementor-widget elementor-widget-image\" data-id=\"8c10536\" data-element_type=\"widget\" data-e-type=\"widget\" data-widget_type=\"image.default\">\n\t\t\t\t\t\t\t\t\t\t\t\t\t\t\t<img fetchpriority=\"high\" decoding=\"async\" width=\"600\" height=\"400\" src=\"https:\/\/cecequip.com\/wp-content\/uploads\/2026\/02\/TopconRL-SVS1.png\" class=\"attachment-large size-large wp-image-4910\" alt=\"\" srcset=\"https:\/\/cecequip.com\/wp-content\/uploads\/2026\/02\/TopconRL-SVS1.png 600w, https:\/\/cecequip.com\/wp-content\/uploads\/2026\/02\/TopconRL-SVS1-300x200.png 300w\" sizes=\"(max-width: 600px) 100vw, 600px\" \/>\t\t\t\t\t\t\t\t\t\t\t\t\t\t\t<\/div>\n\t\t\t\t<\/div>\n\t\t<div class=\"elementor-element elementor-element-b1fa761 e-con-full e-flex e-con e-child\" data-id=\"b1fa761\" data-element_type=\"container\" data-e-type=\"container\">\n\t\t\t\t<div class=\"elementor-element elementor-element-7e53a26 elementor-widget elementor-widget-text-editor\" data-id=\"7e53a26\" data-element_type=\"widget\" data-e-type=\"widget\" data-widget_type=\"text-editor.default\">\n\t\t\t\t\t\t\t\t\t<div class=\"text-group info-content\"><div class=\"woocommerce-tabs wc-tabs-wrapper\"><div id=\"tab-description\" class=\"woocommerce-Tabs-panel woocommerce-Tabs-panel--description panel entry-content wc-tab\" role=\"tabpanel\" aria-labelledby=\"tab-title-description\"><div class=\"text-group\"><div class=\"woocommerce-tabs wc-tabs-wrapper\"><div id=\"tab-description\" class=\"woocommerce-Tabs-panel woocommerce-Tabs-panel--description panel entry-content wc-tab\" role=\"tabpanel\" aria-labelledby=\"tab-title-description\"><h3 class=\"section-header no-print\">Utilisable pour tout<\/h3><p>Le RL-SV1S est con\u00e7u pour fonctionner en multi-t\u00e2ches, ce qui signifie que vous pouvez l\u2019utiliser pour les travaux d\u2019ext\u00e9rieur et d\u2019int\u00e9rieurs. Bref, pour des travaux pour lesquels vous avez besoin d\u2019un laser pour trouver l\u2019horizontale, les pentes simples et les applications verticales. Ce laser est simple d\u2019utilisation.<\/p><p>En bref, le RL-SV1S satisfait tous les besoins de votre chantier !<\/p><ul><li>Horizontale et Pente simple<\/li><li>Fonction verticale<\/li><li>Manette de contr\u00f4le radio distante compl\u00e8te<\/li><li>Op\u00e9rations longue port\u00e9e (800\u00a0m)<\/li><li>Une certification IP66 robuste<\/li><li>Autonomie de batterie tr\u00e8s importante (120 heures)<\/li><li>+- 15% de pentes sur 1 axe<\/li><li>Batterie alcaline 60h et rechargeable 120h<\/li><\/ul><h3 class=\"section-header\">Construit pour le monde r\u00e9el<\/h3><p>Si vous avez besoin d\u2019un laser pour les applications horizontales, \u00e0 pente simple et verticale, ne cherchez plus. Ce laser Topcon a tout pour lui. Le laser RL-SV1S pour pente double Topcon pose de nouvelles normes en mati\u00e8re de simplicit\u00e9. Robuste, l\u00e9ger et compact, c\u2019est un laser fantastique, \u00e0 un prix vraiment abordable !<br \/>Une installation ultra rapide. Le grand \u00e9cran r\u00e9tro-\u00e9clair\u00e9 \u00e0 fort contraste vous facilite le d\u00e9marrage et vous rendra service tr\u00e8s tr\u00e8s\u00a0longtemps.<\/p><\/div><\/div><section class=\"related products\"><\/section><\/div><\/div><\/div><section class=\"related products\"><\/section><\/div>\t\t\t\t\t\t\t\t<\/div>\n\t\t\t\t<\/div>\n\t\t\t\t\t<\/div>\n\t\t\t\t<\/div>\n\t\t\t\t<\/div>","protected":false},"excerpt":{"rendered":"<p>Topcon RL-SV1S Utilisable pour tout Le RL-SV1S est con\u00e7u pour fonctionner en multi-t\u00e2ches, ce qui signifie que vous pouvez l\u2019utiliser pour les travaux d\u2019ext\u00e9rieur et d\u2019int\u00e9rieurs. Bref, pour des travaux pour lesquels vous avez besoin d\u2019un laser pour trouver l\u2019horizontale, les pentes simples et les applications verticales. Ce laser est simple d\u2019utilisation. En bref, le [&hellip;]<\/p>\n","protected":false},"author":1,"featured_media":0,"parent":0,"menu_order":0,"comment_status":"closed","ping_status":"closed","template":"","meta":{"footnotes":""},"class_list":["post-4914","page","type-page","status-publish","hentry"],"_links":{"self":[{"href":"https:\/\/cecequip.com\/en\/wp-json\/wp\/v2\/pages\/4914","targetHints":{"allow":["GET"]}}],"collection":[{"href":"https:\/\/cecequip.com\/en\/wp-json\/wp\/v2\/pages"}],"about":[{"href":"https:\/\/cecequip.com\/en\/wp-json\/wp\/v2\/types\/page"}],"author":[{"embeddable":true,"href":"https:\/\/cecequip.com\/en\/wp-json\/wp\/v2\/users\/1"}],"replies":[{"embeddable":true,"href":"https:\/\/cecequip.com\/en\/wp-json\/wp\/v2\/comments?post=4914"}],"version-history":[{"count":4,"href":"https:\/\/cecequip.com\/en\/wp-json\/wp\/v2\/pages\/4914\/revisions"}],"predecessor-version":[{"id":4918,"href":"https:\/\/cecequip.com\/en\/wp-json\/wp\/v2\/pages\/4914\/revisions\/4918"}],"wp:attachment":[{"href":"https:\/\/cecequip.com\/en\/wp-json\/wp\/v2\/media?parent=4914"}],"curies":[{"name":"wp","href":"https:\/\/api.w.org\/{rel}","templated":true}]}}