{"id":4900,"date":"2026-02-23T11:52:41","date_gmt":"2026-02-23T11:52:41","guid":{"rendered":"https:\/\/blades.marcgermain.ca\/?page_id=4900"},"modified":"2026-02-23T11:56:22","modified_gmt":"2026-02-23T11:56:22","slug":"laser-geomax-zone-60hg-double-pentes-semi-automatique","status":"publish","type":"page","link":"https:\/\/cecequip.com\/en\/laser-geomax-zone-60hg-double-pentes-semi-automatique\/","title":{"rendered":"Laser Geomax Zone 60HG Double Pentes Semi-Automatique"},"content":{"rendered":"<div data-elementor-type=\"wp-page\" data-elementor-id=\"4900\" class=\"elementor elementor-4900\" data-elementor-post-type=\"page\">\n\t\t\t\t<div class=\"elementor-element elementor-element-23e7fcc e-flex e-con-boxed e-con e-parent\" data-id=\"23e7fcc\" data-element_type=\"container\" data-e-type=\"container\" data-settings=\"{&quot;background_background&quot;:&quot;classic&quot;}\">\n\t\t\t\t\t<div class=\"e-con-inner\">\n\t\t\t\t<div class=\"elementor-element elementor-element-572f79b elementor-widget elementor-widget-heading\" data-id=\"572f79b\" data-element_type=\"widget\" data-e-type=\"widget\" data-widget_type=\"heading.default\">\n\t\t\t\t\t<h2 class=\"elementor-heading-title elementor-size-default\">Laser Geomax Zone 60HG Double Pentes Semi-Automatique\n\n<\/h2>\t\t\t\t<\/div>\n\t\t\t\t\t<\/div>\n\t\t\t\t<\/div>\n\t\t<div class=\"elementor-element elementor-element-56dfce6 e-flex e-con-boxed e-con e-parent\" data-id=\"56dfce6\" data-element_type=\"container\" data-e-type=\"container\">\n\t\t\t\t\t<div class=\"e-con-inner\">\n\t\t<div class=\"elementor-element elementor-element-052b871 e-con-full e-flex e-con e-child\" data-id=\"052b871\" data-element_type=\"container\" data-e-type=\"container\">\n\t\t\t\t<div class=\"elementor-element elementor-element-8c10536 elementor-widget elementor-widget-image\" data-id=\"8c10536\" data-element_type=\"widget\" data-e-type=\"widget\" data-widget_type=\"image.default\">\n\t\t\t\t\t\t\t\t\t\t\t\t\t\t\t<img fetchpriority=\"high\" decoding=\"async\" width=\"600\" height=\"400\" src=\"https:\/\/cecequip.com\/wp-content\/uploads\/2026\/02\/60HG-Double.png\" class=\"attachment-large size-large wp-image-4903\" alt=\"\" srcset=\"https:\/\/cecequip.com\/wp-content\/uploads\/2026\/02\/60HG-Double.png 600w, https:\/\/cecequip.com\/wp-content\/uploads\/2026\/02\/60HG-Double-300x200.png 300w\" sizes=\"(max-width: 600px) 100vw, 600px\" \/>\t\t\t\t\t\t\t\t\t\t\t\t\t\t\t<\/div>\n\t\t\t\t<div class=\"elementor-element elementor-element-32357f8 elementor-align-justify elementor-widget elementor-widget-button\" data-id=\"32357f8\" data-element_type=\"widget\" data-e-type=\"widget\" data-widget_type=\"button.default\">\n\t\t\t\t\t\t\t\t\t\t<a class=\"elementor-button elementor-button-link elementor-size-sm\" href=\"https:\/\/cecequip.com\/wp-content\/uploads\/2026\/02\/GeoMax-Laser-Rotators-BRO-843968-0522-fr-LR.pdf\">\n\t\t\t\t\t\t<span class=\"elementor-button-content-wrapper\">\n\t\t\t\t\t\t\t\t\t<span class=\"elementor-button-text\">T\u00e9l\u00e9charger la brochure<\/span>\n\t\t\t\t\t<\/span>\n\t\t\t\t\t<\/a>\n\t\t\t\t\t\t\t\t<\/div>\n\t\t\t\t<\/div>\n\t\t<div class=\"elementor-element elementor-element-b1fa761 e-con-full e-flex e-con e-child\" data-id=\"b1fa761\" data-element_type=\"container\" data-e-type=\"container\">\n\t\t\t\t<div class=\"elementor-element elementor-element-7e53a26 elementor-widget elementor-widget-text-editor\" data-id=\"7e53a26\" data-element_type=\"widget\" data-e-type=\"widget\" data-widget_type=\"text-editor.default\">\n\t\t\t\t\t\t\t\t\t<div class=\"text-group info-content\"><div class=\"woocommerce-tabs wc-tabs-wrapper\"><div id=\"tab-description\" class=\"woocommerce-Tabs-panel woocommerce-Tabs-panel--description panel entry-content wc-tab\" role=\"tabpanel\" aria-labelledby=\"tab-title-description\"><div class=\"text-group\"><div class=\"woocommerce-tabs wc-tabs-wrapper\"><div id=\"tab-description\" class=\"woocommerce-Tabs-panel woocommerce-Tabs-panel--description panel entry-content wc-tab\" role=\"tabpanel\" aria-labelledby=\"tab-title-description\"><p><strong>Laser Geomax Zone 60HG Double Pentes Semi-Automatique:<\/strong><\/p><p>Conjuguant un clavier de pointe facile \u00e0 utiliser, le 60HG est un laser double pentes semi-automatique offrant +-8 % dans les deux axes. Gr\u00e2ce aux r\u00e9glages de l\u2019\u00e9cran, les inclinaisons sont clairement visibles et permettent une utilisation simple et intuitive. Le Zone60 HG est con\u00e7u pour les applications ext\u00e9rieures et est un partenaire id\u00e9al pour le b\u00e9ton ainsi que pour les coffrages.<\/p><p><strong>R\u00e9glage facile de la pente<\/strong><\/p><p>Pour les entrepreneurs qui doivent constamment v\u00e9rifier la hauteur du b\u00e9ton pour assurer un nivellement optimal, le Zone60\u00a0HG r\u00e9sout leur probl\u00e8me en fournissant des r\u00e9f\u00e9rences pr\u00e9cises et fiables en collaboration avec les r\u00e9cepteurs GeoMax. Pour ceux qui ont besoin de niveler la base pour obtenir une pente constante de la rue \u00e0 la maison, le laser permet un fonctionnement automatique dans le plan horizontal et prend donc en charge le travail principal de l\u2019entrepreneur. La pente peut \u00eatre facilement d\u00e9finie sur la pente requise.<\/p><p><strong>Surveillez les performances<\/strong><\/p><p>Avec la fonction de pente, les changements de temps et de temp\u00e9rature sont fr\u00e9quemment surveill\u00e9s afin d\u2019assurer une performance pr\u00e9cise.<\/p><p>Sp\u00e9cifications:<\/p><ul><li>IP67<\/li><li>Batterie alcaline (60 heures)<\/li><li>Batterie pack rechargeable (40 heures)<\/li><li>Diam\u00e8tres de 900m (3000 pieds)<\/li><\/ul><\/div><\/div><section class=\"related products\"><\/section><\/div><\/div><\/div><section class=\"related products\"><\/section><\/div>\t\t\t\t\t\t\t\t<\/div>\n\t\t\t\t<\/div>\n\t\t\t\t\t<\/div>\n\t\t\t\t<\/div>\n\t\t\t\t<\/div>","protected":false},"excerpt":{"rendered":"<p>Laser Geomax Zone 60HG Double Pentes Semi-Automatique T\u00e9l\u00e9charger la brochure Laser Geomax Zone 60HG Double Pentes Semi-Automatique: Conjuguant un clavier de pointe facile \u00e0 utiliser, le 60HG est un laser double pentes semi-automatique offrant +-8 % dans les deux axes. Gr\u00e2ce aux r\u00e9glages de l\u2019\u00e9cran, les inclinaisons sont clairement visibles et permettent une utilisation simple [&hellip;]<\/p>\n","protected":false},"author":1,"featured_media":0,"parent":0,"menu_order":0,"comment_status":"closed","ping_status":"closed","template":"","meta":{"footnotes":""},"class_list":["post-4900","page","type-page","status-publish","hentry"],"_links":{"self":[{"href":"https:\/\/cecequip.com\/en\/wp-json\/wp\/v2\/pages\/4900","targetHints":{"allow":["GET"]}}],"collection":[{"href":"https:\/\/cecequip.com\/en\/wp-json\/wp\/v2\/pages"}],"about":[{"href":"https:\/\/cecequip.com\/en\/wp-json\/wp\/v2\/types\/page"}],"author":[{"embeddable":true,"href":"https:\/\/cecequip.com\/en\/wp-json\/wp\/v2\/users\/1"}],"replies":[{"embeddable":true,"href":"https:\/\/cecequip.com\/en\/wp-json\/wp\/v2\/comments?post=4900"}],"version-history":[{"count":4,"href":"https:\/\/cecequip.com\/en\/wp-json\/wp\/v2\/pages\/4900\/revisions"}],"predecessor-version":[{"id":4906,"href":"https:\/\/cecequip.com\/en\/wp-json\/wp\/v2\/pages\/4900\/revisions\/4906"}],"wp:attachment":[{"href":"https:\/\/cecequip.com\/en\/wp-json\/wp\/v2\/media?parent=4900"}],"curies":[{"name":"wp","href":"https:\/\/api.w.org\/{rel}","templated":true}]}}