{"id":4892,"date":"2026-02-23T11:48:30","date_gmt":"2026-02-23T11:48:30","guid":{"rendered":"https:\/\/blades.marcgermain.ca\/?page_id=4892"},"modified":"2026-02-23T11:50:41","modified_gmt":"2026-02-23T11:50:41","slug":"laser-geomax-zone-60dg-double-pentes-full-automatique","status":"publish","type":"page","link":"https:\/\/cecequip.com\/en\/laser-geomax-zone-60dg-double-pentes-full-automatique\/","title":{"rendered":"Laser Geomax Zone 60DG Double Pentes Full-Automatique"},"content":{"rendered":"<div data-elementor-type=\"wp-page\" data-elementor-id=\"4892\" class=\"elementor elementor-4892\" data-elementor-post-type=\"page\">\n\t\t\t\t<div class=\"elementor-element elementor-element-23e7fcc e-flex e-con-boxed e-con e-parent\" data-id=\"23e7fcc\" data-element_type=\"container\" data-e-type=\"container\" data-settings=\"{&quot;background_background&quot;:&quot;classic&quot;}\">\n\t\t\t\t\t<div class=\"e-con-inner\">\n\t\t\t\t<div class=\"elementor-element elementor-element-572f79b elementor-widget elementor-widget-heading\" data-id=\"572f79b\" data-element_type=\"widget\" data-e-type=\"widget\" data-widget_type=\"heading.default\">\n\t\t\t\t\t<h2 class=\"elementor-heading-title elementor-size-default\">Laser Geomax Zone 60DG Double Pentes Full-Automatique\n\n<\/h2>\t\t\t\t<\/div>\n\t\t\t\t\t<\/div>\n\t\t\t\t<\/div>\n\t\t<div class=\"elementor-element elementor-element-56dfce6 e-flex e-con-boxed e-con e-parent\" data-id=\"56dfce6\" data-element_type=\"container\" data-e-type=\"container\">\n\t\t\t\t\t<div class=\"e-con-inner\">\n\t\t<div class=\"elementor-element elementor-element-052b871 e-con-full e-flex e-con e-child\" data-id=\"052b871\" data-element_type=\"container\" data-e-type=\"container\">\n\t\t\t\t<div class=\"elementor-element elementor-element-8c10536 elementor-widget elementor-widget-image\" data-id=\"8c10536\" data-element_type=\"widget\" data-e-type=\"widget\" data-widget_type=\"image.default\">\n\t\t\t\t\t\t\t\t\t\t\t\t\t\t\t<img fetchpriority=\"high\" decoding=\"async\" width=\"600\" height=\"400\" src=\"https:\/\/cecequip.com\/wp-content\/uploads\/2026\/02\/lasers-a-pentes.png\" class=\"attachment-large size-large wp-image-4777\" alt=\"\" srcset=\"https:\/\/cecequip.com\/wp-content\/uploads\/2026\/02\/lasers-a-pentes.png 600w, https:\/\/cecequip.com\/wp-content\/uploads\/2026\/02\/lasers-a-pentes-300x200.png 300w\" sizes=\"(max-width: 600px) 100vw, 600px\" \/>\t\t\t\t\t\t\t\t\t\t\t\t\t\t\t<\/div>\n\t\t\t\t<div class=\"elementor-element elementor-element-32357f8 elementor-align-justify elementor-widget elementor-widget-button\" data-id=\"32357f8\" data-element_type=\"widget\" data-e-type=\"widget\" data-widget_type=\"button.default\">\n\t\t\t\t\t\t\t\t\t\t<a class=\"elementor-button elementor-button-link elementor-size-sm\" href=\"https:\/\/cecequip.com\/wp-content\/uploads\/2026\/02\/GeoMax-Laser-Rotators-BRO-843968-0522-fr-LR.pdf\">\n\t\t\t\t\t\t<span class=\"elementor-button-content-wrapper\">\n\t\t\t\t\t\t\t\t\t<span class=\"elementor-button-text\">T\u00e9l\u00e9charger la brochure<\/span>\n\t\t\t\t\t<\/span>\n\t\t\t\t\t<\/a>\n\t\t\t\t\t\t\t\t<\/div>\n\t\t\t\t<\/div>\n\t\t<div class=\"elementor-element elementor-element-b1fa761 e-con-full e-flex e-con e-child\" data-id=\"b1fa761\" data-element_type=\"container\" data-e-type=\"container\">\n\t\t\t\t<div class=\"elementor-element elementor-element-7e53a26 elementor-widget elementor-widget-text-editor\" data-id=\"7e53a26\" data-element_type=\"widget\" data-e-type=\"widget\" data-widget_type=\"text-editor.default\">\n\t\t\t\t\t\t\t\t\t<div class=\"text-group info-content\">\n<div class=\"woocommerce-tabs wc-tabs-wrapper\">\n<div id=\"tab-description\" class=\"woocommerce-Tabs-panel woocommerce-Tabs-panel--description panel entry-content wc-tab\" role=\"tabpanel\" aria-labelledby=\"tab-title-description\">\n<div class=\"text-group\">\n<div class=\"woocommerce-tabs wc-tabs-wrapper\">\n<div id=\"tab-description\" class=\"woocommerce-Tabs-panel woocommerce-Tabs-panel--description panel entry-content wc-tab\" role=\"tabpanel\" aria-labelledby=\"tab-title-description\">\n<p>Laser Geomax Zone 60DG Double Pentes Full-Automatique:<\/p>\n<p>Le Zone60 DG est un laser \u00e0 pente enti\u00e8rement automatique, op\u00e9rant dans les deux axes, qui a \u00e9t\u00e9 con\u00e7u sp\u00e9cialement pour les ouvriers du b\u00e2timent qui ont besoin chaque jour de la fiabilit\u00e9 et de la pr\u00e9cision d\u2019un outil vraiment professionnel. La saisie d\u2019inclinaisons num\u00e9riques est possible jusqu\u2019\u00e0 15\u00a0%, un chiffre id\u00e9al pour chaque chantier. L\u2019afficheur permet de r\u00e9gler tr\u00e8s facilement les inclinaisons dans deux axes, horizontal et vertical.<\/p>\n<h3>Gestion d\u2019une grande vari\u00e9t\u00e9 d\u2019applications<\/h3>\n<p>Parfait pour les applications ext\u00e9rieures, comme le nivellement des routes, le Zone60\u00a0DG vous permet de corriger et d\u2019\u00e9liminer facilement les irr\u00e9gularit\u00e9s. Il vous garantit des r\u00e9sultats reproductibles et pr\u00e9cis sur de longues distances, m\u00eame dans les conditions de travail les plus difficiles. Le Zone60\u00a0DG est le partenaire id\u00e9al pour les applications de niveau, simple ou double pente ainsi que pour les applications de chaise. Il peut \u00eatre utilis\u00e9 pour l\u2019alignement pour le marquage de la mise en place du coffrage ainsi que des points de chaise pour marquer l\u2019axe. Le Zone60\u00a0DG est id\u00e9al pour les entrepreneurs qui ont besoin de niveler et d\u2019excaver pour des plans ou des structures de construction pr\u00eates \u00e0 l\u2019emploi. Le fonctionnement enti\u00e8rement automatique dans un plan horizontal et inclin\u00e9 fournit une r\u00e9f\u00e9rence parfaite pour tous les nivellements et terrassements.<\/p>\n<p>Avec le r\u00e9cepteur laser\u00a0ZRD105B, le faisceau peut \u00eatre capt\u00e9 et contr\u00f4l\u00e9 automatiquement. Outil enti\u00e8rement automatis\u00e9 et sp\u00e9cialement con\u00e7u pour le personnel de chantier ayant besoin au quotidien d\u2019un laser professionnel ultrafiable et pr\u00e9cis.<\/p>\n<p>Sp\u00e9cifications:<\/p>\n<ul>\n<li>Diam\u00e8tre de 900 m\u00e8tres (3000 pieds)<\/li>\n<li>Pr\u00e9cision de 1\/16 \u00e0 100 pieds<\/li>\n<li>Batterie alcaline (60 heures)<\/li>\n<li>Batterie pack rechargeable (40 heures)<\/li>\n<\/ul>\n<\/div>\n<\/div>\n<section class=\"related products\"><\/section>\n<\/div>\n<\/div>\n<\/div>\n<section class=\"related products\"><\/section>\n<\/div>\t\t\t\t\t\t\t\t<\/div>\n\t\t\t\t<\/div>\n\t\t\t\t\t<\/div>\n\t\t\t\t<\/div>\n\t\t\t\t<\/div>","protected":false},"excerpt":{"rendered":"<p>Laser Geomax Zone 60DG Double Pentes Full-Automatique T\u00e9l\u00e9charger la brochure Laser Geomax Zone 60DG Double Pentes Full-Automatique: Le Zone60 DG est un laser \u00e0 pente enti\u00e8rement automatique, op\u00e9rant dans les deux axes, qui a \u00e9t\u00e9 con\u00e7u sp\u00e9cialement pour les ouvriers du b\u00e2timent qui ont besoin chaque jour de la fiabilit\u00e9 et de la pr\u00e9cision d\u2019un [&hellip;]<\/p>\n","protected":false},"author":1,"featured_media":0,"parent":0,"menu_order":0,"comment_status":"closed","ping_status":"closed","template":"","meta":{"footnotes":""},"class_list":["post-4892","page","type-page","status-publish","hentry"],"_links":{"self":[{"href":"https:\/\/cecequip.com\/en\/wp-json\/wp\/v2\/pages\/4892","targetHints":{"allow":["GET"]}}],"collection":[{"href":"https:\/\/cecequip.com\/en\/wp-json\/wp\/v2\/pages"}],"about":[{"href":"https:\/\/cecequip.com\/en\/wp-json\/wp\/v2\/types\/page"}],"author":[{"embeddable":true,"href":"https:\/\/cecequip.com\/en\/wp-json\/wp\/v2\/users\/1"}],"replies":[{"embeddable":true,"href":"https:\/\/cecequip.com\/en\/wp-json\/wp\/v2\/comments?post=4892"}],"version-history":[{"count":4,"href":"https:\/\/cecequip.com\/en\/wp-json\/wp\/v2\/pages\/4892\/revisions"}],"predecessor-version":[{"id":4896,"href":"https:\/\/cecequip.com\/en\/wp-json\/wp\/v2\/pages\/4892\/revisions\/4896"}],"wp:attachment":[{"href":"https:\/\/cecequip.com\/en\/wp-json\/wp\/v2\/media?parent=4892"}],"curies":[{"name":"wp","href":"https:\/\/api.w.org\/{rel}","templated":true}]}}