{"id":4868,"date":"2026-02-23T11:35:56","date_gmt":"2026-02-23T11:35:56","guid":{"rendered":"https:\/\/blades.marcgermain.ca\/?page_id=4868"},"modified":"2026-02-23T11:39:50","modified_gmt":"2026-02-23T11:39:50","slug":"nedo-linus-1-hv","status":"publish","type":"page","link":"https:\/\/cecequip.com\/en\/nedo-linus-1-hv\/","title":{"rendered":"Nedo Linus 1 HV"},"content":{"rendered":"<div data-elementor-type=\"wp-page\" data-elementor-id=\"4868\" class=\"elementor elementor-4868\" data-elementor-post-type=\"page\">\n\t\t\t\t<div class=\"elementor-element elementor-element-23e7fcc e-flex e-con-boxed e-con e-parent\" data-id=\"23e7fcc\" data-element_type=\"container\" data-e-type=\"container\" data-settings=\"{&quot;background_background&quot;:&quot;classic&quot;}\">\n\t\t\t\t\t<div class=\"e-con-inner\">\n\t\t\t\t<div class=\"elementor-element elementor-element-572f79b elementor-widget elementor-widget-heading\" data-id=\"572f79b\" data-element_type=\"widget\" data-e-type=\"widget\" data-widget_type=\"heading.default\">\n\t\t\t\t\t<h2 class=\"elementor-heading-title elementor-size-default\">Nedo Linus 1 HV\n<\/h2>\t\t\t\t<\/div>\n\t\t\t\t\t<\/div>\n\t\t\t\t<\/div>\n\t\t<div class=\"elementor-element elementor-element-56dfce6 e-flex e-con-boxed e-con e-parent\" data-id=\"56dfce6\" data-element_type=\"container\" data-e-type=\"container\">\n\t\t\t\t\t<div class=\"e-con-inner\">\n\t\t<div class=\"elementor-element elementor-element-052b871 e-con-full e-flex e-con e-child\" data-id=\"052b871\" data-element_type=\"container\" data-e-type=\"container\">\n\t\t\t\t<div class=\"elementor-element elementor-element-8c10536 elementor-widget elementor-widget-image\" data-id=\"8c10536\" data-element_type=\"widget\" data-e-type=\"widget\" data-widget_type=\"image.default\">\n\t\t\t\t\t\t\t\t\t\t\t\t\t\t\t<img fetchpriority=\"high\" decoding=\"async\" width=\"600\" height=\"400\" src=\"https:\/\/cecequip.com\/wp-content\/uploads\/2026\/02\/lasers-universels.png\" class=\"attachment-large size-large wp-image-4775\" alt=\"\" srcset=\"https:\/\/cecequip.com\/wp-content\/uploads\/2026\/02\/lasers-universels.png 600w, https:\/\/cecequip.com\/wp-content\/uploads\/2026\/02\/lasers-universels-300x200.png 300w\" sizes=\"(max-width: 600px) 100vw, 600px\" \/>\t\t\t\t\t\t\t\t\t\t\t\t\t\t\t<\/div>\n\t\t\t\t<div class=\"elementor-element elementor-element-1ef7e4b elementor-widget elementor-widget-image\" data-id=\"1ef7e4b\" data-element_type=\"widget\" data-e-type=\"widget\" data-widget_type=\"image.default\">\n\t\t\t\t\t\t\t\t\t\t\t\t\t\t\t<img decoding=\"async\" width=\"645\" height=\"397\" src=\"https:\/\/cecequip.com\/wp-content\/uploads\/2026\/02\/062247_big.gif\" class=\"attachment-large size-large wp-image-4871\" alt=\"\" \/>\t\t\t\t\t\t\t\t\t\t\t\t\t\t\t<\/div>\n\t\t\t\t<div class=\"elementor-element elementor-element-b97a96f elementor-widget elementor-widget-image\" data-id=\"b97a96f\" data-element_type=\"widget\" data-e-type=\"widget\" data-widget_type=\"image.default\">\n\t\t\t\t\t\t\t\t\t\t\t\t\t\t\t<img decoding=\"async\" width=\"600\" height=\"400\" src=\"https:\/\/cecequip.com\/wp-content\/uploads\/2026\/02\/1nedolinus.png\" class=\"attachment-large size-large wp-image-4874\" alt=\"\" srcset=\"https:\/\/cecequip.com\/wp-content\/uploads\/2026\/02\/1nedolinus.png 600w, https:\/\/cecequip.com\/wp-content\/uploads\/2026\/02\/1nedolinus-300x200.png 300w\" sizes=\"(max-width: 600px) 100vw, 600px\" \/>\t\t\t\t\t\t\t\t\t\t\t\t\t\t\t<\/div>\n\t\t\t\t<div class=\"elementor-element elementor-element-b02db65 elementor-widget elementor-widget-image\" data-id=\"b02db65\" data-element_type=\"widget\" data-e-type=\"widget\" data-widget_type=\"image.default\">\n\t\t\t\t\t\t\t\t\t\t\t\t\t\t\t<img loading=\"lazy\" decoding=\"async\" width=\"600\" height=\"400\" src=\"https:\/\/cecequip.com\/wp-content\/uploads\/2026\/02\/1nedo1.png\" class=\"attachment-large size-large wp-image-4873\" alt=\"\" srcset=\"https:\/\/cecequip.com\/wp-content\/uploads\/2026\/02\/1nedo1.png 600w, https:\/\/cecequip.com\/wp-content\/uploads\/2026\/02\/1nedo1-300x200.png 300w\" sizes=\"(max-width: 600px) 100vw, 600px\" \/>\t\t\t\t\t\t\t\t\t\t\t\t\t\t\t<\/div>\n\t\t\t\t<\/div>\n\t\t<div class=\"elementor-element elementor-element-b1fa761 e-con-full e-flex e-con e-child\" data-id=\"b1fa761\" data-element_type=\"container\" data-e-type=\"container\">\n\t\t\t\t<div class=\"elementor-element elementor-element-7e53a26 elementor-widget elementor-widget-text-editor\" data-id=\"7e53a26\" data-element_type=\"widget\" data-e-type=\"widget\" data-widget_type=\"text-editor.default\">\n\t\t\t\t\t\t\t\t\t<div class=\"text-group info-content\"><div class=\"woocommerce-tabs wc-tabs-wrapper\"><div id=\"tab-description\" class=\"woocommerce-Tabs-panel woocommerce-Tabs-panel--description panel entry-content wc-tab\" role=\"tabpanel\" aria-labelledby=\"tab-title-description\"><div class=\"text-group\"><div class=\"woocommerce-tabs wc-tabs-wrapper\"><div id=\"tab-description\" class=\"woocommerce-Tabs-panel woocommerce-Tabs-panel--description panel entry-content wc-tab\" role=\"tabpanel\" aria-labelledby=\"tab-title-description\"><p><strong>Innovant<\/strong>.\u00a0LINUS1\u00a0HV Nedo est un laser universel de type nouveau, extr\u00eamement robuste, enti\u00e8rement automatique pour niveler, aligner et reporter des angles droits dans les travaux \u00e0 l\u2019ext\u00e9rieur et l\u2019am\u00e9nagement int\u00e9rieur.<\/p><p><strong>Polyvalent<\/strong>.\u00a0Le nouveau laser universel enti\u00e8rement automatique LINUS1\u00a0HV Nedo combine une ligne laser horizontale sur 360\u00b0 avec quatre lignes laser activables individuellement, agenc\u00e9es \u00e0 90\u00b0 les unes par rapport aux autres. Gr\u00e2ce \u00e0 l\u2019orientation vers le bas des diodes laser verticales, les lignes commencent directement au pied du laser. Un rayon d\u2019aplomb suppl\u00e9mentaire marque au sol le point d\u2019intersection des quatre lignes laser verticales. Ainsi, le nouveau LINUS1\u00a0HV Nedo ne convient pas seulement pour niveler et aligner, mais aussi pour reporter rapidement et ais\u00e9ment des angles droits \u00e0 l\u2019ext\u00e9rieur. Il est parfait pour les travaux de coffrage, dans la construction d\u2019abris de voitures, de terrasses et de garages ou pour la pose de dalles, de carreaux et de pav\u00e9s.<\/p><p><strong>Robuste<\/strong>.\u00a0LINUS1\u00a0HV Nedo est dot\u00e9 d\u2019un calage automatique motoris\u00e9 robuste et fiable. Dans la plage de calage automatique de \u00b15\u00b0, des nivelles num\u00e9riques et des servomoteurs \u00e9lectriques garantissent un alignement pr\u00e9cis de la ligne laser horizontale sur 360\u00b0 et des quatre lignes laser verticales. Le bo\u00eetier antichoc du laser dans une cage en aluminium est prot\u00e9g\u00e9 contre les projections d\u2019eau et \u00e9tanche \u00e0 la poussi\u00e8re, et est conforme au type de protection IP 65. Par cons\u00e9quent, le nouveau LINUS1\u00a0HV peut \u00eatre utilis\u00e9 en pr\u00e9sence de vent et dans de mauvaises conditions atmosph\u00e9riques. Gr\u00e2ce \u00e0 sa conception robuste et \u00e0 la carcasse en caoutchouc du bo\u00eetier, le LINUS1\u00a0HV Nedo r\u00e9siste m\u00eame \u00e0 une chute de 1 m de hauteur. Instrument parfait pour les durs travaux dans le g\u00e9nie civil, l\u2019horticulture et l\u2019am\u00e9nagement paysager ou la construction m\u00e9tallique et en bois.<\/p><p><strong>Bien con\u00e7u<\/strong>.\u00a0De nombreuses id\u00e9es innovantes ont \u00e9t\u00e9 int\u00e9gr\u00e9es dans le d\u00e9veloppement du LINUS1\u00a0HV. Les dimensions du laser et du r\u00e9cepteur laser ACCEPTORLine sont parfaitement harmonis\u00e9es. La distance entre le plan vertical du laser et le bord du bo\u00eetier du LINUS1\u00a0HV et la distance du bord du bo\u00eetier \u00e0 la ligne z\u00e9ro du r\u00e9cepteur laser sont identiques. De ce fait, l\u2019orthogonalit\u00e9 de surfaces de murs ou de coffrages peut \u00eatre facilement v\u00e9rifi\u00e9e. Des \u00e9carts de mesure peuvent \u00eatre lus directement au mm pr\u00e8s sur le r\u00e9cepteur laser num\u00e9rique ACCEPTORLine.<\/p><p><strong>Robuste pied multifonction avec r\u00e9glage microm\u00e9trique.<\/strong>\u00a0Le robuste pied multifonction en aluminium permet un positionnement pr\u00e9cis du LINUS1 HV sur un point de prise d\u2019aplomb donn\u00e9. \u00c0 l\u2019aide du r\u00e9glage microm\u00e9-trique, les lignes laser verticales du LINUS1 HV peuvent \u00eatre align\u00e9es avec une grande pr\u00e9cision, m\u00eame sur de grandes distances. En raison du design bien pens\u00e9 du pied multifonction, le laser peut \u00eatre positionn\u00e9 sur un carreau, ce qui permet d\u2019aligner les lignes laser verticales du LINUS1 HV le long des bords du carreau. De plus, le pied multifonction prot\u00e8ge le laser contre le contact direct avec un sol humide, de l\u2019eau stagnante ou de la boue. En alternative, il est \u00e9galement possible d\u2019utiliser le pied multifonction et le r\u00e9glage microm\u00e9trique sur un tr\u00e9pied.<\/p><p><strong>ACCEPTORLine \u2013 r\u00e9cepteur laser avec affichage en mm<\/strong>. La fourniture de s\u00e9rie comprend le r\u00e9cepteur laser num\u00e9rique ACCEPTORLine avec affichage en mm et le support \u00abHeavy-Duty\u00bb en aluminium. \u00c0 l\u2019aide du r\u00e9cepteur laser, les lignes laser peuvent \u00eatre fiablement d\u00e9tect\u00e9es m\u00eame dans des conditions d\u2019\u00e9clairage d\u00e9favorables. La distance entre le rayon laser incident et la ligne z\u00e9ro du r\u00e9cepteur est alors affich\u00e9e en mm. Support de r\u00e9cepteur multifonction avec blocage rapide Fixation rapide du r\u00e9cepteur laser. ACCEPTORLine \u00e0 une mire rigide ou flexible \u00e0 l\u2019aide du blocage rapide. Optimale pour fixer le r\u00e9cepteur laser \u00e0 un chevalet pourtirer au cordeau ou dans les travaux en coin.<\/p><p><b>Support de r\u00e9cepteur multifonction avec<br \/>blocage rapide.\u00a0<\/b>Fixation rapide du r\u00e9cepteur laser ACCEPTOR<sup>Line<\/sup>\u00a0\u00e0 unemire rigide ou flexible \u00e0 l\u2019aide du blocage rapide. Optimale pour fixer le r\u00e9cepteur laser \u00e0 un chevalet pour tirer au cordeau ou dans les travaux en coin.<\/p><\/div><\/div><section class=\"related products\"><\/section><\/div><\/div><\/div><section class=\"related products\"><\/section><\/div>\t\t\t\t\t\t\t\t<\/div>\n\t\t\t\t<\/div>\n\t\t\t\t\t<\/div>\n\t\t\t\t<\/div>\n\t\t\t\t<\/div>","protected":false},"excerpt":{"rendered":"<p>Nedo Linus 1 HV Innovant.\u00a0LINUS1\u00a0HV Nedo est un laser universel de type nouveau, extr\u00eamement robuste, enti\u00e8rement automatique pour niveler, aligner et reporter des angles droits dans les travaux \u00e0 l\u2019ext\u00e9rieur et l\u2019am\u00e9nagement int\u00e9rieur. Polyvalent.\u00a0Le nouveau laser universel enti\u00e8rement automatique LINUS1\u00a0HV Nedo combine une ligne laser horizontale sur 360\u00b0 avec quatre lignes laser activables individuellement, agenc\u00e9es [&hellip;]<\/p>\n","protected":false},"author":1,"featured_media":0,"parent":0,"menu_order":0,"comment_status":"closed","ping_status":"closed","template":"","meta":{"footnotes":""},"class_list":["post-4868","page","type-page","status-publish","hentry"],"_links":{"self":[{"href":"https:\/\/cecequip.com\/en\/wp-json\/wp\/v2\/pages\/4868","targetHints":{"allow":["GET"]}}],"collection":[{"href":"https:\/\/cecequip.com\/en\/wp-json\/wp\/v2\/pages"}],"about":[{"href":"https:\/\/cecequip.com\/en\/wp-json\/wp\/v2\/types\/page"}],"author":[{"embeddable":true,"href":"https:\/\/cecequip.com\/en\/wp-json\/wp\/v2\/users\/1"}],"replies":[{"embeddable":true,"href":"https:\/\/cecequip.com\/en\/wp-json\/wp\/v2\/comments?post=4868"}],"version-history":[{"count":4,"href":"https:\/\/cecequip.com\/en\/wp-json\/wp\/v2\/pages\/4868\/revisions"}],"predecessor-version":[{"id":4877,"href":"https:\/\/cecequip.com\/en\/wp-json\/wp\/v2\/pages\/4868\/revisions\/4877"}],"wp:attachment":[{"href":"https:\/\/cecequip.com\/en\/wp-json\/wp\/v2\/media?parent=4868"}],"curies":[{"name":"wp","href":"https:\/\/api.w.org\/{rel}","templated":true}]}}