{"id":4852,"date":"2026-02-23T11:30:10","date_gmt":"2026-02-23T11:30:10","guid":{"rendered":"https:\/\/blades.marcgermain.ca\/?page_id=4852"},"modified":"2026-02-23T11:31:13","modified_gmt":"2026-02-23T11:31:13","slug":"leica-rugby-610","status":"publish","type":"page","link":"https:\/\/cecequip.com\/en\/leica-rugby-610\/","title":{"rendered":"Leica Rugby 610"},"content":{"rendered":"<div data-elementor-type=\"wp-page\" data-elementor-id=\"4852\" class=\"elementor elementor-4852\" data-elementor-post-type=\"page\">\n\t\t\t\t<div class=\"elementor-element elementor-element-23e7fcc e-flex e-con-boxed e-con e-parent\" data-id=\"23e7fcc\" data-element_type=\"container\" data-e-type=\"container\" data-settings=\"{&quot;background_background&quot;:&quot;classic&quot;}\">\n\t\t\t\t\t<div class=\"e-con-inner\">\n\t\t\t\t<div class=\"elementor-element elementor-element-572f79b elementor-widget elementor-widget-heading\" data-id=\"572f79b\" data-element_type=\"widget\" data-e-type=\"widget\" data-widget_type=\"heading.default\">\n\t\t\t\t\t<h2 class=\"elementor-heading-title elementor-size-default\">Leica Rugby 610\n<\/h2>\t\t\t\t<\/div>\n\t\t\t\t\t<\/div>\n\t\t\t\t<\/div>\n\t\t<div class=\"elementor-element elementor-element-56dfce6 e-flex e-con-boxed e-con e-parent\" data-id=\"56dfce6\" data-element_type=\"container\" data-e-type=\"container\">\n\t\t\t\t\t<div class=\"e-con-inner\">\n\t\t<div class=\"elementor-element elementor-element-052b871 e-con-full e-flex e-con e-child\" data-id=\"052b871\" data-element_type=\"container\" data-e-type=\"container\">\n\t\t\t\t<div class=\"elementor-element elementor-element-8c10536 elementor-widget elementor-widget-image\" data-id=\"8c10536\" data-element_type=\"widget\" data-e-type=\"widget\" data-widget_type=\"image.default\">\n\t\t\t\t\t\t\t\t\t\t\t\t\t\t\t<img fetchpriority=\"high\" decoding=\"async\" width=\"600\" height=\"400\" src=\"https:\/\/cecequip.com\/wp-content\/uploads\/2026\/02\/leicarugby610.png\" class=\"attachment-large size-large wp-image-4788\" alt=\"\" srcset=\"https:\/\/cecequip.com\/wp-content\/uploads\/2026\/02\/leicarugby610.png 600w, https:\/\/cecequip.com\/wp-content\/uploads\/2026\/02\/leicarugby610-300x200.png 300w\" sizes=\"(max-width: 600px) 100vw, 600px\" \/>\t\t\t\t\t\t\t\t\t\t\t\t\t\t\t<\/div>\n\t\t\t\t<\/div>\n\t\t<div class=\"elementor-element elementor-element-b1fa761 e-con-full e-flex e-con e-child\" data-id=\"b1fa761\" data-element_type=\"container\" data-e-type=\"container\">\n\t\t\t\t<div class=\"elementor-element elementor-element-7e53a26 elementor-widget elementor-widget-text-editor\" data-id=\"7e53a26\" data-element_type=\"widget\" data-e-type=\"widget\" data-widget_type=\"text-editor.default\">\n\t\t\t\t\t\t\t\t\t<div class=\"text-group info-content\">\n<div class=\"woocommerce-tabs wc-tabs-wrapper\">\n<div id=\"tab-description\" class=\"woocommerce-Tabs-panel woocommerce-Tabs-panel--description panel entry-content wc-tab\" role=\"tabpanel\" aria-labelledby=\"tab-title-description\">\n<div class=\"text-group\">\n<div class=\"woocommerce-tabs wc-tabs-wrapper\">\n<div id=\"tab-description\" class=\"woocommerce-Tabs-panel woocommerce-Tabs-panel--description panel entry-content wc-tab\" role=\"tabpanel\" aria-labelledby=\"tab-title-description\">\n<p>Simple, \u00e9conomique et robuste, le Leica Rugby 610, un laser rotatif horizontal \u00e0 touche unique, limitera au maximum le potentiel d\u2019erreur sur votre chantier.<\/p>\n<div class=\"p-produit__features\">\n<h2 class=\"h3-like\">CARACT\u00c9RISTIQUES<\/h2>\n<ul class=\"list list--unlist\">\n<li>Port\u00e9e (diam\u00e8tre) \u2013 Rod Eye 140\/160 : 1100m<\/li>\n<li>Port\u00e9e (diam\u00e8tre) \u2013 Rod Eye 120 : 800m<\/li>\n<li>Port\u00e9e (diam\u00e8tre) \u2013 Rod Eye Basic : 500m<\/li>\n<li>Pr\u00e9cision : \u00b12.2mm @ 30m<\/li>\n<li>Auto-calage : \u00b15\u00b0<\/li>\n<li>Protection : IP67<\/li>\n<li>T\u00b0 d\u2019utilisation : -10\u00b0C @ +50\u00b0C<\/li>\n<li>Alimentation : 4x Batteries D \/ Batterie Li-Ion (A600)<\/li>\n<li>Garantie : 3 ans<\/li>\n<\/ul>\n<\/div>\n<\/div>\n<\/div>\n<section class=\"related products\"><\/section>\n<\/div>\n<\/div>\n<\/div>\n<section class=\"related products\"><\/section>\n<\/div>\t\t\t\t\t\t\t\t<\/div>\n\t\t\t\t<\/div>\n\t\t\t\t\t<\/div>\n\t\t\t\t<\/div>\n\t\t\t\t<\/div>","protected":false},"excerpt":{"rendered":"<p>Leica Rugby 610 Simple, \u00e9conomique et robuste, le Leica Rugby 610, un laser rotatif horizontal \u00e0 touche unique, limitera au maximum le potentiel d\u2019erreur sur votre chantier. CARACT\u00c9RISTIQUES Port\u00e9e (diam\u00e8tre) \u2013 Rod Eye 140\/160 : 1100m Port\u00e9e (diam\u00e8tre) \u2013 Rod Eye 120 : 800m Port\u00e9e (diam\u00e8tre) \u2013 Rod Eye Basic : 500m Pr\u00e9cision : \u00b12.2mm [&hellip;]<\/p>\n","protected":false},"author":1,"featured_media":0,"parent":0,"menu_order":0,"comment_status":"closed","ping_status":"closed","template":"","meta":{"footnotes":""},"class_list":["post-4852","page","type-page","status-publish","hentry"],"_links":{"self":[{"href":"https:\/\/cecequip.com\/en\/wp-json\/wp\/v2\/pages\/4852","targetHints":{"allow":["GET"]}}],"collection":[{"href":"https:\/\/cecequip.com\/en\/wp-json\/wp\/v2\/pages"}],"about":[{"href":"https:\/\/cecequip.com\/en\/wp-json\/wp\/v2\/types\/page"}],"author":[{"embeddable":true,"href":"https:\/\/cecequip.com\/en\/wp-json\/wp\/v2\/users\/1"}],"replies":[{"embeddable":true,"href":"https:\/\/cecequip.com\/en\/wp-json\/wp\/v2\/comments?post=4852"}],"version-history":[{"count":4,"href":"https:\/\/cecequip.com\/en\/wp-json\/wp\/v2\/pages\/4852\/revisions"}],"predecessor-version":[{"id":4856,"href":"https:\/\/cecequip.com\/en\/wp-json\/wp\/v2\/pages\/4852\/revisions\/4856"}],"wp:attachment":[{"href":"https:\/\/cecequip.com\/en\/wp-json\/wp\/v2\/media?parent=4852"}],"curies":[{"name":"wp","href":"https:\/\/api.w.org\/{rel}","templated":true}]}}