{"id":4844,"date":"2026-02-23T11:24:03","date_gmt":"2026-02-23T11:24:03","guid":{"rendered":"https:\/\/blades.marcgermain.ca\/?page_id=4844"},"modified":"2026-02-23T11:28:44","modified_gmt":"2026-02-23T11:28:44","slug":"topcon-rl-h5a-serie","status":"publish","type":"page","link":"https:\/\/cecequip.com\/en\/topcon-rl-h5a-serie\/","title":{"rendered":"Topcon RL-H5A S\u00e9rie"},"content":{"rendered":"<div data-elementor-type=\"wp-page\" data-elementor-id=\"4844\" class=\"elementor elementor-4844\" data-elementor-post-type=\"page\">\n\t\t\t\t<div class=\"elementor-element elementor-element-23e7fcc e-flex e-con-boxed e-con e-parent\" data-id=\"23e7fcc\" data-element_type=\"container\" data-e-type=\"container\" data-settings=\"{&quot;background_background&quot;:&quot;classic&quot;}\">\n\t\t\t\t\t<div class=\"e-con-inner\">\n\t\t\t\t<div class=\"elementor-element elementor-element-572f79b elementor-widget elementor-widget-heading\" data-id=\"572f79b\" data-element_type=\"widget\" data-e-type=\"widget\" data-widget_type=\"heading.default\">\n\t\t\t\t\t<h2 class=\"elementor-heading-title elementor-size-default\">Topcon RL-H5A S\u00e9rie\n\n<\/h2>\t\t\t\t<\/div>\n\t\t\t\t\t<\/div>\n\t\t\t\t<\/div>\n\t\t<div class=\"elementor-element elementor-element-56dfce6 e-flex e-con-boxed e-con e-parent\" data-id=\"56dfce6\" data-element_type=\"container\" data-e-type=\"container\">\n\t\t\t\t\t<div class=\"e-con-inner\">\n\t\t<div class=\"elementor-element elementor-element-052b871 e-con-full e-flex e-con e-child\" data-id=\"052b871\" data-element_type=\"container\" data-e-type=\"container\">\n\t\t\t\t<div class=\"elementor-element elementor-element-8c10536 elementor-widget elementor-widget-image\" data-id=\"8c10536\" data-element_type=\"widget\" data-e-type=\"widget\" data-widget_type=\"image.default\">\n\t\t\t\t\t\t\t\t\t\t\t\t\t\t\t<img fetchpriority=\"high\" decoding=\"async\" width=\"600\" height=\"400\" src=\"https:\/\/cecequip.com\/wp-content\/uploads\/2026\/02\/TopconH5A.png\" class=\"attachment-large size-large wp-image-4787\" alt=\"\" srcset=\"https:\/\/cecequip.com\/wp-content\/uploads\/2026\/02\/TopconH5A.png 600w, https:\/\/cecequip.com\/wp-content\/uploads\/2026\/02\/TopconH5A-300x200.png 300w\" sizes=\"(max-width: 600px) 100vw, 600px\" \/>\t\t\t\t\t\t\t\t\t\t\t\t\t\t\t<\/div>\n\t\t\t\t<\/div>\n\t\t<div class=\"elementor-element elementor-element-b1fa761 e-con-full e-flex e-con e-child\" data-id=\"b1fa761\" data-element_type=\"container\" data-e-type=\"container\">\n\t\t\t\t<div class=\"elementor-element elementor-element-7e53a26 elementor-widget elementor-widget-text-editor\" data-id=\"7e53a26\" data-element_type=\"widget\" data-e-type=\"widget\" data-widget_type=\"text-editor.default\">\n\t\t\t\t\t\t\t\t\t<p>Laser de haute pr\u00e9cision \u00e0 longue port\u00e9e avec une longue distance et une haute pr\u00e9cision, la s\u00e9rie RL-H5 est simple \u00e0 utiliser pour la v\u00e9rification de l\u2019altitude.<\/p><p><strong>Facile \u00e0 utiliser<\/strong><\/p><p>Avec l\u2019autonivellement \u00e9lectronique, vous appuyez sur le bouton marche\/arr\u00eat et vous \u00eates pr\u00eat \u00e0 travailler en quelques secondes. Si le RL-H5A est d\u00e9sorient\u00e9 pendant le travail, il se remet \u00e0 niveau par lui-m\u00eame automatiquement. Les moteurs d\u2019autonivellement sont pr\u00e9cis \u00e0<br \/>\u00b110 secondes d\u2019arc.<br \/><br \/><strong>Op\u00e9ration \u00e0 longue port\u00e9e<\/strong><\/p><p>Vous devez tirer avec votre laser \u00e0 des altitudes jusqu\u2019\u00e0 400 m ? Pas de probl\u00e8me \u2013 Cet instrument a la puissance et la port\u00e9e pour couvrir un site de travail de 800 m de diam\u00e8tre.<br \/><br \/><strong>Batterie longue dur\u00e9e<\/strong><br \/><br \/>Le RL-H5A vous offre la possibilit\u00e9 d\u2019aller jusqu\u2019\u00e0 60 heures d\u2019utilisation continue avec le bloc de batteries rechargeables ou 100 heures avec des batteries \u00e0 cellules D (4).<br \/><br \/><strong>S\u00fbret\u00e9 de fonctionnement par tous temps<\/strong><br \/><br \/>Avec la classification IP66, le RL-H5A est \u00ab robuste sur le site de travail \u00bb et peut r\u00e9sister \u00e0 la poussi\u00e8re, \u00e0 une averse soudaine et m\u00eame \u00e0 des pluies torrentielles.<\/p><p>\u2022 Fonctionnement \u00e0 longue port\u00e9e (800 m)<br \/>\u2022 R\u00e9cepteur intelligent \u00e0 longue port\u00e9e<br \/>\u2022 Capacit\u00e9 de pente manuelle simple<br \/>et intuitive<br \/>\u2022 Pr\u00e9cision horizontale de<br \/>\u00b110 secondes d\u2019arc<br \/>\u2022 plage d\u2019autonivellement de \u00b15\u00b0<br \/>\u2022 Jusqu\u2019\u00e0 100 heures d\u2019autonomie<br \/>Composants du kit<br \/>\u2022 laser RL-H5A<br \/>\u2022 capteur LS-80L ou LS-100D<br \/>\u2022 Porte-capteur<br \/>\u2022 Batteries<br \/>(Alcalines ou rechargeables)<br \/>\u2022 Chargeurs<br \/>\u2022 Mallette de transport<br \/><br \/><strong>Cinq ans de garantie<\/strong><br \/><br \/>Le laser RL-H5A b\u00e9n\u00e9ficie d\u2019une garantie de cinq ans. Topcon soutient ce laser fiable et pr\u00e9cis<br \/>avec la meilleure garantie d\u2019usine de l\u2019industrie.<\/p>\t\t\t\t\t\t\t\t<\/div>\n\t\t\t\t<\/div>\n\t\t\t\t\t<\/div>\n\t\t\t\t<\/div>\n\t\t\t\t<\/div>","protected":false},"excerpt":{"rendered":"<p>Topcon RL-H5A S\u00e9rie Laser de haute pr\u00e9cision \u00e0 longue port\u00e9e avec une longue distance et une haute pr\u00e9cision, la s\u00e9rie RL-H5 est simple \u00e0 utiliser pour la v\u00e9rification de l\u2019altitude. Facile \u00e0 utiliser Avec l\u2019autonivellement \u00e9lectronique, vous appuyez sur le bouton marche\/arr\u00eat et vous \u00eates pr\u00eat \u00e0 travailler en quelques secondes. Si le RL-H5A est [&hellip;]<\/p>\n","protected":false},"author":1,"featured_media":0,"parent":0,"menu_order":0,"comment_status":"closed","ping_status":"closed","template":"","meta":{"footnotes":""},"class_list":["post-4844","page","type-page","status-publish","hentry"],"_links":{"self":[{"href":"https:\/\/cecequip.com\/en\/wp-json\/wp\/v2\/pages\/4844","targetHints":{"allow":["GET"]}}],"collection":[{"href":"https:\/\/cecequip.com\/en\/wp-json\/wp\/v2\/pages"}],"about":[{"href":"https:\/\/cecequip.com\/en\/wp-json\/wp\/v2\/types\/page"}],"author":[{"embeddable":true,"href":"https:\/\/cecequip.com\/en\/wp-json\/wp\/v2\/users\/1"}],"replies":[{"embeddable":true,"href":"https:\/\/cecequip.com\/en\/wp-json\/wp\/v2\/comments?post=4844"}],"version-history":[{"count":4,"href":"https:\/\/cecequip.com\/en\/wp-json\/wp\/v2\/pages\/4844\/revisions"}],"predecessor-version":[{"id":4848,"href":"https:\/\/cecequip.com\/en\/wp-json\/wp\/v2\/pages\/4844\/revisions\/4848"}],"wp:attachment":[{"href":"https:\/\/cecequip.com\/en\/wp-json\/wp\/v2\/media?parent=4844"}],"curies":[{"name":"wp","href":"https:\/\/api.w.org\/{rel}","templated":true}]}}