{"id":4833,"date":"2026-02-23T11:20:57","date_gmt":"2026-02-23T11:20:57","guid":{"rendered":"https:\/\/blades.marcgermain.ca\/?page_id=4833"},"modified":"2026-02-23T11:22:15","modified_gmt":"2026-02-23T11:22:15","slug":"topcon-rl-h5b","status":"publish","type":"page","link":"https:\/\/cecequip.com\/en\/topcon-rl-h5b\/","title":{"rendered":"Topcon RL-H5B"},"content":{"rendered":"<div data-elementor-type=\"wp-page\" data-elementor-id=\"4833\" class=\"elementor elementor-4833\" data-elementor-post-type=\"page\">\n\t\t\t\t<div class=\"elementor-element elementor-element-23e7fcc e-flex e-con-boxed e-con e-parent\" data-id=\"23e7fcc\" data-element_type=\"container\" data-e-type=\"container\" data-settings=\"{&quot;background_background&quot;:&quot;classic&quot;}\">\n\t\t\t\t\t<div class=\"e-con-inner\">\n\t\t\t\t<div class=\"elementor-element elementor-element-572f79b elementor-widget elementor-widget-heading\" data-id=\"572f79b\" data-element_type=\"widget\" data-e-type=\"widget\" data-widget_type=\"heading.default\">\n\t\t\t\t\t<h2 class=\"elementor-heading-title elementor-size-default\">Topcon RL-H5B\n\n<\/h2>\t\t\t\t<\/div>\n\t\t\t\t\t<\/div>\n\t\t\t\t<\/div>\n\t\t<div class=\"elementor-element elementor-element-56dfce6 e-flex e-con-boxed e-con e-parent\" data-id=\"56dfce6\" data-element_type=\"container\" data-e-type=\"container\">\n\t\t\t\t\t<div class=\"e-con-inner\">\n\t\t<div class=\"elementor-element elementor-element-052b871 e-con-full e-flex e-con e-child\" data-id=\"052b871\" data-element_type=\"container\" data-e-type=\"container\">\n\t\t\t\t<div class=\"elementor-element elementor-element-8c10536 elementor-widget elementor-widget-image\" data-id=\"8c10536\" data-element_type=\"widget\" data-e-type=\"widget\" data-widget_type=\"image.default\">\n\t\t\t\t\t\t\t\t\t\t\t\t\t\t\t<img fetchpriority=\"high\" decoding=\"async\" width=\"600\" height=\"400\" src=\"https:\/\/cecequip.com\/wp-content\/uploads\/2026\/02\/Topconh5b.png\" class=\"attachment-large size-large wp-image-4786\" alt=\"\" srcset=\"https:\/\/cecequip.com\/wp-content\/uploads\/2026\/02\/Topconh5b.png 600w, https:\/\/cecequip.com\/wp-content\/uploads\/2026\/02\/Topconh5b-300x200.png 300w\" sizes=\"(max-width: 600px) 100vw, 600px\" \/>\t\t\t\t\t\t\t\t\t\t\t\t\t\t\t<\/div>\n\t\t\t\t<\/div>\n\t\t<div class=\"elementor-element elementor-element-b1fa761 e-con-full e-flex e-con e-child\" data-id=\"b1fa761\" data-element_type=\"container\" data-e-type=\"container\">\n\t\t\t\t<div class=\"elementor-element elementor-element-7e53a26 elementor-widget elementor-widget-text-editor\" data-id=\"7e53a26\" data-element_type=\"widget\" data-e-type=\"widget\" data-widget_type=\"text-editor.default\">\n\t\t\t\t\t\t\t\t\t<div class=\"text-group info-content\">\n<div class=\"woocommerce-tabs wc-tabs-wrapper\">\n<div id=\"tab-description\" class=\"woocommerce-Tabs-panel woocommerce-Tabs-panel--description panel entry-content wc-tab\" role=\"tabpanel\" aria-labelledby=\"tab-title-description\">\n<div class=\"text-group\">\n<div class=\"woocommerce-tabs wc-tabs-wrapper\">\n<div id=\"tab-description\" class=\"woocommerce-Tabs-panel woocommerce-Tabs-panel--description panel entry-content wc-tab\" role=\"tabpanel\" aria-labelledby=\"tab-title-description\">\n<p>Tr\u00e8s pr\u00e9cis et offrant une longue port\u00e9e, le RL-H5B est un laser de construction \u00e0 nivellement automatique de nouvelle\u00a0g\u00e9n\u00e9ration.<\/p>\n<ul>\n<li>Fonctionnement sur une longue port\u00e9e (400\u00a0m)<\/li>\n<li>Plage de nivellement automatique de \u00b15\u00a0degr\u00e9s<\/li>\n<li>Pr\u00e9cision horizontale de \u00b120\u00a0secondes d\u2019arc<\/li>\n<li>Autonomie de batterie extra longue (100\u00a0heures)<\/li>\n<li>Certification d\u2019\u00e9tanch\u00e9it\u00e9 IP66 et robustesse<\/li>\n<\/ul>\n<h2>Con\u00e7u pour le monde\u00a0r\u00e9el<\/h2>\n<p>Vous recherchez un laser robuste et fiable permettant d\u2019augmenter la qualit\u00e9 et l\u2019efficacit\u00e9 pour un impact maximal et un co\u00fbt minime\u00a0? Le voici. Le laser RL-H5B est une solution r\u00e9sistante haute pr\u00e9cision et longue port\u00e9e, propos\u00e9e \u00e0 un prix\u00a0abordable.<\/p>\n<div class=\"col-xs-12 col-md-4\">\n<div class=\"spec-group\">\n<div class=\"row\">\n<div class=\"col-xs-12 spec-group-label\">Pr\u00e9cision<\/div>\n<\/div>\n<div class=\"row\">\n<div class=\"col-xs-6 spec-value\"><b>H\u00a0:<\/b>\u00a0\u00b120 secondes d\u2019arc, soit 1\/8 \u00e0 100 pieds<\/div>\n<\/div>\n<\/div>\n<\/div>\n<div class=\"col-xs-12 col-md-4\">\n<div class=\"spec-group\">\n<div class=\"row\">\n<div class=\"col-xs-12 spec-group-label\">Sp\u00e9cifications physiques et environnementales<\/div>\n<\/div>\n<div class=\"row\">\n<div class=\"col-xs-6 spec-label\">Poussi\u00e8re\/humidit\u00e9<\/div>\n<div class=\"col-xs-6 spec-value\">IP66<\/div>\n<\/div>\n<div class=\"row\">\n<div class=\"col-xs-6 spec-label\">Size*<\/div>\n<div class=\"col-xs-6 spec-value\">205 x 211 x 172 mm<\/div>\n<\/div>\n<div class=\"row\">\n<div class=\"col-xs-6 spec-label\">Temp\u00e9rature de fonctionnement: -20\u00a0\u00b0C \u00e0 50\u00a0\u00b0C<\/div>\n<\/div>\n<div class=\"row\">\n<div class=\"col-xs-12 spec-footnote\">Dur\u00e9e de fonctionnement<\/div>\n<\/div>\n<\/div>\n<\/div>\n<div class=\"col-xs-12 col-md-4\">\n<div class=\"spec-group\">\n<div class=\"row\">\n<div class=\"col-xs-6 spec-value\"><b>Alcaline\u00a0:<\/b>\u00a0100 heures<\/div>\n<\/div>\n<\/div>\n<div class=\"spec-group\">\n<div class=\"row\">\n<div class=\"col-xs-12 spec-group-label\">G\u00e9n\u00e9ralit\u00e9s<\/div>\n<\/div>\n<div class=\"row\">\n<div class=\"col-xs-6 spec-label\">Plage de nivellement automatique<\/div>\n<div class=\"col-xs-6 spec-value\">Horizontal \u00b15\u00b0<\/div>\n<\/div>\n<div class=\"row\">\n<div class=\"col-xs-6 spec-label\">Zone de fonctionnement: 400\u00a0m<\/div>\n<\/div>\n<div class=\"row\">\n<div class=\"col-xs-6 spec-label\">Vitesse de rotation: 600 tr\/min<\/div>\n<\/div>\n<\/div>\n<\/div>\n<\/div>\n<\/div>\n<section class=\"related products\"><\/section>\n<\/div>\n<\/div>\n<\/div>\n<section class=\"related products\"><\/section>\n<\/div>\t\t\t\t\t\t\t\t<\/div>\n\t\t\t\t<\/div>\n\t\t\t\t\t<\/div>\n\t\t\t\t<\/div>\n\t\t\t\t<\/div>","protected":false},"excerpt":{"rendered":"<p>Topcon RL-H5B Tr\u00e8s pr\u00e9cis et offrant une longue port\u00e9e, le RL-H5B est un laser de construction \u00e0 nivellement automatique de nouvelle\u00a0g\u00e9n\u00e9ration. Fonctionnement sur une longue port\u00e9e (400\u00a0m) Plage de nivellement automatique de \u00b15\u00a0degr\u00e9s Pr\u00e9cision horizontale de \u00b120\u00a0secondes d\u2019arc Autonomie de batterie extra longue (100\u00a0heures) Certification d\u2019\u00e9tanch\u00e9it\u00e9 IP66 et robustesse Con\u00e7u pour le monde\u00a0r\u00e9el Vous recherchez [&hellip;]<\/p>\n","protected":false},"author":1,"featured_media":0,"parent":0,"menu_order":0,"comment_status":"closed","ping_status":"closed","template":"","meta":{"footnotes":""},"class_list":["post-4833","page","type-page","status-publish","hentry"],"_links":{"self":[{"href":"https:\/\/cecequip.com\/en\/wp-json\/wp\/v2\/pages\/4833","targetHints":{"allow":["GET"]}}],"collection":[{"href":"https:\/\/cecequip.com\/en\/wp-json\/wp\/v2\/pages"}],"about":[{"href":"https:\/\/cecequip.com\/en\/wp-json\/wp\/v2\/types\/page"}],"author":[{"embeddable":true,"href":"https:\/\/cecequip.com\/en\/wp-json\/wp\/v2\/users\/1"}],"replies":[{"embeddable":true,"href":"https:\/\/cecequip.com\/en\/wp-json\/wp\/v2\/comments?post=4833"}],"version-history":[{"count":4,"href":"https:\/\/cecequip.com\/en\/wp-json\/wp\/v2\/pages\/4833\/revisions"}],"predecessor-version":[{"id":4837,"href":"https:\/\/cecequip.com\/en\/wp-json\/wp\/v2\/pages\/4833\/revisions\/4837"}],"wp:attachment":[{"href":"https:\/\/cecequip.com\/en\/wp-json\/wp\/v2\/media?parent=4833"}],"curies":[{"name":"wp","href":"https:\/\/api.w.org\/{rel}","templated":true}]}}