{"id":4823,"date":"2026-02-23T11:16:10","date_gmt":"2026-02-23T11:16:10","guid":{"rendered":"https:\/\/blades.marcgermain.ca\/?page_id=4823"},"modified":"2026-02-23T11:19:15","modified_gmt":"2026-02-23T11:19:15","slug":"laser-geomax-zone-20hv","status":"publish","type":"page","link":"https:\/\/cecequip.com\/en\/laser-geomax-zone-20hv\/","title":{"rendered":"Laser Geomax Zone 20HV"},"content":{"rendered":"<div data-elementor-type=\"wp-page\" data-elementor-id=\"4823\" class=\"elementor elementor-4823\" data-elementor-post-type=\"page\">\n\t\t\t\t<div class=\"elementor-element elementor-element-23e7fcc e-flex e-con-boxed e-con e-parent\" data-id=\"23e7fcc\" data-element_type=\"container\" data-e-type=\"container\" data-settings=\"{&quot;background_background&quot;:&quot;classic&quot;}\">\n\t\t\t\t\t<div class=\"e-con-inner\">\n\t\t\t\t<div class=\"elementor-element elementor-element-572f79b elementor-widget elementor-widget-heading\" data-id=\"572f79b\" data-element_type=\"widget\" data-e-type=\"widget\" data-widget_type=\"heading.default\">\n\t\t\t\t\t<h2 class=\"elementor-heading-title elementor-size-default\">Laser Geomax Zone 20HV<\/h2>\t\t\t\t<\/div>\n\t\t\t\t\t<\/div>\n\t\t\t\t<\/div>\n\t\t<div class=\"elementor-element elementor-element-56dfce6 e-flex e-con-boxed e-con e-parent\" data-id=\"56dfce6\" data-element_type=\"container\" data-e-type=\"container\">\n\t\t\t\t\t<div class=\"e-con-inner\">\n\t\t<div class=\"elementor-element elementor-element-052b871 e-con-full e-flex e-con e-child\" data-id=\"052b871\" data-element_type=\"container\" data-e-type=\"container\">\n\t\t\t\t<div class=\"elementor-element elementor-element-8c10536 elementor-widget elementor-widget-image\" data-id=\"8c10536\" data-element_type=\"widget\" data-e-type=\"widget\" data-widget_type=\"image.default\">\n\t\t\t\t\t\t\t\t\t\t\t\t\t\t\t<img fetchpriority=\"high\" decoding=\"async\" width=\"600\" height=\"400\" src=\"https:\/\/cecequip.com\/wp-content\/uploads\/2026\/02\/laser-zone-20h.png\" class=\"attachment-large size-large wp-image-4784\" alt=\"\" srcset=\"https:\/\/cecequip.com\/wp-content\/uploads\/2026\/02\/laser-zone-20h.png 600w, https:\/\/cecequip.com\/wp-content\/uploads\/2026\/02\/laser-zone-20h-300x200.png 300w\" sizes=\"(max-width: 600px) 100vw, 600px\" \/>\t\t\t\t\t\t\t\t\t\t\t\t\t\t\t<\/div>\n\t\t\t\t<div class=\"elementor-element elementor-element-2426eb4 elementor-align-justify elementor-widget elementor-widget-button\" data-id=\"2426eb4\" data-element_type=\"widget\" data-e-type=\"widget\" data-widget_type=\"button.default\">\n\t\t\t\t\t\t\t\t\t\t<a class=\"elementor-button elementor-button-link elementor-size-sm\" href=\"https:\/\/cecequip.com\/wp-content\/uploads\/2026\/02\/GeoMax-Laser-Rotators-BRO-843968-0522-fr-LR.pdf\">\n\t\t\t\t\t\t<span class=\"elementor-button-content-wrapper\">\n\t\t\t\t\t\t\t\t\t<span class=\"elementor-button-text\">T\u00e9l\u00e9charger la brochure<\/span>\n\t\t\t\t\t<\/span>\n\t\t\t\t\t<\/a>\n\t\t\t\t\t\t\t\t<\/div>\n\t\t\t\t<\/div>\n\t\t<div class=\"elementor-element elementor-element-b1fa761 e-con-full e-flex e-con e-child\" data-id=\"b1fa761\" data-element_type=\"container\" data-e-type=\"container\">\n\t\t\t\t<div class=\"elementor-element elementor-element-7e53a26 elementor-widget elementor-widget-text-editor\" data-id=\"7e53a26\" data-element_type=\"widget\" data-e-type=\"widget\" data-widget_type=\"text-editor.default\">\n\t\t\t\t\t\t\t\t\t<div class=\"text-group info-content\"><div class=\"woocommerce-tabs wc-tabs-wrapper\"><div id=\"tab-description\" class=\"woocommerce-Tabs-panel woocommerce-Tabs-panel--description panel entry-content wc-tab\" role=\"tabpanel\" aria-labelledby=\"tab-title-description\"><div class=\"text-group\"><div class=\"woocommerce-tabs wc-tabs-wrapper\"><div id=\"tab-description\" class=\"woocommerce-Tabs-panel woocommerce-Tabs-panel--description panel entry-content wc-tab\" role=\"tabpanel\" aria-labelledby=\"tab-title-description\"><p>Laser Geomax Zone 20HV Horizontal\/Vertical:<\/p><p>Le laser polyvalent\u00a0Zone20\u00a0HV offre les sp\u00e9cifications de base du Zone20\u00a0H ainsi que la capacit\u00e9 de nivellement et d\u2019alignement vertical.<\/p><h3>Laser polyvalent pour applications int\u00e9rieures et ext\u00e9rieures<\/h3><p>Le\u00a0Zone20\u00a0HV est un v\u00e9ritable laser polyvalent, car il traite facilement des applications int\u00e9rieures et ext\u00e9rieures. Il peut \u00eatre utilis\u00e9 non seulement pour les travaux de b\u00e9ton et de coffrage, mais aussi pour le nivellement, l\u2019alignement, la mise d\u2019aplomb ou les angles droits. C\u2019est le partenaire id\u00e9al pour les entrepreneurs qui ont besoin des fonctions horizontales et verticales de l\u2019appareil. \u00c0 l\u2019int\u00e9rieur, le laser est un partenaire id\u00e9al pour les professionnels des plafonds, de l\u2019am\u00e9nagement et des cloisons s\u00e8ches.<\/p><h3>Contr\u00f4ler le laser \u00e0 distance<\/h3><p>Pour les entrepreneurs, qui doivent niveler la base pour obtenir une pente constante de la rue \u00e0 la maison, le Zone20\u00a0HV s\u2019occupe du travail principal de l\u2019entrepreneur. Il est tr\u00e8s facile de r\u00e9gler la pente manuelle avec la t\u00e9l\u00e9commande\u00a0ZRC20 \u00e0 distance. La modification et le r\u00e9glage des param\u00e8tres peuvent \u00eatre effectu\u00e9s sans toucher le laser.<\/p><h3>D\u00e9finir exactement 90\u00b0<\/h3><p>Les entrepreneurs doivent mesurer et marquer la position des murs. La mise en place du coffrage est essentielle pour assurer un angle de 90\u00b0 ainsi que des lignes pr\u00e9cises. Il faut au moins deux personnes et du temps pour effectuer cette t\u00e2che. Le Zone20\u00a0HV r\u00e9sout ce probl\u00e8me en ayant la fonction de faisceau d\u2019aplomb pour s\u2019installer facilement sur un point. Les 90\u00b0 sont donn\u00e9s automatiquement et avec pr\u00e9cision.<\/p><p>Sp\u00e9cifications:<\/p><ul><li>Pr\u00e9cision de 1\/16 \u00e0 100p<\/li><li>IP67<\/li><li>Batterie alcaline (60 heures)<\/li><li>Batterie pack rechargeable (40 heures)<\/li><\/ul><\/div><\/div><section class=\"related products\"><\/section><\/div><\/div><\/div><section class=\"related products\"><\/section><\/div>\t\t\t\t\t\t\t\t<\/div>\n\t\t\t\t<\/div>\n\t\t\t\t\t<\/div>\n\t\t\t\t<\/div>\n\t\t\t\t<\/div>","protected":false},"excerpt":{"rendered":"<p>Laser Geomax Zone 20HV T\u00e9l\u00e9charger la brochure Laser Geomax Zone 20HV Horizontal\/Vertical: Le laser polyvalent\u00a0Zone20\u00a0HV offre les sp\u00e9cifications de base du Zone20\u00a0H ainsi que la capacit\u00e9 de nivellement et d\u2019alignement vertical. Laser polyvalent pour applications int\u00e9rieures et ext\u00e9rieures Le\u00a0Zone20\u00a0HV est un v\u00e9ritable laser polyvalent, car il traite facilement des applications int\u00e9rieures et ext\u00e9rieures. Il peut [&hellip;]<\/p>\n","protected":false},"author":1,"featured_media":0,"parent":0,"menu_order":0,"comment_status":"closed","ping_status":"closed","template":"","meta":{"footnotes":""},"class_list":["post-4823","page","type-page","status-publish","hentry"],"_links":{"self":[{"href":"https:\/\/cecequip.com\/en\/wp-json\/wp\/v2\/pages\/4823","targetHints":{"allow":["GET"]}}],"collection":[{"href":"https:\/\/cecequip.com\/en\/wp-json\/wp\/v2\/pages"}],"about":[{"href":"https:\/\/cecequip.com\/en\/wp-json\/wp\/v2\/types\/page"}],"author":[{"embeddable":true,"href":"https:\/\/cecequip.com\/en\/wp-json\/wp\/v2\/users\/1"}],"replies":[{"embeddable":true,"href":"https:\/\/cecequip.com\/en\/wp-json\/wp\/v2\/comments?post=4823"}],"version-history":[{"count":4,"href":"https:\/\/cecequip.com\/en\/wp-json\/wp\/v2\/pages\/4823\/revisions"}],"predecessor-version":[{"id":4829,"href":"https:\/\/cecequip.com\/en\/wp-json\/wp\/v2\/pages\/4823\/revisions\/4829"}],"wp:attachment":[{"href":"https:\/\/cecequip.com\/en\/wp-json\/wp\/v2\/media?parent=4823"}],"curies":[{"name":"wp","href":"https:\/\/api.w.org\/{rel}","templated":true}]}}