{"id":4806,"date":"2026-02-23T11:03:17","date_gmt":"2026-02-23T11:03:17","guid":{"rendered":"https:\/\/blades.marcgermain.ca\/?page_id=4806"},"modified":"2026-02-23T11:14:33","modified_gmt":"2026-02-23T11:14:33","slug":"laser-geomax-zone-20h","status":"publish","type":"page","link":"https:\/\/cecequip.com\/en\/laser-geomax-zone-20h\/","title":{"rendered":"Laser Geomax Zone 20H"},"content":{"rendered":"<div data-elementor-type=\"wp-page\" data-elementor-id=\"4806\" class=\"elementor elementor-4806\" data-elementor-post-type=\"page\">\n\t\t\t\t<div class=\"elementor-element elementor-element-23e7fcc e-flex e-con-boxed e-con e-parent\" data-id=\"23e7fcc\" data-element_type=\"container\" data-e-type=\"container\" data-settings=\"{&quot;background_background&quot;:&quot;classic&quot;}\">\n\t\t\t\t\t<div class=\"e-con-inner\">\n\t\t\t\t<div class=\"elementor-element elementor-element-572f79b elementor-widget elementor-widget-heading\" data-id=\"572f79b\" data-element_type=\"widget\" data-e-type=\"widget\" data-widget_type=\"heading.default\">\n\t\t\t\t\t<h2 class=\"elementor-heading-title elementor-size-default\">Laser Geomax Zone 20H<\/h2>\t\t\t\t<\/div>\n\t\t\t\t\t<\/div>\n\t\t\t\t<\/div>\n\t\t<div class=\"elementor-element elementor-element-56dfce6 e-flex e-con-boxed e-con e-parent\" data-id=\"56dfce6\" data-element_type=\"container\" data-e-type=\"container\">\n\t\t\t\t\t<div class=\"e-con-inner\">\n\t\t<div class=\"elementor-element elementor-element-052b871 e-con-full e-flex e-con e-child\" data-id=\"052b871\" data-element_type=\"container\" data-e-type=\"container\">\n\t\t\t\t<div class=\"elementor-element elementor-element-8c10536 elementor-widget elementor-widget-image\" data-id=\"8c10536\" data-element_type=\"widget\" data-e-type=\"widget\" data-widget_type=\"image.default\">\n\t\t\t\t\t\t\t\t\t\t\t\t\t\t\t<img fetchpriority=\"high\" decoding=\"async\" width=\"600\" height=\"400\" src=\"https:\/\/cecequip.com\/wp-content\/uploads\/2026\/02\/zone20H.png\" class=\"attachment-large size-large wp-image-4808\" alt=\"\" srcset=\"https:\/\/cecequip.com\/wp-content\/uploads\/2026\/02\/zone20H.png 600w, https:\/\/cecequip.com\/wp-content\/uploads\/2026\/02\/zone20H-300x200.png 300w\" sizes=\"(max-width: 600px) 100vw, 600px\" \/>\t\t\t\t\t\t\t\t\t\t\t\t\t\t\t<\/div>\n\t\t\t\t<div class=\"elementor-element elementor-element-2426eb4 elementor-align-justify elementor-widget elementor-widget-button\" data-id=\"2426eb4\" data-element_type=\"widget\" data-e-type=\"widget\" data-widget_type=\"button.default\">\n\t\t\t\t\t\t\t\t\t\t<a class=\"elementor-button elementor-button-link elementor-size-sm\" href=\"https:\/\/cecequip.com\/wp-content\/uploads\/2026\/02\/GeoMax-Laser-Rotators-BRO-843968-0522-fr-LR.pdf\">\n\t\t\t\t\t\t<span class=\"elementor-button-content-wrapper\">\n\t\t\t\t\t\t\t\t\t<span class=\"elementor-button-text\">T\u00e9l\u00e9charger la brochure<\/span>\n\t\t\t\t\t<\/span>\n\t\t\t\t\t<\/a>\n\t\t\t\t\t\t\t\t<\/div>\n\t\t\t\t<\/div>\n\t\t<div class=\"elementor-element elementor-element-b1fa761 e-con-full e-flex e-con e-child\" data-id=\"b1fa761\" data-element_type=\"container\" data-e-type=\"container\">\n\t\t\t\t<div class=\"elementor-element elementor-element-7e53a26 elementor-widget elementor-widget-text-editor\" data-id=\"7e53a26\" data-element_type=\"widget\" data-e-type=\"widget\" data-widget_type=\"text-editor.default\">\n\t\t\t\t\t\t\t\t\t<div class=\"text-group info-content\"><div class=\"woocommerce-tabs wc-tabs-wrapper\"><div id=\"tab-description\" class=\"woocommerce-Tabs-panel woocommerce-Tabs-panel--description panel entry-content wc-tab\" role=\"tabpanel\" aria-labelledby=\"tab-title-description\"><div class=\"text-group\"><div class=\"woocommerce-tabs wc-tabs-wrapper\"><div id=\"tab-description\" class=\"woocommerce-Tabs-panel woocommerce-Tabs-panel--description panel entry-content wc-tab\" role=\"tabpanel\" aria-labelledby=\"tab-title-description\"><p>Laser rotatif haute performance avec robustesse et \u00e9tanch\u00e9it\u00e9 hors pair et avec option de pentes manuel<\/p><p>Le Zone20 H est un laser rotatif \u00e9conomique et puissant. Livr\u00e9 dans un solide bo\u00eetier avec interface intuitive, ce laser offre toutes les fonctions n\u00e9cessaires \u00e0 une utilisation r\u00e9guli\u00e8re et flexible. Le Zone20 H est un laser horizontal automatique qui permet le r\u00e9glage manuel de la pente sur deux axes. Il est facile \u00e0 utiliser et tr\u00e8s fiable dans n\u2019importe quel \u00e9l\u00e9ment.<\/p><h3>Robuste et simple d\u2019utilisation<\/h3><p>Le\u00a0Zone20 H est conforme \u00e0 la classe de protection\u00a0IP67 contre l\u2019eau et la poussi\u00e8re gr\u00e2ce \u00e0 son bo\u00eetier robuste et \u00e0 sa cage en verre. Les poign\u00e9es et pare-chocs moul\u00e9s en caoutchouc offrent une grande protection et une prise en main facile. Gr\u00e2ce \u00e0 son concept unique de batterie Li-Ion, la dur\u00e9e de vie du laser est 300\u00a0% sup\u00e9rieure \u00e0 celle des batteries NiMH. Il est enti\u00e8rement charg\u00e9 en cinq heures seulement, ce qui r\u00e9duit au minimum le temps d\u2019arr\u00eat du laser. Avec seulement quatre boutons, ainsi qu\u2019une indication LED informative sur le laser, l\u2019appareil est tr\u00e8s simple et facile \u00e0 utiliser pour tous. Les informations concernant l\u2019\u00e9tat de la batterie et de l\u2019outil peuvent \u00eatre rapidement obtenues.<\/p><h3>Fonctionnement fiable<\/h3><p>Le\u00a0Zone20\u00a0H est le produit id\u00e9al pour les applications ext\u00e9rieures, comme le b\u00e9ton ainsi que le coffrage. Comme les entrepreneurs doivent constamment v\u00e9rifier la hauteur du b\u00e9ton pour assurer un nivellement optimal, Zone20\u00a0H r\u00e9sout ce probl\u00e8me en permettant un fonctionnement fiable. Gr\u00e2ce \u00e0 la possibilit\u00e9 de saisir les pentes manuellement, les entrepreneurs qui ont occasionnellement besoin de pentes simples comme les all\u00e9es et l\u2019am\u00e9nagement paysager tireront le meilleur parti du Zone20 H.<\/p><p>Sp\u00e9cifications:<\/p><ul><li>Diam\u00e8tre de 900 m\u00e8tres (3000 pieds)<\/li><li>Pr\u00e9cision 1\/16 \u00e0 100p<\/li><li>Batterie alcaline (60 heures)<\/li><li>Batterie pack rechargeable (40 heures)<\/li><\/ul><\/div><\/div><section class=\"related products\"><\/section><\/div><\/div><\/div><section class=\"related products\"><\/section><\/div>\t\t\t\t\t\t\t\t<\/div>\n\t\t\t\t<\/div>\n\t\t\t\t\t<\/div>\n\t\t\t\t<\/div>\n\t\t\t\t<\/div>","protected":false},"excerpt":{"rendered":"<p>Laser Geomax Zone 20H T\u00e9l\u00e9charger la brochure Laser rotatif haute performance avec robustesse et \u00e9tanch\u00e9it\u00e9 hors pair et avec option de pentes manuel Le Zone20 H est un laser rotatif \u00e9conomique et puissant. Livr\u00e9 dans un solide bo\u00eetier avec interface intuitive, ce laser offre toutes les fonctions n\u00e9cessaires \u00e0 une utilisation r\u00e9guli\u00e8re et flexible. Le [&hellip;]<\/p>\n","protected":false},"author":1,"featured_media":0,"parent":0,"menu_order":0,"comment_status":"closed","ping_status":"closed","template":"","meta":{"footnotes":""},"class_list":["post-4806","page","type-page","status-publish","hentry"],"_links":{"self":[{"href":"https:\/\/cecequip.com\/en\/wp-json\/wp\/v2\/pages\/4806","targetHints":{"allow":["GET"]}}],"collection":[{"href":"https:\/\/cecequip.com\/en\/wp-json\/wp\/v2\/pages"}],"about":[{"href":"https:\/\/cecequip.com\/en\/wp-json\/wp\/v2\/types\/page"}],"author":[{"embeddable":true,"href":"https:\/\/cecequip.com\/en\/wp-json\/wp\/v2\/users\/1"}],"replies":[{"embeddable":true,"href":"https:\/\/cecequip.com\/en\/wp-json\/wp\/v2\/comments?post=4806"}],"version-history":[{"count":7,"href":"https:\/\/cecequip.com\/en\/wp-json\/wp\/v2\/pages\/4806\/revisions"}],"predecessor-version":[{"id":4819,"href":"https:\/\/cecequip.com\/en\/wp-json\/wp\/v2\/pages\/4806\/revisions\/4819"}],"wp:attachment":[{"href":"https:\/\/cecequip.com\/en\/wp-json\/wp\/v2\/media?parent=4806"}],"curies":[{"name":"wp","href":"https:\/\/api.w.org\/{rel}","templated":true}]}}