{"id":4480,"date":"2026-02-22T18:08:46","date_gmt":"2026-02-22T18:08:46","guid":{"rendered":"https:\/\/blades.marcgermain.ca\/?page_id=4480"},"modified":"2026-02-22T18:09:45","modified_gmt":"2026-02-22T18:09:45","slug":"canne-a-prisme-sitepro-07-4712-tma","status":"publish","type":"page","link":"https:\/\/cecequip.com\/en\/canne-a-prisme-sitepro-07-4712-tma\/","title":{"rendered":"Canne \u00e0 prisme SitePro #07-4712-TMA"},"content":{"rendered":"<div data-elementor-type=\"wp-page\" data-elementor-id=\"4480\" class=\"elementor elementor-4480\" data-elementor-post-type=\"page\">\n\t\t\t\t<div class=\"elementor-element elementor-element-23e7fcc e-flex e-con-boxed e-con e-parent\" data-id=\"23e7fcc\" data-element_type=\"container\" data-e-type=\"container\" data-settings=\"{&quot;background_background&quot;:&quot;classic&quot;}\">\n\t\t\t\t\t<div class=\"e-con-inner\">\n\t\t\t\t<div class=\"elementor-element elementor-element-572f79b elementor-widget elementor-widget-heading\" data-id=\"572f79b\" data-element_type=\"widget\" data-e-type=\"widget\" data-widget_type=\"heading.default\">\n\t\t\t\t\t<h2 class=\"elementor-heading-title elementor-size-default\">Canne \u00e0 prisme SitePro #07-4712-TMA\n\n\n<\/h2>\t\t\t\t<\/div>\n\t\t\t\t\t<\/div>\n\t\t\t\t<\/div>\n\t\t<div class=\"elementor-element elementor-element-56dfce6 e-flex e-con-boxed e-con e-parent\" data-id=\"56dfce6\" data-element_type=\"container\" data-e-type=\"container\">\n\t\t\t\t\t<div class=\"e-con-inner\">\n\t\t<div class=\"elementor-element elementor-element-052b871 e-con-full e-flex e-con e-child\" data-id=\"052b871\" data-element_type=\"container\" data-e-type=\"container\">\n\t\t\t\t<div class=\"elementor-element elementor-element-8c10536 elementor-widget elementor-widget-image\" data-id=\"8c10536\" data-element_type=\"widget\" data-e-type=\"widget\" data-widget_type=\"image.default\">\n\t\t\t\t\t\t\t\t\t\t\t\t\t\t\t<img fetchpriority=\"high\" decoding=\"async\" width=\"600\" height=\"400\" src=\"https:\/\/cecequip.com\/wp-content\/uploads\/2026\/02\/Canne-a-prisme2.png\" class=\"attachment-large size-large wp-image-4116\" alt=\"\" srcset=\"https:\/\/cecequip.com\/wp-content\/uploads\/2026\/02\/Canne-a-prisme2.png 600w, https:\/\/cecequip.com\/wp-content\/uploads\/2026\/02\/Canne-a-prisme2-300x200.png 300w\" sizes=\"(max-width: 600px) 100vw, 600px\" \/>\t\t\t\t\t\t\t\t\t\t\t\t\t\t\t<\/div>\n\t\t\t\t<\/div>\n\t\t<div class=\"elementor-element elementor-element-b1fa761 e-con-full e-flex e-con e-child\" data-id=\"b1fa761\" data-element_type=\"container\" data-e-type=\"container\">\n\t\t\t\t<div class=\"elementor-element elementor-element-7e53a26 elementor-widget elementor-widget-text-editor\" data-id=\"7e53a26\" data-element_type=\"widget\" data-e-type=\"widget\" data-widget_type=\"text-editor.default\">\n\t\t\t\t\t\t\t\t\t<div class=\"text-group info-content\"><div class=\"woocommerce-tabs wc-tabs-wrapper\"><div id=\"tab-description\" class=\"woocommerce-Tabs-panel woocommerce-Tabs-panel--description panel entry-content wc-tab\" role=\"tabpanel\" aria-labelledby=\"tab-title-description\"><div class=\"text-group\"><div class=\"woocommerce-tabs wc-tabs-wrapper\"><div id=\"tab-description\" class=\"woocommerce-Tabs-panel woocommerce-Tabs-panel--description panel entry-content wc-tab\" role=\"tabpanel\" aria-labelledby=\"tab-title-description\"><div class=\"woocommerce-tabs wc-tabs-wrapper\"><div id=\"tab-description\" class=\"woocommerce-Tabs-panel woocommerce-Tabs-panel--description panel entry-content wc-tab\" role=\"tabpanel\" aria-labelledby=\"tab-title-description\"><p class=\"p-produit__subtitle\">Canne \u00e0 prisme SitePro #07-4712-TMA\u00a0 3.6m \/ 12\u2032 deux sections, gradu\u00e9e en m\u00e9trique et en pouce 10 i\u00e8me.<\/p><div class=\"product__long-description\">The 4712-TMA twist lock prism pole features alternate red and white striped outer pole with anodized graduations in 10ths<\/div><div class=\"product__technical\"><ul><li>Length: 11.81 ft (3.6M)<\/li><li>Designed for 5\/8-11 QuickTip adapters for prism mounting (includes the adapter set)<\/li><li>Twist lock system with built-in 20-minute precise level vial<\/li><li>The soft rubber knob is easy to tighten and loosen<\/li><li>3-sections; inner aluminum poles with dual graduations: 10ths and metric<\/li><\/ul><\/div><\/div><\/div><section class=\"related products\"><\/section><\/div><\/div><section class=\"related products\"><\/section><\/div><\/div><\/div><section class=\"related products\"><\/section><\/div>\t\t\t\t\t\t\t\t<\/div>\n\t\t\t\t<\/div>\n\t\t\t\t\t<\/div>\n\t\t\t\t<\/div>\n\t\t\t\t<\/div>","protected":false},"excerpt":{"rendered":"<p>Canne \u00e0 prisme SitePro #07-4712-TMA Canne \u00e0 prisme SitePro #07-4712-TMA\u00a0 3.6m \/ 12\u2032 deux sections, gradu\u00e9e en m\u00e9trique et en pouce 10 i\u00e8me. The 4712-TMA twist lock prism pole features alternate red and white striped outer pole with anodized graduations in 10ths Length: 11.81 ft (3.6M) Designed for 5\/8-11 QuickTip adapters for prism mounting (includes [&hellip;]<\/p>\n","protected":false},"author":1,"featured_media":0,"parent":0,"menu_order":0,"comment_status":"closed","ping_status":"closed","template":"","meta":{"footnotes":""},"class_list":["post-4480","page","type-page","status-publish","hentry"],"_links":{"self":[{"href":"https:\/\/cecequip.com\/en\/wp-json\/wp\/v2\/pages\/4480","targetHints":{"allow":["GET"]}}],"collection":[{"href":"https:\/\/cecequip.com\/en\/wp-json\/wp\/v2\/pages"}],"about":[{"href":"https:\/\/cecequip.com\/en\/wp-json\/wp\/v2\/types\/page"}],"author":[{"embeddable":true,"href":"https:\/\/cecequip.com\/en\/wp-json\/wp\/v2\/users\/1"}],"replies":[{"embeddable":true,"href":"https:\/\/cecequip.com\/en\/wp-json\/wp\/v2\/comments?post=4480"}],"version-history":[{"count":4,"href":"https:\/\/cecequip.com\/en\/wp-json\/wp\/v2\/pages\/4480\/revisions"}],"predecessor-version":[{"id":4484,"href":"https:\/\/cecequip.com\/en\/wp-json\/wp\/v2\/pages\/4480\/revisions\/4484"}],"wp:attachment":[{"href":"https:\/\/cecequip.com\/en\/wp-json\/wp\/v2\/media?parent=4480"}],"curies":[{"name":"wp","href":"https:\/\/api.w.org\/{rel}","templated":true}]}}