{"id":4428,"date":"2026-02-22T16:34:04","date_gmt":"2026-02-22T16:34:04","guid":{"rendered":"https:\/\/blades.marcgermain.ca\/?page_id=4428"},"modified":"2026-02-22T16:35:15","modified_gmt":"2026-02-22T16:35:15","slug":"gps-geomax-zenith-06-pro","status":"publish","type":"page","link":"https:\/\/cecequip.com\/en\/gps-geomax-zenith-06-pro\/","title":{"rendered":"GPS Geomax Zenith 06 Pro"},"content":{"rendered":"<div data-elementor-type=\"wp-page\" data-elementor-id=\"4428\" class=\"elementor elementor-4428\" data-elementor-post-type=\"page\">\n\t\t\t\t<div class=\"elementor-element elementor-element-23e7fcc e-flex e-con-boxed e-con e-parent\" data-id=\"23e7fcc\" data-element_type=\"container\" data-e-type=\"container\" data-settings=\"{&quot;background_background&quot;:&quot;classic&quot;}\">\n\t\t\t\t\t<div class=\"e-con-inner\">\n\t\t\t\t<div class=\"elementor-element elementor-element-572f79b elementor-widget elementor-widget-heading\" data-id=\"572f79b\" data-element_type=\"widget\" data-e-type=\"widget\" data-widget_type=\"heading.default\">\n\t\t\t\t\t<h2 class=\"elementor-heading-title elementor-size-default\">GPS Geomax Zenith 06 Pro\n\n<\/h2>\t\t\t\t<\/div>\n\t\t\t\t\t<\/div>\n\t\t\t\t<\/div>\n\t\t<div class=\"elementor-element elementor-element-56dfce6 e-flex e-con-boxed e-con e-parent\" data-id=\"56dfce6\" data-element_type=\"container\" data-e-type=\"container\">\n\t\t\t\t\t<div class=\"e-con-inner\">\n\t\t<div class=\"elementor-element elementor-element-052b871 e-con-full e-flex e-con e-child\" data-id=\"052b871\" data-element_type=\"container\" data-e-type=\"container\">\n\t\t\t\t<div class=\"elementor-element elementor-element-8c10536 elementor-widget elementor-widget-image\" data-id=\"8c10536\" data-element_type=\"widget\" data-e-type=\"widget\" data-widget_type=\"image.default\">\n\t\t\t\t\t\t\t\t\t\t\t\t\t\t\t<img fetchpriority=\"high\" decoding=\"async\" width=\"600\" height=\"400\" src=\"https:\/\/cecequip.com\/wp-content\/uploads\/2026\/02\/zenith06.png\" class=\"attachment-large size-large wp-image-4094\" alt=\"\" srcset=\"https:\/\/cecequip.com\/wp-content\/uploads\/2026\/02\/zenith06.png 600w, https:\/\/cecequip.com\/wp-content\/uploads\/2026\/02\/zenith06-300x200.png 300w\" sizes=\"(max-width: 600px) 100vw, 600px\" \/>\t\t\t\t\t\t\t\t\t\t\t\t\t\t\t<\/div>\n\t\t\t\t<div class=\"elementor-element elementor-element-e2c347d elementor-align-justify elementor-widget elementor-widget-button\" data-id=\"e2c347d\" data-element_type=\"widget\" data-e-type=\"widget\" data-widget_type=\"button.default\">\n\t\t\t\t\t\t\t\t\t\t<a class=\"elementor-button elementor-button-link elementor-size-sm\" href=\"https:\/\/cecequip.com\/wp-content\/uploads\/2026\/02\/06proGeoMax-GNSS-Family-BRO-868768-1125-fr-LR.pdf\">\n\t\t\t\t\t\t<span class=\"elementor-button-content-wrapper\">\n\t\t\t\t\t\t\t\t\t<span class=\"elementor-button-text\">T\u00e9l\u00e9chargement de la brochure<\/span>\n\t\t\t\t\t<\/span>\n\t\t\t\t\t<\/a>\n\t\t\t\t\t\t\t\t<\/div>\n\t\t\t\t<\/div>\n\t\t<div class=\"elementor-element elementor-element-b1fa761 e-con-full e-flex e-con e-child\" data-id=\"b1fa761\" data-element_type=\"container\" data-e-type=\"container\">\n\t\t\t\t<div class=\"elementor-element elementor-element-7e53a26 elementor-widget elementor-widget-text-editor\" data-id=\"7e53a26\" data-element_type=\"widget\" data-e-type=\"widget\" data-widget_type=\"text-editor.default\">\n\t\t\t\t\t\t\t\t\t<div class=\"text-group info-content\"><div class=\"woocommerce-tabs wc-tabs-wrapper\"><div id=\"tab-description\" class=\"woocommerce-Tabs-panel woocommerce-Tabs-panel--description panel entry-content wc-tab\" role=\"tabpanel\" aria-labelledby=\"tab-title-description\"><div class=\"text-group\"><h2>Antenne intelligente Zenith06 Pro<\/h2><p class=\"p1\">La Zenith06 Pro est une antenne intelligente GNSS compacte et facile \u00e0 utiliser, mais aussi dot\u00e9e d\u2019une option de compensation de l\u2019inclinaison, qui offre une pr\u00e9cision de positionnement professionnelle sur le terrain. Obtenez rapidement des r\u00e9sultats fiables et acc\u00e9dez \u00e0 des points difficiles afin de gagner en productivit\u00e9.<\/p><p class=\"p1\">Enti\u00e8rement int\u00e9gr\u00e9 au logiciel de terrain convivial X-PAD Ultimate, le Zenith06 Pro rationalise votre flux de travail, rendant les travaux de construction tels que l\u2019implantation, la v\u00e9rification de la pente et la collecte de donn\u00e9es plus rapidement et plus facilement. L\u2019\u00e9cosyst\u00e8me de la suite X-PAD va encore plus loin en \u00e9changeant de donn\u00e9es entre le terrain, le bureau et le cloud, afin que vous disposiez toujours des informations les plus r\u00e9centes pour acc\u00e9l\u00e9rer votre travail.<\/p><p class=\"p1\">Et gr\u00e2ce \u00e0 l\u2019assistance et au service client exceptionnels de GeoMax, cet instrument fiable et accessible, limite les interruptions de travail et am\u00e9liore vos performances.<\/p><\/div><\/div><\/div><section class=\"related products\"><\/section><\/div>\t\t\t\t\t\t\t\t<\/div>\n\t\t\t\t<\/div>\n\t\t\t\t\t<\/div>\n\t\t\t\t<\/div>\n\t\t\t\t<\/div>","protected":false},"excerpt":{"rendered":"<p>GPS Geomax Zenith 06 Pro T\u00e9l\u00e9chargement de la brochure Antenne intelligente Zenith06 Pro La Zenith06 Pro est une antenne intelligente GNSS compacte et facile \u00e0 utiliser, mais aussi dot\u00e9e d\u2019une option de compensation de l\u2019inclinaison, qui offre une pr\u00e9cision de positionnement professionnelle sur le terrain. Obtenez rapidement des r\u00e9sultats fiables et acc\u00e9dez \u00e0 des points [&hellip;]<\/p>\n","protected":false},"author":1,"featured_media":0,"parent":0,"menu_order":0,"comment_status":"closed","ping_status":"closed","template":"","meta":{"footnotes":""},"class_list":["post-4428","page","type-page","status-publish","hentry"],"_links":{"self":[{"href":"https:\/\/cecequip.com\/en\/wp-json\/wp\/v2\/pages\/4428","targetHints":{"allow":["GET"]}}],"collection":[{"href":"https:\/\/cecequip.com\/en\/wp-json\/wp\/v2\/pages"}],"about":[{"href":"https:\/\/cecequip.com\/en\/wp-json\/wp\/v2\/types\/page"}],"author":[{"embeddable":true,"href":"https:\/\/cecequip.com\/en\/wp-json\/wp\/v2\/users\/1"}],"replies":[{"embeddable":true,"href":"https:\/\/cecequip.com\/en\/wp-json\/wp\/v2\/comments?post=4428"}],"version-history":[{"count":4,"href":"https:\/\/cecequip.com\/en\/wp-json\/wp\/v2\/pages\/4428\/revisions"}],"predecessor-version":[{"id":4432,"href":"https:\/\/cecequip.com\/en\/wp-json\/wp\/v2\/pages\/4428\/revisions\/4432"}],"wp:attachment":[{"href":"https:\/\/cecequip.com\/en\/wp-json\/wp\/v2\/media?parent=4428"}],"curies":[{"name":"wp","href":"https:\/\/api.w.org\/{rel}","templated":true}]}}