{"id":4420,"date":"2026-02-22T16:29:02","date_gmt":"2026-02-22T16:29:02","guid":{"rendered":"https:\/\/blades.marcgermain.ca\/?page_id=4420"},"modified":"2026-02-22T16:32:42","modified_gmt":"2026-02-22T16:32:42","slug":"gps-geomax-zenith-06","status":"publish","type":"page","link":"https:\/\/cecequip.com\/en\/gps-geomax-zenith-06\/","title":{"rendered":"GPS Geomax Zenith 06"},"content":{"rendered":"<div data-elementor-type=\"wp-page\" data-elementor-id=\"4420\" class=\"elementor elementor-4420\" data-elementor-post-type=\"page\">\n\t\t\t\t<div class=\"elementor-element elementor-element-23e7fcc e-flex e-con-boxed e-con e-parent\" data-id=\"23e7fcc\" data-element_type=\"container\" data-e-type=\"container\" data-settings=\"{&quot;background_background&quot;:&quot;classic&quot;}\">\n\t\t\t\t\t<div class=\"e-con-inner\">\n\t\t\t\t<div class=\"elementor-element elementor-element-572f79b elementor-widget elementor-widget-heading\" data-id=\"572f79b\" data-element_type=\"widget\" data-e-type=\"widget\" data-widget_type=\"heading.default\">\n\t\t\t\t\t<h2 class=\"elementor-heading-title elementor-size-default\">GPS Geomax Zenith 06\n\n<\/h2>\t\t\t\t<\/div>\n\t\t\t\t\t<\/div>\n\t\t\t\t<\/div>\n\t\t<div class=\"elementor-element elementor-element-56dfce6 e-flex e-con-boxed e-con e-parent\" data-id=\"56dfce6\" data-element_type=\"container\" data-e-type=\"container\">\n\t\t\t\t\t<div class=\"e-con-inner\">\n\t\t<div class=\"elementor-element elementor-element-052b871 e-con-full e-flex e-con e-child\" data-id=\"052b871\" data-element_type=\"container\" data-e-type=\"container\">\n\t\t\t\t<div class=\"elementor-element elementor-element-8c10536 elementor-widget elementor-widget-image\" data-id=\"8c10536\" data-element_type=\"widget\" data-e-type=\"widget\" data-widget_type=\"image.default\">\n\t\t\t\t\t\t\t\t\t\t\t\t\t\t\t<img fetchpriority=\"high\" decoding=\"async\" width=\"600\" height=\"400\" src=\"https:\/\/cecequip.com\/wp-content\/uploads\/2026\/02\/zenith06.png\" class=\"attachment-large size-large wp-image-4094\" alt=\"\" srcset=\"https:\/\/cecequip.com\/wp-content\/uploads\/2026\/02\/zenith06.png 600w, https:\/\/cecequip.com\/wp-content\/uploads\/2026\/02\/zenith06-300x200.png 300w\" sizes=\"(max-width: 600px) 100vw, 600px\" \/>\t\t\t\t\t\t\t\t\t\t\t\t\t\t\t<\/div>\n\t\t\t\t<div class=\"elementor-element elementor-element-e2c347d elementor-align-justify elementor-widget elementor-widget-button\" data-id=\"e2c347d\" data-element_type=\"widget\" data-e-type=\"widget\" data-widget_type=\"button.default\">\n\t\t\t\t\t\t\t\t\t\t<a class=\"elementor-button elementor-button-link elementor-size-sm\" href=\"https:\/\/cecequip.com\/wp-content\/uploads\/2026\/02\/06GeoMax-Zenith06-DS-954281-0322-fr-LR-1.pdf\">\n\t\t\t\t\t\t<span class=\"elementor-button-content-wrapper\">\n\t\t\t\t\t\t\t\t\t<span class=\"elementor-button-text\">T\u00e9l\u00e9chargement de la brochure<\/span>\n\t\t\t\t\t<\/span>\n\t\t\t\t\t<\/a>\n\t\t\t\t\t\t\t\t<\/div>\n\t\t\t\t<\/div>\n\t\t<div class=\"elementor-element elementor-element-b1fa761 e-con-full e-flex e-con e-child\" data-id=\"b1fa761\" data-element_type=\"container\" data-e-type=\"container\">\n\t\t\t\t<div class=\"elementor-element elementor-element-7e53a26 elementor-widget elementor-widget-text-editor\" data-id=\"7e53a26\" data-element_type=\"widget\" data-e-type=\"widget\" data-widget_type=\"text-editor.default\">\n\t\t\t\t\t\t\t\t\t<div class=\"text-group info-content\"><div class=\"woocommerce-tabs wc-tabs-wrapper\"><div id=\"tab-description\" class=\"woocommerce-Tabs-panel woocommerce-Tabs-panel--description panel entry-content wc-tab\" role=\"tabpanel\" aria-labelledby=\"tab-title-description\"><div class=\"text-group\"><h2>Antenne intelligente\u00a0Zenith06<\/h2><p>Un simple mobile GNSS qui vous donne plus de flexibilit\u00e9 et \u00e9conomise plus de temps et d\u2019argent<\/p><p>Les \u00e9quipements topographiques peuvent \u00eatre on\u00e9reux et complexes \u00e0 utiliser. Les appareils d\u2019entr\u00e9e de gamme plus abordables ne r\u00e9pondent pas toujours aux standards de pr\u00e9cision, ce qui peut entra\u00eener des reprises co\u00fbteuses, un gaspillage de mat\u00e9riaux ou des poursuites contractuelles. L\u2019antenne intelligente d\u2019entr\u00e9e de gamme\u00a0Zenith06(*), avec le\u00a0<a href=\"https:\/\/geomax-positioning.com\/fr-fr\/products\/software\/x-pad-suite\" target=\"_blank\" rel=\"noopener\">logiciel de terrain X-PAD<\/a>\u00a0est une solution qui offre \u00e0 la fois simplicit\u00e9 et pr\u00e9cision tout en \u00e9tant \u00e9conomique.<\/p><h3>Apprenez vite, commencez \u00e0 travailler plus vite<\/h3><p>La simplicit\u00e9 du mobile et la convivialit\u00e9 du\u00a0<a href=\"https:\/\/geomax-positioning.com\/fr-fr\/products\/gnss\/~\/link.aspx?_id=D0D9061DC20C4B62946CEAF9C7730E2B&amp;_z=z\" target=\"_blank\" rel=\"noopener\">logiciel de terrain<\/a>\u00a0 \u00e9liminent la n\u00e9cessit\u00e9 d\u2019une formation et d\u2019une exp\u00e9rience co\u00fbteuses pour obtenir des r\u00e9sultats fiables. Le logiciel pr\u00e9sente un flux de travail intuitif, d\u00e9velopp\u00e9 main dans la main avec les clients, ce qui permet une familiarisation rapide. Et si des questions surviennent, l\u2019assistance en temps r\u00e9el de l\u2019\u00e9quipe d\u2019assistance de GeoMax est disponible en permanence via TeamViewer. En outre, vous pouvez b\u00e9n\u00e9ficier d\u2019une s\u00e9rie de tutoriels dans\u00a0<a href=\"https:\/\/geomax-positioning.com\/fr-fr\/products\/gnss\/~\/link.aspx?_id=B0DC9217D17B4B81A4CA103ECA14A772&amp;_z=z\" target=\"_blank\" rel=\"noopener\">l\u2019Acad\u00e9mie virtuelle de formation X-PAD\u00a0365<\/a><\/p><h3>Gestion de donn\u00e9e efficace et s\u00fbre<\/h3><p><a href=\"https:\/\/geomax-positioning.com\/fr-fr\/products\/gnss\/~\/link.aspx?_id=80B6A55391BB455EA205E83C5462A09A&amp;_z=z\" target=\"_blank\" rel=\"noopener\">X-PAD\u00a0365<\/a>, la plateforme cloud bas\u00e9e sur le Web de GeoMax a \u00e9t\u00e9 cr\u00e9\u00e9e pour ma\u00eetriser les d\u00e9fis auxquels les professionnels de la construction et topographes sont confront\u00e9s au quotidien. Ces d\u00e9fis concernent la gestion et le partage des donn\u00e9es.<\/p><p>En travaillant avec la Zenith06, les donn\u00e9es peuvent \u00eatre consult\u00e9es, stock\u00e9es et partag\u00e9es via le\u00a0<a href=\"https:\/\/geomax-positioning.com\/fr-fr\/products\/gnss\/~\/link.aspx?_id=D3932D7413EB4549A8CA744C4D2F6BC2&amp;_z=z\" target=\"_blank\" rel=\"noopener\">Gestionnaire de fichiers<\/a>\u00a0de X-PAD\u00a0365. Les donn\u00e9es sont toujours s\u00e9curis\u00e9es gr\u00e2ce aux\u00a0<a href=\"https:\/\/geomax-positioning.com\/fr-fr\/products\/gnss\/~\/link.aspx?_id=1EE587A8D6FD4AD69072B52D2995A6B5&amp;_z=z\" target=\"_blank\" rel=\"noopener\">sauvegardes automatiques<\/a>.<\/p><p>En outre, la fonctionnalit\u00e9 de\u00a0<a href=\"https:\/\/geomax-positioning.com\/fr-fr\/products\/gnss\/~\/link.aspx?_id=E02E7D8EE5F647D1A173797ACDD247B5&amp;_z=z\" target=\"_blank\" rel=\"noopener\">lev\u00e9 et d\u2019implantation collaboratives<\/a>\u00a0permet \u00e0 plusieurs utilisateurs de travailler ensemble sur le m\u00eame projet de topographie ou d\u2019implantation en partageant en temps r\u00e9el les points lev\u00e9s et les dessins et en visualisant imm\u00e9diatement l\u2019avancement.<\/p><h3>Flux de travail transparent et intuitif<\/h3><p>Le logiciel\u00a0<a href=\"https:\/\/geomax-positioning.com\/fr-fr\/products\/gnss\/~\/link.aspx?_id=D0D9061DC20C4B62946CEAF9C7730E2B&amp;_z=z\" target=\"_blank\" rel=\"noopener\">X-PAD<\/a>, les\u00a0<a href=\"https:\/\/geomax-positioning.com\/fr-fr\/products\/gnss\/~\/link.aspx?_id=3A1DEDBB2B914005AF4B1015CC40046F&amp;_z=z\" target=\"_blank\" rel=\"noopener\">contr\u00f4leurs de terrain GeoMax<\/a>\u00a0et le Zenith06 GNSS sont soigneusement choisis et d\u00e9velopp\u00e9s pour offrir un flux de travail efficace et sans souci. Cela commence par l\u2019acc\u00e9l\u00e9ration du processus de connexion gr\u00e2ce \u00e0 la fonctionnalit\u00e9 innovante et unique de QR-iConnect. Oubliez les temps de recherche et de s\u00e9lection fastidieuse des capteurs en passant d\u2019un appareil \u00e0 un autre. Il suffit de scanner et c\u2019est parti\u00a0!<\/p><h3>Utilisation pratique<\/h3><p>La Zenith06 est un instrument id\u00e9al pour une journ\u00e9e compl\u00e8te de travail sur le terrain. Avec son design compact et l\u00e9ger, l\u2019antenne intelligente est facile \u00e0 transporter et m\u00e9nage votre corps. Cela rend les travaux tels que le lev\u00e9 de r\u00e9seaux et la construction de routes avec des centaines de points sur une grande surface beaucoup plus pratiques.<\/p><\/div><\/div><\/div><section class=\"related products\"><\/section><\/div>\t\t\t\t\t\t\t\t<\/div>\n\t\t\t\t<\/div>\n\t\t\t\t\t<\/div>\n\t\t\t\t<\/div>\n\t\t\t\t<\/div>","protected":false},"excerpt":{"rendered":"<p>GPS Geomax Zenith 06 T\u00e9l\u00e9chargement de la brochure Antenne intelligente\u00a0Zenith06 Un simple mobile GNSS qui vous donne plus de flexibilit\u00e9 et \u00e9conomise plus de temps et d\u2019argent Les \u00e9quipements topographiques peuvent \u00eatre on\u00e9reux et complexes \u00e0 utiliser. Les appareils d\u2019entr\u00e9e de gamme plus abordables ne r\u00e9pondent pas toujours aux standards de pr\u00e9cision, ce qui peut [&hellip;]<\/p>\n","protected":false},"author":1,"featured_media":0,"parent":0,"menu_order":0,"comment_status":"closed","ping_status":"closed","template":"","meta":{"footnotes":""},"class_list":["post-4420","page","type-page","status-publish","hentry"],"_links":{"self":[{"href":"https:\/\/cecequip.com\/en\/wp-json\/wp\/v2\/pages\/4420","targetHints":{"allow":["GET"]}}],"collection":[{"href":"https:\/\/cecequip.com\/en\/wp-json\/wp\/v2\/pages"}],"about":[{"href":"https:\/\/cecequip.com\/en\/wp-json\/wp\/v2\/types\/page"}],"author":[{"embeddable":true,"href":"https:\/\/cecequip.com\/en\/wp-json\/wp\/v2\/users\/1"}],"replies":[{"embeddable":true,"href":"https:\/\/cecequip.com\/en\/wp-json\/wp\/v2\/comments?post=4420"}],"version-history":[{"count":4,"href":"https:\/\/cecequip.com\/en\/wp-json\/wp\/v2\/pages\/4420\/revisions"}],"predecessor-version":[{"id":4426,"href":"https:\/\/cecequip.com\/en\/wp-json\/wp\/v2\/pages\/4420\/revisions\/4426"}],"wp:attachment":[{"href":"https:\/\/cecequip.com\/en\/wp-json\/wp\/v2\/media?parent=4420"}],"curies":[{"name":"wp","href":"https:\/\/api.w.org\/{rel}","templated":true}]}}