{"id":4414,"date":"2026-02-22T16:26:54","date_gmt":"2026-02-22T16:26:54","guid":{"rendered":"https:\/\/blades.marcgermain.ca\/?page_id=4414"},"modified":"2026-02-22T16:28:27","modified_gmt":"2026-02-22T16:28:27","slug":"gps-geomax-zenith-16","status":"publish","type":"page","link":"https:\/\/cecequip.com\/en\/gps-geomax-zenith-16\/","title":{"rendered":"GPS Geomax Zenith 16"},"content":{"rendered":"<div data-elementor-type=\"wp-page\" data-elementor-id=\"4414\" class=\"elementor elementor-4414\" data-elementor-post-type=\"page\">\n\t\t\t\t<div class=\"elementor-element elementor-element-23e7fcc e-flex e-con-boxed e-con e-parent\" data-id=\"23e7fcc\" data-element_type=\"container\" data-e-type=\"container\" data-settings=\"{&quot;background_background&quot;:&quot;classic&quot;}\">\n\t\t\t\t\t<div class=\"e-con-inner\">\n\t\t\t\t<div class=\"elementor-element elementor-element-572f79b elementor-widget elementor-widget-heading\" data-id=\"572f79b\" data-element_type=\"widget\" data-e-type=\"widget\" data-widget_type=\"heading.default\">\n\t\t\t\t\t<h2 class=\"elementor-heading-title elementor-size-default\">GPS Geomax Zenith 16\n\n<\/h2>\t\t\t\t<\/div>\n\t\t\t\t\t<\/div>\n\t\t\t\t<\/div>\n\t\t<div class=\"elementor-element elementor-element-56dfce6 e-flex e-con-boxed e-con e-parent\" data-id=\"56dfce6\" data-element_type=\"container\" data-e-type=\"container\">\n\t\t\t\t\t<div class=\"e-con-inner\">\n\t\t<div class=\"elementor-element elementor-element-052b871 e-con-full e-flex e-con e-child\" data-id=\"052b871\" data-element_type=\"container\" data-e-type=\"container\">\n\t\t\t\t<div class=\"elementor-element elementor-element-8c10536 elementor-widget elementor-widget-image\" data-id=\"8c10536\" data-element_type=\"widget\" data-e-type=\"widget\" data-widget_type=\"image.default\">\n\t\t\t\t\t\t\t\t\t\t\t\t\t\t\t<img fetchpriority=\"high\" decoding=\"async\" width=\"600\" height=\"400\" src=\"https:\/\/cecequip.com\/wp-content\/uploads\/2026\/02\/zenith16-.png\" class=\"attachment-large size-large wp-image-4093\" alt=\"\" srcset=\"https:\/\/cecequip.com\/wp-content\/uploads\/2026\/02\/zenith16-.png 600w, https:\/\/cecequip.com\/wp-content\/uploads\/2026\/02\/zenith16--300x200.png 300w\" sizes=\"(max-width: 600px) 100vw, 600px\" \/>\t\t\t\t\t\t\t\t\t\t\t\t\t\t\t<\/div>\n\t\t\t\t<div class=\"elementor-element elementor-element-e2c347d elementor-align-justify elementor-widget elementor-widget-button\" data-id=\"e2c347d\" data-element_type=\"widget\" data-e-type=\"widget\" data-widget_type=\"button.default\">\n\t\t\t\t\t\t\t\t\t\t<a class=\"elementor-button elementor-button-link elementor-size-sm\" href=\"https:\/\/cecequip.com\/wp-content\/uploads\/2026\/02\/16GeoMax-Zenith16-DS-875288-1119-LR-1.pdf\">\n\t\t\t\t\t\t<span class=\"elementor-button-content-wrapper\">\n\t\t\t\t\t\t\t\t\t<span class=\"elementor-button-text\">T\u00e9l\u00e9chargement de la brochure<\/span>\n\t\t\t\t\t<\/span>\n\t\t\t\t\t<\/a>\n\t\t\t\t\t\t\t\t<\/div>\n\t\t\t\t<\/div>\n\t\t<div class=\"elementor-element elementor-element-b1fa761 e-con-full e-flex e-con e-child\" data-id=\"b1fa761\" data-element_type=\"container\" data-e-type=\"container\">\n\t\t\t\t<div class=\"elementor-element elementor-element-7e53a26 elementor-widget elementor-widget-text-editor\" data-id=\"7e53a26\" data-element_type=\"widget\" data-e-type=\"widget\" data-widget_type=\"text-editor.default\">\n\t\t\t\t\t\t\t\t\t<div class=\"text-group info-content\"><div class=\"woocommerce-tabs wc-tabs-wrapper\"><div id=\"tab-description\" class=\"woocommerce-Tabs-panel woocommerce-Tabs-panel--description panel entry-content wc-tab\" role=\"tabpanel\" aria-labelledby=\"tab-title-description\"><div class=\"text-group\"><p>Le r\u00e9cepteur GNSS\u00a0Zenith16 est un investissement rentable qui garantit des r\u00e9sultats fiables. L\u2019alliance des contr\u00f4leurs GeoMax avec le logiciel X-PAD, permet au r\u00e9cepteur d\u2019atteindre son potentiel optimal.<\/p><h3>Int\u00e9gr\u00e9 parfaitement dans votre flux travail<\/h3><p><a href=\"https:\/\/geomax-positioning.com\/fr-fr\/products\/gnss\/~\/link.aspx?_id=7E6B177C6BE345BCADB291CBE3B87151&amp;_z=z\" target=\"_blank\" rel=\"noopener\">X-PAD Ultimate<\/a>, le logiciel de terrain d\u00e9di\u00e9 de Geomax, convainc en raison de son \u00e9quilibre parfait entre la structure claire, directe des flux de travail et une haute fonctionnalit\u00e9. Gr\u00e2ce \u00e0 une coop\u00e9ration \u00e9troite avec les principaux utilisateurs, il est constamment maintenu \u00e0 jour.<br \/>L\u2019offre du logiciel GeoMax propose aussi\u00a0<a href=\"https:\/\/geomax-positioning.com\/fr-fr\/products\/gnss\/~\/link.aspx?_id=0D90FD04D6B94D79B608AE466D2E4E23&amp;_z=z\" target=\"_blank\" rel=\"noopener\">X-PAD Fusion<\/a>. X-PAD Fusion dispose de la polyvalence et de la flexibilit\u00e9 n\u00e9cessaires pour fusionner tous les types de donn\u00e9es des capteurs GeoMax et d\u2019autres sources tierces telles que les drones.<\/p><h3>Un prix abordable<\/h3><p>Le r\u00e9cepteur GNSS\u00a0Zenith16 vous offre une technologie de pointe pour un investissement abordable qui convainc par son rapport qualit\u00e9\/prix comp\u00e9titif.<\/p><h3>Configuration ouverte et flexible<\/h3><p>Le Zenith Manager est une application autonome disponible pour les syst\u00e8mes d\u2019exploitation Windows<sup>\u00ae<\/sup>\u00a0et Android<sup>TM<\/sup>. Elle vous permet de configurer votre r\u00e9cepteur sans utiliser le contr\u00f4leur.<\/p><\/div><\/div><\/div><section class=\"related products\"><\/section><\/div>\t\t\t\t\t\t\t\t<\/div>\n\t\t\t\t<\/div>\n\t\t\t\t\t<\/div>\n\t\t\t\t<\/div>\n\t\t\t\t<\/div>","protected":false},"excerpt":{"rendered":"<p>GPS Geomax Zenith 16 T\u00e9l\u00e9chargement de la brochure Le r\u00e9cepteur GNSS\u00a0Zenith16 est un investissement rentable qui garantit des r\u00e9sultats fiables. L\u2019alliance des contr\u00f4leurs GeoMax avec le logiciel X-PAD, permet au r\u00e9cepteur d\u2019atteindre son potentiel optimal. Int\u00e9gr\u00e9 parfaitement dans votre flux travail X-PAD Ultimate, le logiciel de terrain d\u00e9di\u00e9 de Geomax, convainc en raison de son [&hellip;]<\/p>\n","protected":false},"author":1,"featured_media":0,"parent":0,"menu_order":0,"comment_status":"closed","ping_status":"closed","template":"","meta":{"footnotes":""},"class_list":["post-4414","page","type-page","status-publish","hentry"],"_links":{"self":[{"href":"https:\/\/cecequip.com\/en\/wp-json\/wp\/v2\/pages\/4414","targetHints":{"allow":["GET"]}}],"collection":[{"href":"https:\/\/cecequip.com\/en\/wp-json\/wp\/v2\/pages"}],"about":[{"href":"https:\/\/cecequip.com\/en\/wp-json\/wp\/v2\/types\/page"}],"author":[{"embeddable":true,"href":"https:\/\/cecequip.com\/en\/wp-json\/wp\/v2\/users\/1"}],"replies":[{"embeddable":true,"href":"https:\/\/cecequip.com\/en\/wp-json\/wp\/v2\/comments?post=4414"}],"version-history":[{"count":4,"href":"https:\/\/cecequip.com\/en\/wp-json\/wp\/v2\/pages\/4414\/revisions"}],"predecessor-version":[{"id":4419,"href":"https:\/\/cecequip.com\/en\/wp-json\/wp\/v2\/pages\/4414\/revisions\/4419"}],"wp:attachment":[{"href":"https:\/\/cecequip.com\/en\/wp-json\/wp\/v2\/media?parent=4414"}],"curies":[{"name":"wp","href":"https:\/\/api.w.org\/{rel}","templated":true}]}}