{"id":4408,"date":"2026-02-22T16:25:18","date_gmt":"2026-02-22T16:25:18","guid":{"rendered":"https:\/\/blades.marcgermain.ca\/?page_id=4408"},"modified":"2026-02-22T16:26:19","modified_gmt":"2026-02-22T16:26:19","slug":"gps-geomax-zenith-60-pro","status":"publish","type":"page","link":"https:\/\/cecequip.com\/en\/gps-geomax-zenith-60-pro\/","title":{"rendered":"GPS Geomax Zenith 60 Pro"},"content":{"rendered":"<div data-elementor-type=\"wp-page\" data-elementor-id=\"4408\" class=\"elementor elementor-4408\" data-elementor-post-type=\"page\">\n\t\t\t\t<div class=\"elementor-element elementor-element-23e7fcc e-flex e-con-boxed e-con e-parent\" data-id=\"23e7fcc\" data-element_type=\"container\" data-e-type=\"container\" data-settings=\"{&quot;background_background&quot;:&quot;classic&quot;}\">\n\t\t\t\t\t<div class=\"e-con-inner\">\n\t\t\t\t<div class=\"elementor-element elementor-element-572f79b elementor-widget elementor-widget-heading\" data-id=\"572f79b\" data-element_type=\"widget\" data-e-type=\"widget\" data-widget_type=\"heading.default\">\n\t\t\t\t\t<h2 class=\"elementor-heading-title elementor-size-default\">GPS Geomax Zenith 60 Pro\n\n<\/h2>\t\t\t\t<\/div>\n\t\t\t\t\t<\/div>\n\t\t\t\t<\/div>\n\t\t<div class=\"elementor-element elementor-element-56dfce6 e-flex e-con-boxed e-con e-parent\" data-id=\"56dfce6\" data-element_type=\"container\" data-e-type=\"container\">\n\t\t\t\t\t<div class=\"e-con-inner\">\n\t\t<div class=\"elementor-element elementor-element-052b871 e-con-full e-flex e-con e-child\" data-id=\"052b871\" data-element_type=\"container\" data-e-type=\"container\">\n\t\t\t\t<div class=\"elementor-element elementor-element-8c10536 elementor-widget elementor-widget-image\" data-id=\"8c10536\" data-element_type=\"widget\" data-e-type=\"widget\" data-widget_type=\"image.default\">\n\t\t\t\t\t\t\t\t\t\t\t\t\t\t\t<img fetchpriority=\"high\" decoding=\"async\" width=\"600\" height=\"400\" src=\"https:\/\/cecequip.com\/wp-content\/uploads\/2026\/02\/gps-geomax.png\" class=\"attachment-large size-large wp-image-3966\" alt=\"\" srcset=\"https:\/\/cecequip.com\/wp-content\/uploads\/2026\/02\/gps-geomax.png 600w, https:\/\/cecequip.com\/wp-content\/uploads\/2026\/02\/gps-geomax-300x200.png 300w\" sizes=\"(max-width: 600px) 100vw, 600px\" \/>\t\t\t\t\t\t\t\t\t\t\t\t\t\t\t<\/div>\n\t\t\t\t<div class=\"elementor-element elementor-element-e2c347d elementor-align-justify elementor-widget elementor-widget-button\" data-id=\"e2c347d\" data-element_type=\"widget\" data-e-type=\"widget\" data-widget_type=\"button.default\">\n\t\t\t\t\t\t\t\t\t\t<a class=\"elementor-button elementor-button-link elementor-size-sm\" href=\"https:\/\/cecequip.com\/wp-content\/uploads\/2026\/02\/proGeoMax-Zenith60-Pro-DS-A4-1005532-0724-fr-LR.pdf\">\n\t\t\t\t\t\t<span class=\"elementor-button-content-wrapper\">\n\t\t\t\t\t\t\t\t\t<span class=\"elementor-button-text\">T\u00e9l\u00e9chargement de la brochure<\/span>\n\t\t\t\t\t<\/span>\n\t\t\t\t\t<\/a>\n\t\t\t\t\t\t\t\t<\/div>\n\t\t\t\t<\/div>\n\t\t<div class=\"elementor-element elementor-element-b1fa761 e-con-full e-flex e-con e-child\" data-id=\"b1fa761\" data-element_type=\"container\" data-e-type=\"container\">\n\t\t\t\t<div class=\"elementor-element elementor-element-7e53a26 elementor-widget elementor-widget-text-editor\" data-id=\"7e53a26\" data-element_type=\"widget\" data-e-type=\"widget\" data-widget_type=\"text-editor.default\">\n\t\t\t\t\t\t\t\t\t<div class=\"text-group info-content\">\n<div class=\"woocommerce-tabs wc-tabs-wrapper\">\n<div id=\"tab-description\" class=\"woocommerce-Tabs-panel woocommerce-Tabs-panel--description panel entry-content wc-tab\" role=\"tabpanel\" aria-labelledby=\"tab-title-description\">\n<div class=\"text-group\">\n<div class=\"woocommerce-tabs wc-tabs-wrapper\">\n<div id=\"tab-description\" class=\"woocommerce-Tabs-panel woocommerce-Tabs-panel--description panel entry-content wc-tab\" role=\"tabpanel\" aria-labelledby=\"tab-title-description\">\n<h3><strong>Performance optimis\u00e9e<\/strong><\/h3>\n<p>Un nouveau RTK mobile puissant qui fournit des donn\u00e9es de haute qualit\u00e9. \u00a0La compensation de l\u2019inclinaison sans \u00e9talonnage augmente la vitesse des mesures. R\u00e9sistance \u00e9lectromagn\u00e9tique.<\/p>\n<h3>Fiable m\u00eame dans des conditions difficiles<\/h3>\n<p>Performances fiables m\u00eame sous couverture v\u00e9g\u00e9tale dense.\u00a0<img decoding=\"async\" class=\"emoji\" role=\"img\" draggable=\"false\" src=\"https:\/\/s.w.org\/images\/core\/emoji\/17.0.2\/svg\/25aa.svg\" alt=\"\u25aa\" \/>\u00a0La multi-constellation et la multi-fr\u00e9quence permettent une couverture continue et pr\u00e9cise.\u00a0<img decoding=\"async\" class=\"emoji\" role=\"img\" draggable=\"false\" src=\"https:\/\/s.w.org\/images\/core\/emoji\/17.0.2\/svg\/25aa.svg\" alt=\"\u25aa\" \/>\u00a0Robuste et durable (IP68)<\/p>\n<h3>Augmentation du flux de donn\u00e9es num\u00e9riques<\/h3>\n<p>Solution compl\u00e8te, enti\u00e8rement int\u00e9gr\u00e9e dans l\u2019\u00e9cosyst\u00e8me de GeoMax.\u00a0<img decoding=\"async\" class=\"emoji\" role=\"img\" draggable=\"false\" src=\"https:\/\/s.w.org\/images\/core\/emoji\/17.0.2\/svg\/25aa.svg\" alt=\"\u25aa\" \/>\u00a0Connexion simplifi\u00e9e avec le logiciel de terrain X-PAD, les stations totales et les contr\u00f4leurs de terrain.\u00a0<img decoding=\"async\" class=\"emoji\" role=\"img\" draggable=\"false\" src=\"https:\/\/s.w.org\/images\/core\/emoji\/17.0.2\/svg\/25aa.svg\" alt=\"\u25aa\" \/>\u00a0Mises \u00e0 jour gratuites du logiciel de terrain pour un fonctionnement ininterrompu.<\/p>\n<h3>Z\u00e9nith 60 Pro \u2013 Red\u00e9finir la pr\u00e9cision et la fiabilit\u00e9<\/h3>\n<p>Terminez vos t\u00e2ches \u00e0 temps et en toute confiance gr\u00e2ce \u00e0 l\u2019antenne intelligente GNSS Zenith60 Pro, qui permet d\u2019effectuer facilement des mesures pr\u00e9cises et fiables. Que ce soit sous une couverture v\u00e9g\u00e9tale dense, dans des zones urbaines difficiles d\u2019acc\u00e8s ou sur des chantiers, ce RTK mobile tr\u00e8s performant fournit des donn\u00e9es fiables quelles que soient vos conditions de travail. Int\u00e9gr\u00e9 dans l\u2019\u00e9cosyt\u00e8me de GeoMax, le logiciel X-PAD vous permet de travailler de mani\u00e8re intuitive et d\u2019\u00e9changer facilement vos donn\u00e9es, de la mesure au traitement, pour vous aider \u00e0 obtenir un r\u00e9sultat optimal en un minimum de temps.<\/p>\n<\/div>\n<\/div>\n<section class=\"related products\"><\/section>\n<\/div>\n<\/div>\n<\/div>\n<section class=\"related products\"><\/section>\n<\/div>\t\t\t\t\t\t\t\t<\/div>\n\t\t\t\t<\/div>\n\t\t\t\t\t<\/div>\n\t\t\t\t<\/div>\n\t\t\t\t<\/div>","protected":false},"excerpt":{"rendered":"<p>GPS Geomax Zenith 60 Pro T\u00e9l\u00e9chargement de la brochure Performance optimis\u00e9e Un nouveau RTK mobile puissant qui fournit des donn\u00e9es de haute qualit\u00e9. \u00a0La compensation de l\u2019inclinaison sans \u00e9talonnage augmente la vitesse des mesures. R\u00e9sistance \u00e9lectromagn\u00e9tique. Fiable m\u00eame dans des conditions difficiles Performances fiables m\u00eame sous couverture v\u00e9g\u00e9tale dense.\u00a0\u00a0La multi-constellation et la multi-fr\u00e9quence permettent une [&hellip;]<\/p>\n","protected":false},"author":1,"featured_media":0,"parent":0,"menu_order":0,"comment_status":"closed","ping_status":"closed","template":"","meta":{"footnotes":""},"class_list":["post-4408","page","type-page","status-publish","hentry"],"_links":{"self":[{"href":"https:\/\/cecequip.com\/en\/wp-json\/wp\/v2\/pages\/4408","targetHints":{"allow":["GET"]}}],"collection":[{"href":"https:\/\/cecequip.com\/en\/wp-json\/wp\/v2\/pages"}],"about":[{"href":"https:\/\/cecequip.com\/en\/wp-json\/wp\/v2\/types\/page"}],"author":[{"embeddable":true,"href":"https:\/\/cecequip.com\/en\/wp-json\/wp\/v2\/users\/1"}],"replies":[{"embeddable":true,"href":"https:\/\/cecequip.com\/en\/wp-json\/wp\/v2\/comments?post=4408"}],"version-history":[{"count":4,"href":"https:\/\/cecequip.com\/en\/wp-json\/wp\/v2\/pages\/4408\/revisions"}],"predecessor-version":[{"id":4413,"href":"https:\/\/cecequip.com\/en\/wp-json\/wp\/v2\/pages\/4408\/revisions\/4413"}],"wp:attachment":[{"href":"https:\/\/cecequip.com\/en\/wp-json\/wp\/v2\/media?parent=4408"}],"curies":[{"name":"wp","href":"https:\/\/api.w.org\/{rel}","templated":true}]}}