{"id":4402,"date":"2026-02-22T16:23:37","date_gmt":"2026-02-22T16:23:37","guid":{"rendered":"https:\/\/blades.marcgermain.ca\/?page_id=4402"},"modified":"2026-02-22T16:24:47","modified_gmt":"2026-02-22T16:24:47","slug":"gps-geomax-zenith-60","status":"publish","type":"page","link":"https:\/\/cecequip.com\/en\/gps-geomax-zenith-60\/","title":{"rendered":"GPS Geomax Zenith 60"},"content":{"rendered":"<div data-elementor-type=\"wp-page\" data-elementor-id=\"4402\" class=\"elementor elementor-4402\" data-elementor-post-type=\"page\">\n\t\t\t\t<div class=\"elementor-element elementor-element-23e7fcc e-flex e-con-boxed e-con e-parent\" data-id=\"23e7fcc\" data-element_type=\"container\" data-e-type=\"container\" data-settings=\"{&quot;background_background&quot;:&quot;classic&quot;}\">\n\t\t\t\t\t<div class=\"e-con-inner\">\n\t\t\t\t<div class=\"elementor-element elementor-element-572f79b elementor-widget elementor-widget-heading\" data-id=\"572f79b\" data-element_type=\"widget\" data-e-type=\"widget\" data-widget_type=\"heading.default\">\n\t\t\t\t\t<h2 class=\"elementor-heading-title elementor-size-default\">GPS Geomax Zenith 60\n\n<\/h2>\t\t\t\t<\/div>\n\t\t\t\t\t<\/div>\n\t\t\t\t<\/div>\n\t\t<div class=\"elementor-element elementor-element-56dfce6 e-flex e-con-boxed e-con e-parent\" data-id=\"56dfce6\" data-element_type=\"container\" data-e-type=\"container\">\n\t\t\t\t\t<div class=\"e-con-inner\">\n\t\t<div class=\"elementor-element elementor-element-052b871 e-con-full e-flex e-con e-child\" data-id=\"052b871\" data-element_type=\"container\" data-e-type=\"container\">\n\t\t\t\t<div class=\"elementor-element elementor-element-8c10536 elementor-widget elementor-widget-image\" data-id=\"8c10536\" data-element_type=\"widget\" data-e-type=\"widget\" data-widget_type=\"image.default\">\n\t\t\t\t\t\t\t\t\t\t\t\t\t\t\t<img fetchpriority=\"high\" decoding=\"async\" width=\"600\" height=\"400\" src=\"https:\/\/cecequip.com\/wp-content\/uploads\/2026\/02\/gps-geomax.png\" class=\"attachment-large size-large wp-image-3966\" alt=\"\" srcset=\"https:\/\/cecequip.com\/wp-content\/uploads\/2026\/02\/gps-geomax.png 600w, https:\/\/cecequip.com\/wp-content\/uploads\/2026\/02\/gps-geomax-300x200.png 300w\" sizes=\"(max-width: 600px) 100vw, 600px\" \/>\t\t\t\t\t\t\t\t\t\t\t\t\t\t\t<\/div>\n\t\t\t\t<div class=\"elementor-element elementor-element-e2c347d elementor-align-justify elementor-widget elementor-widget-button\" data-id=\"e2c347d\" data-element_type=\"widget\" data-e-type=\"widget\" data-widget_type=\"button.default\">\n\t\t\t\t\t\t\t\t\t\t<a class=\"elementor-button elementor-button-link elementor-size-sm\" href=\"https:\/\/cecequip.com\/wp-content\/uploads\/2026\/02\/60GeoMax-Zenith60-DS-A4-954271-0622-fr-LR.pdf\">\n\t\t\t\t\t\t<span class=\"elementor-button-content-wrapper\">\n\t\t\t\t\t\t\t\t\t<span class=\"elementor-button-text\">T\u00e9l\u00e9chargement de la brochure<\/span>\n\t\t\t\t\t<\/span>\n\t\t\t\t\t<\/a>\n\t\t\t\t\t\t\t\t<\/div>\n\t\t\t\t<\/div>\n\t\t<div class=\"elementor-element elementor-element-b1fa761 e-con-full e-flex e-con e-child\" data-id=\"b1fa761\" data-element_type=\"container\" data-e-type=\"container\">\n\t\t\t\t<div class=\"elementor-element elementor-element-7e53a26 elementor-widget elementor-widget-text-editor\" data-id=\"7e53a26\" data-element_type=\"widget\" data-e-type=\"widget\" data-widget_type=\"text-editor.default\">\n\t\t\t\t\t\t\t\t\t<div class=\"text-group info-content\"><div class=\"woocommerce-tabs wc-tabs-wrapper\"><div id=\"tab-description\" class=\"woocommerce-Tabs-panel woocommerce-Tabs-panel--description panel entry-content wc-tab\" role=\"tabpanel\" aria-labelledby=\"tab-title-description\"><div class=\"text-group\"><p>La Zenith60 est une antenne intelligente GNSS qui incorpore une technologie de pointe. En combinaison avec le logiciel de terrain X-PAD, les contr\u00f4leurs de terrain de GeoMax, l\u2019antenne Zenith60 vous fournira les meilleurs r\u00e9sultats avec un gain de temps consid\u00e9rable et une productivit\u00e9 accrue. En tant que membre du groupe Hexagon, GeoMax vous fournit des solutions fonctionnant lorsque vous en avez besoin.<\/p><h3>Une technologie qui vous simplifie la vie<\/h3><p>L\u2019inclinaison du r\u00e9cepteur GNSS vous permet de mesurer des points inaccessibles sans buller et d\u2019acc\u00e9l\u00e9rer votre travail. Plus besoin de mettre votre canne \u00e0 niveau.<\/p><p>La Zenith60 ne requiert aucune calibration. Il suffit de faire basculer votre canne d\u2019avant en arri\u00e8re pour activer la fonctionnalit\u00e9 d\u2019inclinaison. Mission accomplie en une seconde ou deux.<\/p><p>La r\u00e9sistance du nouvel instrument aux champs \u00e9lectromagn\u00e9tiques garantit la fiabilit\u00e9 de vos donn\u00e9es.<\/p><h3>Gestion efficace et s\u00fbre de vos donn\u00e9es<\/h3><p><a href=\"https:\/\/geomax-positioning.com\/fr-fr\/products\/gnss\/~\/link.aspx?_id=80B6A55391BB455EA205E83C5462A09A&amp;_z=z\" target=\"_blank\" rel=\"noopener\">L\u2019X-PAD\u00a0365<\/a>, notre plateforme cloud bas\u00e9e sur le site internet de GeoMax a \u00e9t\u00e9 cr\u00e9\u00e9e pour ma\u00eetriser les d\u00e9fis auxquels les professionnels de la construction et les topographes sont confront\u00e9s au quotidien. Ces d\u00e9fis concernent la gestion et le partage des donn\u00e9es.<\/p><p>En travaillant avec la Zenith60, les donn\u00e9es peuvent \u00eatre consult\u00e9es, stock\u00e9es et partag\u00e9es via le\u00a0<a href=\"https:\/\/geomax-positioning.com\/fr-fr\/products\/gnss\/~\/link.aspx?_id=D3932D7413EB4549A8CA744C4D2F6BC2&amp;_z=z\" target=\"_blank\" rel=\"noopener\">Gestionnaire de fichiers<\/a>\u00a0de l\u2019X-PAD\u00a0365. Les donn\u00e9es sont conserv\u00e9es en s\u00e9curit\u00e9 gr\u00e2ce aux\u00a0<a href=\"https:\/\/geomax-positioning.com\/fr-fr\/products\/gnss\/~\/link.aspx?_id=1EE587A8D6FD4AD69072B52D2995A6B5&amp;_z=z\" target=\"_blank\" rel=\"noopener\">sauvegardes automatiques<\/a>.<\/p><p>En outre, la fonctionnalit\u00e9 de\u00a0<a href=\"https:\/\/geomax-positioning.com\/fr-fr\/products\/gnss\/~\/link.aspx?_id=E02E7D8EE5F647D1A173797ACDD247B5&amp;_z=z\" target=\"_blank\" rel=\"noopener\">lev\u00e9 et d\u2019implantation collaboratives<\/a>\u00a0permet \u00e0 plusieurs utilisateurs de travailler ensemble sur le m\u00eame projet de topographie ou d\u2019implantation en partageant en temps r\u00e9el les points lev\u00e9s et les dessins et en visualisant imm\u00e9diatement l\u2019avancement.<\/p><\/div><\/div><\/div><section class=\"related products\"><\/section><\/div>\t\t\t\t\t\t\t\t<\/div>\n\t\t\t\t<\/div>\n\t\t\t\t\t<\/div>\n\t\t\t\t<\/div>\n\t\t\t\t<\/div>","protected":false},"excerpt":{"rendered":"<p>GPS Geomax Zenith 60 T\u00e9l\u00e9chargement de la brochure La Zenith60 est une antenne intelligente GNSS qui incorpore une technologie de pointe. En combinaison avec le logiciel de terrain X-PAD, les contr\u00f4leurs de terrain de GeoMax, l\u2019antenne Zenith60 vous fournira les meilleurs r\u00e9sultats avec un gain de temps consid\u00e9rable et une productivit\u00e9 accrue. En tant que [&hellip;]<\/p>\n","protected":false},"author":1,"featured_media":0,"parent":0,"menu_order":0,"comment_status":"closed","ping_status":"closed","template":"","meta":{"footnotes":""},"class_list":["post-4402","page","type-page","status-publish","hentry"],"_links":{"self":[{"href":"https:\/\/cecequip.com\/en\/wp-json\/wp\/v2\/pages\/4402","targetHints":{"allow":["GET"]}}],"collection":[{"href":"https:\/\/cecequip.com\/en\/wp-json\/wp\/v2\/pages"}],"about":[{"href":"https:\/\/cecequip.com\/en\/wp-json\/wp\/v2\/types\/page"}],"author":[{"embeddable":true,"href":"https:\/\/cecequip.com\/en\/wp-json\/wp\/v2\/users\/1"}],"replies":[{"embeddable":true,"href":"https:\/\/cecequip.com\/en\/wp-json\/wp\/v2\/comments?post=4402"}],"version-history":[{"count":4,"href":"https:\/\/cecequip.com\/en\/wp-json\/wp\/v2\/pages\/4402\/revisions"}],"predecessor-version":[{"id":4407,"href":"https:\/\/cecequip.com\/en\/wp-json\/wp\/v2\/pages\/4402\/revisions\/4407"}],"wp:attachment":[{"href":"https:\/\/cecequip.com\/en\/wp-json\/wp\/v2\/media?parent=4402"}],"curies":[{"name":"wp","href":"https:\/\/api.w.org\/{rel}","templated":true}]}}