{"id":4395,"date":"2026-02-22T16:14:22","date_gmt":"2026-02-22T16:14:22","guid":{"rendered":"https:\/\/blades.marcgermain.ca\/?page_id=4395"},"modified":"2026-02-22T16:17:00","modified_gmt":"2026-02-22T16:17:00","slug":"gps-geomax-zenith-55","status":"publish","type":"page","link":"https:\/\/cecequip.com\/en\/gps-geomax-zenith-55\/","title":{"rendered":"GPS Geomax Zenith 55"},"content":{"rendered":"<div data-elementor-type=\"wp-page\" data-elementor-id=\"4395\" class=\"elementor elementor-4395\" data-elementor-post-type=\"page\">\n\t\t\t\t<div class=\"elementor-element elementor-element-23e7fcc e-flex e-con-boxed e-con e-parent\" data-id=\"23e7fcc\" data-element_type=\"container\" data-e-type=\"container\" data-settings=\"{&quot;background_background&quot;:&quot;classic&quot;}\">\n\t\t\t\t\t<div class=\"e-con-inner\">\n\t\t\t\t<div class=\"elementor-element elementor-element-572f79b elementor-widget elementor-widget-heading\" data-id=\"572f79b\" data-element_type=\"widget\" data-e-type=\"widget\" data-widget_type=\"heading.default\">\n\t\t\t\t\t<h2 class=\"elementor-heading-title elementor-size-default\">GPS Geomax Zenith 55\n\n<\/h2>\t\t\t\t<\/div>\n\t\t\t\t\t<\/div>\n\t\t\t\t<\/div>\n\t\t<div class=\"elementor-element elementor-element-56dfce6 e-flex e-con-boxed e-con e-parent\" data-id=\"56dfce6\" data-element_type=\"container\" data-e-type=\"container\">\n\t\t\t\t\t<div class=\"e-con-inner\">\n\t\t<div class=\"elementor-element elementor-element-052b871 e-con-full e-flex e-con e-child\" data-id=\"052b871\" data-element_type=\"container\" data-e-type=\"container\">\n\t\t\t\t<div class=\"elementor-element elementor-element-8c10536 elementor-widget elementor-widget-image\" data-id=\"8c10536\" data-element_type=\"widget\" data-e-type=\"widget\" data-widget_type=\"image.default\">\n\t\t\t\t\t\t\t\t\t\t\t\t\t\t\t<img fetchpriority=\"high\" decoding=\"async\" width=\"600\" height=\"400\" src=\"https:\/\/cecequip.com\/wp-content\/uploads\/2026\/02\/gps-geomax.png\" class=\"attachment-large size-large wp-image-3966\" alt=\"\" srcset=\"https:\/\/cecequip.com\/wp-content\/uploads\/2026\/02\/gps-geomax.png 600w, https:\/\/cecequip.com\/wp-content\/uploads\/2026\/02\/gps-geomax-300x200.png 300w\" sizes=\"(max-width: 600px) 100vw, 600px\" \/>\t\t\t\t\t\t\t\t\t\t\t\t\t\t\t<\/div>\n\t\t\t\t<div class=\"elementor-element elementor-element-e2c347d elementor-align-justify elementor-widget elementor-widget-button\" data-id=\"e2c347d\" data-element_type=\"widget\" data-e-type=\"widget\" data-widget_type=\"button.default\">\n\t\t\t\t\t\t\t\t\t\t<a class=\"elementor-button elementor-button-link elementor-size-sm\" href=\"https:\/\/cecequip.com\/wp-content\/uploads\/2026\/02\/GeoMax-Zenith55-DS-A4-1005539-1124-en_LR.pdf\">\n\t\t\t\t\t\t<span class=\"elementor-button-content-wrapper\">\n\t\t\t\t\t\t\t\t\t<span class=\"elementor-button-text\">T\u00e9l\u00e9chargement de la brochure<\/span>\n\t\t\t\t\t<\/span>\n\t\t\t\t\t<\/a>\n\t\t\t\t\t\t\t\t<\/div>\n\t\t\t\t<\/div>\n\t\t<div class=\"elementor-element elementor-element-b1fa761 e-con-full e-flex e-con e-child\" data-id=\"b1fa761\" data-element_type=\"container\" data-e-type=\"container\">\n\t\t\t\t<div class=\"elementor-element elementor-element-7e53a26 elementor-widget elementor-widget-text-editor\" data-id=\"7e53a26\" data-element_type=\"widget\" data-e-type=\"widget\" data-widget_type=\"text-editor.default\">\n\t\t\t\t\t\t\t\t\t<div class=\"text-group info-content\"><div class=\"woocommerce-tabs wc-tabs-wrapper\"><div id=\"tab-description\" class=\"woocommerce-Tabs-panel woocommerce-Tabs-panel--description panel entry-content wc-tab\" role=\"tabpanel\" aria-labelledby=\"tab-title-description\"><div class=\"text-group\"><p>La Zenith55 permet aux entreprises en croissance de traiter rapidement et efficacement leurs projets, avec une compensation de l\u2019inclinaison, plus de 600 canaux, la prise en charge de plusieurs constellations et l\u2019int\u00e9gration compl\u00e8te \u00e0 la suite logicielle X-PAD, ce qui g\u00e9n\u00e8re un rapide retour sur investissement.<\/p><\/div><h3>Une solution compl\u00e8te pour vos besoins croissants<\/h3><p>Faisant partie de l\u2019\u00e9cosyst\u00e8me GeoMax, la Zenith55 se connecte facilement \u00e0 nos stations totales et au puissant logiciel de terrain X-PAD, offrant une solution compl\u00e8te qui \u00e9volue en fonction de vos besoins. Une performance professionnelle sans compromis.<\/p><h3>Innovation pratique pour des flux de travail productifs<\/h3><p>Que vous d\u00e9veloppiez vos activit\u00e9s ou modernisiez votre \u00e9quipement, l\u2019antenne intelligente Zenith55 \u00e9tablit un \u00e9quilibre id\u00e9al entre des fonctionnalit\u00e9s phares et la valeur pratique, soutenue par l\u2019assistance \u00e9tendue proverbiale de GeoMax.<\/p><p>La compensation de l\u2019inclinaison sans calibrage de la Zenith55 permet une collecte rapide de donn\u00e9es sans mise d\u2019aplomb de la canne. Elle augmente la productivit\u00e9 en r\u00e9duisant le temps de mesure sans soucis.<\/p><p>Gr\u00e2ce \u00e0 son int\u00e9gration compl\u00e8te avec le logiciel GeoMax X-PAD, la Zenith55 s\u2019int\u00e8gre dans des flux de donn\u00e9es rationalis\u00e9s et flexibles qui vous permettent d\u2019en faire plus en moins de temps..<\/p><\/div><\/div><section class=\"related products\"><\/section><\/div>\t\t\t\t\t\t\t\t<\/div>\n\t\t\t\t<\/div>\n\t\t\t\t\t<\/div>\n\t\t\t\t<\/div>\n\t\t\t\t<\/div>","protected":false},"excerpt":{"rendered":"<p>GPS Geomax Zenith 55 T\u00e9l\u00e9chargement de la brochure La Zenith55 permet aux entreprises en croissance de traiter rapidement et efficacement leurs projets, avec une compensation de l\u2019inclinaison, plus de 600 canaux, la prise en charge de plusieurs constellations et l\u2019int\u00e9gration compl\u00e8te \u00e0 la suite logicielle X-PAD, ce qui g\u00e9n\u00e8re un rapide retour sur investissement. Une [&hellip;]<\/p>\n","protected":false},"author":1,"featured_media":0,"parent":0,"menu_order":0,"comment_status":"closed","ping_status":"closed","template":"","meta":{"footnotes":""},"class_list":["post-4395","page","type-page","status-publish","hentry"],"_links":{"self":[{"href":"https:\/\/cecequip.com\/en\/wp-json\/wp\/v2\/pages\/4395","targetHints":{"allow":["GET"]}}],"collection":[{"href":"https:\/\/cecequip.com\/en\/wp-json\/wp\/v2\/pages"}],"about":[{"href":"https:\/\/cecequip.com\/en\/wp-json\/wp\/v2\/types\/page"}],"author":[{"embeddable":true,"href":"https:\/\/cecequip.com\/en\/wp-json\/wp\/v2\/users\/1"}],"replies":[{"embeddable":true,"href":"https:\/\/cecequip.com\/en\/wp-json\/wp\/v2\/comments?post=4395"}],"version-history":[{"count":4,"href":"https:\/\/cecequip.com\/en\/wp-json\/wp\/v2\/pages\/4395\/revisions"}],"predecessor-version":[{"id":4401,"href":"https:\/\/cecequip.com\/en\/wp-json\/wp\/v2\/pages\/4395\/revisions\/4401"}],"wp:attachment":[{"href":"https:\/\/cecequip.com\/en\/wp-json\/wp\/v2\/media?parent=4395"}],"curies":[{"name":"wp","href":"https:\/\/api.w.org\/{rel}","templated":true}]}}