{"id":4369,"date":"2026-02-22T15:46:20","date_gmt":"2026-02-22T15:46:20","guid":{"rendered":"https:\/\/blades.marcgermain.ca\/?page_id=4369"},"modified":"2026-02-22T15:51:32","modified_gmt":"2026-02-22T15:51:32","slug":"carnet-geomax-zenius-800","status":"publish","type":"page","link":"https:\/\/cecequip.com\/en\/carnet-geomax-zenius-800\/","title":{"rendered":"Carnet Geomax Zenius 800"},"content":{"rendered":"<div data-elementor-type=\"wp-page\" data-elementor-id=\"4369\" class=\"elementor elementor-4369\" data-elementor-post-type=\"page\">\n\t\t\t\t<div class=\"elementor-element elementor-element-23e7fcc e-flex e-con-boxed e-con e-parent\" data-id=\"23e7fcc\" data-element_type=\"container\" data-e-type=\"container\" data-settings=\"{&quot;background_background&quot;:&quot;classic&quot;}\">\n\t\t\t\t\t<div class=\"e-con-inner\">\n\t\t\t\t<div class=\"elementor-element elementor-element-572f79b elementor-widget elementor-widget-heading\" data-id=\"572f79b\" data-element_type=\"widget\" data-e-type=\"widget\" data-widget_type=\"heading.default\">\n\t\t\t\t\t<h2 class=\"elementor-heading-title elementor-size-default\">Carnet Geomax Zenius 800\n\n<\/h2>\t\t\t\t<\/div>\n\t\t\t\t\t<\/div>\n\t\t\t\t<\/div>\n\t\t<div class=\"elementor-element elementor-element-56dfce6 e-flex e-con-boxed e-con e-parent\" data-id=\"56dfce6\" data-element_type=\"container\" data-e-type=\"container\">\n\t\t\t\t\t<div class=\"e-con-inner\">\n\t\t<div class=\"elementor-element elementor-element-052b871 e-con-full e-flex e-con e-child\" data-id=\"052b871\" data-element_type=\"container\" data-e-type=\"container\">\n\t\t\t\t<div class=\"elementor-element elementor-element-8c10536 elementor-widget elementor-widget-image\" data-id=\"8c10536\" data-element_type=\"widget\" data-e-type=\"widget\" data-widget_type=\"image.default\">\n\t\t\t\t\t\t\t\t\t\t\t\t\t\t\t<img fetchpriority=\"high\" decoding=\"async\" width=\"600\" height=\"400\" src=\"https:\/\/cecequip.com\/wp-content\/uploads\/2026\/02\/zenius800.png\" class=\"attachment-large size-large wp-image-4059\" alt=\"\" srcset=\"https:\/\/cecequip.com\/wp-content\/uploads\/2026\/02\/zenius800.png 600w, https:\/\/cecequip.com\/wp-content\/uploads\/2026\/02\/zenius800-300x200.png 300w\" sizes=\"(max-width: 600px) 100vw, 600px\" \/>\t\t\t\t\t\t\t\t\t\t\t\t\t\t\t<\/div>\n\t\t\t\t<div class=\"elementor-element elementor-element-e2c347d elementor-align-justify elementor-widget elementor-widget-button\" data-id=\"e2c347d\" data-element_type=\"widget\" data-e-type=\"widget\" data-widget_type=\"button.default\">\n\t\t\t\t\t\t\t\t\t\t<a class=\"elementor-button elementor-button-link elementor-size-sm\" href=\"https:\/\/cecequip.com\/wp-content\/uploads\/2026\/02\/800-Brochure-GeoMax-Zenius800-System-BRO-0819-LR-1.pdf\">\n\t\t\t\t\t\t<span class=\"elementor-button-content-wrapper\">\n\t\t\t\t\t\t\t\t\t<span class=\"elementor-button-text\">T\u00e9l\u00e9chargement de la brochure<\/span>\n\t\t\t\t\t<\/span>\n\t\t\t\t\t<\/a>\n\t\t\t\t\t\t\t\t<\/div>\n\t\t\t\t<div class=\"elementor-element elementor-element-5cf1ae3 elementor-widget elementor-widget-image\" data-id=\"5cf1ae3\" data-element_type=\"widget\" data-e-type=\"widget\" data-widget_type=\"image.default\">\n\t\t\t\t\t\t\t\t\t\t\t\t\t\t\t<img decoding=\"async\" width=\"800\" height=\"800\" src=\"https:\/\/cecequip.com\/wp-content\/uploads\/2026\/02\/GeoMax-UT30-CSP1487-with-Screen-300dpi-CMYK.jpg\" class=\"attachment-large size-large wp-image-4374\" alt=\"\" srcset=\"https:\/\/cecequip.com\/wp-content\/uploads\/2026\/02\/GeoMax-UT30-CSP1487-with-Screen-300dpi-CMYK.jpg 800w, https:\/\/cecequip.com\/wp-content\/uploads\/2026\/02\/GeoMax-UT30-CSP1487-with-Screen-300dpi-CMYK-300x300.jpg 300w, https:\/\/cecequip.com\/wp-content\/uploads\/2026\/02\/GeoMax-UT30-CSP1487-with-Screen-300dpi-CMYK-150x150.jpg 150w, https:\/\/cecequip.com\/wp-content\/uploads\/2026\/02\/GeoMax-UT30-CSP1487-with-Screen-300dpi-CMYK-768x768.jpg 768w\" sizes=\"(max-width: 800px) 100vw, 800px\" \/>\t\t\t\t\t\t\t\t\t\t\t\t\t\t\t<\/div>\n\t\t\t\t<div class=\"elementor-element elementor-element-db776ff elementor-widget elementor-widget-image\" data-id=\"db776ff\" data-element_type=\"widget\" data-e-type=\"widget\" data-widget_type=\"image.default\">\n\t\t\t\t\t\t\t\t\t\t\t\t\t\t\t<img decoding=\"async\" width=\"380\" height=\"380\" src=\"https:\/\/cecequip.com\/wp-content\/uploads\/2026\/02\/123799-14728299-3.jpg\" class=\"attachment-large size-large wp-image-4373\" alt=\"\" srcset=\"https:\/\/cecequip.com\/wp-content\/uploads\/2026\/02\/123799-14728299-3.jpg 380w, https:\/\/cecequip.com\/wp-content\/uploads\/2026\/02\/123799-14728299-3-300x300.jpg 300w, https:\/\/cecequip.com\/wp-content\/uploads\/2026\/02\/123799-14728299-3-150x150.jpg 150w\" sizes=\"(max-width: 380px) 100vw, 380px\" \/>\t\t\t\t\t\t\t\t\t\t\t\t\t\t\t<\/div>\n\t\t\t\t<\/div>\n\t\t<div class=\"elementor-element elementor-element-b1fa761 e-con-full e-flex e-con e-child\" data-id=\"b1fa761\" data-element_type=\"container\" data-e-type=\"container\">\n\t\t\t\t<div class=\"elementor-element elementor-element-7e53a26 elementor-widget elementor-widget-text-editor\" data-id=\"7e53a26\" data-element_type=\"widget\" data-e-type=\"widget\" data-widget_type=\"text-editor.default\">\n\t\t\t\t\t\t\t\t\t<div class=\"text-group info-content\"><p>Le contr\u00f4leur GeoMax\u00a0Zenius800 utilise la derni\u00e8re technologie pour atteindre les r\u00e9sultats de haute pr\u00e9cision et l\u2019efficacit\u00e9 maximale requise pour le succ\u00e8s sur site. Les fichiers BIM et CAO sont rapidement t\u00e9l\u00e9charg\u00e9s et facilement modifi\u00e9s. Avec un indice\u00a0IP67, le Zenius800 fonctionne de mani\u00e8re fiable malgr\u00e9 des conditions environnementales d\u00e9favorables. L\u2019\u00e9cran tactile hydrofuge n\u2019est pas affect\u00e9 par l\u2019eau ou la poussi\u00e8re, ce qui permet de s\u2019assurer qu\u2019il fonctionne quand il faut.<\/p><h3>Effectuez n\u2019importe quelle t\u00e2che<\/h3><p>GNSS ou TPS, implantation ou lev\u00e9 topographique \u2013 le Zenius800 est l\u2019enregistreur optimal de donn\u00e9es pour vos travaux sur site. Le processeur octa-core haute performance assure l\u2019affichage des donn\u00e9es sur l\u2019\u00e9cran de la tablette en quelques secondes. Un affichage clair de 8\u00a0pouces rend le travail avec le design et les fichiers 3D simple et pratique. Il vous permet d\u2019effectuer des changements sur le terrain sans avoir \u00e0 retourner au bureau.<\/p><h3>Votre partenaire id\u00e9al sur le terrain<\/h3><p>Le logiciel de terrain d\u00e9di\u00e9\u00a0<a href=\"https:\/\/geomax-positioning.com\/fr-fr\/products\/field-controllers\/~\/link.aspx?_id=7E6B177C6BE345BCADB291CBE3B87151&amp;_z=z\" target=\"_blank\" rel=\"noopener\">X-PAD Ultimate<\/a>\u00a0 de GeoMax et le Zenius800 sont parfaitement adapt\u00e9s \u00e0 votre travail quotidien sur le terrain. X-PAD Ultimate offre l\u2019\u00e9quilibre parfait entre une structure claire, des workflows simples et une haute fonctionnalit\u00e9. Gr\u00e2ce \u00e0 une coop\u00e9ration \u00e9troite avec les principaux utilisateurs, il est toujours \u00e0 jour. Le logiciel fonctionne sur le Zenius800 ainsi que sur tout autre appareil Android<sup>TM<\/sup>.<\/p><h3>Ne perdez jamais la connexion<\/h3><p>Le Bluetooth int\u00e9gr\u00e9 \u00e0 la tablette se connecte \u00e0 des stations totales robotis\u00e9es avec poign\u00e9e radio jusqu\u2019\u00e0 un rayon de 300\u00a0m. Votre travail se r\u00e9alise \u00e0 distance de fa\u00e7on ininterrompue gr\u00e2ce \u00e0 la connexion Bluetooth.<\/p><h3>Avec vous jusqu\u2019au bout<\/h3><p>Une fois les donn\u00e9es recueillies, elles peuvent \u00eatre import\u00e9es dans GeoMax\u00a0<a href=\"https:\/\/geomax-positioning.com\/fr-fr\/products\/field-controllers\/~\/link.aspx?_id=0D90FD04D6B94D79B608AE466D2E4E23&amp;_z=z\" target=\"_blank\" rel=\"noopener\">X-PAD Fusion<\/a>. Ce logiciel de bureau dispose de la polyvalence et de la flexibilit\u00e9 n\u00e9cessaires pour fusionner tous les types de donn\u00e9es des capteurs GeoMax et d\u2019autres sources tierces telles que les drones.<\/p><\/div>\t\t\t\t\t\t\t\t<\/div>\n\t\t\t\t<\/div>\n\t\t\t\t\t<\/div>\n\t\t\t\t<\/div>\n\t\t\t\t<\/div>","protected":false},"excerpt":{"rendered":"<p>Carnet Geomax Zenius 800 T\u00e9l\u00e9chargement de la brochure Le contr\u00f4leur GeoMax\u00a0Zenius800 utilise la derni\u00e8re technologie pour atteindre les r\u00e9sultats de haute pr\u00e9cision et l\u2019efficacit\u00e9 maximale requise pour le succ\u00e8s sur site. Les fichiers BIM et CAO sont rapidement t\u00e9l\u00e9charg\u00e9s et facilement modifi\u00e9s. Avec un indice\u00a0IP67, le Zenius800 fonctionne de mani\u00e8re fiable malgr\u00e9 des conditions environnementales [&hellip;]<\/p>\n","protected":false},"author":1,"featured_media":0,"parent":0,"menu_order":0,"comment_status":"closed","ping_status":"closed","template":"","meta":{"footnotes":""},"class_list":["post-4369","page","type-page","status-publish","hentry"],"_links":{"self":[{"href":"https:\/\/cecequip.com\/en\/wp-json\/wp\/v2\/pages\/4369","targetHints":{"allow":["GET"]}}],"collection":[{"href":"https:\/\/cecequip.com\/en\/wp-json\/wp\/v2\/pages"}],"about":[{"href":"https:\/\/cecequip.com\/en\/wp-json\/wp\/v2\/types\/page"}],"author":[{"embeddable":true,"href":"https:\/\/cecequip.com\/en\/wp-json\/wp\/v2\/users\/1"}],"replies":[{"embeddable":true,"href":"https:\/\/cecequip.com\/en\/wp-json\/wp\/v2\/comments?post=4369"}],"version-history":[{"count":4,"href":"https:\/\/cecequip.com\/en\/wp-json\/wp\/v2\/pages\/4369\/revisions"}],"predecessor-version":[{"id":4377,"href":"https:\/\/cecequip.com\/en\/wp-json\/wp\/v2\/pages\/4369\/revisions\/4377"}],"wp:attachment":[{"href":"https:\/\/cecequip.com\/en\/wp-json\/wp\/v2\/media?parent=4369"}],"curies":[{"name":"wp","href":"https:\/\/api.w.org\/{rel}","templated":true}]}}