{"id":4350,"date":"2026-02-22T15:40:04","date_gmt":"2026-02-22T15:40:04","guid":{"rendered":"https:\/\/blades.marcgermain.ca\/?page_id=4350"},"modified":"2026-02-22T15:44:27","modified_gmt":"2026-02-22T15:44:27","slug":"station-total-manuelle-zoom-50","status":"publish","type":"page","link":"https:\/\/cecequip.com\/en\/station-total-manuelle-zoom-50\/","title":{"rendered":"Station total manuelle zoom 50"},"content":{"rendered":"<div data-elementor-type=\"wp-page\" data-elementor-id=\"4350\" class=\"elementor elementor-4350\" data-elementor-post-type=\"page\">\n\t\t\t\t<div class=\"elementor-element elementor-element-23e7fcc e-flex e-con-boxed e-con e-parent\" data-id=\"23e7fcc\" data-element_type=\"container\" data-e-type=\"container\" data-settings=\"{&quot;background_background&quot;:&quot;classic&quot;}\">\n\t\t\t\t\t<div class=\"e-con-inner\">\n\t\t\t\t<div class=\"elementor-element elementor-element-572f79b elementor-widget elementor-widget-heading\" data-id=\"572f79b\" data-element_type=\"widget\" data-e-type=\"widget\" data-widget_type=\"heading.default\">\n\t\t\t\t\t<h2 class=\"elementor-heading-title elementor-size-default\">Station Total robotis\u00e9 Geomax Zoom75\n\n\n<\/h2>\t\t\t\t<\/div>\n\t\t\t\t\t<\/div>\n\t\t\t\t<\/div>\n\t\t<div class=\"elementor-element elementor-element-56dfce6 e-flex e-con-boxed e-con e-parent\" data-id=\"56dfce6\" data-element_type=\"container\" data-e-type=\"container\">\n\t\t\t\t\t<div class=\"e-con-inner\">\n\t\t<div class=\"elementor-element elementor-element-052b871 e-con-full e-flex e-con e-child\" data-id=\"052b871\" data-element_type=\"container\" data-e-type=\"container\">\n\t\t\t\t<div class=\"elementor-element elementor-element-8c10536 elementor-widget elementor-widget-image\" data-id=\"8c10536\" data-element_type=\"widget\" data-e-type=\"widget\" data-widget_type=\"image.default\">\n\t\t\t\t\t\t\t\t\t\t\t\t\t\t\t<img fetchpriority=\"high\" decoding=\"async\" width=\"600\" height=\"400\" src=\"https:\/\/cecequip.com\/wp-content\/uploads\/2026\/02\/Zoom75.png\" class=\"attachment-large size-large wp-image-4058\" alt=\"\" srcset=\"https:\/\/cecequip.com\/wp-content\/uploads\/2026\/02\/Zoom75.png 600w, https:\/\/cecequip.com\/wp-content\/uploads\/2026\/02\/Zoom75-300x200.png 300w\" sizes=\"(max-width: 600px) 100vw, 600px\" \/>\t\t\t\t\t\t\t\t\t\t\t\t\t\t\t<\/div>\n\t\t\t\t<div class=\"elementor-element elementor-element-e2c347d elementor-align-justify elementor-widget elementor-widget-button\" data-id=\"e2c347d\" data-element_type=\"widget\" data-e-type=\"widget\" data-widget_type=\"button.default\">\n\t\t\t\t\t\t\t\t\t\t<a class=\"elementor-button elementor-button-link elementor-size-sm\" href=\"https:\/\/cecequip.com\/wp-content\/uploads\/2026\/02\/Zoom75-Brochure-GeoMax-Zoom-75-DSZoom759528731121frLR.pdf\">\n\t\t\t\t\t\t<span class=\"elementor-button-content-wrapper\">\n\t\t\t\t\t\t\t\t\t<span class=\"elementor-button-text\">T\u00e9l\u00e9chargement de la brochure<\/span>\n\t\t\t\t\t<\/span>\n\t\t\t\t\t<\/a>\n\t\t\t\t\t\t\t\t<\/div>\n\t\t\t\t<\/div>\n\t\t<div class=\"elementor-element elementor-element-b1fa761 e-con-full e-flex e-con e-child\" data-id=\"b1fa761\" data-element_type=\"container\" data-e-type=\"container\">\n\t\t\t\t<div class=\"elementor-element elementor-element-7e53a26 elementor-widget elementor-widget-text-editor\" data-id=\"7e53a26\" data-element_type=\"widget\" data-e-type=\"widget\" data-widget_type=\"text-editor.default\">\n\t\t\t\t\t\t\t\t\t<div class=\"text-group info-content\"><div class=\"text-group info-content\"><div class=\"text-group info-content\"><div class=\"intro\"><p>La solution TPS robotis\u00e9e Zoom75 est un choix intelligent et abordable pour les topographes d\u00e9butants et exp\u00e9riment\u00e9s. La Zoom75 est une station totale id\u00e9ale pour les travaux en solo. Une poign\u00e9e Bluetooth longue port\u00e9e int\u00e9grant la fonction GeoTRAil est disponible en option. Cette fonction trouve le prisme sur la base de la position GNSS transf\u00e9r\u00e9e depuis le contr\u00f4leur de terrain. Associ\u00e9e au logiciel de terrain\u00a0<a href=\"https:\/\/geomax-positioning.com\/fr-fr\/products\/software\/x-pad-suite\" target=\"_blank\" rel=\"noopener\">X-PAD<\/a>, cette solution tr\u00e8s intuitive, est id\u00e9ale pour accompagner la num\u00e9risation des relev\u00e9s sur vos chantiers.<\/p><\/div><\/div><div class=\"row equal-height\"><div class=\"col-lg-6 equal-height-inner\"><div class=\"inner-container\"><div class=\"caption baseFont\"><div class=\"text\"><h3>Acquisition et gestion modernes des donn\u00e9es<\/h3><p>Fini les plans papier. Chargez vos plans sur le logiciel de terrain\u00a0<a href=\"https:\/\/geomax-positioning.com\/fr-fr\/products\/total-stations\/~\/link.aspx?_id=19D9FBAB05694887B6780FACD825286C&amp;_z=z\" target=\"_blank\" rel=\"noopener\">X-PAD Ultimate<\/a>\u00a0ou sur la station TPS et modifiez en toute simplicit\u00e9 les dessins CAO sur site gr\u00e2ce au grand \u00e9cran int\u00e9gr\u00e9 aux stations totales robotis\u00e9es GeoMax. Vous pouvez g\u00e9rer facilement et rapidement des fichiers volumineux gr\u00e2ce au processeur performant de la Zoom75. Dot\u00e9e de la fonction X-TILT avec le contr\u00f4leur de terrain, le\u00a0<a href=\"https:\/\/geomax-positioning.com\/fr-fr\/products\/total-stations\/~\/link.aspx?_id=0F27CEB5EE004823AD61D8FDA36BA442&amp;_z=z\" target=\"_blank\" rel=\"noopener\">Zenius800<\/a>, la station simplifie consid\u00e9rablement le lev\u00e9 de points inaccessibles. X-TILT calcule automatiquement la position d\u2019un point en inclinant la canne du prisme dans deux directions une fois la tablette fix\u00e9e \u00e0 celle-ci.<\/p><\/div><\/div><\/div><\/div><div class=\"col-lg-6 equal-height-inner\"><div class=\"inner-container\"><div class=\"caption baseFont\"><div class=\"text\"><h3>Flux de travail rationnels et adapt\u00e9s<\/h3><p>Le logiciel\u00a0<a href=\"https:\/\/geomax-positioning.com\/fr-fr\/products\/total-stations\/~\/link.aspx?_id=D0D9061DC20C4B62946CEAF9C7730E2B&amp;_z=z\" target=\"_blank\" rel=\"noopener\">X-PAD<\/a>, les\u00a0<a href=\"https:\/\/geomax-positioning.com\/fr-fr\/products\/total-stations\/~\/link.aspx?_id=3A1DEDBB2B914005AF4B1015CC40046F&amp;_z=z\" target=\"_blank\" rel=\"noopener\">contr\u00f4leurs GeoMax<\/a>\u00a0et la station robotis\u00e9e Zoom75 sont s\u00e9lectionn\u00e9s et con\u00e7us avec soin pour permettre un flux de travail efficace et sans stress. Le logiciel de terrain X-PAD vous donne la flexibilit\u00e9 de s\u00e9lectionner votre syst\u00e8me d\u2019exploitation sur le contr\u00f4leur de terrain de votre choix. X-PAD se d\u00e9cline en versions\u00a0<a href=\"https:\/\/geomax-positioning.com\/fr-fr\/products\/total-stations\/~\/link.aspx?_id=19D9FBAB05694887B6780FACD825286C&amp;_z=z\" target=\"_blank\" rel=\"noopener\">Android \u2122<\/a>\u00a0et\u00a0<a href=\"https:\/\/geomax-positioning.com\/fr-fr\/products\/total-stations\/~\/link.aspx?_id=71AFDD43A8DE48749649E377C042D4F5&amp;_z=z\" target=\"_blank\" rel=\"noopener\">Windows \u00ae<\/a>\u00a0avec de tr\u00e8s nombreux modules et est compatible avec de nombreux contr\u00f4leurs de terrain.<\/p><\/div><\/div><\/div><\/div><\/div><div class=\"row equal-height\"><div class=\"col-lg-6 equal-height-inner\"><div class=\"inner-container\"><div class=\"caption baseFont\"><div class=\"text\"><h3>Station totale pour op\u00e9rer en solo<\/h3><p>\u00c9quip\u00e9e de la poign\u00e9e Bluetooth\u00ae longue port\u00e9e fournie en option, la Zoom75 se transforme en une station totale qui peut s\u2019utiliser seul. Elle prend en charge la recherche avanc\u00e9e de prisme, en se basant sur la position GNSS du contr\u00f4leur une fois ce dernier install\u00e9 sur une canne \u00e0 plomb. Pas besoin de prismes sp\u00e9cifiques, souvent co\u00fbteux et \u00e9nergivores, cette station totale est faite pour tout type de chantiers. La Zoom75 n\u2019alourdit pas votre canne bien au contraire. Elle demeure l\u00e9g\u00e8re et facile \u00e0 transporter tout au long de votre journ\u00e9e de lev\u00e9s!<\/p><\/div><\/div><\/div><\/div><div class=\"col-lg-6 equal-height-inner\"><div class=\"inner-container\"><div class=\"caption baseFont\"><div class=\"text\"><h3>Gestion de donn\u00e9es pratique et s\u00fbre<\/h3><p><a href=\"https:\/\/geomax-positioning.com\/fr-fr\/products\/total-stations\/~\/link.aspx?_id=80B6A55391BB455EA205E83C5462A09A&amp;_z=z\" target=\"_blank\" rel=\"noopener\">X-PAD 365<\/a>, la plateforme cloud de GeoMax a \u00e9t\u00e9 sp\u00e9cialement cr\u00e9\u00e9e pour ma\u00eetriser les d\u00e9fis auxquels les topographes et professionnels de la construction sont confront\u00e9s quotidiennement concernant la gestion et le partage des donn\u00e9es sur site entre collaborateurs. En travaillant avec la Zoom75, il est possible d\u2019acc\u00e9der \u00e0 toutes vos donn\u00e9es, les stocker et les partager via le\u00a0<a href=\"https:\/\/geomax-positioning.com\/fr-fr\/products\/total-stations\/~\/link.aspx?_id=D3932D7413EB4549A8CA744C4D2F6BC2&amp;_z=z\" target=\"_blank\" rel=\"noopener\">gestionnaire de fichiers<\/a>\u00a0X-PAD 365. Les donn\u00e9es sont s\u00e9curis\u00e9es gr\u00e2ce aux\u00a0<a href=\"https:\/\/geomax-positioning.com\/fr-fr\/products\/total-stations\/~\/link.aspx?_id=1EE587A8D6FD4AD69072B52D2995A6B5&amp;_z=z\" target=\"_blank\" rel=\"noopener\">sauvegardes automatiques<\/a>\u00a0sur une plateforme internet prot\u00e9g\u00e9e. De plus, les fonctions\u00a0<a href=\"https:\/\/geomax-positioning.com\/fr-fr\/products\/total-stations\/~\/link.aspx?_id=E02E7D8EE5F647D1A173797ACDD247B5&amp;_z=z\" target=\"_blank\" rel=\"noopener\">Relev\u00e9 et Implantation collaboratifs<\/a>\u00a0permettent \u00e0 plusieurs utilisateurs de travailler sur le m\u00eame projet, de partager des points et dessins en temps r\u00e9el, et de voir imm\u00e9diatement la progression du projet.<\/p><\/div><\/div><\/div><\/div><\/div><div class=\"row equal-height\"><div class=\"col-lg-6 equal-height-inner\"><div class=\"inner-container no-border\"><div class=\"caption baseFont\"><div class=\"text\"><h3>Profitez pleinement de l\u2019X-PAD en s\u00e9lectionnant le service dont vous avez besoin<\/h3><p>Le logiciel\u00a0<a href=\"https:\/\/geomax-positioning.com\/fr-fr\/products\/total-stations\/~\/link.aspx?_id=19D9FBAB05694887B6780FACD825286C&amp;_z=z\" target=\"_blank\" rel=\"noopener\">X-PAD Ultimate<\/a>\u00a0est mis \u00e0 jour r\u00e9guli\u00e8rement sans frais suppl\u00e9mentaires. En maintenant le service\u00a0<a href=\"https:\/\/geomax-positioning.com\/sitecore\/content\/hexagon\/hexagon-geosystems-brand\/hexagon-geomax\/home\/products\/software\/x-pad-suite\/x-pad-ultimate-survey#xpert\" target=\"_blank\" rel=\"noopener\">X-PERT<\/a>\u00a0actif, vous profiterez de toutes les nouvelles am\u00e9liorations du logiciel en continu.<\/p><\/div><\/div><\/div><\/div><\/div><\/div><\/div>\t\t\t\t\t\t\t\t<\/div>\n\t\t\t\t<\/div>\n\t\t\t\t\t<\/div>\n\t\t\t\t<\/div>\n\t\t\t\t<\/div>","protected":false},"excerpt":{"rendered":"<p>Station Total robotis\u00e9 Geomax Zoom75 T\u00e9l\u00e9chargement de la brochure La solution TPS robotis\u00e9e Zoom75 est un choix intelligent et abordable pour les topographes d\u00e9butants et exp\u00e9riment\u00e9s. La Zoom75 est une station totale id\u00e9ale pour les travaux en solo. Une poign\u00e9e Bluetooth longue port\u00e9e int\u00e9grant la fonction GeoTRAil est disponible en option. Cette fonction trouve le [&hellip;]<\/p>\n","protected":false},"author":1,"featured_media":0,"parent":0,"menu_order":0,"comment_status":"closed","ping_status":"closed","template":"","meta":{"footnotes":""},"class_list":["post-4350","page","type-page","status-publish","hentry"],"_links":{"self":[{"href":"https:\/\/cecequip.com\/en\/wp-json\/wp\/v2\/pages\/4350","targetHints":{"allow":["GET"]}}],"collection":[{"href":"https:\/\/cecequip.com\/en\/wp-json\/wp\/v2\/pages"}],"about":[{"href":"https:\/\/cecequip.com\/en\/wp-json\/wp\/v2\/types\/page"}],"author":[{"embeddable":true,"href":"https:\/\/cecequip.com\/en\/wp-json\/wp\/v2\/users\/1"}],"replies":[{"embeddable":true,"href":"https:\/\/cecequip.com\/en\/wp-json\/wp\/v2\/comments?post=4350"}],"version-history":[{"count":16,"href":"https:\/\/cecequip.com\/en\/wp-json\/wp\/v2\/pages\/4350\/revisions"}],"predecessor-version":[{"id":4368,"href":"https:\/\/cecequip.com\/en\/wp-json\/wp\/v2\/pages\/4350\/revisions\/4368"}],"wp:attachment":[{"href":"https:\/\/cecequip.com\/en\/wp-json\/wp\/v2\/media?parent=4350"}],"curies":[{"name":"wp","href":"https:\/\/api.w.org\/{rel}","templated":true}]}}