{"id":4344,"date":"2026-02-22T15:38:08","date_gmt":"2026-02-22T15:38:08","guid":{"rendered":"https:\/\/blades.marcgermain.ca\/?page_id=4344"},"modified":"2026-02-22T15:39:10","modified_gmt":"2026-02-22T15:39:10","slug":"station-total-manuelle-zoom-40","status":"publish","type":"page","link":"https:\/\/cecequip.com\/en\/station-total-manuelle-zoom-40\/","title":{"rendered":"Station total manuelle zoom 40"},"content":{"rendered":"<div data-elementor-type=\"wp-page\" data-elementor-id=\"4344\" class=\"elementor elementor-4344\" data-elementor-post-type=\"page\">\n\t\t\t\t<div class=\"elementor-element elementor-element-23e7fcc e-flex e-con-boxed e-con e-parent\" data-id=\"23e7fcc\" data-element_type=\"container\" data-e-type=\"container\" data-settings=\"{&quot;background_background&quot;:&quot;classic&quot;}\">\n\t\t\t\t\t<div class=\"e-con-inner\">\n\t\t\t\t<div class=\"elementor-element elementor-element-572f79b elementor-widget elementor-widget-heading\" data-id=\"572f79b\" data-element_type=\"widget\" data-e-type=\"widget\" data-widget_type=\"heading.default\">\n\t\t\t\t\t<h2 class=\"elementor-heading-title elementor-size-default\">Station Total Manuelle Zoom 40\n\n\n<\/h2>\t\t\t\t<\/div>\n\t\t\t\t\t<\/div>\n\t\t\t\t<\/div>\n\t\t<div class=\"elementor-element elementor-element-56dfce6 e-flex e-con-boxed e-con e-parent\" data-id=\"56dfce6\" data-element_type=\"container\" data-e-type=\"container\">\n\t\t\t\t\t<div class=\"e-con-inner\">\n\t\t<div class=\"elementor-element elementor-element-052b871 e-con-full e-flex e-con e-child\" data-id=\"052b871\" data-element_type=\"container\" data-e-type=\"container\">\n\t\t\t\t<div class=\"elementor-element elementor-element-8c10536 elementor-widget elementor-widget-image\" data-id=\"8c10536\" data-element_type=\"widget\" data-e-type=\"widget\" data-widget_type=\"image.default\">\n\t\t\t\t\t\t\t\t\t\t\t\t\t\t\t<img fetchpriority=\"high\" decoding=\"async\" width=\"600\" height=\"400\" src=\"https:\/\/cecequip.com\/wp-content\/uploads\/2026\/02\/zoom50.png\" class=\"attachment-large size-large wp-image-4056\" alt=\"\" srcset=\"https:\/\/cecequip.com\/wp-content\/uploads\/2026\/02\/zoom50.png 600w, https:\/\/cecequip.com\/wp-content\/uploads\/2026\/02\/zoom50-300x200.png 300w\" sizes=\"(max-width: 600px) 100vw, 600px\" \/>\t\t\t\t\t\t\t\t\t\t\t\t\t\t\t<\/div>\n\t\t\t\t<div class=\"elementor-element elementor-element-e2c347d elementor-align-justify elementor-widget elementor-widget-button\" data-id=\"e2c347d\" data-element_type=\"widget\" data-e-type=\"widget\" data-widget_type=\"button.default\">\n\t\t\t\t\t\t\t\t\t\t<a class=\"elementor-button elementor-button-link elementor-size-sm\" href=\"https:\/\/cecequip.com\/wp-content\/uploads\/2026\/02\/Zoom40-GeoMaxZoom40DS8675171121frLR.pdf\">\n\t\t\t\t\t\t<span class=\"elementor-button-content-wrapper\">\n\t\t\t\t\t\t\t\t\t<span class=\"elementor-button-text\">T\u00e9l\u00e9chargement de la brochure<\/span>\n\t\t\t\t\t<\/span>\n\t\t\t\t\t<\/a>\n\t\t\t\t\t\t\t\t<\/div>\n\t\t\t\t<\/div>\n\t\t<div class=\"elementor-element elementor-element-b1fa761 e-con-full e-flex e-con e-child\" data-id=\"b1fa761\" data-element_type=\"container\" data-e-type=\"container\">\n\t\t\t\t<div class=\"elementor-element elementor-element-7e53a26 elementor-widget elementor-widget-text-editor\" data-id=\"7e53a26\" data-element_type=\"widget\" data-e-type=\"widget\" data-widget_type=\"text-editor.default\">\n\t\t\t\t\t\t\t\t\t<div class=\"text-group info-content\"><p>La possibilit\u00e9 d\u2019ex\u00e9cuter X-PAD, FieldGenius ou Carlson SurvCE ou tout autre logiciel de terrain associ\u00e9 au Zoom40 poss\u00e9dant un \u00e9cran graphique couleur et tactile haute r\u00e9solution permet de travailler de la mani\u00e8re la plus adapt\u00e9e \u00e0 vos besoins.<\/p><div class=\"text-group info-content\"><p>La Zoom40 mesure de longues distances avec une grande pr\u00e9cision et \u00ab\u00a0fonctionne lorsque vous en avez besoin\u00a0\u00bb.<\/p><\/div><div class=\"row equal-height\"><div class=\"col-lg-6 equal-height-inner\"><div class=\"inner-container\"><div class=\"caption baseFont\"><div class=\"text\"><h3>Windows\u00ae CE totalement ouvert<\/h3><p>La plateforme WinCE ouverte qui peut s\u2019int\u00e9grer \u00e0 des d\u00e9veloppements tiers et \u00e0 la communication \u00e0 distance facilite votre travail.<\/p><\/div><\/div><\/div><\/div><div class=\"col-lg-6 equal-height-inner\"><div class=\"inner-container\"><div class=\"caption baseFont\"><div class=\"text\"><h3>Flexibilit\u00e9 du logiciel embarqu\u00e9<\/h3><p>Choisissez le logiciel qui vous convient le mieux, le GeoMax X-PAD ou le GeoMax FieldGenius.<\/p><\/div><\/div><\/div><\/div><\/div><div class=\"row equal-height\"><div class=\"col-lg-6 equal-height-inner\"><div class=\"inner-container no-border\"><div class=\"caption baseFont\"><div class=\"text\"><h3>Des fonctionnalit\u00e9s compl\u00e8tes<\/h3><p>La Zoom40 est dot\u00e9e d\u2019un grand \u00e9cran Q-VGA de 3,5\u2033, d\u2019une m\u00e9moire de 2 Go et d\u2019une port\u00e9e de 500 m sans prisme.<\/p><\/div><\/div><\/div><\/div><div class=\"col-lg-6 equal-height-inner\"><div class=\"inner-container no-border\"><div class=\"caption baseFont\"><div class=\"text\"><h3>\u00c9cran tactile couleur<\/h3><p>Quel que soit votre environnement de travail, s\u00e9lectionner les fonctions d\u2019un simple clic sur l\u2019\u00e9cran tactile de couleurs cristallines.<\/p><\/div><\/div><\/div><\/div><\/div><\/div>\t\t\t\t\t\t\t\t<\/div>\n\t\t\t\t<\/div>\n\t\t\t\t\t<\/div>\n\t\t\t\t<\/div>\n\t\t\t\t<\/div>","protected":false},"excerpt":{"rendered":"<p>Station Total Manuelle Zoom 40 T\u00e9l\u00e9chargement de la brochure La possibilit\u00e9 d\u2019ex\u00e9cuter X-PAD, FieldGenius ou Carlson SurvCE ou tout autre logiciel de terrain associ\u00e9 au Zoom40 poss\u00e9dant un \u00e9cran graphique couleur et tactile haute r\u00e9solution permet de travailler de la mani\u00e8re la plus adapt\u00e9e \u00e0 vos besoins. La Zoom40 mesure de longues distances avec une [&hellip;]<\/p>\n","protected":false},"author":1,"featured_media":0,"parent":0,"menu_order":0,"comment_status":"closed","ping_status":"closed","template":"","meta":{"footnotes":""},"class_list":["post-4344","page","type-page","status-publish","hentry"],"_links":{"self":[{"href":"https:\/\/cecequip.com\/en\/wp-json\/wp\/v2\/pages\/4344","targetHints":{"allow":["GET"]}}],"collection":[{"href":"https:\/\/cecequip.com\/en\/wp-json\/wp\/v2\/pages"}],"about":[{"href":"https:\/\/cecequip.com\/en\/wp-json\/wp\/v2\/types\/page"}],"author":[{"embeddable":true,"href":"https:\/\/cecequip.com\/en\/wp-json\/wp\/v2\/users\/1"}],"replies":[{"embeddable":true,"href":"https:\/\/cecequip.com\/en\/wp-json\/wp\/v2\/comments?post=4344"}],"version-history":[{"count":4,"href":"https:\/\/cecequip.com\/en\/wp-json\/wp\/v2\/pages\/4344\/revisions"}],"predecessor-version":[{"id":4349,"href":"https:\/\/cecequip.com\/en\/wp-json\/wp\/v2\/pages\/4344\/revisions\/4349"}],"wp:attachment":[{"href":"https:\/\/cecequip.com\/en\/wp-json\/wp\/v2\/media?parent=4344"}],"curies":[{"name":"wp","href":"https:\/\/api.w.org\/{rel}","templated":true}]}}