{"id":4335,"date":"2026-02-22T15:34:19","date_gmt":"2026-02-22T15:34:19","guid":{"rendered":"https:\/\/blades.marcgermain.ca\/?page_id=4335"},"modified":"2026-02-22T15:36:56","modified_gmt":"2026-02-22T15:36:56","slug":"station-total-manuelle-zoom-25","status":"publish","type":"page","link":"https:\/\/cecequip.com\/en\/station-total-manuelle-zoom-25\/","title":{"rendered":"Station total manuelle zoom 25"},"content":{"rendered":"<div data-elementor-type=\"wp-page\" data-elementor-id=\"4335\" class=\"elementor elementor-4335\" data-elementor-post-type=\"page\">\n\t\t\t\t<div class=\"elementor-element elementor-element-23e7fcc e-flex e-con-boxed e-con e-parent\" data-id=\"23e7fcc\" data-element_type=\"container\" data-e-type=\"container\" data-settings=\"{&quot;background_background&quot;:&quot;classic&quot;}\">\n\t\t\t\t\t<div class=\"e-con-inner\">\n\t\t\t\t<div class=\"elementor-element elementor-element-572f79b elementor-widget elementor-widget-heading\" data-id=\"572f79b\" data-element_type=\"widget\" data-e-type=\"widget\" data-widget_type=\"heading.default\">\n\t\t\t\t\t<h2 class=\"elementor-heading-title elementor-size-default\">Station Total Manuelle Zoom 25\n\n\n<\/h2>\t\t\t\t<\/div>\n\t\t\t\t\t<\/div>\n\t\t\t\t<\/div>\n\t\t<div class=\"elementor-element elementor-element-56dfce6 e-flex e-con-boxed e-con e-parent\" data-id=\"56dfce6\" data-element_type=\"container\" data-e-type=\"container\">\n\t\t\t\t\t<div class=\"e-con-inner\">\n\t\t<div class=\"elementor-element elementor-element-052b871 e-con-full e-flex e-con e-child\" data-id=\"052b871\" data-element_type=\"container\" data-e-type=\"container\">\n\t\t\t\t<div class=\"elementor-element elementor-element-8c10536 elementor-widget elementor-widget-image\" data-id=\"8c10536\" data-element_type=\"widget\" data-e-type=\"widget\" data-widget_type=\"image.default\">\n\t\t\t\t\t\t\t\t\t\t\t\t\t\t\t<img fetchpriority=\"high\" decoding=\"async\" width=\"600\" height=\"400\" src=\"https:\/\/cecequip.com\/wp-content\/uploads\/2026\/02\/zoom50.png\" class=\"attachment-large size-large wp-image-4056\" alt=\"\" srcset=\"https:\/\/cecequip.com\/wp-content\/uploads\/2026\/02\/zoom50.png 600w, https:\/\/cecequip.com\/wp-content\/uploads\/2026\/02\/zoom50-300x200.png 300w\" sizes=\"(max-width: 600px) 100vw, 600px\" \/>\t\t\t\t\t\t\t\t\t\t\t\t\t\t\t<\/div>\n\t\t\t\t<div class=\"elementor-element elementor-element-e2c347d elementor-align-justify elementor-widget elementor-widget-button\" data-id=\"e2c347d\" data-element_type=\"widget\" data-e-type=\"widget\" data-widget_type=\"button.default\">\n\t\t\t\t\t\t\t\t\t\t<a class=\"elementor-button elementor-button-link elementor-size-sm\" href=\"https:\/\/cecequip.com\/wp-content\/uploads\/2026\/02\/Brochure-GeoMax-Zoom-25-Zoom25DS8675061121frLR-1.pdf\">\n\t\t\t\t\t\t<span class=\"elementor-button-content-wrapper\">\n\t\t\t\t\t\t\t\t\t<span class=\"elementor-button-text\">T\u00e9l\u00e9chargement de la brochure<\/span>\n\t\t\t\t\t<\/span>\n\t\t\t\t\t<\/a>\n\t\t\t\t\t\t\t\t<\/div>\n\t\t\t\t<\/div>\n\t\t<div class=\"elementor-element elementor-element-b1fa761 e-con-full e-flex e-con e-child\" data-id=\"b1fa761\" data-element_type=\"container\" data-e-type=\"container\">\n\t\t\t\t<div class=\"elementor-element elementor-element-7e53a26 elementor-widget elementor-widget-text-editor\" data-id=\"7e53a26\" data-element_type=\"widget\" data-e-type=\"widget\" data-widget_type=\"text-editor.default\">\n\t\t\t\t\t\t\t\t\t<div class=\"text-group info-content\">\n<p>La conception am\u00e9lior\u00e9e du Zoom25 prot\u00e8ge l\u2019instrument contre la poussi\u00e8re et les jets d\u2019eau dans toutes les directions, m\u00eame \u00e0 basse temp\u00e9rature jusqu\u2019\u00e0 -30\u00a0\u00b0C. Un transfert de donn\u00e9es rapide, simple et flexible est assur\u00e9 par la technologie\u00a0RS232, USB et Bluetooth\u00ae int\u00e9gr\u00e9e.<\/p>\n<\/div>\n<div class=\"row equal-height\">\n<div class=\"col-lg-6 equal-height-inner\">\n<div class=\"inner-container\">\n<div class=\"caption baseFont\">\n<div class=\"text\">\n<h3>neXus5 EDM<\/h3>\n<p>Avec une port\u00e9e sans prisme de 500\u00a0m, vous \u00eates assur\u00e9 d\u2019une grande pr\u00e9cision et fiabilit\u00e9.<\/p>\n<\/div>\n<\/div>\n<\/div>\n<\/div>\n<div class=\"col-lg-6 equal-height-inner\">\n<div class=\"inner-container\">\n<div class=\"caption baseFont\">\n<div class=\"text\">\n<h3>Affichage noir et blanc avanc\u00e9<\/h3>\n<p>Avec l\u2019\u00e9cran le plus grand et la r\u00e9solution la plus \u00e9lev\u00e9e de sa cat\u00e9gorie, le Zoom25 est dot\u00e9 d\u2019un design ergonomique qui vous assure un travail bien fait.<\/p>\n<\/div>\n<\/div>\n<\/div>\n<\/div>\n<\/div>\n<div class=\"row equal-height\">\n<div class=\"col-lg-6 equal-height-inner\">\n<div class=\"inner-container no-border\">\n<div class=\"caption baseFont\">\n<div class=\"text\">\n<h3>Logiciels avanc\u00e9s<\/h3>\n<p>Avec une interface utilisateur intuitive et un guidage graphique, le Zoom25 est livr\u00e9 avec un pack d\u2019applications avanc\u00e9es.<\/p>\n<\/div>\n<\/div>\n<\/div>\n<\/div>\n<div class=\"col-lg-6 equal-height-inner\">\n<div class=\"inner-container no-border\">\n<div class=\"caption baseFont\">\n<div class=\"text\">\n<h3>Puissant pack d\u2019applications<\/h3>\n<p>Intuitif \u00e0 utiliser sur un grand \u00e9cran haute r\u00e9solution, combin\u00e9 \u00e0 une tr\u00e8s longue autonomie de batterie, le Zoom25 vous rend plus productif que jamais.<\/p>\n<\/div>\n<\/div>\n<\/div>\n<\/div>\n<\/div>\t\t\t\t\t\t\t\t<\/div>\n\t\t\t\t<\/div>\n\t\t\t\t\t<\/div>\n\t\t\t\t<\/div>\n\t\t\t\t<\/div>","protected":false},"excerpt":{"rendered":"<p>Station Total Manuelle Zoom 25 T\u00e9l\u00e9chargement de la brochure La conception am\u00e9lior\u00e9e du Zoom25 prot\u00e8ge l\u2019instrument contre la poussi\u00e8re et les jets d\u2019eau dans toutes les directions, m\u00eame \u00e0 basse temp\u00e9rature jusqu\u2019\u00e0 -30\u00a0\u00b0C. Un transfert de donn\u00e9es rapide, simple et flexible est assur\u00e9 par la technologie\u00a0RS232, USB et Bluetooth\u00ae int\u00e9gr\u00e9e. neXus5 EDM Avec une port\u00e9e [&hellip;]<\/p>\n","protected":false},"author":1,"featured_media":0,"parent":0,"menu_order":0,"comment_status":"closed","ping_status":"closed","template":"","meta":{"footnotes":""},"class_list":["post-4335","page","type-page","status-publish","hentry"],"_links":{"self":[{"href":"https:\/\/cecequip.com\/en\/wp-json\/wp\/v2\/pages\/4335","targetHints":{"allow":["GET"]}}],"collection":[{"href":"https:\/\/cecequip.com\/en\/wp-json\/wp\/v2\/pages"}],"about":[{"href":"https:\/\/cecequip.com\/en\/wp-json\/wp\/v2\/types\/page"}],"author":[{"embeddable":true,"href":"https:\/\/cecequip.com\/en\/wp-json\/wp\/v2\/users\/1"}],"replies":[{"embeddable":true,"href":"https:\/\/cecequip.com\/en\/wp-json\/wp\/v2\/comments?post=4335"}],"version-history":[{"count":7,"href":"https:\/\/cecequip.com\/en\/wp-json\/wp\/v2\/pages\/4335\/revisions"}],"predecessor-version":[{"id":4343,"href":"https:\/\/cecequip.com\/en\/wp-json\/wp\/v2\/pages\/4335\/revisions\/4343"}],"wp:attachment":[{"href":"https:\/\/cecequip.com\/en\/wp-json\/wp\/v2\/media?parent=4335"}],"curies":[{"name":"wp","href":"https:\/\/api.w.org\/{rel}","templated":true}]}}