{"id":4323,"date":"2026-02-22T15:25:50","date_gmt":"2026-02-22T15:25:50","guid":{"rendered":"https:\/\/blades.marcgermain.ca\/?page_id=4323"},"modified":"2026-02-22T15:31:20","modified_gmt":"2026-02-22T15:31:20","slug":"station-total-robotise-zoom-95","status":"publish","type":"page","link":"https:\/\/cecequip.com\/en\/station-total-robotise-zoom-95\/","title":{"rendered":"Station total robotis\u00e9 Zoom 95"},"content":{"rendered":"<div data-elementor-type=\"wp-page\" data-elementor-id=\"4323\" class=\"elementor elementor-4323\" data-elementor-post-type=\"page\">\n\t\t\t\t<div class=\"elementor-element elementor-element-23e7fcc e-flex e-con-boxed e-con e-parent\" data-id=\"23e7fcc\" data-element_type=\"container\" data-e-type=\"container\" data-settings=\"{&quot;background_background&quot;:&quot;classic&quot;}\">\n\t\t\t\t\t<div class=\"e-con-inner\">\n\t\t\t\t<div class=\"elementor-element elementor-element-572f79b elementor-widget elementor-widget-heading\" data-id=\"572f79b\" data-element_type=\"widget\" data-e-type=\"widget\" data-widget_type=\"heading.default\">\n\t\t\t\t\t<h2 class=\"elementor-heading-title elementor-size-default\">Station Total Robotis\u00e9 Zoom 95\n\n<\/h2>\t\t\t\t<\/div>\n\t\t\t\t\t<\/div>\n\t\t\t\t<\/div>\n\t\t<div class=\"elementor-element elementor-element-56dfce6 e-flex e-con-boxed e-con e-parent\" data-id=\"56dfce6\" data-element_type=\"container\" data-e-type=\"container\">\n\t\t\t\t\t<div class=\"e-con-inner\">\n\t\t<div class=\"elementor-element elementor-element-052b871 e-con-full e-flex e-con e-child\" data-id=\"052b871\" data-element_type=\"container\" data-e-type=\"container\">\n\t\t\t\t<div class=\"elementor-element elementor-element-8c10536 elementor-widget elementor-widget-image\" data-id=\"8c10536\" data-element_type=\"widget\" data-e-type=\"widget\" data-widget_type=\"image.default\">\n\t\t\t\t\t\t\t\t\t\t\t\t\t\t\t<img fetchpriority=\"high\" decoding=\"async\" width=\"600\" height=\"400\" src=\"https:\/\/cecequip.com\/wp-content\/uploads\/2026\/02\/zoom95.png\" class=\"attachment-large size-large wp-image-4050\" alt=\"\" srcset=\"https:\/\/cecequip.com\/wp-content\/uploads\/2026\/02\/zoom95.png 600w, https:\/\/cecequip.com\/wp-content\/uploads\/2026\/02\/zoom95-300x200.png 300w\" sizes=\"(max-width: 600px) 100vw, 600px\" \/>\t\t\t\t\t\t\t\t\t\t\t\t\t\t\t<\/div>\n\t\t\t\t<div class=\"elementor-element elementor-element-e2c347d elementor-align-justify elementor-widget elementor-widget-button\" data-id=\"e2c347d\" data-element_type=\"widget\" data-e-type=\"widget\" data-widget_type=\"button.default\">\n\t\t\t\t\t\t\t\t\t\t<a class=\"elementor-button elementor-button-link elementor-size-sm\" href=\"https:\/\/cecequip.com\/wp-content\/uploads\/2026\/02\/Briochure-Geomax-Zoom-95-Zoom959528651121frLR.pdf\">\n\t\t\t\t\t\t<span class=\"elementor-button-content-wrapper\">\n\t\t\t\t\t\t\t\t\t<span class=\"elementor-button-text\">T\u00e9l\u00e9chargement de la brochure<\/span>\n\t\t\t\t\t<\/span>\n\t\t\t\t\t<\/a>\n\t\t\t\t\t\t\t\t<\/div>\n\t\t\t\t<\/div>\n\t\t<div class=\"elementor-element elementor-element-b1fa761 e-con-full e-flex e-con e-child\" data-id=\"b1fa761\" data-element_type=\"container\" data-e-type=\"container\">\n\t\t\t\t<div class=\"elementor-element elementor-element-7e53a26 elementor-widget elementor-widget-text-editor\" data-id=\"7e53a26\" data-element_type=\"widget\" data-e-type=\"widget\" data-widget_type=\"text-editor.default\">\n\t\t\t\t\t\t\t\t\t<p>La Zoom95 est la station la plus performante de la gamme TPS GeoMax. Int\u00e9grant une technologie STReAM360 avanc\u00e9e, cette station totale r\u00e9duit sensiblement le temps d\u2019ex\u00e9cution de tout relev\u00e9 et maximise la performance et la pr\u00e9cision du travail, seul ou \u00e0 deux. Associ\u00e9e au logiciel de terrain\u00a0<a href=\"https:\/\/geomax-positioning.com\/fr-fr\/products\/software\/x-pad-suite\" target=\"_blank\" rel=\"noopener\">X-PAD<\/a>, cette solution intuitive facilite la num\u00e9risation des donn\u00e9es de vos chantier.<\/p><h3>Acquisition et gestion modernes des donn\u00e9es<\/h3><p>Fini les plans papier. Chargez vos plans sur le logiciel de terrain\u00a0<a href=\"https:\/\/geomax-positioning.com\/fr-fr\/products\/total-stations\/~\/link.aspx?_id=19D9FBAB05694887B6780FACD825286C&amp;_z=z\" target=\"_blank\" rel=\"noopener\">X-PAD Ultimate<\/a>\u00a0ou sur la station TPS et modifiez en toute simplicit\u00e9 les dessins CAO sur site gr\u00e2ce au grand \u00e9cran int\u00e9gr\u00e9 aux stations totales robotis\u00e9es GeoMax. Vous pouvez g\u00e9rer facilement et rapidement des fichiers volumineux gr\u00e2ce au processeur performant de la Zoom95. Dot\u00e9e de la fonction X-TILT avec le contr\u00f4leur de terrain, le\u00a0<a href=\"https:\/\/geomax-positioning.com\/fr-fr\/products\/total-stations\/~\/link.aspx?_id=0F27CEB5EE004823AD61D8FDA36BA442&amp;_z=z\" target=\"_blank\" rel=\"noopener\">Zenius800<\/a>, la station simplifie consid\u00e9rablement le lev\u00e9 de points inaccessibles. X-TILT calcule automatiquement la position d\u2019un point en inclinant la canne du prisme dans deux directions une fois la tablette fix\u00e9e \u00e0 celle-ci.<\/p><h3>Totalement robotis\u00e9e<\/h3><p>Avec la technologie\u00a0<strong>STReAM360<\/strong>\u00a0, la Zoom95 localise le prisme, se verrouille sur celui-ci et le suit:<\/p><ul><li><strong>S<\/strong>cout: Zone de rayonnement verticale du laser g\u00e9n\u00e9r\u00e9e par l\u2019instrument en rotation. Une fois les r\u00e9flexions du prisme capt\u00e9es, la Zoom95 vise celui-ci avec pr\u00e9cision.<\/li><li><strong>TR<\/strong>ack: La cible est suivie en continu. Une fois verrouill\u00e9 sur celle-ci, l\u2019instrument reste pr\u00e9cis\u00e9ment point\u00e9 m\u00eame sur les cibles en mouvement rapide.<\/li><li><strong>A<\/strong>i<strong>M<\/strong>: La Zoom95 vise avec pr\u00e9cision tout prisme sans qu\u2019il ne soit n\u00e9cessaire de regarder \u00e0 travers la lunette.<\/li><\/ul><h3>Profitez pleinement de l\u2019X-PAD en s\u00e9lectionnant le service dont vous avez besoin<\/h3><p>Le logiciel\u00a0<a href=\"https:\/\/geomax-positioning.com\/fr-fr\/products\/total-stations\/~\/link.aspx?_id=19D9FBAB05694887B6780FACD825286C&amp;_z=z\" target=\"_blank\" rel=\"noopener\">X-PAD Ultimate<\/a>\u00a0est mis \u00e0 jour r\u00e9guli\u00e8rement sans frais suppl\u00e9mentaires. En maintenant le service\u00a0<a href=\"https:\/\/geomax-positioning.com\/sitecore\/content\/hexagon\/hexagon-geosystems-brand\/hexagon-geomax\/home\/products\/software\/x-pad-suite\/x-pad-ultimate-survey#xpert\" target=\"_blank\" rel=\"noopener\">X-PERT<\/a>\u00a0actif, vous profiterez de toutes les nouvelles am\u00e9liorations du logiciel en continu.<\/p><h3>Flux de travail rationnels et adapt\u00e9s<\/h3><p>Le logiciel\u00a0<a href=\"https:\/\/geomax-positioning.com\/fr-fr\/products\/total-stations\/~\/link.aspx?_id=D0D9061DC20C4B62946CEAF9C7730E2B&amp;_z=z\" target=\"_blank\" rel=\"noopener\">X-PAD<\/a>, les\u00a0<a href=\"https:\/\/geomax-positioning.com\/fr-fr\/products\/total-stations\/~\/link.aspx?_id=3A1DEDBB2B914005AF4B1015CC40046F&amp;_z=z\" target=\"_blank\" rel=\"noopener\">contr\u00f4leurs GeoMax<\/a>\u00a0et la station robotis\u00e9e Zoom95 sont s\u00e9lectionn\u00e9s et con\u00e7us avec soin pour permettre un flux de travail efficace et sans stress. Le logiciel de terrain X-PAD vous donne la flexibilit\u00e9 de s\u00e9lectionner votre syst\u00e8me d\u2019exploitation sur le contr\u00f4leur de terrain de votre choix. X-PAD se d\u00e9cline en versions\u00a0<a href=\"https:\/\/geomax-positioning.com\/fr-fr\/products\/total-stations\/~\/link.aspx?_id=19D9FBAB05694887B6780FACD825286C&amp;_z=z\" target=\"_blank\" rel=\"noopener\">Android \u2122<\/a>\u00a0et\u00a0<a href=\"https:\/\/geomax-positioning.com\/fr-fr\/products\/total-stations\/~\/link.aspx?_id=71AFDD43A8DE48749649E377C042D4F5&amp;_z=z\" target=\"_blank\" rel=\"noopener\">Windows \u00ae<\/a>\u00a0avec de tr\u00e8s nombreux modules et est compatible avec de nombreux contr\u00f4leurs de terrain.<\/p><h3>Gestion de donn\u00e9es pratique et s\u00fbre<\/h3><p><a href=\"https:\/\/geomax-positioning.com\/fr-fr\/products\/total-stations\/~\/link.aspx?_id=80B6A55391BB455EA205E83C5462A09A&amp;_z=z\" target=\"_blank\" rel=\"noopener\">X-PAD 365<\/a>, la plateforme cloud de GeoMax a \u00e9t\u00e9 sp\u00e9cialement cr\u00e9\u00e9e pour ma\u00eetriser les d\u00e9fis auxquels les topographes et professionnels de la construction sont confront\u00e9s quotidiennement concernant la gestion et le partage des donn\u00e9es sur site entre collaborateurs. En travaillant avec la Zoom95, il est possible d\u2019acc\u00e9der \u00e0 toutes vos donn\u00e9es, les stocker et les partager via le\u00a0<a href=\"https:\/\/geomax-positioning.com\/fr-fr\/products\/total-stations\/~\/link.aspx?_id=D3932D7413EB4549A8CA744C4D2F6BC2&amp;_z=z\" target=\"_blank\" rel=\"noopener\">gestionnaire de fichiers<\/a>\u00a0X-PAD 365. Les donn\u00e9es sont s\u00e9curis\u00e9es gr\u00e2ce aux\u00a0<a href=\"https:\/\/geomax-positioning.com\/fr-fr\/products\/total-stations\/~\/link.aspx?_id=1EE587A8D6FD4AD69072B52D2995A6B5&amp;_z=z\" target=\"_blank\" rel=\"noopener\">sauvegardes automatiques<\/a>\u00a0sur une plateforme internet prot\u00e9g\u00e9e. De plus, les fonctions\u00a0<a href=\"https:\/\/geomax-positioning.com\/fr-fr\/products\/total-stations\/~\/link.aspx?_id=E02E7D8EE5F647D1A173797ACDD247B5&amp;_z=z\" target=\"_blank\" rel=\"noopener\">Relev\u00e9 et Implantation collaboratifs<\/a>\u00a0permettent \u00e0 plusieurs utilisateurs de travailler sur le m\u00eame projet, de partager des points et dessins en temps r\u00e9el, et de voir imm\u00e9diatement la progression du projet.<\/p>\t\t\t\t\t\t\t\t<\/div>\n\t\t\t\t<\/div>\n\t\t\t\t\t<\/div>\n\t\t\t\t<\/div>\n\t\t\t\t<\/div>","protected":false},"excerpt":{"rendered":"<p>Station Total Robotis\u00e9 Zoom 95 T\u00e9l\u00e9chargement de la brochure La Zoom95 est la station la plus performante de la gamme TPS GeoMax. Int\u00e9grant une technologie STReAM360 avanc\u00e9e, cette station totale r\u00e9duit sensiblement le temps d\u2019ex\u00e9cution de tout relev\u00e9 et maximise la performance et la pr\u00e9cision du travail, seul ou \u00e0 deux. Associ\u00e9e au logiciel de [&hellip;]<\/p>\n","protected":false},"author":1,"featured_media":0,"parent":0,"menu_order":0,"comment_status":"closed","ping_status":"closed","template":"","meta":{"footnotes":""},"class_list":["post-4323","page","type-page","status-publish","hentry"],"_links":{"self":[{"href":"https:\/\/cecequip.com\/en\/wp-json\/wp\/v2\/pages\/4323","targetHints":{"allow":["GET"]}}],"collection":[{"href":"https:\/\/cecequip.com\/en\/wp-json\/wp\/v2\/pages"}],"about":[{"href":"https:\/\/cecequip.com\/en\/wp-json\/wp\/v2\/types\/page"}],"author":[{"embeddable":true,"href":"https:\/\/cecequip.com\/en\/wp-json\/wp\/v2\/users\/1"}],"replies":[{"embeddable":true,"href":"https:\/\/cecequip.com\/en\/wp-json\/wp\/v2\/comments?post=4323"}],"version-history":[{"count":10,"href":"https:\/\/cecequip.com\/en\/wp-json\/wp\/v2\/pages\/4323\/revisions"}],"predecessor-version":[{"id":4334,"href":"https:\/\/cecequip.com\/en\/wp-json\/wp\/v2\/pages\/4323\/revisions\/4334"}],"wp:attachment":[{"href":"https:\/\/cecequip.com\/en\/wp-json\/wp\/v2\/media?parent=4323"}],"curies":[{"name":"wp","href":"https:\/\/api.w.org\/{rel}","templated":true}]}}