{"id":4309,"date":"2026-02-22T15:10:37","date_gmt":"2026-02-22T15:10:37","guid":{"rendered":"https:\/\/blades.marcgermain.ca\/?page_id=4309"},"modified":"2026-02-22T15:23:32","modified_gmt":"2026-02-22T15:23:32","slug":"tablette-geomax-zenius08","status":"publish","type":"page","link":"https:\/\/cecequip.com\/en\/tablette-geomax-zenius08\/","title":{"rendered":"tablette-geomax-zenius08\/"},"content":{"rendered":"<div data-elementor-type=\"wp-page\" data-elementor-id=\"4309\" class=\"elementor elementor-4309\" data-elementor-post-type=\"page\">\n\t\t\t\t<div class=\"elementor-element elementor-element-8009907 e-flex e-con-boxed e-con e-parent\" data-id=\"8009907\" data-element_type=\"container\" data-e-type=\"container\" data-settings=\"{&quot;background_background&quot;:&quot;classic&quot;}\">\n\t\t\t\t\t<div class=\"e-con-inner\">\n\t\t\t\t<div class=\"elementor-element elementor-element-a005d8b elementor-widget elementor-widget-heading\" data-id=\"a005d8b\" data-element_type=\"widget\" data-e-type=\"widget\" data-widget_type=\"heading.default\">\n\t\t\t\t\t<h2 class=\"elementor-heading-title elementor-size-default\">Tablette Geomax Zenius08<\/h2>\t\t\t\t<\/div>\n\t\t\t\t\t<\/div>\n\t\t\t\t<\/div>\n\t\t<div class=\"elementor-element elementor-element-e37a57b e-flex e-con-boxed e-con e-parent\" data-id=\"e37a57b\" data-element_type=\"container\" data-e-type=\"container\">\n\t\t\t\t\t<div class=\"e-con-inner\">\n\t\t<div class=\"elementor-element elementor-element-a44c04a e-con-full e-flex e-con e-child\" data-id=\"a44c04a\" data-element_type=\"container\" data-e-type=\"container\">\n\t\t\t\t<div class=\"elementor-element elementor-element-3185910 elementor-align-center elementor-widget elementor-widget-button\" data-id=\"3185910\" data-element_type=\"widget\" data-e-type=\"widget\" data-widget_type=\"button.default\">\n\t\t\t\t\t\t\t\t\t\t<a class=\"elementor-button elementor-button-link elementor-size-sm\" href=\"https:\/\/cecequip.com\/wp-content\/uploads\/2026\/02\/GeoMax-Zenius08-DS-996914-0823-fr-LR-1.pdf\">\n\t\t\t\t\t\t<span class=\"elementor-button-content-wrapper\">\n\t\t\t\t\t\t\t\t\t<span class=\"elementor-button-text\">T\u00e9l\u00e9chargement des infos techniques<\/span>\n\t\t\t\t\t<\/span>\n\t\t\t\t\t<\/a>\n\t\t\t\t\t\t\t\t<\/div>\n\t\t\t\t<div class=\"elementor-element elementor-element-816cec7 elementor-widget elementor-widget-text-editor\" data-id=\"816cec7\" data-element_type=\"widget\" data-e-type=\"widget\" data-widget_type=\"text-editor.default\">\n\t\t\t\t\t\t\t\t\t<p>Tablette Geomax Zenius08<\/p><p>La tablette Android adapt\u00e9e aux longues journ\u00e9es de travail sur le terrain, et resistant \u00e0 toutes conditions d\u2019utillisation<\/p><p>Optimisez le temps que vous consacrez aux t\u00e2ches de lev\u00e9s, d\u2019implantation ou de contr\u00f4les sur site en travaillant avec votre GeoMax TPS et en consultant vos donn\u00e9es GNSS sur la tablette Zenius08 robuste. Con\u00e7ue pour vous accompagner lors de vos journ\u00e9es longues et laborieuses sur le terrain, la Zenius08 fonctionne sous X-PAD et se synchronise avec tous les capteurs GeoMax.<\/p><h3>La force d\u2019un partenaire r\u00e9sistant<\/h3><p>Vous faites face \u00e0 de longues journ\u00e9es de travail sur des sites difficiles et vous devez maintenir les d\u00e9lais malgr\u00e9 les conditions m\u00e9teorologiques Gr\u00e2ce \u00e0 la tablette Zenius08, vous continuez \u00e0 mesurer m\u00eame dans des conditions difficiles gr\u00e2ce \u00e0 la protection de son \u00e9cran robuste et \u00e9tanche. Son \u00e9cran dispose de 6 touches programmables, faciles d\u2019utilisation De plus, des batteries amovibles d\u2019une autonomie de 15 heures permettent \u00e0 la Zenius08 de rester op\u00e9rationnelle pendant vos longues journ\u00e9es de travail.<\/p><h3>Flux de travail sur le terrain optimis\u00e9s<\/h3><p>La Zenius08 et l\u2019X-PAD Ultimate couvrent tous les flux de travail sur le terrain en offrant des outils collaboratifs pour vous connecter du terrain au bureau. Gr\u00e2ce aux performances de la tablette Zenius08, vous pouvez sauvegarder et g\u00e9rer des fichiers BIM volumineux, des dessins, des surfaces et des projets de conception de routes en haute r\u00e9solution. 12 touches de raccourci vous connectent rapidement aux fonctions essentielles d\u2019<a href=\"https:\/\/geomax-positioning.com\/products\/software\/x-pad-suite\" target=\"_blank\" rel=\"noopener\">X-PAD<\/a>\u00a0afin que vous puissiez r\u00e9aliser vos mesures, vos positionnements et l\u2019avanc\u00e9e de vos projets en cours plus rapidement.<\/p><h3>Enti\u00e8rement connect\u00e9e<\/h3><p><span class=\"TextRun SCXW239738350 BCX8\"><span class=\"NormalTextRun SCXW239738350 BCX8\">S\u2019int\u00e9grant \u00e0 votre flux de travail,la tablette Zenius08 GeoMax l\u2019optimise. Elle est coupl\u00e9e au logiciel de terrain\u00a0<a href=\"https:\/\/geomax-positioning.com\/products\/software\/x-pad-suite\" target=\"_blank\" rel=\"noopener\">X-PAD Ultimate<\/a>\u00a0et se connecte avec les GNSS\u00a0<a href=\"https:\/\/geomax-positioning.com\/products\/gnss\" target=\"_blank\" rel=\"noopener\">GeoMax<\/a>\u00a0et les capteurs des\u00a0<a href=\"https:\/\/geomax-positioning.com\/products\/total-stations\" target=\"_blank\" rel=\"noopener\">station totales<\/a>. La connexion Bluetooth longue port\u00e9e vous permet de vous d\u00e9placer librement sur le site en limitant les configurations. La connexion 5G et Wi-Fi prend en charge le transfert de donn\u00e9es et les appels vid\u00e9o avec votre bureau.<\/span><\/span><\/p><h3>Imm\u00e9diatement op\u00e9rationnelle<\/h3><p>La Zenius08 est enti\u00e8rement connect\u00e9e dans l\u2019\u00e9cosyst\u00e8me de l\u2019<a href=\"https:\/\/geomax-positioning.com\/products\/software\/x-pad-suite\" target=\"_blank\" rel=\"noopener\">X-PAD<\/a>. T\u00e9l\u00e9chargez toutes les donn\u00e9es de vos capteurs depuis l\u2019X-PAD Ultimate via\u00a0<a href=\"https:\/\/geomax-positioning.com\/products\/x-pad-365\/x-pad-365-overview\" target=\"_blank\" rel=\"noopener\">X-PAD 365<\/a>\u00a0pour cr\u00e9er des fichiers dans\u00a0<a href=\"https:\/\/geomax-positioning.com\/products\/software\/x-pad-suite\/x-pad-fusion\" target=\"_blank\" rel=\"noopener\">X-PAD Office Fusion<\/a>. Dans le logiciel de bureau, les images captur\u00e9es \u00e0 l\u2019aide de l\u2019appareil photo de la tablette Zenius08 peuvent \u00eatre trait\u00e9es, afin de g\u00e9n\u00e9rer des nuages de points denses et m\u00eame des orthophotos en 3D. Une v\u00e9rification de l\u2019avancement du projet avec un \u00e9change rationnalis\u00e9 des donn\u00e9es \u00e9vite toute erreur sur site par le biais de contr\u00f4les vous \u00e9vitant ainsi des visites r\u00e9p\u00e9t\u00e9es sur le terrain.<\/p><h3>\u00c0 toute \u00e9preuve<\/h3><p>Con\u00e7ue de fa\u00e7on ultra-r\u00e9sistante et durable, la tablette Zenius08 est combin\u00e9e \u00e0 une puissance de traitement haute performance, ce qui en fait un instrument \u00e0 toute \u00e9preuve. Int\u00e9grant la derni\u00e8re technologie Android, les mises \u00e0 jour se font automatiquement pour garantir la p\u00e9rennit\u00e9 de votre investissement dans la dur\u00e9e. L\u2019assistance et les formations fournies par l\u2019\u00e9quipe GeoMax Academy vous aideront \u00e0 tirer pleinement profit de votre tablette \u00e0 court et \u00e0 long terme.<\/p>\t\t\t\t\t\t\t\t<\/div>\n\t\t\t\t<\/div>\n\t\t<div class=\"elementor-element elementor-element-a14a031 e-con-full e-flex e-con e-child\" data-id=\"a14a031\" data-element_type=\"container\" data-e-type=\"container\">\n\t\t\t\t<div class=\"elementor-element elementor-element-16f8d8b elementor-widget elementor-widget-image\" data-id=\"16f8d8b\" data-element_type=\"widget\" data-e-type=\"widget\" data-widget_type=\"image.default\">\n\t\t\t\t\t\t\t\t\t\t\t\t\t\t\t<img fetchpriority=\"high\" decoding=\"async\" width=\"600\" height=\"400\" src=\"https:\/\/cecequip.com\/wp-content\/uploads\/2026\/02\/zenius08.png\" class=\"attachment-large size-large wp-image-4049\" alt=\"\" srcset=\"https:\/\/cecequip.com\/wp-content\/uploads\/2026\/02\/zenius08.png 600w, https:\/\/cecequip.com\/wp-content\/uploads\/2026\/02\/zenius08-300x200.png 300w\" sizes=\"(max-width: 600px) 100vw, 600px\" \/>\t\t\t\t\t\t\t\t\t\t\t\t\t\t\t<\/div>\n\t\t\t\t<div class=\"elementor-element elementor-element-37f79bb elementor-widget elementor-widget-image\" data-id=\"37f79bb\" data-element_type=\"widget\" data-e-type=\"widget\" data-widget_type=\"image.default\">\n\t\t\t\t\t\t\t\t\t\t\t\t\t\t\t<img decoding=\"async\" width=\"800\" height=\"533\" src=\"https:\/\/cecequip.com\/wp-content\/uploads\/2026\/02\/webimage-FC3CBC16-F115-4E1A-A6DD77901FA53DB1_1024x.webp\" class=\"attachment-large size-large wp-image-4316\" alt=\"\" srcset=\"https:\/\/cecequip.com\/wp-content\/uploads\/2026\/02\/webimage-FC3CBC16-F115-4E1A-A6DD77901FA53DB1_1024x.webp 800w, https:\/\/cecequip.com\/wp-content\/uploads\/2026\/02\/webimage-FC3CBC16-F115-4E1A-A6DD77901FA53DB1_1024x-300x200.webp 300w, https:\/\/cecequip.com\/wp-content\/uploads\/2026\/02\/webimage-FC3CBC16-F115-4E1A-A6DD77901FA53DB1_1024x-768x512.webp 768w\" sizes=\"(max-width: 800px) 100vw, 800px\" \/>\t\t\t\t\t\t\t\t\t\t\t\t\t\t\t<\/div>\n\t\t\t\t<div class=\"elementor-element elementor-element-01f27a1 elementor-widget elementor-widget-image\" data-id=\"01f27a1\" data-element_type=\"widget\" data-e-type=\"widget\" data-widget_type=\"image.default\">\n\t\t\t\t\t\t\t\t\t\t\t\t\t\t\t<img decoding=\"async\" width=\"200\" height=\"237\" src=\"https:\/\/cecequip.com\/wp-content\/uploads\/2026\/02\/tablet-genius-8-1.png\" class=\"attachment-large size-large wp-image-4315\" alt=\"\" \/>\t\t\t\t\t\t\t\t\t\t\t\t\t\t\t<\/div>\n\t\t\t\t<div class=\"elementor-element elementor-element-12c41dd elementor-widget elementor-widget-image\" data-id=\"12c41dd\" data-element_type=\"widget\" data-e-type=\"widget\" data-widget_type=\"image.default\">\n\t\t\t\t\t\t\t\t\t\t\t\t\t\t\t<img loading=\"lazy\" decoding=\"async\" width=\"600\" height=\"321\" src=\"https:\/\/cecequip.com\/wp-content\/uploads\/2026\/02\/GeoMax-Zenius08-800x428_600x600_crop_center.webp\" class=\"attachment-large size-large wp-image-4314\" alt=\"\" srcset=\"https:\/\/cecequip.com\/wp-content\/uploads\/2026\/02\/GeoMax-Zenius08-800x428_600x600_crop_center.webp 600w, https:\/\/cecequip.com\/wp-content\/uploads\/2026\/02\/GeoMax-Zenius08-800x428_600x600_crop_center-300x161.webp 300w\" sizes=\"(max-width: 600px) 100vw, 600px\" \/>\t\t\t\t\t\t\t\t\t\t\t\t\t\t\t<\/div>\n\t\t\t\t<\/div>\n\t\t\t\t\t<\/div>\n\t\t\t\t<\/div>\n\t\t\t\t<\/div>","protected":false},"excerpt":{"rendered":"<p>Tablette Geomax Zenius08 T\u00e9l\u00e9chargement des infos techniques Tablette Geomax Zenius08 La tablette Android adapt\u00e9e aux longues journ\u00e9es de travail sur le terrain, et resistant \u00e0 toutes conditions d\u2019utillisation Optimisez le temps que vous consacrez aux t\u00e2ches de lev\u00e9s, d\u2019implantation ou de contr\u00f4les sur site en travaillant avec votre GeoMax TPS et en consultant vos donn\u00e9es [&hellip;]<\/p>\n","protected":false},"author":1,"featured_media":0,"parent":0,"menu_order":0,"comment_status":"closed","ping_status":"closed","template":"","meta":{"footnotes":""},"class_list":["post-4309","page","type-page","status-publish","hentry"],"_links":{"self":[{"href":"https:\/\/cecequip.com\/en\/wp-json\/wp\/v2\/pages\/4309","targetHints":{"allow":["GET"]}}],"collection":[{"href":"https:\/\/cecequip.com\/en\/wp-json\/wp\/v2\/pages"}],"about":[{"href":"https:\/\/cecequip.com\/en\/wp-json\/wp\/v2\/types\/page"}],"author":[{"embeddable":true,"href":"https:\/\/cecequip.com\/en\/wp-json\/wp\/v2\/users\/1"}],"replies":[{"embeddable":true,"href":"https:\/\/cecequip.com\/en\/wp-json\/wp\/v2\/comments?post=4309"}],"version-history":[{"count":4,"href":"https:\/\/cecequip.com\/en\/wp-json\/wp\/v2\/pages\/4309\/revisions"}],"predecessor-version":[{"id":4319,"href":"https:\/\/cecequip.com\/en\/wp-json\/wp\/v2\/pages\/4309\/revisions\/4319"}],"wp:attachment":[{"href":"https:\/\/cecequip.com\/en\/wp-json\/wp\/v2\/media?parent=4309"}],"curies":[{"name":"wp","href":"https:\/\/api.w.org\/{rel}","templated":true}]}}