{"id":3946,"date":"2026-02-20T18:36:41","date_gmt":"2026-02-20T18:36:41","guid":{"rendered":"https:\/\/blades.marcgermain.ca\/?page_id=3946"},"modified":"2026-02-25T20:21:01","modified_gmt":"2026-02-25T20:21:01","slug":"entreprise","status":"publish","type":"page","link":"https:\/\/cecequip.com\/en\/entreprise\/","title":{"rendered":"Entreprise"},"content":{"rendered":"<div data-elementor-type=\"wp-page\" data-elementor-id=\"3946\" class=\"elementor elementor-3946\" data-elementor-post-type=\"page\">\n\t\t\t\t<div class=\"elementor-element elementor-element-760b2a7 e-flex e-con-boxed e-con e-parent\" data-id=\"760b2a7\" data-element_type=\"container\" data-e-type=\"container\">\n\t\t\t\t\t<div class=\"e-con-inner\">\n\t\t\t\t<div class=\"elementor-element elementor-element-a4d0507 elementor-widget elementor-widget-heading\" data-id=\"a4d0507\" data-element_type=\"widget\" data-e-type=\"widget\" data-widget_type=\"heading.default\">\n\t\t\t\t\t<h2 class=\"elementor-heading-title elementor-size-default\">CEC Equipment<\/h2>\t\t\t\t<\/div>\n\t\t\t\t\t<\/div>\n\t\t\t\t<\/div>\n\t\t<div class=\"elementor-element elementor-element-b7b17a7 e-flex e-con-boxed e-con e-parent\" data-id=\"b7b17a7\" data-element_type=\"container\" data-e-type=\"container\">\n\t\t\t\t\t<div class=\"e-con-inner\">\n\t\t<div class=\"elementor-element elementor-element-1e81079 e-con-full e-flex e-con e-child\" data-id=\"1e81079\" data-element_type=\"container\" data-e-type=\"container\">\n\t\t\t\t<div class=\"elementor-element elementor-element-ad1cff6 elementor-widget elementor-widget-image\" data-id=\"ad1cff6\" data-element_type=\"widget\" data-e-type=\"widget\" data-widget_type=\"image.default\">\n\t\t\t\t\t\t\t\t\t\t\t\t\t\t\t<img fetchpriority=\"high\" decoding=\"async\" width=\"678\" height=\"639\" src=\"https:\/\/cecequip.com\/wp-content\/uploads\/2025\/09\/Capture-decran-le-2026-02-20-a-13.40.28.png\" class=\"attachment-large size-large wp-image-3953\" alt=\"CEC \u00c9quipements\" srcset=\"https:\/\/cecequip.com\/wp-content\/uploads\/2025\/09\/Capture-decran-le-2026-02-20-a-13.40.28.png 678w, https:\/\/cecequip.com\/wp-content\/uploads\/2025\/09\/Capture-decran-le-2026-02-20-a-13.40.28-300x283.png 300w\" sizes=\"(max-width: 678px) 100vw, 678px\" \/>\t\t\t\t\t\t\t\t\t\t\t\t\t\t\t<\/div>\n\t\t\t\t<div class=\"elementor-element elementor-element-bb19873 elementor-align-justify elementor-widget elementor-widget-button\" data-id=\"bb19873\" data-element_type=\"widget\" data-e-type=\"widget\" data-widget_type=\"button.default\">\n\t\t\t\t\t\t\t\t\t\t<a class=\"elementor-button elementor-button-link elementor-size-sm\" href=\"#\">\n\t\t\t\t\t\t<span class=\"elementor-button-content-wrapper\">\n\t\t\t\t\t\t\t\t\t<span class=\"elementor-button-text\">See Our Products<\/span>\n\t\t\t\t\t<\/span>\n\t\t\t\t\t<\/a>\n\t\t\t\t\t\t\t\t<\/div>\n\t\t\t\t<\/div>\n\t\t<div class=\"elementor-element elementor-element-389c89c e-con-full e-flex e-con e-child\" data-id=\"389c89c\" data-element_type=\"container\" data-e-type=\"container\">\n\t\t\t\t<div class=\"elementor-element elementor-element-616ebb9 elementor-widget elementor-widget-text-editor\" data-id=\"616ebb9\" data-element_type=\"widget\" data-e-type=\"widget\" data-widget_type=\"text-editor.default\">\n\t\t\t\t\t\t\t\t\t<p>We are a company specializing in the sale, service, and rental of surveying equipment for over 30 years. CEC Equipment has acquired unique expertise and is recognized in Canada as the leader in laser technology. Over the years, we have added several complementary product lines to better serve our customers.<\/p><p>Our service and repair laboratory equipment is among the most modern and efficient in the industry. Our extensive experience allows us to service and repair equipment from major laser manufacturers such as Topcon, Leica, Geomax, AGL, Spectra, PLS, Nedo, Agatec, Seco, OLS, Amman, CST, Ama, etc.<\/p><p>We have an impressive inventory of instruments that will meet your needs and expectations. We always negotiate with our various manufacturers to get you the best prices on the market. We also offer a delivery and pickup service, whether at job sites or your offices (within a predetermined area).<\/p><p>Here are some of our complementary products added in recent years: Samedia diamond blades and drill bits, abrasive blade, Aervoe and Soppec marking paint, Lansas pneumatic stopper balloons, Patron submersible pumps, pump hoses, activated oakum, King boiler quick-setting cement, confined space fan, Honeywell 4-gas and 1-gas detectors, MSA confined space tripod.<\/p><p>It will be a pleasure to serve you.<\/p><p>The CEC Equipment team.<\/p>\t\t\t\t\t\t\t\t<\/div>\n\t\t\t\t<\/div>\n\t\t\t\t\t<\/div>\n\t\t\t\t<\/div>\n\t\t\t\t<\/div>","protected":false},"excerpt":{"rendered":"<p>CEC \u00c9quipements Voir nos produits Nous sommes une entreprise sp\u00e9cialis\u00e9 dans la vente, le service et la location d\u2019\u00e9quipements d\u2019arpentage depuis plus de 30 ans. CEC \u00c9quipements a acquis une expertise unique et est reconnu au Canada comme la r\u00e9f\u00e9rence en laser. Au fil des ann\u00e9es, nous avons ajout\u00e9 plusieurs lignes de produits compl\u00e9mentaire afin [&hellip;]<\/p>\n","protected":false},"author":1,"featured_media":0,"parent":0,"menu_order":0,"comment_status":"closed","ping_status":"closed","template":"","meta":{"footnotes":""},"class_list":["post-3946","page","type-page","status-publish","hentry"],"_links":{"self":[{"href":"https:\/\/cecequip.com\/en\/wp-json\/wp\/v2\/pages\/3946","targetHints":{"allow":["GET"]}}],"collection":[{"href":"https:\/\/cecequip.com\/en\/wp-json\/wp\/v2\/pages"}],"about":[{"href":"https:\/\/cecequip.com\/en\/wp-json\/wp\/v2\/types\/page"}],"author":[{"embeddable":true,"href":"https:\/\/cecequip.com\/en\/wp-json\/wp\/v2\/users\/1"}],"replies":[{"embeddable":true,"href":"https:\/\/cecequip.com\/en\/wp-json\/wp\/v2\/comments?post=3946"}],"version-history":[{"count":16,"href":"https:\/\/cecequip.com\/en\/wp-json\/wp\/v2\/pages\/3946\/revisions"}],"predecessor-version":[{"id":5673,"href":"https:\/\/cecequip.com\/en\/wp-json\/wp\/v2\/pages\/3946\/revisions\/5673"}],"wp:attachment":[{"href":"https:\/\/cecequip.com\/en\/wp-json\/wp\/v2\/media?parent=3946"}],"curies":[{"name":"wp","href":"https:\/\/api.w.org\/{rel}","templated":true}]}}